{"id":3,"date":"2011-05-09T08:53:54","date_gmt":"2011-05-09T08:53:54","guid":{"rendered":""},"modified":"2014-01-13T12:53:12","modified_gmt":"2014-01-13T12:53:12","slug":"un-quotidiennement-grand-animal-sur-votre-page-daccueil","status":"publish","type":"page","link":"https:\/\/www.big-animals.com\/fr\/un-quotidiennement-grand-animal-sur-votre-page-daccueil\/","title":{"rendered":"Chaque jour, un \u00ab\u00a0grand animal\u00a0\u00bb sur votre page d&#8217;accueil !"},"content":{"rendered":"<p><span class=\"gts_text\" id=\"gts_text_1\">Si vous appr\u00e9ciez ce site Web, vous aimerez cette page.<\/span> <span class=\"gts_text\" id=\"gts_text_2\">Elle vous permet d&#8217;ajouter un outil \u00e0 votre page d&#8217;accueil qui vous permet de lire, chaque jour, une br\u00e8ve pr\u00e9sentation de l&#8217;un des plus grands animaux du monde.<\/span> <span class=\"gts_text\" id=\"gts_text_3\">Voici \u00e0 quoi ressemble cet outil :<\/span><\/p>\n<p>&nbsp;<\/p>\n<h3><span class=\"gts_text\" id=\"gts_text_4\">Comment\u00a0\u00e7a marche\u00a0?<\/span><\/h3>\n<p><span class=\"gts_text\" id=\"gts_text_5\">Cliquez sur le bouton \u00ab\u00a0+Google\u00a0\u00bb et vous pourrez ajouter un outil (comme celui qui suit) \u00e0 votre page d&#8217;accueil iGoogle.<\/span> <span class=\"gts_text\" id=\"gts_text_6\">Puis, \u00e0 chaque fois que vous vous rendrez sur iGoogle, le nouvel outil sera l\u00e0, pr\u00eat \u00e0 vous donner des informations sur l&#8217;un des animaux d\u00e9crits sur ce site !<\/span><\/p>\n<h3><span class=\"gts_text\" id=\"gts_text_7\">Qu&#8217;est ce que c&#8217;est que iGoogle ?<\/span><\/h3>\n<p><span class=\"gts_text\" id=\"gts_text_8\">iGoogle vous permet d&#8217;avoir une page d&#8217;accueil Google sur mesure.<\/span> A part <span class=\"gts_text\" id=\"gts_text_9\">la bo\u00eete de recherche Google, vous pouvez ajouter toutes sortes d&#8217;autres outils &#8211; pour montrer l&#8217;heure, la m\u00e9t\u00e9o, les infos, des jeux, le cours des actions et beaucoup plus.<\/span><\/p>\n<h3><span class=\"gts_text\" id=\"gts_text_10\">Est-ce que je peux utiliser l&#8217;outil sans passer par iGoogle ?<\/span><\/h3>\n<p><span class=\"gts_text\" id=\"gts_text_11\">Bien s\u00fbr !<\/span> <span class=\"gts_text\" id=\"gts_text_12\">Comme vous pouvez le voir, vous pouvez mettre Google sur absolument\u00a0<em>n&#8217;importe quelle<\/em> page du Web.<\/span> Vous trouverez les <span class=\"gts_text\" id=\"gts_text_13\">instructions ici prochainement.<\/span> <span class=\"gts_text\" id=\"gts_text_14\">Alors revenez vite !<\/span><\/p>\n","protected":false},"excerpt":{"rendered":"<p>Si vous appr\u00e9ciez ce site Web, vous aimerez cette page. Elle vous permet d&#8217;ajouter un outil \u00e0 votre page d&#8217;accueil qui vous permet de lire, chaque jour, une br\u00e8ve pr\u00e9sentation de l&#8217;un des plus grands animaux du monde. Voici \u00e0 quoi ressemble cet outil : &nbsp; Comment\u00a0\u00e7a marche\u00a0? Cliquez sur le bouton \u00ab\u00a0+Google\u00a0\u00bb et vous &hellip; <a href=\"https:\/\/www.big-animals.com\/fr\/un-quotidiennement-grand-animal-sur-votre-page-daccueil\/\" class=\"more-link\">Continue reading <span class=\"screen-reader-text\">Chaque jour, un \u00ab\u00a0grand animal\u00a0\u00bb sur votre page d&#8217;accueil !<\/span><\/a><\/p>\n","protected":false},"author":1,"featured_media":0,"parent":0,"menu_order":0,"comment_status":"closed","ping_status":"open","template":"","meta":{"_acf_changed":false,"footnotes":""},"acf":[],"_links":{"self":[{"href":"https:\/\/www.big-animals.com\/fr\/wp-json\/wp\/v2\/pages\/3"}],"collection":[{"href":"https:\/\/www.big-animals.com\/fr\/wp-json\/wp\/v2\/pages"}],"about":[{"href":"https:\/\/www.big-animals.com\/fr\/wp-json\/wp\/v2\/types\/page"}],"author":[{"embeddable":true,"href":"https:\/\/www.big-animals.com\/fr\/wp-json\/wp\/v2\/users\/1"}],"replies":[{"embeddable":true,"href":"https:\/\/www.big-animals.com\/fr\/wp-json\/wp\/v2\/comments?post=3"}],"version-history":[{"count":3,"href":"https:\/\/www.big-animals.com\/fr\/wp-json\/wp\/v2\/pages\/3\/revisions"}],"predecessor-version":[{"id":300,"href":"https:\/\/www.big-animals.com\/fr\/wp-json\/wp\/v2\/pages\/3\/revisions\/300"}],"wp:attachment":[{"href":"https:\/\/www.big-animals.com\/fr\/wp-json\/wp\/v2\/media?parent=3"}],"curies":[{"name":"wp","href":"https:\/\/api.w.org\/{rel}","templated":true}]}}