{"id":31,"date":"2011-05-09T09:21:26","date_gmt":"2011-05-09T09:21:26","guid":{"rendered":""},"modified":"2014-01-13T13:28:45","modified_gmt":"2014-01-13T13:28:45","slug":"caecilian","status":"publish","type":"page","link":"https:\/\/www.big-animals.com\/fr\/caecilian\/","title":{"rendered":"Les Caeciliae"},"content":{"rendered":"<p><span class=\"gts_text\" id=\"gts_text_1\">Les Caeciliae sont des <a title=\"Amphibie\" href=\"http:\/\/www.big-animals.com\/amphibian\/\">amphibiens<\/a> qui ressemblent \u00e0 des vers de terre ou \u00e0 des serpents.<\/span> La plupart de temps, ils <span class=\"gts_text\" id=\"gts_text_2\">se cachent sous terre, et c&#8217;est pour cela qu&#8217;ils sont les amphibiens les moins connus.<\/span> <span class=\"gts_text\" id=\"gts_text_3\">Ils vivent dans les r\u00e9gions tropicales de l&#8217;Am\u00e9rique du Sud, de l&#8217;Afrique et de l&#8217;Asie du Sud.<\/span> <span class=\"gts_text\" id=\"gts_text_4\">On ne sait pas exactement ce qu&#8217;ils mangent, mais les Caeciliae carnivores adultes mangent probablement\u00a0des larves d&#8217;insectes, des termites et des vers de terre.\u00a0Les Caeciliae en captivit\u00e9 sont nourris de vers de terre qu&#8217;on trouve facilement dans l&#8217;habitat naturel des Caeciliae.<\/span><\/p>\n<figure id=\"attachment_984\" aria-describedby=\"caption-attachment-984\" style=\"width: 300px\" class=\"wp-caption alignright\"><a href=\"http:\/\/www.big-animals.com\/wp-content\/uploads\/2011\/05\/Caecilian.jpg\"><img loading=\"lazy\" decoding=\"async\" class=\"size-medium wp-image-984\" title=\"Un Caecilian typique - photographie par Shyamal\" alt=\"Un Caecilian typique - photographie par Shyamal\" src=\"http:\/\/www.big-animals.com\/wp-content\/uploads\/2011\/05\/Caecilian-300x153.jpg\" width=\"300\" height=\"153\" \/><\/a><figcaption id=\"caption-attachment-984\" class=\"wp-caption-text\">Un caecilia typique\u00a0&#8211; Photo : Shyamal<\/figcaption><\/figure>\n<p><span class=\"gts_text\" id=\"gts_text_5\">Ils n&#8217;ont pas de jambes.<\/span> <span class=\"gts_text\" id=\"gts_text_6\">La plupart d&#8217;entre eux mesurent entre 13 et 36 cm de long, avec un diam\u00e8tre compris entre\u00a00,6\u00a0et 2,5 cm.<\/span> <span class=\"gts_text\" id=\"gts_text_7\">Les plus grosses esp\u00e8ces, comme l&#8217;esp\u00e8ce du <a title=\"Caecilian Thompsoni\" href=\"http:\/\/www.big-animals.com\/caecilian-thompsoni\/\"><em>Caecilia Thompsoni<\/em><\/a>, mesurent jusqu&#8217;\u00e0 1,5 m\u00e8tres de long.<\/span> <span class=\"gts_text\" id=\"gts_text_8\">Les Caeciliae n&#8217;ont pas de queue ou en ont \u00e9ventuellement une tr\u00e8s courte.<\/span> <span class=\"gts_text\" id=\"gts_text_9\">Leur peau est lisse et en g\u00e9n\u00e9ral de couleur fonc\u00e9e.<\/span> <span class=\"gts_text\" id=\"gts_text_10\">Mais quelques esp\u00e8ces ont des peaux de couleurs vives, oranges et grises avec des rayures jaunes, par exemple.<\/span> <span class=\"gts_text\" id=\"gts_text_11\">Leur peau a de nombreux plis en forme d&#8217;anneaux, ce qui pourrait faire croire qu&#8217;elle se compose de segments, comme celle d&#8217;un ver de terre.<\/span> <span class=\"gts_text\" id=\"gts_text_12\">Leur peau contient des glandes toxiques qui les d\u00e9fendent des pr\u00e9dateurs.<\/span> <span class=\"gts_text\" id=\"gts_text_13\">Ils ont aussi des \u00e9cailles sous la peau.<\/span><\/p>\n<p><span class=\"gts_text\" id=\"gts_text_14\">Leur corps est con\u00e7u pour creuser profond\u00e9ment dans le sol.<\/span> <span class=\"gts_text\" id=\"gts_text_15\">Ils ont un cr\u00e2ne solide avec un museau pointu qui leur sert \u00e0 se faire un chemin dans la terre ou la boue.<\/span> <span class=\"gts_text\" id=\"gts_text_16\">Leurs muscles sont adapt\u00e9s \u00e0\u00a0ces efforts d&#8217;avanc\u00e9e\u00a0dans le sol.<\/span> <span class=\"gts_text\" id=\"gts_text_17\">Dans l&#8217;eau ou dans la boue tr\u00e8s liquide, ils nagent comme des anguilles.<\/span> <span class=\"gts_text\" id=\"gts_text_18\">Ils ont une nageoire charnue le long de la section arri\u00e8re de leur corps qui les aident \u00e0 nager quand ils en ont besoin.<\/span><\/p>\n<p><span class=\"gts_text\" id=\"gts_text_19\">Puisqu&#8217;ils vivent sous terre, leurs yeux sont petits et sont prot\u00e9g\u00e9s par de la peau.<\/span> <span class=\"gts_text\" id=\"gts_text_20\">Pour cette raison, on a longtemps pens\u00e9 qu&#8217;ils \u00e9taient aveugles.<\/span> <span class=\"gts_text\" id=\"gts_text_21\">Ils ne sont pas aveugles, mais leur vision est limit\u00e9e.<\/span> <span class=\"gts_text\" id=\"gts_text_22\">Ils ne peuvent pas distinguer les formes.<\/span> <span class=\"gts_text\" id=\"gts_text_23\">Tous les Caeciliae ont deux tentacules situ\u00e9es entre les yeux et les narines.<\/span> <span class=\"gts_text\" id=\"gts_text_24\">Les Caeciliae utilisent ces tentacules pour sentir les odeurs.<\/span> <span class=\"gts_text\" id=\"gts_text_25\">La plupart des Caeciliae ont des poumons, mais ils utilisent aussi leur peau ou leur bouche pour respirer.<\/span> <span class=\"gts_text\" id=\"gts_text_26\">Il y a deux esp\u00e8ces qui n&#8217;ont pas de poumons :<\/span>\u00a0<span class=\"gts_text\" id=\"gts_text_27\">ce sont l&#8217;<em>Atretochoana Eiselti<\/em> et le <em>Caecilita Iwokramae<\/em>.<\/span><\/p>\n<p><span class=\"gts_text\" id=\"gts_text_28\">Environ 25% des esp\u00e8ces de Caeciliae pondent des oeufs qui sont prot\u00e9g\u00e9s par les femelles.<\/span> <span class=\"gts_text\" id=\"gts_text_29\">Dans certaines esp\u00e8ces, les petits Caeciliae ont d\u00e9j\u00e0 leur forme d&#8217;adulte \u00e0 la naissance, mais d&#8217;autres naissent sous forme de larves.<\/span> <span class=\"gts_text\" id=\"gts_text_30\">Les larves ne sont pas enti\u00e8rement aquatiques.<\/span> Pendant la journ\u00e9e, e<span class=\"gts_text\" id=\"gts_text_31\">lles sont dans le sol pr\u00e8s de l&#8217;eau.<\/span><\/p>\n<p><span class=\"gts_text\" id=\"gts_text_32\">Les 75% d&#8217;esp\u00e8ces qui restent donnent naissance \u00e0 des petits d\u00e9j\u00e0 d\u00e9velopp\u00e9s.<\/span> <span class=\"gts_text\" id=\"gts_text_33\">Le foetus est nourri \u00e0 l&#8217;int\u00e9rieur de la femelle.<\/span> Les Caeciliae <span class=\"gts_text\" id=\"gts_text_34\">ont une esp\u00e9rance de vie de 5 \u00e0 20 ans.<\/span><\/p>\n<p><span class=\"gts_text\" id=\"gts_text_35\">\u00a0<\/span><\/p>\n","protected":false},"excerpt":{"rendered":"<p>Les Caeciliae sont des amphibiens qui ressemblent \u00e0 des vers de terre ou \u00e0 des serpents. La plupart de temps, ils se cachent sous terre, et c&#8217;est pour cela qu&#8217;ils sont les amphibiens les moins connus. Ils vivent dans les r\u00e9gions tropicales de l&#8217;Am\u00e9rique du Sud, de l&#8217;Afrique et de l&#8217;Asie du Sud. On ne &hellip; <a href=\"https:\/\/www.big-animals.com\/fr\/caecilian\/\" class=\"more-link\">Continue reading <span class=\"screen-reader-text\">Les Caeciliae<\/span><\/a><\/p>\n","protected":false},"author":1,"featured_media":0,"parent":0,"menu_order":0,"comment_status":"closed","ping_status":"open","template":"","meta":{"_acf_changed":false,"footnotes":""},"acf":[],"_links":{"self":[{"href":"https:\/\/www.big-animals.com\/fr\/wp-json\/wp\/v2\/pages\/31"}],"collection":[{"href":"https:\/\/www.big-animals.com\/fr\/wp-json\/wp\/v2\/pages"}],"about":[{"href":"https:\/\/www.big-animals.com\/fr\/wp-json\/wp\/v2\/types\/page"}],"author":[{"embeddable":true,"href":"https:\/\/www.big-animals.com\/fr\/wp-json\/wp\/v2\/users\/1"}],"replies":[{"embeddable":true,"href":"https:\/\/www.big-animals.com\/fr\/wp-json\/wp\/v2\/comments?post=31"}],"version-history":[{"count":4,"href":"https:\/\/www.big-animals.com\/fr\/wp-json\/wp\/v2\/pages\/31\/revisions"}],"predecessor-version":[{"id":306,"href":"https:\/\/www.big-animals.com\/fr\/wp-json\/wp\/v2\/pages\/31\/revisions\/306"}],"wp:attachment":[{"href":"https:\/\/www.big-animals.com\/fr\/wp-json\/wp\/v2\/media?parent=31"}],"curies":[{"name":"wp","href":"https:\/\/api.w.org\/{rel}","templated":true}]}}