{"id":32,"date":"2011-05-09T09:21:39","date_gmt":"2011-05-09T09:21:39","guid":{"rendered":""},"modified":"2014-01-17T10:48:39","modified_gmt":"2014-01-17T10:48:39","slug":"capybara","status":"publish","type":"page","link":"https:\/\/www.big-animals.com\/fr\/capybara\/","title":{"rendered":"Le capybara"},"content":{"rendered":"<p><span class=\"gts_text\" id=\"gts_text_1\">Le capybara est le plus grand <a title=\"Rongeurs\" href=\"http:\/\/www.big-animals.com\/fr\/rongeurs\/\">rongeur<\/a> vivant dans le monde.<\/span> <span class=\"gts_text\" id=\"gts_text_2\">Il ressemble un peu aux cochons d&#8217;Inde, aux agoutis, aux chinchillas et aux coyphillas.<\/span> <span class=\"gts_text\" id=\"gts_text_3\">Il fait penser \u00e0 un cochon d&#8217;Inde g\u00e9ant qui aurait de longues jambes.<\/span> <span class=\"gts_text\" id=\"gts_text_4\">Le capybara a un gros corps en forme de tonneau et une petite t\u00eate.<\/span> <span class=\"gts_text\" id=\"gts_text_5\">Sa fourrure est brun-rouge\u00e2tre sur la partie sup\u00e9rieure de\u00a0son corps et brun-jaun\u00e2tre en-dessous.<\/span> <span class=\"gts_text\" id=\"gts_text_6\">Il a un peau solide qu&#8217;on utilise quelquefois pour confectionner des articles de cuir de bonne qualit\u00e9.<\/span><\/p>\n<figure id=\"attachment_715\" aria-describedby=\"caption-attachment-715\" style=\"width: 300px\" class=\"wp-caption alignleft\"><a href=\"http:\/\/www.big-animals.com\/wp-content\/uploads\/2011\/03\/Capybara.jpg\"><img loading=\"lazy\" decoding=\"async\" class=\"size-medium wp-image-715 \" title=\"Le Capybara est le plus grand rongeur du monde - photographiez par Vojt?ch H\u00e1la\" alt=\"Le Capybara est le plus grand rongeur du monde - photographiez par Vojt?ch H\u00e1la\" src=\"http:\/\/www.big-animals.com\/wp-content\/uploads\/2011\/03\/Capybara-300x223.jpg\" width=\"300\" height=\"223\" \/><\/a><figcaption id=\"caption-attachment-715\" class=\"wp-caption-text\">Le capybara est le plus grand rongeur du monde. Photo : Vojt\u011bch H\u00e1la<\/figcaption><\/figure>\n<p><span class=\"gts_text\" id=\"gts_text_7\">Les capybaras adultes peuvent mesurer jusqu&#8217;\u00e0 130 centim\u00e8tres de long et peser jusqu&#8217;\u00e0 65 kilos. Il fait environ 50 centim\u00e8tres de hauteur\u00a0au niveau de\u00a0l&#8217;\u00e9paule.<\/span> <span class=\"gts_text\" id=\"gts_text_8\">Le capybara le plus lourd pesait 105,4 kilos.<\/span> <span class=\"gts_text\" id=\"gts_text_9\">Les capybaras ont les pieds l\u00e9g\u00e8rement palm\u00e9s et n&#8217;ont pas de queue.<\/span> <span class=\"gts_text\" id=\"gts_text_10\">Leurs pieds palm\u00e9s leur permettent d&#8217;\u00eatre d&#8217;excellents nageurs.<\/span> <span class=\"gts_text\" id=\"gts_text_11\">Ils passent la plupart de leurs temps sur la terre ferme.<\/span> <span class=\"gts_text\" id=\"gts_text_12\">Ils peuvent retenir leur souffle sous l&#8217;eau pendant cinq minutes.<\/span> <span class=\"gts_text\" id=\"gts_text_13\">Ils peuvent donc se cacher de leurs pr\u00e9dateurs en se r\u00e9fugiant au fond de l&#8217;eau.<\/span> Quand il fait <span class=\"gts_text\" id=\"gts_text_14\">chaud, ils passent leur temps \u00e0 jouer dans l&#8217;eau.<\/span> <span class=\"gts_text\" id=\"gts_text_15\">Ils mangent en fin d&#8217;apr\u00e8s-midi, en d\u00e9but de soir\u00e9e et la nuit.<\/span> <span class=\"gts_text\" id=\"gts_text_16\">Ils ne dorment pas beaucoup.<\/span><\/p>\n<p><span class=\"gts_text\" id=\"gts_text_17\">Leurs jambes arri\u00e8re sont l\u00e9g\u00e8rement plus longues que les jambes avant.<\/span> <span class=\"gts_text\" id=\"gts_text_18\">Leur museau est assez large.<\/span> Leurs <span class=\"gts_text\" id=\"gts_text_19\">yeux, narines et oreilles sont sur le dessus de leur t\u00eate et peuvent ainsi rester \u00e0 la surface de l&#8217;eau quand ils nagent.<\/span><\/p>\n<figure id=\"attachment_716\" aria-describedby=\"caption-attachment-716\" style=\"width: 274px\" class=\"wp-caption aligncenter\"><a href=\"http:\/\/www.big-animals.com\/wp-content\/uploads\/2011\/03\/Capibara_and_Human.png\"><img loading=\"lazy\" decoding=\"async\" class=\"size-medium wp-image-716 \" title=\"Capibaras sont les animaux amicaux\" alt=\"Capibaras sont les animaux amicaux\" src=\"http:\/\/www.big-animals.com\/wp-content\/uploads\/2011\/03\/Capibara_and_Human-274x300.png\" width=\"274\" height=\"300\" \/><\/a><figcaption id=\"caption-attachment-716\" class=\"wp-caption-text\">Les capybaras sont de gentils animaux<\/figcaption><\/figure>\n<p><span class=\"gts_text\" id=\"gts_text_20\">Les capybaras femelles sont l\u00e9g\u00e8rement plus lourdes que les m\u00e2les.<\/span> <span class=\"gts_text\" id=\"gts_text_21\">Les femelles p\u00e8sent entre 36\u00a0et 66 kilos et les m\u00e2les entre 34\u00a0et 61 kilos.<\/span> Certaines esp\u00e8ces \u00e9teintes de <span class=\"gts_text\" id=\"gts_text_22\">capybaras \u00e9taient 40% plus grandes que les capybaras modernes.<\/span> L&#8217;un de ces sp\u00e9cimens <span class=\"gts_text\" id=\"gts_text_23\">a \u00e9t\u00e9 d\u00e9couvert en Am\u00e9rique du Nord et pesait entre 90 et 110 kilos.<\/span><\/p>\n<p><span class=\"gts_text\" id=\"gts_text_24\">Les capybaras sont des <a title=\"Les plus grands mammif\u00e8res du monde !\" href=\"http:\/\/www.big-animals.com\/fr\/les-plus-grands-mammiferes-du-monde\/\">mammif\u00e8res<\/a> semi-aquatiques.<\/span> On en trouve en libert\u00e9 dans la nature <span class=\"gts_text\" id=\"gts_text_25\">en Colombie, en Equateur, en Bolivie, au V\u00e9n\u00e9zuela, en Guyane fran\u00e7aise, en Uruguay, au P\u00e9rou et au Paraguay.<\/span> <span class=\"gts_text\" id=\"gts_text_26\">Ils vivent dans les for\u00eats \u00e9paisses pr\u00e8s de lacs, fleuves, marais, \u00e9tangs ou marais, dans les savanes en crue ou le long des fleuves dans les for\u00eats tropicales.<\/span><\/p>\n<p><span class=\"gts_text\" id=\"gts_text_27\">Les capybaras mangent des plantes.<\/span> <span class=\"gts_text\" id=\"gts_text_28\">Ils mangent surtout de l&#8217;herbe,\u00a0des plantes aquatiques, des fruits et de l&#8217;\u00e9corce d&#8217;arbres. <\/span><span class=\"gts_text\" id=\"gts_text_29\">Un capybara adulte mange 2,7 \u00e0 3,6 kilos d&#8217;herbe par jour.<\/span> <span class=\"gts_text\" id=\"gts_text_30\">Les capybaras sont plut\u00f4t difficiles en ce qui concerne leur alimentation.<\/span> <span class=\"gts_text\" id=\"gts_text_31\">Ils n&#8217;aiment que quatre \u00e0 six\u00a0sortes de plantes diff\u00e9rentes et celles-ci repr\u00e9sentent les trois quarts de leur alimentation.<\/span> <span class=\"gts_text\" id=\"gts_text_32\">Ils choisisent certaines feuilles et ignorent les feuilles de tous les autres arbres alentour.<\/span> <span class=\"gts_text\" id=\"gts_text_33\">Mais les capybaras mangent une plus grande vari\u00e9t\u00e9 de plantes pendant la saison s\u00e8che quand moins de plantes sont disponibles et qu&#8217;ils ne peuvent pas se permettre d&#8217;\u00eatre aussi difficiles.<\/span> <span class=\"gts_text\" id=\"gts_text_34\">Ils mangent des roseaux pendant la saison s\u00e8che \u00e0 la place de l&#8217;herbe.<\/span> <span class=\"gts_text\" id=\"gts_text_35\">Comme l&#8217;herbe est difficile \u00e0 dig\u00e9rer, ils mangent leurs propres excr\u00e9ments ce qui leur permet de dig\u00e9rer deux fois.<\/span> <span class=\"gts_text\" id=\"gts_text_36\">Ils ont aussi des bact\u00e9ries sp\u00e9ciales qui les aide \u00e0 dig\u00e9rer l&#8217;herbe qu&#8217;ils mangent.<\/span> <span class=\"gts_text\" id=\"gts_text_37\">Il leur arrive aussi\u00a0de vomir leur nourriture pour la m\u00e2cher \u00e0 nouveau comme une vache qui rumine.<\/span><\/p>\n<p><span class=\"gts_text\" id=\"gts_text_38\">Avec un peu de chance, ils peuvent vivre entre 8 \u00e0 10 ans dans la nature.<\/span> <span class=\"gts_text\" id=\"gts_text_39\">Mais en moyenne, ils vivent pendant moins de 4 ans parce qu&#8217;ils sont la nourriture pr\u00e9f\u00e9r\u00e9e de beaucoup d&#8217;animaux qui vivent aussi dans la jungle, comme les jaguars, les <a title=\"Le grand anaconda\" href=\"http:\/\/www.big-animals.com\/fr\/vert-anaconda\/\">anacondas<\/a>, les pumas, les aigles, les ocelots et les ca\u00efmans.<\/span><\/p>\n<figure id=\"attachment_717\" aria-describedby=\"caption-attachment-717\" style=\"width: 300px\" class=\"wp-caption alignright\"><a href=\"http:\/\/www.big-animals.com\/wp-content\/uploads\/2011\/03\/Capybara_Mother_And_Babies.jpg\"><img loading=\"lazy\" decoding=\"async\" class=\"size-medium wp-image-717 \" title=\"Toutes les m\u00e8res dans le groupe aident le soin pour des b\u00e9b\u00e9s de capybara - image par le \u00ab\u00a0Bradypus\u00a0\u00bb\" alt=\"Toutes les m\u00e8res dans le groupe aident le soin pour des b\u00e9b\u00e9s de capybara - image par le \u00ab\u00a0Bradypus\u00a0\u00bb\" src=\"http:\/\/www.big-animals.com\/wp-content\/uploads\/2011\/03\/Capybara_Mother_And_Babies-300x145.jpg\" width=\"300\" height=\"145\" \/><\/a><figcaption id=\"caption-attachment-717\" class=\"wp-caption-text\">Toutes les m\u00e8res du groupe s&#8217;occupent des b\u00e9b\u00e9s capybara. Photo : \u00ab Bradypus \u00bb<\/figcaption><\/figure>\n<p><span class=\"gts_text\" id=\"gts_text_40\">Les capybaras aiment vivre en groupes de 10 \u00e0 20 qui comprennent deux\u00a0\u00e0 quatre m\u00e2les adultes,\u00a0quatre \u00e0\u00a0sept femelles adultes et tous leurs petits.<\/span> <span class=\"gts_text\" id=\"gts_text_41\">La taille du groupe change en fonction de la saison.<\/span> <span class=\"gts_text\" id=\"gts_text_42\">Pendant la saison s\u00e8che, quand l&#8217;eau manque, des groupes plus grands se rassemblent pr\u00e8s des rares points d&#8217;eau.<\/span> <span class=\"gts_text\" id=\"gts_text_43\">Les groupes peuvent compter 50 \u00e0 100 capybaras.<\/span> <span class=\"gts_text\" id=\"gts_text_44\">Il y a un m\u00e2le dominant \u00e0 la t\u00eate de chaque groupe.\u00a0Les capybaras aiment se faire entendre.<\/span> <span class=\"gts_text\" id=\"gts_text_45\">Ils aboient un peu comme des chiens quand ils se sentent menac\u00e9s.<\/span><\/p>\n<p><span class=\"gts_text\" id=\"gts_text_46\">Les cabybaras atteignent l&#8217;\u00e2ge adulte \u00e0 22 mois.<\/span> <span class=\"gts_text\" id=\"gts_text_47\">Les m\u00e8res capybaras donnent naissance \u00e0 entre 2\u00a0et 8 petits \u00e0 la fois.<\/span> <span class=\"gts_text\" id=\"gts_text_48\">Elles accouchent sur la terre ferme.<\/span> <span class=\"gts_text\" id=\"gts_text_49\">Une semaine apr\u00e8s leur naissance, les b\u00e9b\u00e9s peuvent manger de l&#8217;herbe mais ils continuent \u00e0 t\u00e9ter leur m\u00e8re ou d&#8217;autres femelles du groupe pendant environ 16 semaines.<\/span> <span class=\"gts_text\" id=\"gts_text_50\">Les femelles du groupe s&#8217;occupent collectivement de tous les petits.<\/span><\/p>\n<p><span class=\"gts_text\" id=\"gts_text_51\">Les capybaras ont vingt dents.<\/span> <span class=\"gts_text\" id=\"gts_text_52\">Leurs dents avant et de c\u00f4t\u00e9 poussent sans arr\u00eat.<\/span> <span class=\"gts_text\" id=\"gts_text_53\">Les capybaras adultes ont parfois des coup de soleil parce que leurs poils se durcissent et se rar\u00e9fient.<\/span> <span class=\"gts_text\" id=\"gts_text_54\">Pour \u00e9viter les coups de soleil, les capybaras se roulent dans la boue jusqu&#8217;\u00e0 ce que leur peau en soit couverte.<\/span> <span class=\"gts_text\" id=\"gts_text_55\">Ils craignent le soleil.<\/span><\/p>\n<p><span class=\"gts_text\" id=\"gts_text_56\">Les capybaras ne sont pas consid\u00e9r\u00e9s comme une esp\u00e8ce menac\u00e9e.<\/span> A certains endroits, <span class=\"gts_text\" id=\"gts_text_57\">ils sont chass\u00e9s pour leur viande et leur fourrure ou bien tu\u00e9s parce qu&#8217;ils se mettent \u00e0 manger l&#8217;herbe que des fermiers r\u00e9servaient \u00e0 leur b\u00e9tail.<\/span> Il y a aussi des \u00e9levages de capybaras<span class=\"gts_text\" id=\"gts_text_58\"> qui consistent \u00e0 prot\u00e9ger leur habitat de mar\u00e9cage naturel.<\/span> <span class=\"gts_text\" id=\"gts_text_59\">Dans l&#8217;ensemble, le fait qu&#8217;ils se multiplient rapidement facilite beaucoup leur survie dans la nature.<\/span><\/p>\n<p><span class=\"gts_text\" id=\"gts_text_60\">On en trouve dans des zoos et des parcs.<\/span> <span class=\"gts_text\" id=\"gts_text_61\">En captivit\u00e9, ils peuvent vivre pendant 12 ans.<\/span> <span class=\"gts_text\" id=\"gts_text_62\">Ce sont des cr\u00e9atures douces qui se laissent en g\u00e9n\u00e9ral caresser et nourrir \u00e0 la main.<\/span><\/p>\n<p><span class=\"gts_text\" id=\"gts_text_63\">\u00a0<\/span><\/p>\n","protected":false},"excerpt":{"rendered":"<p>Le capybara est le plus grand rongeur vivant dans le monde. Il ressemble un peu aux cochons d&#8217;Inde, aux agoutis, aux chinchillas et aux coyphillas. Il fait penser \u00e0 un cochon d&#8217;Inde g\u00e9ant qui aurait de longues jambes. Le capybara a un gros corps en forme de tonneau et une petite t\u00eate. Sa fourrure est &hellip; <a href=\"https:\/\/www.big-animals.com\/fr\/capybara\/\" class=\"more-link\">Continue reading <span class=\"screen-reader-text\">Le capybara<\/span><\/a><\/p>\n","protected":false},"author":1,"featured_media":0,"parent":0,"menu_order":0,"comment_status":"closed","ping_status":"open","template":"","meta":{"_acf_changed":false,"footnotes":""},"acf":[],"_links":{"self":[{"href":"https:\/\/www.big-animals.com\/fr\/wp-json\/wp\/v2\/pages\/32"}],"collection":[{"href":"https:\/\/www.big-animals.com\/fr\/wp-json\/wp\/v2\/pages"}],"about":[{"href":"https:\/\/www.big-animals.com\/fr\/wp-json\/wp\/v2\/types\/page"}],"author":[{"embeddable":true,"href":"https:\/\/www.big-animals.com\/fr\/wp-json\/wp\/v2\/users\/1"}],"replies":[{"embeddable":true,"href":"https:\/\/www.big-animals.com\/fr\/wp-json\/wp\/v2\/comments?post=32"}],"version-history":[{"count":2,"href":"https:\/\/www.big-animals.com\/fr\/wp-json\/wp\/v2\/pages\/32\/revisions"}],"predecessor-version":[{"id":358,"href":"https:\/\/www.big-animals.com\/fr\/wp-json\/wp\/v2\/pages\/32\/revisions\/358"}],"wp:attachment":[{"href":"https:\/\/www.big-animals.com\/fr\/wp-json\/wp\/v2\/media?parent=32"}],"curies":[{"name":"wp","href":"https:\/\/api.w.org\/{rel}","templated":true}]}}