{"id":33,"date":"2011-05-09T09:21:47","date_gmt":"2011-05-09T09:21:47","guid":{"rendered":""},"modified":"2014-01-13T13:27:53","modified_gmt":"2014-01-13T13:27:53","slug":"carnivore","status":"publish","type":"page","link":"https:\/\/www.big-animals.com\/fr\/carnivore\/","title":{"rendered":"Les carnivores"},"content":{"rendered":"<p><span class=\"gts_text\" id=\"gts_text_1\">Il y a 260 types de <a title=\"Les mammif\u00e8res\" href=\"http:\/\/www.big-animals.com\/fr\/2014\/01\/07\/mammals-french\/\">mammif\u00e8res<\/a> dans l&#8217;ordre appel\u00e9 <em>Carnivora<\/em>.<\/span> <span class=\"gts_text\" id=\"gts_text_2\">Les animaux dans l&#8217;ordre des\u00a0<em>Carnivora<\/em> s&#8217;appellent des carnivores.<\/span>\u00a0&#8220;Carnivore&#8221; veut dire &#8220;qui mange de la viande&#8221;. <span class=\"gts_text\" id=\"gts_text_4\">Les carnivores peuvent \u00eatre aussi petits que la belette, qui ne p\u00e8se que 25 grammes et ne mesure que 11 centim\u00e8tres de long.<\/span> <span class=\"gts_text\" id=\"gts_text_5\">Le plus grand carnivore est <a title=\"Joint d\u2019\u00e9l\u00e9phant du sud\" href=\"http:\/\/www.big-animals.com\/fr\/du-sud-elephant-joint\/\">l&#8217;\u00e9l\u00e9phant de mer du sud<\/a> qui peut peser jusqu&#8217;\u00e0 5 000 kilos et mesurer jusqu&#8217;\u00e0 6,85 m\u00e8tres de long.<\/span> <span class=\"gts_text\" id=\"gts_text_6\">Le plus grand carnivore terrestre est l&#8217;<a title=\"Ours blanc\" href=\"http:\/\/www.big-animals.com\/fr\/polaire-ours\/\">ours blanc<\/a>.<\/span><\/p>\n<p><span class=\"gts_text\" id=\"gts_text_7\">De nos jours, presque tous les carnivores mangent principalement de la viande.<\/span> <span class=\"gts_text\" id=\"gts_text_8\">Certains sont oblig\u00e9s de ne manger que de la viande parce qu&#8217;ils ne peuvent pas dig\u00e9rer de plantes.<\/span> Parmi eux, il y a les <span class=\"gts_text\" id=\"gts_text_9\">chats, les phoques et les belettes.<\/span> <span class=\"gts_text\" id=\"gts_text_10\">D&#8217;autres, selon leur habitat, peuvent manger des plantes et de la viande, comme par exemple les ratons laveurs et les ours.<\/span> <span class=\"gts_text\" id=\"gts_text_11\">Le panda g\u00e9ant mange surtout des plantes mais il peut aussi manger des poissons, des oeufs et des insectes.<\/span> <span class=\"gts_text\" id=\"gts_text_12\">L&#8217;ours blanc qui vit dans la neige arctique glac\u00e9e ne mange que de la viande.<\/span><\/p>\n<figure id=\"attachment_740\" aria-describedby=\"caption-attachment-740\" style=\"width: 300px\" class=\"wp-caption alignleft\"><a href=\"http:\/\/www.big-animals.com\/wp-content\/uploads\/2011\/03\/Cat_Face.jpg\"><img loading=\"lazy\" decoding=\"async\" class=\"size-medium wp-image-740\" title=\"Carnivorans ont des yeux faire face en avant pour les aider pour chasser\" alt=\"Carnivorans ont des yeux faire face en avant pour les aider pour chasser\" src=\"http:\/\/www.big-animals.com\/wp-content\/uploads\/2011\/03\/Cat_Face-300x266.jpg\" width=\"300\" height=\"266\" \/><\/a><figcaption id=\"caption-attachment-740\" class=\"wp-caption-text\">Les carnivores ont les yeux \u00e0 l&#8217;avant pour les aider \u00e0 chasser<\/figcaption><\/figure>\n<p><span class=\"gts_text\" id=\"gts_text_13\">Les carnivores ont des dents ac\u00e9r\u00e9es.<\/span> <span class=\"gts_text\" id=\"gts_text_14\">Ils utilisent leurs deux yeux pour mieux appr\u00e9cier les distances et pour mieux chasser.<\/span> <span class=\"gts_text\" id=\"gts_text_15\">La plupart d&#8217;entre eux chassent en meutes et sont des animaux sociaux.<\/span> <span class=\"gts_text\" id=\"gts_text_16\">Ces habitudes leur permettent d&#8217;attaquer des proies plus grandes qu&#8217;elles.<\/span> <span class=\"gts_text\" id=\"gts_text_17\">Les carnivores sont principalement des cr\u00e9atures terrestres, mais il y a quelques esp\u00e8ces (comme les ratons laveurs) qui vivent dans les arbres.<\/span> <span class=\"gts_text\" id=\"gts_text_18\">Ils ont des griffes pointues et tr\u00e8s solides.<\/span> <span class=\"gts_text\" id=\"gts_text_19\">Ils ont au moins\u00a0quatre orteils \u00e0 chaque pied.<\/span> <span class=\"gts_text\" id=\"gts_text_20\">Ils ont des \u00ab\u00a0canines\u00a0\u00bb, des dents pointues avec une tranche, bien d\u00e9velopp\u00e9es.<\/span> Ils utilisent l<span class=\"gts_text\" id=\"gts_text_21\">a derni\u00e8re pr\u00e9molaire de la m\u00e2choire sup\u00e9rieure et la premi\u00e8re molaire de la m\u00e2choire inf\u00e9rieure pour cisailler la chair et les os comme des ciseaux ou une cisaille.<\/span> <span class=\"gts_text\" id=\"gts_text_22\">Ces dents de cisaillement sont tr\u00e8s d\u00e9velopp\u00e9es dans la famille du chat, mais sont presque absentes chez les ours.<\/span><\/p>\n<p><span class=\"gts_text\" id=\"gts_text_23\">La plupart des carnivores ont 6 incisives et 2 canines en forme de c\u00f4ne dans la m\u00e2choire sup\u00e9rieure et la m\u00e2choire inf\u00e9rieure.<\/span> <span class=\"gts_text\" id=\"gts_text_24\">Mais la loutre de mer n&#8217;a que 4 incisives dans la m\u00e2choire inf\u00e9rieure et le paresseux a 4 incisives dans la m\u00e2choire sup\u00e9rieure.<\/span> <span class=\"gts_text\" id=\"gts_text_25\">Le nombre de molaires et de pr\u00e9molaires varie d&#8217;une esp\u00e8ce de carnivores \u00e0 l&#8217;autre.<\/span> <span class=\"gts_text\" id=\"gts_text_26\">Toutes leurs dents sont profond\u00e9ment enracin\u00e9es et les carnivores ont deux s\u00e9ries de dents pendant leur vie &#8211; exactement comme chez les humains.<\/span> <span class=\"gts_text\" id=\"gts_text_27\">Leurs dents ne sont pas remplac\u00e9es r\u00e9guli\u00e8rement comme celles d&#8217;un <a title=\"Crocodiliens\" href=\"http:\/\/www.big-animals.com\/fr\/crocodiliens\/\">crocodile<\/a> et ne poussent pas non plus constamment comme les dents avant d&#8217;un <a title=\"Rongeurs\" href=\"http:\/\/www.big-animals.com\/fr\/rongeurs\/\">rongeur<\/a>.<\/span> <span class=\"gts_text\" id=\"gts_text_28\">Les carnivores ont 4 ou 5 orteils ou doigts sur chaque patte.<\/span> <span class=\"gts_text\" id=\"gts_text_29\">Leur premier\u00a0doigt (ou pouce) des pattes avant s&#8217;appelle aussi un ergot &#8211; il est vraiment minuscule chez la plupart des carnivores, et est totalement absent chez certains.<\/span><\/p>\n<p><span class=\"gts_text\" id=\"gts_text_30\">Les carnivores comme les chiens, les renards, les putois, les belettes, les ratons laveurs, les ours et les morses ont des griffes qu&#8217;ils ne peuvent pas rentrer.<\/span> <span class=\"gts_text\" id=\"gts_text_31\">La plupart des carnivores ont une couleur unie.<\/span> <span class=\"gts_text\" id=\"gts_text_32\">Ils n&#8217;ont pas de pelage voyant comme les chats.<\/span> <span class=\"gts_text\" id=\"gts_text_33\">Les chats, les hy\u00e8nes et les civettes ont des pelages tachet\u00e9s ou ray\u00e9s dans des tons plus vifs et voyants que ceux des chiens ou des renards.<\/span> <span class=\"gts_text\" id=\"gts_text_34\">En outre, les chats peuvent rentrer leurs griffes quand ils ne s&#8217;en servent pas.<\/span><\/p>\n<figure id=\"attachment_742\" aria-describedby=\"caption-attachment-742\" style=\"width: 300px\" class=\"wp-caption alignright\"><a href=\"http:\/\/www.big-animals.com\/wp-content\/uploads\/2011\/03\/A_Bear_Cub1.jpg\"><img loading=\"lazy\" decoding=\"async\" class=\"size-medium wp-image-742\" title=\"La plupart des ours mangent la viande et des plantes\" alt=\"La plupart des ours mangent la viande et des plantes\" src=\"http:\/\/www.big-animals.com\/wp-content\/uploads\/2011\/03\/A_Bear_Cub1-300x240.jpg\" width=\"300\" height=\"240\" \/><\/a><figcaption id=\"caption-attachment-742\" class=\"wp-caption-text\">La plupart des ours mangent aussi bien de la viande que des plantes<\/figcaption><\/figure>\n<p><span class=\"gts_text\" id=\"gts_text_35\">Les morses, les phoques et les otaries sont des carnivores \u00e0 sang chaud.<\/span> <span class=\"gts_text\" id=\"gts_text_36\">Leur corps est bien isol\u00e9 par une couche \u00e9paisse de graisse et couvert de poils qui leur tiennent chaud.<\/span> <span class=\"gts_text\" id=\"gts_text_37\">Leurs doigts ou orteils ne sont pas s\u00e9par\u00e9s mais palm\u00e9s.<\/span> <span class=\"gts_text\" id=\"gts_text_38\">Ces palmes forment des nageoires qui les aident \u00e0 bien nager.<\/span> <span class=\"gts_text\" id=\"gts_text_39\">Tous leurs membres leur servent ainsi de rames.<\/span> Equip\u00e9s de la sorte, ils peuvent <span class=\"gts_text\" id=\"gts_text_40\">plonger \u00e0 des profondeurs extr\u00eames.<\/span> <span class=\"gts_text\" id=\"gts_text_41\">Par exemple, le phoque de Weddell peut plonger jusqu&#8217;\u00e0 600 m\u00e8tres de profondeur et rester sous l&#8217;eau pendant plus d&#8217;une heure.\u00a0<\/span><span class=\"gts_text\" id=\"gts_text_42\">La partie externe de leur oreille est tr\u00e8s petite, ou m\u00eame absente chez quelques esp\u00e8ces, mais ils ont une moustache bien d\u00e9velopp\u00e9e autour des narines, au-dessus des l\u00e8vres et sur d&#8217;autres parties du visage de la plupart des carnivores.<\/span> <span class=\"gts_text\" id=\"gts_text_43\">Ils ont une queue tr\u00e8s courte ou m\u00eame pas de queue du tout.<\/span><\/p>\n<p><span class=\"gts_text\" id=\"gts_text_44\">Les carnivores ont un cerveau assez grand qui est prot\u00e9g\u00e9 par un cr\u00e2ne lourd.<\/span> <span class=\"gts_text\" id=\"gts_text_45\">Puisqu&#8217;ils mangent principalement de la viande, ils ont un appareil digestif simple pour dig\u00e9rer la viande.<\/span> <span class=\"gts_text\" id=\"gts_text_46\">\u00c0 la diff\u00e9rence des mangeurs de plantes, qui ont besoin d&#8217;un appareil digestif plus complexe parce qu&#8217;ils doivent dig\u00e9rer les fibres de plantes dures.<\/span> <span class=\"gts_text\" id=\"gts_text_47\">La plupart des carnivores ont des sens fortement d\u00e9velopp\u00e9s.<\/span> <span class=\"gts_text\" id=\"gts_text_48\">Ils ont une vision et une audition tr\u00e8s d\u00e9velopp\u00e9es.<\/span> <span class=\"gts_text\" id=\"gts_text_49\">Beaucoup de carnivores ont un bon odorat, comme les chiens et les renards.<\/span> <span class=\"gts_text\" id=\"gts_text_50\">Ils sont d&#8217;excellents coureurs.<\/span> <span class=\"gts_text\" id=\"gts_text_51\">Certains sont des coureurs de fond, mais ils sont plut\u00f4t de bons sprinters.<\/span> <span class=\"gts_text\" id=\"gts_text_52\">Les ours et les ratons laveurs peuvent para\u00eetre lents et maladroits mais ils peuvent courir tr\u00e8s vite sur de courtes distances.<\/span><\/p>\n<p><span class=\"gts_text\" id=\"gts_text_53\">\u00a0<\/span><\/p>\n","protected":false},"excerpt":{"rendered":"<p>Il y a 260 types de mammif\u00e8res dans l&#8217;ordre appel\u00e9 Carnivora. Les animaux dans l&#8217;ordre des\u00a0Carnivora s&#8217;appellent des carnivores.\u00a0&#8220;Carnivore&#8221; veut dire &#8220;qui mange de la viande&#8221;. Les carnivores peuvent \u00eatre aussi petits que la belette, qui ne p\u00e8se que 25 grammes et ne mesure que 11 centim\u00e8tres de long. Le plus grand carnivore est l&#8217;\u00e9l\u00e9phant &hellip; <a href=\"https:\/\/www.big-animals.com\/fr\/carnivore\/\" class=\"more-link\">Continue reading <span class=\"screen-reader-text\">Les carnivores<\/span><\/a><\/p>\n","protected":false},"author":1,"featured_media":0,"parent":0,"menu_order":0,"comment_status":"closed","ping_status":"open","template":"","meta":{"_acf_changed":false,"footnotes":""},"acf":[],"_links":{"self":[{"href":"https:\/\/www.big-animals.com\/fr\/wp-json\/wp\/v2\/pages\/33"}],"collection":[{"href":"https:\/\/www.big-animals.com\/fr\/wp-json\/wp\/v2\/pages"}],"about":[{"href":"https:\/\/www.big-animals.com\/fr\/wp-json\/wp\/v2\/types\/page"}],"author":[{"embeddable":true,"href":"https:\/\/www.big-animals.com\/fr\/wp-json\/wp\/v2\/users\/1"}],"replies":[{"embeddable":true,"href":"https:\/\/www.big-animals.com\/fr\/wp-json\/wp\/v2\/comments?post=33"}],"version-history":[{"count":7,"href":"https:\/\/www.big-animals.com\/fr\/wp-json\/wp\/v2\/pages\/33\/revisions"}],"predecessor-version":[{"id":305,"href":"https:\/\/www.big-animals.com\/fr\/wp-json\/wp\/v2\/pages\/33\/revisions\/305"}],"wp:attachment":[{"href":"https:\/\/www.big-animals.com\/fr\/wp-json\/wp\/v2\/media?parent=33"}],"curies":[{"name":"wp","href":"https:\/\/api.w.org\/{rel}","templated":true}]}}