{"id":34,"date":"2011-05-09T09:22:03","date_gmt":"2011-05-09T09:22:03","guid":{"rendered":""},"modified":"2015-06-26T11:15:42","modified_gmt":"2015-06-26T11:15:42","slug":"chinois-geant-salamandre","status":"publish","type":"page","link":"https:\/\/www.big-animals.com\/fr\/chinois-geant-salamandre\/","title":{"rendered":"La salamandre g\u00e9ante de Chine"},"content":{"rendered":"<figure id=\"attachment_907\" aria-describedby=\"caption-attachment-907\" style=\"width: 300px\" class=\"wp-caption alignright\"><a href=\"http:\/\/www.big-animals.com\/wp-content\/uploads\/2011\/04\/Chinese_Giant_Salamander.jpeg\"><img loading=\"lazy\" decoding=\"async\" class=\"size-medium wp-image-907\" title=\"La salamandre g\u00e9ante chinoise - photographie par H. Zell\" src=\"http:\/\/www.big-animals.com\/wp-content\/uploads\/2011\/04\/Chinese_Giant_Salamander-300x225.jpg\" alt=\"La salamandre g\u00e9ante chinoise - photographie par H. Zell\" width=\"300\" height=\"225\" \/><\/a><figcaption id=\"caption-attachment-907\" class=\"wp-caption-text\">La\u00a0salamandre g\u00e9ante de Chine &#8211; Photo par H. Zell<\/figcaption><\/figure>\n<p><span id=\"gts_text_1\" class=\"gts_text\">La salamandre g\u00e9ante de Chine est le plus grand <a href=\"http:\/\/www.big-animals.com\/fr\/amphibie\/\" target=\"_blank\">amphibien<\/a> et la plus grande <a title=\"Salamandres\" href=\"http:\/\/www.big-animals.com\/fr\/salamandres\/\" target=\"_blank\">salamandre<\/a>\u00a0du monde !<\/span> <span id=\"gts_text_2\" class=\"gts_text\">Le poids moyen d&#8217;une salamandre g\u00e9ante de\u00a0Chine\u00a0adulte est de\u00a025 \u00e0 30 kilogrammes (55 \u00e0 65 livres) et elles mesurent en moyenne \u00a01,15 m\u00e8tres (45 pouces), mais elles peuvent atteindre une longueur de 180 cm (6 pieds) et peser jusqu&#8217;\u00e0 65 kilogrammes (144 livres).<\/span> La salamandre g\u00e9ante de\u00a0Chine\u00a0<span id=\"gts_text_3\" class=\"gts_text\">vit dans des cours d&#8217;eau et des lacs de montagne rocheuse en Chine.<\/span> <span id=\"gts_text_4\" class=\"gts_text\">Sa population est gravement\u00a0menac\u00e9e et elle a \u00e9t\u00e9 classifi\u00e9e comme \u00e9tant\u00a0une esp\u00e8ce en voie de disparition,\u00a0en raison de la perte\u00a0de son habitat naturel, de la pollution et de sa sur-exploitation.<\/span> Elle<span id=\"gts_text_5\" class=\"gts_text\">\u00a0est\u00a0consid\u00e9r\u00e9e comme un met d\u00e9licat et elle est utilis\u00e9e\u00a0en\u00a0m\u00e9decine traditionnelle chinoise.<\/span><\/p>\n<p><span id=\"gts_text_6\" class=\"gts_text\">La salamandre g\u00e9ante de\u00a0Chine a une forte carrure.\u00a0Elle<\/span><span id=\"gts_text_7\" class=\"gts_text\">\u00a0a une grosse t\u00eate compacte, de petits yeux et une peau poreuse et rugueuse d&#8217;aspect rid\u00e9 et de couleur fonc\u00e9e.<\/span> Elle<span id=\"gts_text_8\" class=\"gts_text\">\u00a0a de petites narines.<\/span>\u00a0E<span id=\"gts_text_9\" class=\"gts_text\">lle a des dents.<\/span> <span id=\"gts_text_10\" class=\"gts_text\">Ses jambes sont courtes et plates.<\/span> <span id=\"gts_text_11\" class=\"gts_text\">Il y a 4 orteils sur ses pattes avant\u00a0et 5 orteils sur pattes arri\u00e8res.<\/span>\u00a0Elle se\u00a0\u00a0nourrit<span id=\"gts_text_12\" class=\"gts_text\">\u00a0d&#8217;insectes, de grenouilles et de poissons.<\/span>\u00a0El<span id=\"gts_text_13\" class=\"gts_text\">le chasse principalement la nuit.<\/span> Elle a une tr\u00e8s mauvaise vue et pas de<span id=\"gts_text_14\" class=\"gts_text\">\u00a0paupi\u00e8re.<\/span> <span id=\"gts_text_15\" class=\"gts_text\">Par cons\u00e9quent, elle d\u00e9pend surtout\u00a0de noeuds sensoriels sp\u00e9ciaux qui sont situ\u00e9s sur les c\u00f4t\u00e9s\u00a0de son corps de la t\u00eate \u00e0 la queue.\u00a0Gr\u00e2ce \u00e0 ces noeuds, elle<\/span><span id=\"gts_text_16\" class=\"gts_text\">\u00a0peut sentir les plus l\u00e9g\u00e8res vibrations autour d&#8217;elle.<\/span>\u00a0Et p<span id=\"gts_text_17\" class=\"gts_text\">ar cons\u00e9quent, elle peut d\u00e9tecter ses\u00a0proies et s&#8217;\u00e9chapper rapidement de ses pr\u00e9dateurs.<\/span><\/p>\n<p><span id=\"gts_text_18\" class=\"gts_text\">La femelle pond environ 500 oeufs en amas\u00a0dans une cavit\u00e9 sous l&#8217;eau.<\/span> <span id=\"gts_text_19\" class=\"gts_text\">Le m\u00e2le garde ces pr\u00e9cieux oeufs jusqu&#8217;\u00e0 ce qu&#8217;ils aient \u00e9clos.<\/span> Les oeufs prennent de<span id=\"gts_text_20\" class=\"gts_text\">\u00a050 \u00e0 60 jours pour \u00e9clore.<\/span> <span id=\"gts_text_21\" class=\"gts_text\">Les larves commencent \u00e0 manger apr\u00e8s 30 jours.<\/span> <span id=\"gts_text_22\" class=\"gts_text\">Les ou\u00efes des larves deviennent plus petites quand les larves atteignent\u00a0environ 20-25cm (8-10 pouces)\u00a0de long.<\/span> <span id=\"gts_text_23\" class=\"gts_text\">Les larves ont une forme similaire\u00a0aux salamandres adultes.<\/span> <span id=\"gts_text_24\" class=\"gts_text\">Les adultes ont\u00a0des fentes branchiales et des poumons pour respirer.<\/span> <span id=\"gts_text_25\" class=\"gts_text\">Les salamandres g\u00e9antes de Chine peuvent vivre\u00a0jusqu&#8217;a\u00a075 ans en\u00a0captivit\u00e9.<\/span><\/p>\n<figure id=\"attachment_908\" aria-describedby=\"caption-attachment-908\" style=\"width: 300px\" class=\"wp-caption aligncenter\"><a href=\"http:\/\/www.big-animals.com\/wp-content\/uploads\/2011\/04\/Chinese_Giant_Salamander_And_Human.png\"><img loading=\"lazy\" decoding=\"async\" class=\"size-medium wp-image-908\" title=\"Salamandre g\u00e9ante et humain chinois\" src=\"http:\/\/www.big-animals.com\/wp-content\/uploads\/2011\/04\/Chinese_Giant_Salamander_And_Human-300x176.png\" alt=\"Salamandre g\u00e9ante et humain chinois\" width=\"300\" height=\"176\" \/><\/a><figcaption id=\"caption-attachment-908\" class=\"wp-caption-text\">Une salamandre g\u00e9ante de Chine et\u00a0un humain<\/figcaption><\/figure>\n<p><span id=\"gts_text_26\" class=\"gts_text\">\u00a0<\/span><\/p>\n","protected":false},"excerpt":{"rendered":"<p>La salamandre g\u00e9ante de Chine est le plus grand amphibien et la plus grande salamandre\u00a0du monde ! Le poids moyen d&#8217;une salamandre g\u00e9ante de\u00a0Chine\u00a0adulte est de\u00a025 \u00e0 30 kilogrammes (55 \u00e0 65 livres) et elles mesurent en moyenne \u00a01,15 m\u00e8tres (45 pouces), mais elles peuvent atteindre une longueur de 180 cm (6 pieds) et peser &hellip; <a href=\"https:\/\/www.big-animals.com\/fr\/chinois-geant-salamandre\/\" class=\"more-link\">Continue reading <span class=\"screen-reader-text\">La salamandre g\u00e9ante de Chine<\/span><\/a><\/p>\n","protected":false},"author":1,"featured_media":0,"parent":0,"menu_order":0,"comment_status":"closed","ping_status":"open","template":"","meta":{"_acf_changed":false,"footnotes":""},"acf":[],"_links":{"self":[{"href":"https:\/\/www.big-animals.com\/fr\/wp-json\/wp\/v2\/pages\/34"}],"collection":[{"href":"https:\/\/www.big-animals.com\/fr\/wp-json\/wp\/v2\/pages"}],"about":[{"href":"https:\/\/www.big-animals.com\/fr\/wp-json\/wp\/v2\/types\/page"}],"author":[{"embeddable":true,"href":"https:\/\/www.big-animals.com\/fr\/wp-json\/wp\/v2\/users\/1"}],"replies":[{"embeddable":true,"href":"https:\/\/www.big-animals.com\/fr\/wp-json\/wp\/v2\/comments?post=34"}],"version-history":[{"count":3,"href":"https:\/\/www.big-animals.com\/fr\/wp-json\/wp\/v2\/pages\/34\/revisions"}],"predecessor-version":[{"id":547,"href":"https:\/\/www.big-animals.com\/fr\/wp-json\/wp\/v2\/pages\/34\/revisions\/547"}],"wp:attachment":[{"href":"https:\/\/www.big-animals.com\/fr\/wp-json\/wp\/v2\/media?parent=34"}],"curies":[{"name":"wp","href":"https:\/\/api.w.org\/{rel}","templated":true}]}}