{"id":340,"date":"2014-01-16T08:33:29","date_gmt":"2014-01-16T08:33:29","guid":{"rendered":"http:\/\/www.big-animals.com\/fr\/?page_id=340"},"modified":"2014-01-16T08:33:29","modified_gmt":"2014-01-16T08:33:29","slug":"les-plus-grands-mammiferes-du-monde","status":"publish","type":"page","link":"https:\/\/www.big-animals.com\/fr\/les-plus-grands-mammiferes-du-monde\/","title":{"rendered":"Les plus grands mammif\u00e8res du monde !"},"content":{"rendered":"<h3>Qu&#8217;est-ce qu&#8217;un mammif\u00e8re ?<\/h3>\n<p>Nous connaissons tous les mammif\u00e8res\u00a0: si on demande \u00e0 quelqu&#8217;un de donner le nom d&#8217;un animal, il donnera en g\u00e9n\u00e9ral le nom d&#8217;un mammif\u00e8re (chat, chien, cheval, etc.). On conna\u00eet mieux les mammif\u00e8res que les autres sortes d&#8217;animaux m\u00eame s&#8217;il n&#8217;y a que 5.400 esp\u00e8ces de mammif\u00e8res, ce qui n&#8217;est rien par rapport aux millions d&#8217;esp\u00e8ces d&#8217;insectes par exemple !<\/p>\n<p>Voici certaines caract\u00e9ristiques qui font d&#8217;un animal un mammif\u00e8re. Tout d&#8217;abord, les mammif\u00e8res sont des <a title=\"Les plus grands vert\u00e9br\u00e9s du monde !\" href=\"http:\/\/www.big-animals.com\/fr\/le-monde-grand-vertebres\/\">vert\u00e9br\u00e9s<\/a>, et en tant que vert\u00e9br\u00e9s,<\/p>\n<ul>\n<li>Les mammif\u00e8res ont des os, et en particulier une \u00e9pine dorsale<\/li>\n<li>La plupart ont une queue et une bouche (gueule) creuse<\/li>\n<\/ul>\n<p>Les mammif\u00e8res se distinguent des autres vert\u00e9br\u00e9s par les caract\u00e9ristiques suivantes\u00a0:<\/p>\n<ul>\n<li>Les mammif\u00e8res allaitent leurs petits. Nous savons tous que les vachent donnent du lait, mais tous les mammif\u00e8res le font: les chats, les souris, les chauves-souris, et m\u00eame <a title=\"Echidn\u00e9 occidental \u00e0 nez long\" href=\"http:\/\/www.big-animals.com\/fr\/achidna-occidental-a-nez-long\/\">l&#8217;\u00e9chidn\u00e9 occidental \u00e0 longue trompe <\/a>ou la baleine \u00e0 bosse !<\/li>\n<li>Les mammif\u00e8res ont de la peau et des poils: m\u00eame si certaines baleines n&#8217;ont de poils qu&#8217;avant la naissance.<\/li>\n<li>Les mammif\u00e8res maintiennent leur corps \u00e0 une temp\u00e9rature plus ou moins constante. Les <a title=\"Les plus grands oiseaux du monde !\" href=\"http:\/\/www.big-animals.com\/fr\/le-monde-grand-oiseaux\/\">oiseaux<\/a> le font aussi, mais pas les <a title=\"Les plus grands reptiles du monde !\" href=\"http:\/\/www.big-animals.com\/fr\/le-monde-grand-reptiles\/\">reptiles <\/a>ni les <a title=\"Les amphibiens\" href=\"http:\/\/www.big-animals.com\/fr\/amphibie\/\">amphibiens<\/a>, ni les <a title=\"Les plus grands poissons du monde !\" href=\"http:\/\/www.big-animals.com\/fr\/le-monde-grand-poissons\/\">poissons<\/a>.<\/li>\n<\/ul>\n<p>En plus, presque tous les mammif\u00e8res ont exactement sept os dans le cou, un coeur \u00e0 quatre chambres et un cerveau dont la surface externe a une structure en couches tr\u00e8s particuli\u00e8re. Par rapport aux autres animaux, les mammif\u00e8res apprennent beaucoup plus de leurs parents, sont plus intelligents et mangent beaucoup.<\/p>\n<p>Au cas o\u00f9 vous ne l&#8217;auriez pas encore devin\u00e9, je confirme : les \u00eatres humains forment aussi une esp\u00e8ce de mammif\u00e8res !<\/p>\n<h3>Quel est le plus grand mammif\u00e8re du monde ?<\/h3>\n<p>Des mammif\u00e8res figurent parmi les <a title=\"Les plus grands animaux du monde !\" href=\"http:\/\/www.big-animals.com\/fr\/le-monde-grand-animaux\/\">plus grands animaux<\/a> du monde. Le plus grand animal de tous les temps est un mammif\u00e8re, la <a title=\"La baleine bleue \u2013 le plus grand animal de tous les temps !\" href=\"http:\/\/www.big-animals.com\/fr\/le-bleu-baleine-le-grand-animal-la-jamais-etait\/\">baleine bleue<\/a>\u00a0! Cette \u00e9norme cr\u00e9ature peut \u00eatre aussi longue que sept voitures et peser plus qu&#8217;un Boeing 747\u00a0! L&#8217;animal terrestre le plus grand, en stature, et l&#8217;animal terrestre le plus lourd (la <a title=\"La girafe \u2013 l\u2019animal le plus grand du monde !\" href=\"http:\/\/www.big-animals.com\/fr\/le-girafe-le-monde-grand-animal\/\">girafe<\/a> et l&#8217;<a title=\"\u00c9l\u00e9phant de Bush d\u2019Africain \u2013 le plus grand animal de terre du monde !\" href=\"http:\/\/www.big-animals.com\/fr\/le-africain-bush-elephant-le-monde-grand-terre-animal\/\">\u00e9l\u00e9phant de savane d&#8217;Afrique<\/a>) sont aussi des mammif\u00e8res !<\/p>\n<h3>Quelles sortes de mammif\u00e8res y a-t-il ?<\/h3>\n<p>Il y a environ 5.400 diff\u00e9rentes sortes of mammif\u00e8res. Les mammif\u00e8res constituent une <em>classe<\/em>, c&#8217;est-\u00e0-dire un groupe d&#8217;animaux, que les scientifiques appellent <em>Mammalia<\/em>.\u00a0Cette <em>classe<\/em> est subdivis\u00e9e en groupes plus petits, qu&#8217;on appelle des <em>ordres<\/em>. Les scientifiques revoient sans cesse la composition exacte de ces groupes, mais la liste qui suit peut \u00eatre consid\u00e9r\u00e9e comme la classification standard :<\/p>\n<ul>\n<li>Les <a title=\"Monotremes\" href=\"http:\/\/www.big-animals.com\/fr\/monotremes\/\">monotr\u00e8mes<\/a> sont un petit groupe de mammif\u00e8res tr\u00e8s curieux. Ils incluent le platypus et l&#8217;\u00e9chidn\u00e9 d&#8217;Australie. Les monotr\u00e8mes sont les seuls mammif\u00e8res qui pondent des oeufs\u00a0!<\/li>\n<li>la plupart des <a title=\"Les plus grands marsupiaux du monde !\" href=\"http:\/\/www.big-animals.com\/fr\/le-monde-grand-marsupiaux\/\">marsupiaux<\/a> habitent en Australie, mais certains vivent en Am\u00e9rique du Sud. Les b\u00e9b\u00e9s marsupiaux ne peuvent survivre que s&#8217;ils vont vite se cacher dans la poche ventrale de leur m\u00e8re. Il y a plusieurs ordres de marsupiaux :\n<ol>\n<li>The Opossoms of South America, called Didelphimorphia, live in trees and eat anything. They have a strong immune system, and can even survive the bite of a rattlesnake! They also have more teeth than any other mammif\u00e8res terrestres.<\/li>\n<li>The Shrew Opossums, called Paucituberculata, also live in South America. They look like small Opossums.<\/li>\n<li>The Monito del Monte (which means Little Mountain Monkey) is the only living animal in the order Microbiotheria. It is about the size of a mouse, but with a longer, thicker, more useful tail and a differently-shaped head.<\/li>\n<li>Dasyuromorphia means \u201cHairy tail\u201d. This group includes many carnivorous marsupials from Australia, including Quolls, Numbats, the extinct Tasmanian tiger (or Thylacine), and the endangered Tasmanian Devil.<\/li>\n<li>There are only two species of Notoryctemorphia, or Marsupial Mole. They are very hard to tell apart. Their pouches face backwards, so they don\u2019t get filled with sand as they burrow through the desert dunes of Australia.<\/li>\n<li>The Bilby and the 19 types of Bandicoot belong to a group called Peramelemorphia.<\/li>\n<li>The Diprotodontia contains all the most famous marsupials \u2013 the kangaroos and koalas, as well as the wallabies, possums and wombats. They get their name from the Greek words for \u201ctwo front teeth\u201d. The world\u2019s biggest marsupial, le <a title=\"Le kangourou rouge \u2013 le plus grand marsupial du monde !\" href=\"http:\/\/www.big-animals.com\/fr\/le-rouge-kangourou-le-monde-grand-marsupial\/\">kangourou roux<\/a>, is in this order.<\/li>\n<li>There are also two extinct groups of marsupial, one whose members looked like a sabre-toothed cat, and another with boomerang-shaped teeth!<\/li>\n<\/ol>\n<\/li>\n<li>La plupart des mammif\u00e8res sont des mammif\u00e8res placentaux (Eutheria). Il y a 21 ordres de mammif\u00e8res placentaux.\n<ol>\n<li>Les Afrosoricida (de mots latins et grecs qui veulent dire \u201cressemble \u00e0 un shrew africain\u201d!) incluent les tenrecs et les golden moles \u2013 des animaux\u00a0qui se nourrissent d&#8217;insectes et vivent dans le sud de l&#8217;Afrique et \u00e0 Madagascar.<\/li>\n<li>The Macroscelidea, called elephant shrews or sengis, also live in Africa. They get their name from their long nose.<\/li>\n<li>The Tubulidentata contains just one species, the Aardvark. The scientific name comes from its tubular teeth. It eats ants and termites, and almost nothing else (except a strange sort of melon whose fruits grow underground)!<\/li>\n<li>Les hyraxes (Hyracoidea) sont des animaux qui vivent au Moyen-Orient et en Afrique et qui, de loin, pourraient \u00eatre pris pour des lapins. Ils mangent de l&#8217;herbe et des feuilles.<\/li>\n<li>Le nom des <a title=\"Proboscidea\" href=\"http:\/\/www.big-animals.com\/fr\/proboscidea\/\">Proboscidea<\/a> vient du mot grec <em>proboskis<\/em> qui veut dire \u201ctrompe d&#8217;\u00e9l\u00e9phant\u201d. Les trois esp\u00e8ces de proboscidae encore en vie aujourd&#8217;hui sont trois sortes d&#8217;\u00e9l\u00e9phants, dont le plus gros animal terrestre du monde, l&#8217;<a title=\"\u00c9l\u00e9phant de Bush d\u2019Africain \u2013 le plus grand animal de terre du monde !\" href=\"http:\/\/www.big-animals.com\/fr\/le-africain-bush-elephant-le-monde-grand-terre-animal\/\">\u00e9l\u00e9phant de savane d&#8217;Afrique<\/a>. Some other animals that once lived in this groupe sont le\u00a0mammouth and the Mastadon.<\/li>\n<li>The Dugong and the three types of Manatee are the only living members of order Sirenia. Like dolphins and whales, these mammals spend their whole lives in the sea. Unlike dolphins and whales, the Sirenians only eat plants.<\/li>\n<li>The Armadillos, order Cingulata, are odd-looking mammals that love digging. They live in the Americas, as far north as Texas and Florida. Scientists say that one day the Armadillos will even reach Ohio.<\/li>\n<li>The anteaters and sloths (order Pilosa) also live in North and South America. The sloths are famous for being very slow-moving!<\/li>\n<li>The Scandentia are Asian mammals called Treeshrews, although they are not shrews, and not all types live in trees.<\/li>\n<li>Les deux esp\u00e8ces de Colugo (ordre Dermoptera, ce qui signifie \u201cailes de peau\u201d) sont de grands mammif\u00e8res qui peuvent planer et qui vivent en Asie du sud-est.<\/li>\n<li>Les <a title=\"Les primates\" href=\"http:\/\/www.big-animals.com\/fr\/primats\/\">primates<\/a> incluent les singes, apes, and les \u00eatres humains, ainsi que les l\u00e9muriens, les lorids, galagos and tarsiers. Le mot Primate vient du mot latin qui veut dire \u201cpremier\u201d, parce que le scientifique qui gave the name regarded this group of mammals as the most important (naturally, since he was one!). Il y a plus de 400 esp\u00e8ces de primates.<\/li>\n<li>About 2 in every 5 species of mammal is a rodent.\u00a0Les <a title=\"Rongeurs\" href=\"http:\/\/www.big-animals.com\/fr\/rongeurs\/\">rongeurs<\/a>, ou Rodentia, incluent les souris, les rats, les \u00e9cureuils, chipmunks, gophers, et beaucoup d&#8217;autres animaux similaires. Leur nom vient du verbe latin rodere, qui veut \u201cronger\u201d. Leur deux dents frontales never stop growing! Attention de ne pas se tromper\u00a0: les lapins ne sont pas des rongeurs.<\/li>\n<li>The rabbits and hares (and the pika) belong to the order Lagomorpha. These are similar to rodents, except they have more upper incisors, and almost exclusively eat plants.\u00a0Lagomorpha comes from the Greek words meaning \u201cshaped like a hare\u201d.<\/li>\n<li>The 24 types of hedgehog and gymnure (or moonrat) come under an order called Erinaceomorpha. These are reasonably large creatures, with a longish nose, and a short tail. The hedgehog has spines on its back instead of normal hair.<\/li>\n<li>The shrews, les taupes, and solenodons font partie de l&#8217;ordre Soricomorpha. The Greek word\u00a0Sorico just means \u201cshrew\u201d, so these are the \u201cshrew-shaped\u201d mammals. They live in almost every continent in the world, et la plupart se nourrissent d&#8217;insectes.<\/li>\n<li>Les 1.100 esp\u00e8ces de <a title=\"Les chauve-souris\" href=\"http:\/\/www.big-animals.com\/fr\/battes\/\">chauves-souris<\/a> font partie de l&#8217;ordre Chiroptera. This name comes from the Greek for \u201chand wing\u201d, because their wings are made of skin stretched across their \u2018finger\u2019 bones. Most types of bats eat insects, helping people fight against pests that spread disease and attack crops.<\/li>\n<li>The Pholidota, called Pangolins or Scaly Anteaters, live in the tropics in Asia and Africa. They eat insects, especially ants and termites.<\/li>\n<li>Les <a title=\"Les c\u00e9tac\u00e9s\" href=\"http:\/\/www.big-animals.com\/fr\/cetaces\/\">c\u00e9tac\u00e9s<\/a> (ordre Cetacea) incluent les baleines, les dauphins et porpoises \u2013 including the world\u2019s biggest mammal, and biggest animal de tous les temps,\u00a0la <a title=\"La baleine bleue \u2013 le plus grand animal de tous les temps !\" href=\"http:\/\/www.big-animals.com\/fr\/le-bleu-baleine-le-grand-animal-la-jamais-etait\/\">baleine bleue<\/a>. Like the Dugongs and Manatees of order\u00a0Sirenia, they spend all their lives in the water.<\/li>\n<li>L&#8217;ordre <a title=\"Les carnivores\" href=\"http:\/\/www.big-animals.com\/fr\/carnivore\/\">Carnivora<\/a> inclue\u00a0les chats, les lions, les tigres, les chiens, badgers, les ours, weasels, les phoques, et beaucoup d&#8217;autres mammif\u00e8res qui mangent de la viande. Le mot Carnivore vient de mots latins qui veulent dire \u201cmangeur de viande\u201d. Remarquez toutefois que certains carnivores ne mangent pas de viande : par exemple, le panda mange surtout du bambou.<\/li>\n<li>Les chevaux font partie de l&#8217;ordre des <a title=\"Les ongul\u00e9s \u00e0 nombre de doigts impair\" href=\"http:\/\/www.big-animals.com\/fr\/impair-botter-avec-la-pointe-du-pied-ungulates\/\">Perissodactyla<\/a>. Les z\u00e8bres, les rhino\u00e9eros et les tapirs aussi. Ils mangent surtout des plantes qu&#8217;ils dig\u00e8rent dans leurs intestins. Ils ont un nombre de doigts impair \u00e0 chaque pied.<\/li>\n<li><a title=\"Les ongul\u00e9s \u00e0 nombre de doigts pair\" href=\"http:\/\/www.big-animals.com\/fr\/agal-botter-avec-la-pointe-du-pied-ongula\/\">Artiodactyla<\/a> est le nom que l&#8217;on donne \u00e0 l&#8217;ordre qui inclut les cochons, les vaches, les chameaux, les cerfs, les <a title=\"Hippopotame\" href=\"http:\/\/www.big-animals.com\/fr\/hippopotame\/\">hippopotames<\/a> etc.\u2013 y compris l&#8217;animal terrestre le plus grand, la <a title=\"La girafe \u2013 l\u2019animal le plus grand du monde !\" href=\"http:\/\/www.big-animals.com\/fr\/le-girafe-le-monde-grand-animal\/\">girafe<\/a>. Eux aussi mangent surtout des plantes. Ceux qui ont une autre alimentation ont des syst\u00e8mes digestifs plus complexes. Ils ont un nombre de doigts pair \u00e0 chaque pied.<\/li>\n<\/ol>\n<p><figure style=\"width: 280px\" class=\"wp-caption alignright\"><a href=\"http:\/\/www.big-animals.com\/wp-content\/uploads\/2008\/10\/MountainLion.jpg\"><img loading=\"lazy\" decoding=\"async\" title=\"Mountain Lion\" alt=\"A Mountain Lion - Public Domain Image\" src=\"http:\/\/www.big-animals.com\/wp-content\/uploads\/2008\/10\/MountainLion.jpg\" width=\"280\" height=\"318\" \/><\/a><figcaption class=\"wp-caption-text\">Un puma (ou &#8220;lion des montagnes&#8221;).<\/figcaption><\/figure><\/li>\n<\/ul>\n","protected":false},"excerpt":{"rendered":"<p>Qu&#8217;est-ce qu&#8217;un mammif\u00e8re ? Nous connaissons tous les mammif\u00e8res\u00a0: si on demande \u00e0 quelqu&#8217;un de donner le nom d&#8217;un animal, il donnera en g\u00e9n\u00e9ral le nom d&#8217;un mammif\u00e8re (chat, chien, cheval, etc.). On conna\u00eet mieux les mammif\u00e8res que les autres sortes d&#8217;animaux m\u00eame s&#8217;il n&#8217;y a que 5.400 esp\u00e8ces de mammif\u00e8res, ce qui n&#8217;est rien &hellip; <a href=\"https:\/\/www.big-animals.com\/fr\/les-plus-grands-mammiferes-du-monde\/\" class=\"more-link\">Continue reading <span class=\"screen-reader-text\">Les plus grands mammif\u00e8res du monde !<\/span><\/a><\/p>\n","protected":false},"author":90,"featured_media":0,"parent":0,"menu_order":0,"comment_status":"closed","ping_status":"open","template":"","meta":{"_acf_changed":false,"footnotes":""},"acf":[],"_links":{"self":[{"href":"https:\/\/www.big-animals.com\/fr\/wp-json\/wp\/v2\/pages\/340"}],"collection":[{"href":"https:\/\/www.big-animals.com\/fr\/wp-json\/wp\/v2\/pages"}],"about":[{"href":"https:\/\/www.big-animals.com\/fr\/wp-json\/wp\/v2\/types\/page"}],"author":[{"embeddable":true,"href":"https:\/\/www.big-animals.com\/fr\/wp-json\/wp\/v2\/users\/90"}],"replies":[{"embeddable":true,"href":"https:\/\/www.big-animals.com\/fr\/wp-json\/wp\/v2\/comments?post=340"}],"version-history":[{"count":1,"href":"https:\/\/www.big-animals.com\/fr\/wp-json\/wp\/v2\/pages\/340\/revisions"}],"predecessor-version":[{"id":343,"href":"https:\/\/www.big-animals.com\/fr\/wp-json\/wp\/v2\/pages\/340\/revisions\/343"}],"wp:attachment":[{"href":"https:\/\/www.big-animals.com\/fr\/wp-json\/wp\/v2\/media?parent=340"}],"curies":[{"name":"wp","href":"https:\/\/api.w.org\/{rel}","templated":true}]}}