{"id":35,"date":"2011-05-09T09:22:53","date_gmt":"2011-05-09T09:22:53","guid":{"rendered":""},"modified":"2014-01-27T12:01:41","modified_gmt":"2014-01-27T12:01:41","slug":"gigantopithecus","status":"publish","type":"page","link":"https:\/\/www.big-animals.com\/fr\/primats\/gigantopithecus\/","title":{"rendered":"Le gigantopith\u00e8que"},"content":{"rendered":"<p><span class=\"gts_text\" id=\"gts_text_1\">Le gigantopith\u00e8que est le plus grand <a title=\"Les primates\" href=\"http:\/\/www.big-animals.com\/fr\/primats\/\">primate<\/a> de tous les temps.<\/span> <span class=\"gts_text\" id=\"gts_text_2\">Il vivait sur Terre il y a 300.000 ans.<\/span> On en a trouv\u00e9 des <span class=\"gts_text\" id=\"gts_text_3\">fossiles en Chine, en Inde et au Vietnam.<\/span> <span class=\"gts_text\" id=\"gts_text_4\">On le lie \u00e9troitement aux singes.<\/span> <span class=\"gts_text\" id=\"gts_text_5\">Le gigantopith\u00e8que m\u00e2le faisait environ 3 m\u00e8tres de haut et pesait autour de 540 kilos.<\/span><\/p>\n<figure id=\"attachment_706\" aria-describedby=\"caption-attachment-706\" style=\"width: 216px\" class=\"wp-caption alignright\"><a href=\"http:\/\/www.big-animals.com\/wp-content\/uploads\/2011\/03\/Gigantopithecus_and_human.png\"><img loading=\"lazy\" decoding=\"async\" class=\"size-medium wp-image-706 \" title=\"Le Gigantopithecus est le plus grand jamais primat\" alt=\"Le Gigantopithecus est le plus grand jamais primat\" src=\"http:\/\/www.big-animals.com\/wp-content\/uploads\/2011\/03\/Gigantopithecus_and_human-216x300.png\" width=\"216\" height=\"300\" \/><\/a><figcaption id=\"caption-attachment-706\" class=\"wp-caption-text\">Le gigantopith\u00e8que est le plus grand primate de tous les temps.<\/figcaption><\/figure>\n<p><span class=\"gts_text\" id=\"gts_text_6\">Certains croient toujours qu&#8217;il survit dans des r\u00e9gions lointaines de l&#8217;Asie.<\/span> <span class=\"gts_text\" id=\"gts_text_7\">Ces personnes l&#8217;appellent le yeti, le Yeren ou le mande-Barung.<\/span> <span class=\"gts_text\" id=\"gts_text_8\">Cependant, la plupart des scientifiques sont absolument s\u00fbrs les gigantopith\u00e8ques se sont \u00e9teints il y a tr\u00e8s longtemps.<\/span> <span class=\"gts_text\" id=\"gts_text_9\">Les seules choses qui ont \u00e9t\u00e9 trouv\u00e9es des gigantopith\u00e8ques sont des dents et des m\u00e2choires fossilis\u00e9s.<\/span> <span class=\"gts_text\" id=\"gts_text_10\">Ses fossiles de dents et d&#8217;os sont souvent broy\u00e9s et utilis\u00e9s sous forme de poudre dans les rem\u00e8des\u00a0chinois traditionnels.<\/span><\/p>\n<p><span class=\"gts_text\" id=\"gts_text_11\">Malheureusement on n&#8217;est pas s\u00fbr de la fa\u00e7on dont le gigantopith\u00e8que se d\u00e9pla\u00e7ait, parce qu&#8217;on n&#8217;a retrouv\u00e9 aucun os de hanche ni de jambe.<\/span> <span class=\"gts_text\" id=\"gts_text_12\">Les scientifiques supposent qu&#8217;il \u00e9tait aussi lourd que deux ou trois gorilles modernes et presque\u00a0cinq fois plus lourd qu&#8217;un orang-outan, le primate vivant auquel il ressemble le plus.<\/span> <span class=\"gts_text\" id=\"gts_text_13\">La femelle adulte gigantopith\u00e8que pesait la moiti\u00e9 d&#8217;un m\u00e2le.<\/span><\/p>\n<p><span class=\"gts_text\" id=\"gts_text_14\">Ils vivaient dans les for\u00eats de bambous.<\/span> <span class=\"gts_text\" id=\"gts_text_15\">Leurs fossiles ont \u00e9t\u00e9 trouv\u00e9s pr\u00e8s de ceux d&#8217;esp\u00e8ces de pandas \u00e9teintes.<\/span> <span class=\"gts_text\" id=\"gts_text_16\">On a donc conclu que ces gigantopith\u00e8ques \u00e9normes mangeaient des plantes.<\/span> <span class=\"gts_text\" id=\"gts_text_17\">Leurs m\u00e2choires \u00e9taient profondes et tr\u00e8s \u00e9paisses.<\/span> <span class=\"gts_text\" id=\"gts_text_18\">Leurs dents et leurs m\u00e2choires convenaient pour broyer et m\u00e2cher des aliments \u00e0 fibres dures comme le bambou.<\/span> <span class=\"gts_text\" id=\"gts_text_19\">Les cavit\u00e9s de leurs dents sont similaires \u00e0 celles que l&#8217;on trouve chez les pandas g\u00e9ants.<\/span> <span class=\"gts_text\" id=\"gts_text_20\">A part le bambou, ils mangeaient probablement aussi des graines et des fruits.<\/span><\/p>\n<p><span class=\"gts_text\" id=\"gts_text_21\">\u00a0<\/span><\/p>\n","protected":false},"excerpt":{"rendered":"<p>Le gigantopith\u00e8que est le plus grand primate de tous les temps. Il vivait sur Terre il y a 300.000 ans. On en a trouv\u00e9 des fossiles en Chine, en Inde et au Vietnam. On le lie \u00e9troitement aux singes. Le gigantopith\u00e8que m\u00e2le faisait environ 3 m\u00e8tres de haut et pesait autour de 540 kilos. Certains &hellip; <a href=\"https:\/\/www.big-animals.com\/fr\/primats\/gigantopithecus\/\" class=\"more-link\">Continue reading <span class=\"screen-reader-text\">Le gigantopith\u00e8que<\/span><\/a><\/p>\n","protected":false},"author":1,"featured_media":0,"parent":44,"menu_order":0,"comment_status":"closed","ping_status":"open","template":"","meta":{"_acf_changed":false,"footnotes":""},"acf":[],"_links":{"self":[{"href":"https:\/\/www.big-animals.com\/fr\/wp-json\/wp\/v2\/pages\/35"}],"collection":[{"href":"https:\/\/www.big-animals.com\/fr\/wp-json\/wp\/v2\/pages"}],"about":[{"href":"https:\/\/www.big-animals.com\/fr\/wp-json\/wp\/v2\/types\/page"}],"author":[{"embeddable":true,"href":"https:\/\/www.big-animals.com\/fr\/wp-json\/wp\/v2\/users\/1"}],"replies":[{"embeddable":true,"href":"https:\/\/www.big-animals.com\/fr\/wp-json\/wp\/v2\/comments?post=35"}],"version-history":[{"count":2,"href":"https:\/\/www.big-animals.com\/fr\/wp-json\/wp\/v2\/pages\/35\/revisions"}],"predecessor-version":[{"id":419,"href":"https:\/\/www.big-animals.com\/fr\/wp-json\/wp\/v2\/pages\/35\/revisions\/419"}],"up":[{"embeddable":true,"href":"https:\/\/www.big-animals.com\/fr\/wp-json\/wp\/v2\/pages\/44"}],"wp:attachment":[{"href":"https:\/\/www.big-animals.com\/fr\/wp-json\/wp\/v2\/media?parent=35"}],"curies":[{"name":"wp","href":"https:\/\/api.w.org\/{rel}","templated":true}]}}