{"id":38,"date":"2011-05-09T09:23:30","date_gmt":"2011-05-09T09:23:30","guid":{"rendered":""},"modified":"2014-01-27T11:48:32","modified_gmt":"2014-01-27T11:48:32","slug":"goliath-grenouille","status":"publish","type":"page","link":"https:\/\/www.big-animals.com\/fr\/amphibie\/grenouille\/goliath-grenouille\/","title":{"rendered":"Grenouille de Goliath"},"content":{"rendered":"<p><span class=\"gts_text\" id=\"gts_text_1\">Les grenouilles de Goliath sont les plus grandes <a title=\"Grenouille\" href=\"http:\/\/www.big-animals.com\/frog\/\">grenouilles au<\/a> monde.<\/span> <span class=\"gts_text\" id=\"gts_text_2\">Elles sont aussi grandes comme chat de maison !<\/span> <span class=\"gts_text\" id=\"gts_text_3\">Les enfants dans quelques pays africains traitent cette grenouille comme un chien ou un chat d&#8217;animal familier.<\/span> <span class=\"gts_text\" id=\"gts_text_4\">Ils peuvent \u00e9lever jusqu&#8217;\u00e0 13 pouces (33 cm).<\/span> <span class=\"gts_text\" id=\"gts_text_5\">Quand leurs jambes sont \u00e9tir\u00e9es, elles sont d&#8217;environ 3 pieds de longues (90 cm) et peuvent peser autant qu&#8217;un b\u00e9b\u00e9 nouveau-n\u00e9.<\/span> <span class=\"gts_text\" id=\"gts_text_6\">Elles sont au sujet de 3kg (6,6 livres).<\/span><\/p>\n<figure id=\"attachment_973\" aria-describedby=\"caption-attachment-973\" style=\"width: 204px\" class=\"wp-caption alignright\"><a href=\"http:\/\/www.big-animals.com\/wp-content\/uploads\/2011\/05\/goliath-frog-and-human.png\"><img loading=\"lazy\" decoding=\"async\" class=\"size-medium wp-image-973\" title=\"Grenouille et humain de Goliath\" alt=\"Grenouille et humain de Goliath\" src=\"http:\/\/www.big-animals.com\/wp-content\/uploads\/2011\/05\/goliath-frog-and-human-204x300.png\" width=\"204\" height=\"300\" \/><\/a><figcaption id=\"caption-attachment-973\" class=\"wp-caption-text\">Goliath Frog and Human<\/figcaption><\/figure>\n<p><span class=\"gts_text\" id=\"gts_text_7\">Malheureusement, la population de ces grenouilles diminue parce qu&#8217;ils sont chass\u00e9s pour la nourriture et \u00eatre vendu sous le nom d&#8217;animaux familiers, et leur habitat est d\u00e9truit.<\/span> <span class=\"gts_text\" id=\"gts_text_8\">Des efforts de conservation ont \u00e9t\u00e9 effectu\u00e9s de prot\u00e9ger les grenouilles en les mettant dans les zoos.<\/span> <span class=\"gts_text\" id=\"gts_text_9\">Mais ils ne multiplient pas ou ne survivent pas bien en captivit\u00e9.<\/span> <span class=\"gts_text\" id=\"gts_text_10\">Le seul vrai espoir pour qu&#8217;ils survivent est de s&#8217;assurer que les humains les prot\u00e8gent dans le sauvage et ne les exploitent pas.<\/span> <span class=\"gts_text\" id=\"gts_text_11\">Puisqu&#8217;ils sont classifi\u00e9s comme mis en danger, le gouvernement guin\u00e9en \u00e9quatorial a d\u00e9clar\u00e9 que pas plus de 300 grenouilles de Goliath peuvent \u00eatre prises hors du pays par an.<\/span><\/p>\n<p><span class=\"gts_text\" id=\"gts_text_12\">Des grenouilles de Goliath peuvent \u00eatre trouv\u00e9es dans les rivi\u00e8res fluides avec les fonds ar\u00e9nac\u00e9s dans les pays d&#8217;Afrique occidentale du Cameroun et de la Guin\u00e9e \u00e9quatoriale.<\/span> <span class=\"gts_text\" id=\"gts_text_13\">Des rivi\u00e8res comme ceci peuvent \u00eatre trouv\u00e9es dans la for\u00eat tropicale dense et sont sont habituellement claires.<\/span> <span class=\"gts_text\" id=\"gts_text_14\">L&#8217;eau a beaucoup d&#8217;oxyg\u00e8ne.<\/span> <span class=\"gts_text\" id=\"gts_text_15\">Le secteur autour de ces rivi\u00e8res sont habituellement tr\u00e8s humide et chaud.<\/span><\/p>\n<p><span class=\"gts_text\" id=\"gts_text_16\">Le dessus de la grenouille est brun verd\u00e2tre et son dessous est jaun\u00e2tre-orange.<\/span> <span class=\"gts_text\" id=\"gts_text_17\">Il a la peau rugueuse.<\/span> <span class=\"gts_text\" id=\"gts_text_18\">En raison de son de grande taille, il doit manger beaucoup.<\/span> <span class=\"gts_text\" id=\"gts_text_19\">C&#8217;est une carnivore, mangeant principalement des insectes, des crabes, des poissons et de plus petites grenouilles.<\/span> <span class=\"gts_text\" id=\"gts_text_20\">D&#8217;autre part, les t\u00eatards mangent seulement des usines.<\/span> <span class=\"gts_text\" id=\"gts_text_21\">Il peut vivre jusqu&#8217;\u00e0 15 ans.<\/span> <span class=\"gts_text\" id=\"gts_text_22\">C&#8217;est un pullover puissant.<\/span> <span class=\"gts_text\" id=\"gts_text_23\">Il peut sauter vers le haut de jusqu&#8217;\u00e0 10 pieds (3 m\u00e8tres) dans un rebond.<\/span> <span class=\"gts_text\" id=\"gts_text_24\">Ainsi, il n&#8217;est pas facile de capturer !<\/span> <span class=\"gts_text\" id=\"gts_text_25\">Il a les orteils enti\u00e8rement palm\u00e9s qui lui font un grand nageur en rivi\u00e8re de pr\u00e9cipitation.<\/span><\/p>\n<p><span class=\"gts_text\" id=\"gts_text_26\">Les grenouilles de Goliath sont muettes.<\/span> <span class=\"gts_text\" id=\"gts_text_27\">Elles ne font aucun bruit mais elles sont de bons auditeurs.<\/span> <span class=\"gts_text\" id=\"gts_text_28\">Les grenouilles de Goliath femelles pondent plusieurs centaines d&#8217;oeufs qui sont attach\u00e9s aux usines s&#8217;\u00e9levant sur le fond des rivi\u00e8res o\u00f9 ils vivent.<\/span> <span class=\"gts_text\" id=\"gts_text_29\">Une fois que les oeufs sont hach\u00e9s, cela prendra environ 85 \u00e0 95 jours pour que les t\u00eatards se d\u00e9veloppent.\u00a0Bien qu&#8217;ils soient \u00e9normes en tant qu&#8217;adulte, leurs oeufs et t\u00eatards sont taille \u00e0 peu pr\u00e8s identique en tant que ceux d&#8217;autres grenouilles.<\/span><\/p>\n<p><span class=\"gts_text\" id=\"gts_text_30\">\u00a0<\/span><\/p>\n","protected":false},"excerpt":{"rendered":"<p>Les grenouilles de Goliath sont les plus grandes grenouilles au monde. Elles sont aussi grandes comme chat de maison ! Les enfants dans quelques pays africains traitent cette grenouille comme un chien ou un chat d&#8217;animal familier. Ils peuvent \u00e9lever jusqu&#8217;\u00e0 13 pouces (33 cm). Quand leurs jambes sont \u00e9tir\u00e9es, elles sont d&#8217;environ 3 pieds &hellip; <a href=\"https:\/\/www.big-animals.com\/fr\/amphibie\/grenouille\/goliath-grenouille\/\" class=\"more-link\">Continue reading <span class=\"screen-reader-text\">Grenouille de Goliath<\/span><\/a><\/p>\n","protected":false},"author":1,"featured_media":0,"parent":65,"menu_order":0,"comment_status":"closed","ping_status":"open","template":"","meta":{"_acf_changed":false,"footnotes":""},"acf":[],"_links":{"self":[{"href":"https:\/\/www.big-animals.com\/fr\/wp-json\/wp\/v2\/pages\/38"}],"collection":[{"href":"https:\/\/www.big-animals.com\/fr\/wp-json\/wp\/v2\/pages"}],"about":[{"href":"https:\/\/www.big-animals.com\/fr\/wp-json\/wp\/v2\/types\/page"}],"author":[{"embeddable":true,"href":"https:\/\/www.big-animals.com\/fr\/wp-json\/wp\/v2\/users\/1"}],"replies":[{"embeddable":true,"href":"https:\/\/www.big-animals.com\/fr\/wp-json\/wp\/v2\/comments?post=38"}],"version-history":[{"count":1,"href":"https:\/\/www.big-animals.com\/fr\/wp-json\/wp\/v2\/pages\/38\/revisions"}],"predecessor-version":[{"id":417,"href":"https:\/\/www.big-animals.com\/fr\/wp-json\/wp\/v2\/pages\/38\/revisions\/417"}],"up":[{"embeddable":true,"href":"https:\/\/www.big-animals.com\/fr\/wp-json\/wp\/v2\/pages\/65"}],"wp:attachment":[{"href":"https:\/\/www.big-animals.com\/fr\/wp-json\/wp\/v2\/media?parent=38"}],"curies":[{"name":"wp","href":"https:\/\/api.w.org\/{rel}","templated":true}]}}