{"id":39,"date":"2011-05-09T09:23:47","date_gmt":"2011-05-09T09:23:47","guid":{"rendered":""},"modified":"2014-01-27T08:47:46","modified_gmt":"2014-01-27T08:47:46","slug":"geant-dor-couronner-vol-renard","status":"publish","type":"page","link":"https:\/\/www.big-animals.com\/fr\/les-plus-grands-mammiferes-du-monde\/battes\/geant-dor-couronner-vol-renard\/","title":{"rendered":"Le renard volant des Philippines"},"content":{"rendered":"<figure id=\"attachment_787\" aria-describedby=\"caption-attachment-787\" style=\"width: 200px\" class=\"wp-caption alignleft\"><a href=\"http:\/\/www.big-animals.com\/wp-content\/uploads\/2011\/03\/Golden_Crowned_Fruit_Bat.jpg\"><img loading=\"lazy\" decoding=\"async\" class=\"size-full wp-image-787\" title=\"Le Fox de vol D'or-Couronn\u00e9 par g\u00e9ant - image par Elpidio Latorilla\" alt=\"Le Fox de vol D'or-Couronn\u00e9 par g\u00e9ant - image par Elpidio Latorilla\" src=\"http:\/\/www.big-animals.com\/wp-content\/uploads\/2011\/03\/Golden_Crowned_Fruit_Bat.jpg\" width=\"200\" height=\"319\" \/><\/a><figcaption id=\"caption-attachment-787\" class=\"wp-caption-text\">Le renard volant des Philippines. Photo\u00a0: Elpidio Latorilla.<\/figcaption><\/figure>\n<p><span class=\"gts_text\" id=\"gts_text_1\">Le renard volant des Philippines est aussi connue sous le nom de roussette des Philippines.<\/span> <span class=\"gts_text\" id=\"gts_text_2\">C&#8217;est une <a title=\"Les chauve-souris\" href=\"http:\/\/www.big-animals.com\/fr\/battes\/\">chauve-souris<\/a> frugivore rare et c&#8217;est la plus grosse chauve-souris au monde.<\/span> <span class=\"gts_text\" id=\"gts_text_3\">Il a une envergure d&#8217;environ 1,5 m\u00e8tres et p\u00e8se jusqu&#8217;\u00e0 1,2 kilos.<\/span> <span class=\"gts_text\" id=\"gts_text_4\">On le voit souvent s&#8217;envelopper dans ses grandes ailes noires comme dans un manteau noir.<\/span> <span class=\"gts_text\" id=\"gts_text_5\">Malheureusement, cette esp\u00e8ce de chauve-souris est en voie d&#8217;extinction \u00e0 cause du braconnage\u00a0et des d\u00e9forestations\u00a0ill\u00e9gales.<\/span><\/p>\n<p><span class=\"gts_text\" id=\"gts_text_6\">Le renard volant des Philippines est end\u00e9mique des for\u00eats tropicales des Philippines.<\/span> Son nom vient du fait que sa t\u00eate ressemble un peu \u00e0 celle d&#8217;un renard. <span class=\"gts_text\" id=\"gts_text_7\">Il porte une sorte de fourrure dor\u00e9e autour de la t\u00eate.<\/span> <span class=\"gts_text\" id=\"gts_text_9\">Il appartient \u00e0 la famille des grandes chauves-souris.<\/span> <span class=\"gts_text\" id=\"gts_text_10\">Il a un corps noir et n&#8217;a pas de queue, comme toutes les chauves-souris frugivores.<\/span> <span class=\"gts_text\" id=\"gts_text_11\">Il est actif la nuit et peut parcourir plus de 40 kilom\u00e8tres en vol pendant une nuit \u00e0 la recherche\u00a0de nourriture.<\/span> <span class=\"gts_text\" id=\"gts_text_12\">Il aime manger des figues, mais s&#8217;il n&#8217;en trouve pas, il mange d&#8217;autres fruits locaux, comme le puhutan, le lamio et le bankal.<\/span><\/p>\n<p><span class=\"gts_text\" id=\"gts_text_13\">Le renard volant des Philippines est \u00e9galement connu pour le fait qu&#8217;il s\u00e8me en cachette\u00a0: les graines contenues dans ses excr\u00e9ments ou son crachat prennent racine et deviennent de nouveaux arbres fruitiers.<\/span><span class=\"gts_text\" id=\"gts_text_14\">\u00a0Ce processus aide \u00e0 pr\u00e9server les for\u00eats tropicales des Philippines.<\/span> <span class=\"gts_text\" id=\"gts_text_15\">Le renard volant des Philippines participe aussi \u00e0 la pollinisation des arbres fruitiers.<\/span> <span class=\"gts_text\" id=\"gts_text_16\">Beaucoup d&#8217;arbres fruitiers d\u00e9pendent de lui pour la propagation de leur pollen et de leurs graines.<\/span> <span class=\"gts_text\" id=\"gts_text_17\">M\u00eame ses excr\u00e9ments sont un bon engrais pour les plantes.<\/span><\/p>\n<figure id=\"attachment_789\" aria-describedby=\"caption-attachment-789\" style=\"width: 176px\" class=\"wp-caption alignright\"><a href=\"http:\/\/www.big-animals.com\/wp-content\/uploads\/2011\/03\/Giant_Golden_Crowned_Flying_Fox_And_Human1.png\"><img loading=\"lazy\" decoding=\"async\" class=\"size-medium wp-image-789\" title=\"Le Fox de vol couronn\u00e9 d'or g\u00e9ant est la plus grande batte du monde\" alt=\"Le Fox de vol couronn\u00e9 d'or g\u00e9ant est la plus grande batte du monde\" src=\"http:\/\/www.big-animals.com\/wp-content\/uploads\/2011\/03\/Giant_Golden_Crowned_Flying_Fox_And_Human1-176x300.png\" width=\"176\" height=\"300\" \/><\/a><figcaption id=\"caption-attachment-789\" class=\"wp-caption-text\">Le renard volant des Philippines est la plus grosse chauve-souris au monde.<\/figcaption><\/figure>\n<p><span class=\"gts_text\" id=\"gts_text_18\">Les renards volants des Philippines\u00a0ont deux port\u00e9es par an, mais chaque <\/span><span class=\"gts_text\" id=\"gts_text_19\">femelle n&#8217;a qu&#8217;une port\u00e9e par an.<\/span> <span class=\"gts_text\" id=\"gts_text_20\">Il n&#8217;y a qu&#8217;un petit par port\u00e9e.<\/span><\/p>\n<p><span class=\"gts_text\" id=\"gts_text_21\">Cette chauve-souris aime se laver souvent.<\/span> <span class=\"gts_text\" id=\"gts_text_22\">Elle utilise ses ailes noires pour \u00e9coper de l&#8217;eau et se doucher.<\/span> <span class=\"gts_text\" id=\"gts_text_23\">Le renard volant des Philippines \u00e0 tendance \u00e0 se reposer au sein de grands groupes pour se tenir chaud et se prot\u00e9ger des pr\u00e9dateurs.<\/span> <span class=\"gts_text\" id=\"gts_text_24\">L&#8217;inconv\u00e9nient des grands groupes est qu&#8217;ils facilitent la\u00a0t\u00e2che des braconniers.<\/span> <span class=\"gts_text\" id=\"gts_text_25\">Les braconniers les chassent en g\u00e9n\u00e9ral le jour, pendant qu&#8217;ils se reposent tous.<\/span><\/p>\n<p><span class=\"gts_text\" id=\"gts_text_26\">Actuellement, cette esp\u00e8ce de chauve-souris est en danger et presque \u00e9teinte.<\/span> <span class=\"gts_text\" id=\"gts_text_27\">\u00a0Elle a disparu de beaucoup de petites \u00eeles et de certaines grandes \u00eeles des Philippines, comme Panay et Cebu.<\/span> <span class=\"gts_text\" id=\"gts_text_28\">Elle est aussi chass\u00e9e pour sa viande \u00e0 certains endroits.<\/span> <span class=\"gts_text\" id=\"gts_text_29\">Quand les hommes cueillent les fruits, ces chauves-souris n&#8217;ont plus rien \u00e0 manger et peuvent mourir de faim.<\/span><\/p>\n<p><span class=\"gts_text\" id=\"gts_text_30\">Certaines personnes travaillent avec acharnement pour sauver l&#8217;esp\u00e8ce des renards volants des Philippines de l&#8217;extinction.<\/span> <span class=\"gts_text\" id=\"gts_text_31\">La r\u00e9gion de Subic Bay aux Philippines est un lieu consacr\u00e9\u00a0aux recherches sur ces chauves-souris et \u00e0 leur sauvegarde.<\/span><\/p>\n<p><span class=\"gts_text\" id=\"gts_text_32\">\u00a0<\/span><\/p>\n","protected":false},"excerpt":{"rendered":"<p>Le renard volant des Philippines est aussi connue sous le nom de roussette des Philippines. C&#8217;est une chauve-souris frugivore rare et c&#8217;est la plus grosse chauve-souris au monde. Il a une envergure d&#8217;environ 1,5 m\u00e8tres et p\u00e8se jusqu&#8217;\u00e0 1,2 kilos. On le voit souvent s&#8217;envelopper dans ses grandes ailes noires comme dans un manteau noir. &hellip; <a href=\"https:\/\/www.big-animals.com\/fr\/les-plus-grands-mammiferes-du-monde\/battes\/geant-dor-couronner-vol-renard\/\" class=\"more-link\">Continue reading <span class=\"screen-reader-text\">Le renard volant des Philippines<\/span><\/a><\/p>\n","protected":false},"author":1,"featured_media":0,"parent":64,"menu_order":0,"comment_status":"closed","ping_status":"open","template":"","meta":{"_acf_changed":false,"footnotes":""},"acf":[],"_links":{"self":[{"href":"https:\/\/www.big-animals.com\/fr\/wp-json\/wp\/v2\/pages\/39"}],"collection":[{"href":"https:\/\/www.big-animals.com\/fr\/wp-json\/wp\/v2\/pages"}],"about":[{"href":"https:\/\/www.big-animals.com\/fr\/wp-json\/wp\/v2\/types\/page"}],"author":[{"embeddable":true,"href":"https:\/\/www.big-animals.com\/fr\/wp-json\/wp\/v2\/users\/1"}],"replies":[{"embeddable":true,"href":"https:\/\/www.big-animals.com\/fr\/wp-json\/wp\/v2\/comments?post=39"}],"version-history":[{"count":2,"href":"https:\/\/www.big-animals.com\/fr\/wp-json\/wp\/v2\/pages\/39\/revisions"}],"predecessor-version":[{"id":410,"href":"https:\/\/www.big-animals.com\/fr\/wp-json\/wp\/v2\/pages\/39\/revisions\/410"}],"up":[{"embeddable":true,"href":"https:\/\/www.big-animals.com\/fr\/wp-json\/wp\/v2\/pages\/64"}],"wp:attachment":[{"href":"https:\/\/www.big-animals.com\/fr\/wp-json\/wp\/v2\/media?parent=39"}],"curies":[{"name":"wp","href":"https:\/\/api.w.org\/{rel}","templated":true}]}}