{"id":40,"date":"2011-05-09T09:23:57","date_gmt":"2011-05-09T09:23:57","guid":{"rendered":""},"modified":"2014-01-16T08:51:35","modified_gmt":"2014-01-16T08:51:35","slug":"vert-anaconda","status":"publish","type":"page","link":"https:\/\/www.big-animals.com\/fr\/vert-anaconda\/","title":{"rendered":"Le grand anaconda"},"content":{"rendered":"<p><span class=\"gts_text\" id=\"gts_text_1\">Les grands anacondas (ou anacondas verts) sont des <a title=\"Les serpents\" href=\"http:\/\/www.big-animals.com\/fr\/serpents\/\">serpents <\/a>non venimeux et ce sont aussi les serpents les plus lourds du monde.<\/span> <span class=\"gts_text\" id=\"gts_text_2\">On en trouve en Am\u00e9rique du Sud.<\/span> <span class=\"gts_text\" id=\"gts_text_3\">Ils figurent \u00e9galement parmi les plus gros serpents du monde.<\/span> <span class=\"gts_text\" id=\"gts_text_4\">Bien que le <a title=\"Le python r\u00e9ticul\u00e9\" href=\"http:\/\/www.big-animals.com\/fr\/le-reticule-python\/\">python r\u00e9ticul\u00e9<\/a> soit le plus long serpent du monde, avec une longueur qui peut d\u00e9passer 8,7 m\u00e8tres, il est loin d&#8217;\u00eatre aussi lourd que le grand anaconda.<\/span> <span class=\"gts_text\" id=\"gts_text_5\">Le grand anaconda peut mesurer plus de 5 m\u00e8tres de long, peser plus de 227 kilos et faire plus de 30 centim\u00e8tres de diam\u00e8tre.<\/span> <span class=\"gts_text\" id=\"gts_text_6\">Le plus long et le plus lourd grand anaconda scientifiquement enregistr\u00e9 \u00e9tait un grand anaconda femelle de 5,21 m\u00e8tres de long qui ne pesait &#8220;que&#8221; 97,5 kilos.<\/span><\/p>\n<p><span class=\"gts_text\" id=\"gts_text_7\">Ils ont la peau vert olive et des taches noires sur tout le corps.<\/span> <span class=\"gts_text\" id=\"gts_text_8\">Ces taches noires les aident \u00e0 se camoufler dans les for\u00eats \u00e9paisses.<\/span> <span class=\"gts_text\" id=\"gts_text_9\">Leur t\u00eate est petite par rapport \u00e0 la taille de leur corps.<\/span> <span class=\"gts_text\" id=\"gts_text_10\">Leurs yeux et leurs narines sont plac\u00e9s sur le haut de la t\u00eate.<\/span> <span class=\"gts_text\" id=\"gts_text_11\">Cela leur\u00a0permet de voir hors de l&#8217;eau tout en restant compl\u00e8tement immerg\u00e9 pour attaquer leurs proies.<\/span><\/p>\n<figure id=\"attachment_480\" aria-describedby=\"caption-attachment-480\" style=\"width: 300px\" class=\"wp-caption alignleft\"><a href=\"http:\/\/www.big-animals.com\/wp-content\/uploads\/2011\/02\/Green_Anaconda.png\"><img loading=\"lazy\" decoding=\"async\" class=\"size-medium wp-image-480 \" title=\"Soldats br\u00e9siliens clouant un anaconda vert\" alt=\"Soldats br\u00e9siliens clouant un anaconda vert\" src=\"http:\/\/www.big-animals.com\/wp-content\/uploads\/2011\/02\/Green_Anaconda-300x225.png\" width=\"300\" height=\"225\" \/><\/a><figcaption id=\"caption-attachment-480\" class=\"wp-caption-text\">Des soldats br\u00e9siliens ma\u00eetrisent un grand anaconda<\/figcaption><\/figure>\n<p><span class=\"gts_text\" id=\"gts_text_12\">Les grands anacondas se trouvent en Am\u00e9rique du Sud dans les pays \u00e0 l&#8217;est des Andes, y compris des endroits comme la Colombie, le V\u00e9n\u00e9zuela, l&#8217;Equateur, le P\u00e9rou, la Bolivie, le Br\u00e9sil, Trinidad et aussi loin que le nord du Paraguay.<\/span> <span class=\"gts_text\" id=\"gts_text_13\">Ils vivent dans les marais, la basse terre qui obtient inond\u00e9e quand il pleut et les courants lents.<\/span> <span class=\"gts_text\" id=\"gts_text_14\">Ils appr\u00e9cient la plupart les for\u00eats tropicales tropicales de l&#8217;Amazone.<\/span> <span class=\"gts_text\" id=\"gts_text_15\">Ils sont tout \u00e0 fait lents et maladroits sur la terre mais quand ils sont dans l&#8217;eau ils sont extr\u00eamement rapides.<\/span> <span class=\"gts_text\" id=\"gts_text_16\">C&#8217;est pourquoi les grands anacondas (qui sont en activit\u00e9 la nuit) pr\u00e9f\u00e8rent vivre dans ou \u00e0 c\u00f4t\u00e9 de l&#8217;eau.<\/span> <span class=\"gts_text\" id=\"gts_text_17\">Il est \u00e9galement pourquoi le grand anaconda s&#8217;appellent parfois <em>Water Boas<\/em>.<\/span> <span class=\"gts_text\" id=\"gts_text_18\">Ils passent plus de leur temps dans l&#8217;eau que n&#8217;importe quel autre boa.<\/span><\/p>\n<p><span class=\"gts_text\" id=\"gts_text_19\">Les grands anacondas tendent \u00e0 flotter sur la surface de l&#8217;eau avec le museau poussant \u00e0 peine.<\/span> <span class=\"gts_text\" id=\"gts_text_20\">Ils ne veulent pas que leur d\u00eener les voie !<\/span> <span class=\"gts_text\" id=\"gts_text_21\">Quand leur repas vient pr\u00e8s pour boire une certaine eau par le courant, le grand anaconda affam\u00e9 saisira l&#8217;animal avec ses m\u00e2choires.<\/span> <span class=\"gts_text\" id=\"gts_text_22\">Alors il lovera autour de leur proie \u00e9troitement avec son corps massif.<\/span> <span class=\"gts_text\" id=\"gts_text_23\">Enfin la cr\u00e9ature cessera de respirer et l&#8217;anaconda vert avalera son d\u00eener en entier.<\/span><\/p>\n<p><span class=\"gts_text\" id=\"gts_text_24\">Leurs m\u00e2choires sont li\u00e9es par les ligaments \u00e9lastiques qui permettent \u00e0 sa bouche d&#8217;\u00eatre ouverte beaucoup plus au loin que la taille de sa t\u00eate.<\/span> <span class=\"gts_text\" id=\"gts_text_25\">Elle a un appareil digestif tr\u00e8s lent.<\/span> <span class=\"gts_text\" id=\"gts_text_26\">Apr\u00e8s l&#8217;ingestion d&#8217;un animal, elle peut prendre plusieurs semaines pour qu&#8217;elle dig\u00e8re compl\u00e8tement son repas.<\/span> <span class=\"gts_text\" id=\"gts_text_27\">Normalement, apr\u00e8s un grand repas.<\/span> <span class=\"gts_text\" id=\"gts_text_28\">il ira plusieurs semaines &#8211; parfois pendant quelques mois &#8211; sans nourriture.<\/span><\/p>\n<p><span class=\"gts_text\" id=\"gts_text_29\">Les grands anacondas mangent toutes sortes d&#8217;animaux tels que des poissons, des rats, des tortues et d&#8217;autres animaux \u00e0 sang froid.<\/span> <span class=\"gts_text\" id=\"gts_text_30\">Un grand anaconda alimentera sur une plus grande proie comme le tapir, les cerfs communs, les capybaras et les caimans.<\/span> <span class=\"gts_text\" id=\"gts_text_31\">Il y a \u00e9galement des cas o\u00f9 de grandes femelles mangent des m\u00e2les plus petits.<\/span> <span class=\"gts_text\" id=\"gts_text_32\">Cependant, on n&#8217;a aucune preuve que des grands anacondas aient jamais attaqu\u00e9 ou mang\u00e9 des \u00eatres humains.<\/span><\/p>\n<figure id=\"attachment_479\" aria-describedby=\"caption-attachment-479\" style=\"width: 300px\" class=\"wp-caption alignright\"><a href=\"http:\/\/www.big-animals.com\/wp-content\/uploads\/2011\/02\/Green_Anaconda_And_Human.png\"><img loading=\"lazy\" decoding=\"async\" class=\"size-medium wp-image-479 \" title=\"Anaconda et humain verts\" alt=\"Anaconda et humain verts\" src=\"http:\/\/www.big-animals.com\/wp-content\/uploads\/2011\/02\/Green_Anaconda_And_Human-300x282.png\" width=\"300\" height=\"282\" \/><\/a><figcaption id=\"caption-attachment-479\" class=\"wp-caption-text\">Un grand ananconda et un homme.<\/figcaption><\/figure>\n<p><span class=\"gts_text\" id=\"gts_text_33\">La m\u00e8re\u00a0grand anaconda conserve ses oeufs \u00e0 l&#8217;int\u00e9rieur de elle jusqu&#8217;\u00e0 ce qu&#8217;ils soient trappe \u00e0 l&#8217;int\u00e9rieur de la m\u00e8re.<\/span> <span class=\"gts_text\" id=\"gts_text_34\">La m\u00e8re donnera alors naissance \u00e0 ses b\u00e9b\u00e9s serpents.<\/span> <span class=\"gts_text\" id=\"gts_text_35\">Elle peut donner naissance \u00e0 entre 20-40 serpents de jeunes en m\u00eame temps.<\/span> <span class=\"gts_text\" id=\"gts_text_36\">Parfois, elle peut m\u00eame en avoir 100 d&#8217;un coup\u00a0!<\/span> <span class=\"gts_text\" id=\"gts_text_37\">Pouvez-vous imaginer 100 b\u00e9b\u00e9s grands anacondas se tortiller autour ! ?<\/span> <span class=\"gts_text\" id=\"gts_text_38\">Ces b\u00e9b\u00e9s seront d&#8217;environ 70-80 centim\u00e8tres de longs (27-30 pouces) quand ils sont n\u00e9s.<\/span> <span class=\"gts_text\" id=\"gts_text_39\">D\u00e8s qu&#8217;ils seront n\u00e9s ils sont pr\u00eats \u00e0 chasser et nager.<\/span> <span class=\"gts_text\" id=\"gts_text_40\">Puisqu&#8217;ils sont ind\u00e9pendant n\u00e9, ils ne re\u00e7oivent aucun soin parental.<\/span> <span class=\"gts_text\" id=\"gts_text_41\">Apr\u00e8s avoir donn\u00e9 naissance, la m\u00e8re peut perdre la moiti\u00e9 de son poids.<\/span><\/p>\n<p><span class=\"gts_text\" id=\"gts_text_42\">Les b\u00e9b\u00e9s grand anaconda sont souvent mang\u00e9s par d&#8217;autres animaux.<\/span> <span class=\"gts_text\" id=\"gts_text_43\">S&#8217;ils survivent, leur dur\u00e9e de vie est environ 10 ans dans la nature.<\/span> <span class=\"gts_text\" id=\"gts_text_44\">Comme ce sont des animaux \u00e0 sang froid, les changements de l&#8217;effet froid de la temp\u00e9rature environnante les grands anacondas nettement.<\/span> <span class=\"gts_text\" id=\"gts_text_45\">Si la temp\u00e9rature des environs monte, les grands anacondas feront tout qu&#8217;elle peut emp\u00eacher leurs corps du sur-chauffage.<\/span> <span class=\"gts_text\" id=\"gts_text_46\">Si la temp\u00e9rature environnante chute, elle voudra le mensonge dans des secteurs passionn\u00e9s aider \u00e0 maintenir leur temp\u00e9rature id\u00e9ale.<\/span><\/p>\n<p><span class=\"gts_text\" id=\"gts_text_47\">Ind\u00e9pendamment de cela, les anacondas verts r\u00e8glent leurs temp\u00e9ratures corporelles en changeant la quantit\u00e9 de leur peau qui est expos\u00e9e au soleil.<\/span> <span class=\"gts_text\" id=\"gts_text_48\">Si le grand anaconda est maintenu dans le r\u00e9servoir qui est uniform\u00e9ment passionn\u00e9 et le serpent trouve sa temp\u00e9rature l&#8217;augmentation, elle pourrait probablement mourir du sur-chauffage.<\/span> <span class=\"gts_text\" id=\"gts_text_49\">M\u00eame si pas, le sur-chauffage change les cycles de rejet des grands anacondas et cause une maladie appel\u00e9e la <em>conservation des chapeaux d&#8217;oeil<\/em>.<\/span> <span class=\"gts_text\" id=\"gts_text_50\">Ceci peut faire aller le grand anaconda des abat-jour.<\/span> <span class=\"gts_text\" id=\"gts_text_51\">Les conditions surchauff\u00e9es rendent aussi les grands anacondas agressifs.<\/span><\/p>\n<p><span class=\"gts_text\" id=\"gts_text_52\">Le gardien d&#8217;un grand anaconda captif devrait employer un appareil de chauffage simple et des ampoules infrarouges pour maintenir une temp\u00e9rature optimale chez un homme fait r\u00e9servoir.<\/span> <span class=\"gts_text\" id=\"gts_text_53\">Le grand anaconda doit \u00e9galement \u00eatre expos\u00e9 au rayonnement ultraviolet parce que ce aide le serpent \u00e0 produire la vitamine D dont il a besoin pour ses os.<\/span><\/p>\n","protected":false},"excerpt":{"rendered":"<p>Les grands anacondas (ou anacondas verts) sont des serpents non venimeux et ce sont aussi les serpents les plus lourds du monde. On en trouve en Am\u00e9rique du Sud. Ils figurent \u00e9galement parmi les plus gros serpents du monde. Bien que le python r\u00e9ticul\u00e9 soit le plus long serpent du monde, avec une longueur qui &hellip; <a href=\"https:\/\/www.big-animals.com\/fr\/vert-anaconda\/\" class=\"more-link\">Continue reading <span class=\"screen-reader-text\">Le grand anaconda<\/span><\/a><\/p>\n","protected":false},"author":1,"featured_media":0,"parent":0,"menu_order":0,"comment_status":"closed","ping_status":"open","template":"","meta":{"_acf_changed":false,"footnotes":""},"acf":[],"_links":{"self":[{"href":"https:\/\/www.big-animals.com\/fr\/wp-json\/wp\/v2\/pages\/40"}],"collection":[{"href":"https:\/\/www.big-animals.com\/fr\/wp-json\/wp\/v2\/pages"}],"about":[{"href":"https:\/\/www.big-animals.com\/fr\/wp-json\/wp\/v2\/types\/page"}],"author":[{"embeddable":true,"href":"https:\/\/www.big-animals.com\/fr\/wp-json\/wp\/v2\/users\/1"}],"replies":[{"embeddable":true,"href":"https:\/\/www.big-animals.com\/fr\/wp-json\/wp\/v2\/comments?post=40"}],"version-history":[{"count":4,"href":"https:\/\/www.big-animals.com\/fr\/wp-json\/wp\/v2\/pages\/40\/revisions"}],"predecessor-version":[{"id":347,"href":"https:\/\/www.big-animals.com\/fr\/wp-json\/wp\/v2\/pages\/40\/revisions\/347"}],"wp:attachment":[{"href":"https:\/\/www.big-animals.com\/fr\/wp-json\/wp\/v2\/media?parent=40"}],"curies":[{"name":"wp","href":"https:\/\/api.w.org\/{rel}","templated":true}]}}