{"id":41,"date":"2011-05-09T09:24:08","date_gmt":"2011-05-09T09:24:08","guid":{"rendered":""},"modified":"2014-04-07T09:46:43","modified_gmt":"2014-04-07T09:46:43","slug":"josephoartigasia-monesi","status":"publish","type":"page","link":"https:\/\/www.big-animals.com\/fr\/josephoartigasia-monesi\/","title":{"rendered":"Josephoartigasia Monesi"},"content":{"rendered":"<p>&nbsp;<\/p>\n<figure id=\"attachment_735\" aria-describedby=\"caption-attachment-735\" style=\"width: 300px\" class=\"wp-caption alignright\"><a href=\"http:\/\/www.big-animals.com\/wp-content\/uploads\/2011\/03\/Josephoartigasia_amd_Human1.png\"><img loading=\"lazy\" decoding=\"async\" class=\"size-medium wp-image-735\" title=\"Josephoartigasia et humain - adapt\u00e9s d'un croquis par Nobu Tamura\" alt=\"Josephoartigasia et humain - adapt\u00e9s d'un croquis par Nobu Tamura\" src=\"http:\/\/www.big-animals.com\/wp-content\/uploads\/2011\/03\/Josephoartigasia_amd_Human1-300x136.png\" width=\"300\" height=\"136\" \/><\/a><figcaption id=\"caption-attachment-735\" class=\"wp-caption-text\">Le josephoartigasia \u00e0 c\u00f4t\u00e9 d&#8217;un humain &#8211; adaptation d&#8217;un croquis de Nobu Tamura<\/figcaption><\/figure>\n<p><span class=\"gts_text\" id=\"gts_text_2\">Le<\/span><em><span class=\"gts_text\" id=\"gts_text_2\"> Josephoartigasia Monesi<\/span><\/em> est le plus grand <a title=\"Rongeurs\" href=\"http:\/\/www.big-animals.com\/fr\/rongeurs\/\">rongeur<\/a> \u00e0 avoir jamais v\u00e9cu. <span class=\"gts_text\" id=\"gts_text_3\">On l&#8217;a d\u00e9couvert en Uruguay, en Am\u00e9rique du Sud.<\/span> <span class=\"gts_text\" id=\"gts_text_4\">Il pesait vraisemblablement une tonne !<\/span> <span class=\"gts_text\" id=\"gts_text_5\">Il \u00e9tait beaucoup plus grand que son plus proche rongeur actuel, le Pacarana, qui lui ne p\u00e8se que 15 kilogrammes (33 livres) environ.<\/span><\/p>\n<p><span class=\"gts_text\" id=\"gts_text_6\">Il vivait dans des for\u00eats tropicales de plaine et se nourrissait certainement de plantes molles puisque ses petites molaires ne lui permettaient pas de m\u00e2cher la nourriture plus substantielle.<\/span> <span class=\"gts_text\" id=\"gts_text_7\">Cependant, ses \u00e9normes incisives mesuraient plus de 30 centim\u00e8tres de long et<\/span><span class=\"gts_text\" id=\"gts_text_8\">\u00a0lui permettaient de se prot\u00e9ger des tigres \u00e0 dents de sabre.<\/span> <span class=\"gts_text\" id=\"gts_text_9\">Il se d\u00e9fendait contre ses pr\u00e9dateurs en leur montrant ses \u00e9normes incisives.<\/span>\u00a0Au total, il mesurait environ 3 m\u00e8tres de longueur et 1,5 m\u00e8tres de hauteur.<span class=\"gts_text\" id=\"gts_text_10\"><br \/>\n<\/span><\/p>\n<p><span class=\"gts_text\" id=\"gts_text_11\">\u00a0<\/span><\/p>\n","protected":false},"excerpt":{"rendered":"<p>&nbsp; Le Josephoartigasia Monesi est le plus grand rongeur \u00e0 avoir jamais v\u00e9cu. On l&#8217;a d\u00e9couvert en Uruguay, en Am\u00e9rique du Sud. Il pesait vraisemblablement une tonne ! Il \u00e9tait beaucoup plus grand que son plus proche rongeur actuel, le Pacarana, qui lui ne p\u00e8se que 15 kilogrammes (33 livres) environ. Il vivait dans des &hellip; <a href=\"https:\/\/www.big-animals.com\/fr\/josephoartigasia-monesi\/\" class=\"more-link\">Continue reading <span class=\"screen-reader-text\">Josephoartigasia Monesi<\/span><\/a><\/p>\n","protected":false},"author":1,"featured_media":0,"parent":0,"menu_order":0,"comment_status":"closed","ping_status":"open","template":"","meta":{"_acf_changed":false,"footnotes":""},"acf":[],"_links":{"self":[{"href":"https:\/\/www.big-animals.com\/fr\/wp-json\/wp\/v2\/pages\/41"}],"collection":[{"href":"https:\/\/www.big-animals.com\/fr\/wp-json\/wp\/v2\/pages"}],"about":[{"href":"https:\/\/www.big-animals.com\/fr\/wp-json\/wp\/v2\/types\/page"}],"author":[{"embeddable":true,"href":"https:\/\/www.big-animals.com\/fr\/wp-json\/wp\/v2\/users\/1"}],"replies":[{"embeddable":true,"href":"https:\/\/www.big-animals.com\/fr\/wp-json\/wp\/v2\/comments?post=41"}],"version-history":[{"count":6,"href":"https:\/\/www.big-animals.com\/fr\/wp-json\/wp\/v2\/pages\/41\/revisions"}],"predecessor-version":[{"id":451,"href":"https:\/\/www.big-animals.com\/fr\/wp-json\/wp\/v2\/pages\/41\/revisions\/451"}],"wp:attachment":[{"href":"https:\/\/www.big-animals.com\/fr\/wp-json\/wp\/v2\/media?parent=41"}],"curies":[{"name":"wp","href":"https:\/\/api.w.org\/{rel}","templated":true}]}}