{"id":43,"date":"2011-05-09T09:25:28","date_gmt":"2011-05-09T09:25:28","guid":{"rendered":""},"modified":"2014-01-27T12:19:21","modified_gmt":"2014-01-27T12:19:21","slug":"montagne-gorille","status":"publish","type":"page","link":"https:\/\/www.big-animals.com\/fr\/primats\/montagne-gorille\/","title":{"rendered":"Gorille de montagne"},"content":{"rendered":"<p><span class=\"gts_text\" id=\"gts_text_1\">Le gorille de montagne est le plus grand <a title=\"Les primates\" href=\"http:\/\/www.big-animals.com\/fr\/primats\/\">primate<\/a> du monde.<\/span> <span class=\"gts_text\" id=\"gts_text_2\">Un gorille de montagne m\u00e2le peut mesurer jusqu&#8217;\u00e0 1,9 m\u00e8tres de haut.<\/span> <span class=\"gts_text\" id=\"gts_text_3\">Son envergure de bras est environ 2,3 m\u00e8tres et il p\u00e8se environ 220 kilos.<\/span> <span class=\"gts_text\" id=\"gts_text_4\">Un gorille de montagne de m\u00e2le adulte est deux fois plus grand que le gorille de montagne femelle.<\/span> <span class=\"gts_text\" id=\"gts_text_5\">Un gorille de montagne femelle p\u00e8se environ 98 kilos et mesure 1,5 m\u00e8tres.<\/span> <span class=\"gts_text\" id=\"gts_text_6\">Leurs bras sont plus longs que leurs jambes.<\/span><\/p>\n<figure id=\"attachment_677\" aria-describedby=\"caption-attachment-677\" style=\"width: 300px\" class=\"wp-caption alignright\"><a href=\"http:\/\/www.big-animals.com\/wp-content\/uploads\/2011\/03\/Mountain_Gorilla.jpg\"><img loading=\"lazy\" decoding=\"async\" class=\"size-medium wp-image-677 \" title=\"Un gorille de montagne femelle\" alt=\"Un gorille de montagne femelle\" src=\"http:\/\/www.big-animals.com\/wp-content\/uploads\/2011\/03\/Mountain_Gorilla-300x297.jpg\" width=\"300\" height=\"297\" \/><\/a><figcaption id=\"caption-attachment-677\" class=\"wp-caption-text\">Photo d&#8217;un gorille de montagne femelle.<\/figcaption><\/figure>\n<h3><span class=\"gts_text\" id=\"gts_text_7\">La population des gorilles de montagne<\/span><\/h3>\n<p><span class=\"gts_text\" id=\"gts_text_8\">Le gorille de montagne est l&#8217;une des\u00a0deux sous-esp\u00e8ces du gorille oriental.<\/span> <span class=\"gts_text\" id=\"gts_text_9\">Il y a\u00a0deux populations.<\/span> <span class=\"gts_text\" id=\"gts_text_10\">L&#8217;une vit dans les montagnes volcaniques de Virunga en Afrique centrale.<\/span> <span class=\"gts_text\" id=\"gts_text_11\">L&#8217;autre vit dans le parc national imp\u00e9n\u00e9trable de Bwindi de l&#8217;Ouganda.<\/span> <span class=\"gts_text\" id=\"gts_text_12\">En 2010, il y avait environ 790 gorilles de montagne dans le monde.<\/span> <span class=\"gts_text\" id=\"gts_text_13\">Ils sont en critique mis en danger.<\/span><\/p>\n<h3><span class=\"gts_text\" id=\"gts_text_14\">L&#8217;habitat des gorilles de montagne<\/span><\/h3>\n<p><span class=\"gts_text\" id=\"gts_text_15\">Les gorilles de montagne ont une fourrure plus longue et plus \u00e9paisse que les autres gorilles parce qu&#8217;ils vivent \u00e0 haute altitude (2.500 \u00e0 4.000 m\u00e8tres) dans des for\u00eats de nuages et de bambou o\u00f9 la temp\u00e9rature moyenne est entre 8\u00b0C \u00e0 20\u00b0C.<\/span><\/p>\n<h3><span class=\"gts_text\" id=\"gts_text_16\">Quelques faits int\u00e9ressants sur les gorilles de montagne<\/span><\/h3>\n<p><span class=\"gts_text\" id=\"gts_text_17\">Chaque gorille de montagne \u00e0 une emprunte du nez unique.<\/span> <span class=\"gts_text\" id=\"gts_text_18\">Les m\u00e2les adultes ont une cr\u00eate osseuse plus prononc\u00e9e sur le dessus et l&#8217;arri\u00e8re du cr\u00e2ne.<\/span> <span class=\"gts_text\" id=\"gts_text_19\">Cela donne \u00e0 leur t\u00eate une forme conique.<\/span> <span class=\"gts_text\" id=\"gts_text_20\">Les femelles adultes ont aussi ces cr\u00eates, mais elles ne sont pas aussi \u00e9videntes.<\/span> <span class=\"gts_text\" id=\"gts_text_21\">Elles ont de plus longues m\u00e2choires et dents aussi.<\/span> <span class=\"gts_text\" id=\"gts_text_22\">Les m\u00e2les adultes ont des m\u00e8ches de poils argent\u00e9s sur le dos et les hanches.<\/span> <span class=\"gts_text\" id=\"gts_text_23\">C&#8217;est pourquoi les m\u00e2les adultes s&#8217;appellent \u00e9galement <em>Silverbacks<\/em>.<\/span> <span class=\"gts_text\" id=\"gts_text_24\">Leurs yeux et leurs oreilles semblent petits par rapport \u00e0 leur grande t\u00eate et leur nez noir glabre et brillant.<\/span><\/p>\n<p><span class=\"gts_text\" id=\"gts_text_25\">Le gorille de montagne vit principalement \u00e0 m\u00eame le sol.<\/span> <span class=\"gts_text\" id=\"gts_text_26\">Il a tendance \u00e0 marcher sur ses quatre pattes.<\/span> <span class=\"gts_text\" id=\"gts_text_27\">Ils ne grimpent que sur les arbres fruitiers qui peuvent supporter leur poids massif.<\/span> <span class=\"gts_text\" id=\"gts_text_28\">Ils peuvent courir sur leurs deux pattes arri\u00e8res sur de courtes distances.<\/span><\/p>\n<p><span class=\"gts_text\" id=\"gts_text_29\">Ils sont actifs le jour.<\/span> <span class=\"gts_text\" id=\"gts_text_30\">Ils passent la majeure partie de leur temps en train de se nourrir.<\/span> <span class=\"gts_text\" id=\"gts_text_31\">Ils ont besoin de beaucoup de nourriture pour subvenir aux besoins de leur corps \u00e9norme.<\/span> <span class=\"gts_text\" id=\"gts_text_32\">Ils partent \u00e0 la recherche de nourriture t\u00f4t le matin et se reposent ensuite en fin de la matin\u00e9e et autour du midi.<\/span> <span class=\"gts_text\" id=\"gts_text_33\">L&#8217;apr\u00e8s-midi, ils retournent chercher de\u00a0la nourriture avant de se reposer pour\u00a0la nuit.<\/span><\/p>\n<p><span class=\"gts_text\" id=\"gts_text_34\">Les gorilles de montagne construisent des nids des feuilles et de plantes autour d&#8217;eux.<\/span> <span class=\"gts_text\" id=\"gts_text_35\">Ils dorment dans ce nid.<\/span> <span class=\"gts_text\" id=\"gts_text_36\">Les m\u00e8res partagent habituellement leur nid avec les petits qu&#8217;elles allaitent.<\/span> <span class=\"gts_text\" id=\"gts_text_37\">Ils quittent leur nid quand le soleil se l\u00e8ve vers 6h du matin \u00e0 moins que le temps\u00a0soit mauvais et froid.<\/span><\/p>\n<h3><span class=\"gts_text\" id=\"gts_text_38\">La nourriture et l&#8217;alimentation des gorilles de montagne<\/span><\/h3>\n<p><span class=\"gts_text\" id=\"gts_text_39\">Le gorille de montagne mange surtout des plantes.<\/span> <span class=\"gts_text\" id=\"gts_text_40\">Leur r\u00e9gime principal est des feuilles, des pousses et des tiges.<\/span> <span class=\"gts_text\" id=\"gts_text_41\">Ind\u00e9pendamment de cela, il mange \u00e9galement l&#8217;\u00e9corce, les racines, les fleurs, les fruits et les petits invert\u00e9br\u00e9s.<\/span> <span class=\"gts_text\" id=\"gts_text_42\">Les m\u00e2les adultes peuvent manger jusqu&#8217;\u00e0 35 kilos de plantes par jour.<\/span> <span class=\"gts_text\" id=\"gts_text_43\">Cependant, une femelle n&#8217;en mange qu&#8217;environ 18 kilos par jour.<\/span><\/p>\n<h3><span class=\"gts_text\" id=\"gts_text_44\">Les b\u00e9b\u00e9s des gorilles de montagne<\/span><\/h3>\n<p><span class=\"gts_text\" id=\"gts_text_45\">Un gorille de montagne nouveau-n\u00e9 p\u00e8se environ 1,8 kilos et passe ses premiers mois de sa vie sous le soin de sa m\u00e8re.<\/span> <span class=\"gts_text\" id=\"gts_text_46\">La m\u00e8re le rapportera sur elle.<\/span> <span class=\"gts_text\" id=\"gts_text_47\">Au d\u00e9but, la m\u00e8re tiendra constamment le nourrisson.<\/span> <span class=\"gts_text\" id=\"gts_text_48\">Il commence \u00e0 marcher \u00e0 environ quatre ou cinq mois.<\/span> <span class=\"gts_text\" id=\"gts_text_49\">Il commencera \u00e0 manger des pi\u00e8ces d&#8217;usine entre 4 \u00e0 6 mois.<\/span> <span class=\"gts_text\" id=\"gts_text_50\">\u00c0 8 mois il mange r\u00e9guli\u00e8rement de la nourriture solide.<\/span> <span class=\"gts_text\" id=\"gts_text_51\">La m\u00e8re cessera de l&#8217;allaiter quand il a environ 3 ans, mais le jeune gorille de montagne restent toujours pr\u00e8s de elle ou de sa m\u00e8re.<\/span> <span class=\"gts_text\" id=\"gts_text_52\">Les gorilles de montagne de m\u00e8re donnent seulement \u00e0 naissance \u00e0 un b\u00e9b\u00e9 tous les 6 \u00e0 8 ans.<\/span><\/p>\n<p><span class=\"gts_text\" id=\"gts_text_53\">La plupart des gorilles de montagne masculins et environ 3 dans chaque 5 femelles partent de leur groupe de parents.<\/span> <span class=\"gts_text\" id=\"gts_text_54\">Les m\u00e2les partent quand ils sont environ 11 ann\u00e9es.<\/span> <span class=\"gts_text\" id=\"gts_text_55\">Le processus de la s\u00e9paration est lent.<\/span> <span class=\"gts_text\" id=\"gts_text_56\">Ils passeront de plus en plus le temps au bord du groupe et finalement ils laisseront le groupe pour de bon.<\/span><\/p>\n<figure id=\"attachment_678\" aria-describedby=\"caption-attachment-678\" style=\"width: 300px\" class=\"wp-caption alignleft\"><a href=\"http:\/\/www.big-animals.com\/wp-content\/uploads\/2011\/03\/Gorilla_and_human.png\"><img loading=\"lazy\" decoding=\"async\" class=\"size-medium wp-image-678 \" title=\"Les humains pourraient \u00eatre grands, mais le gorille de montagne est le plus grand primat du monde\" alt=\"Les humains pourraient \u00eatre grands, mais le gorille de montagne est le plus grand primat du monde\" src=\"http:\/\/www.big-animals.com\/wp-content\/uploads\/2011\/03\/Gorilla_and_human-300x243.png\" width=\"300\" height=\"243\" \/><\/a><figcaption id=\"caption-attachment-678\" class=\"wp-caption-text\">Les \u00eatres humains sont grands, mais le gorille de montagne est le plus grand primate du monde.<\/figcaption><\/figure>\n<p><span class=\"gts_text\" id=\"gts_text_57\">Le gorille de montagne vit dans les groupes environ de 6 \u00e0 12.<\/span> <span class=\"gts_text\" id=\"gts_text_58\">Ils auront normalement le silverback masculin le plus ancien et plus grand menant une famille de 3 femelles et prog\u00e9nitures 4 ou 5.<\/span> <span class=\"gts_text\" id=\"gts_text_59\">Le silverback m\u00e8ne le groupe \u00e0 bon alimentant des sites tout au long de l&#8217;ann\u00e9e.<\/span> <span class=\"gts_text\" id=\"gts_text_60\">Il \u00e9galement essayera de r\u00e9soudre des conflits dans le groupe et les prot\u00e8ge contre des pr\u00e9dateurs.<\/span> <span class=\"gts_text\" id=\"gts_text_61\">Le chef est le centre de l&#8217;attention pendant leur p\u00e9riode de relaxation et les jeunes gorilles de montagne souvent resteront pr\u00e8s de lui et l&#8217;inviteront \u00e0 jouer le long de eux.<\/span> <span class=\"gts_text\" id=\"gts_text_62\">Si un gorille de montagne de m\u00e8re meurt ou abandonne le groupe, le silverback prendra habituellement soin de la prog\u00e9niture abandonn\u00e9e, il les placera m\u00eame dans son nid.<\/span> <span class=\"gts_text\" id=\"gts_text_63\">Un silverback exp\u00e9riment\u00e9 est capable d&#8217;enlever le fil ou la corde des braconniers des mains ou des pieds de ses membres de groupe.<\/span> <span class=\"gts_text\" id=\"gts_text_64\">Quand le silverback meurt ou est tu\u00e9 par la maladie, accident ou braconniers, le groupe de famille peut \u00eatre s\u00e9rieusement d\u00e9doubl\u00e9 s&#8217;il ne laissait pas un descendant masculin qui peut assurer son r\u00f4le.<\/span><\/p>\n<p><span class=\"gts_text\" id=\"gts_text_65\">Le gorille de montagne \u00e9tablit et renforce leurs relations dans le groupe pendant leur p\u00e9riode du repos pendant le midi.<\/span> <span class=\"gts_text\" id=\"gts_text_66\">Les femelles toiletteront leur prog\u00e9niture r\u00e9guli\u00e8rement, la v\u00e9rification de leurs cheveux n&#8217;a aucune salet\u00e9 ou puce.<\/span> <span class=\"gts_text\" id=\"gts_text_67\">Ils apprennent comment communiquer et se comporter dans le groupe par le jeu.<\/span> <span class=\"gts_text\" id=\"gts_text_68\">Le silverback et les femelles adultes peuvent m\u00eame participer.<\/span><\/p>\n<h3><span class=\"gts_text\" id=\"gts_text_69\">D&#8217;autres informations sur les gorilles de montagne<\/span><\/h3>\n<p><span class=\"gts_text\" id=\"gts_text_70\">Il y a au moins 25 genres distincts de bruits que les gorilles de montagne font.<\/span> <span class=\"gts_text\" id=\"gts_text_71\">Ils sont employ\u00e9s tout en communiquant dans la for\u00eat \u00e9paisse.<\/span> <span class=\"gts_text\" id=\"gts_text_72\">Retentit classifi\u00e9 comme grognements et des \u00e9corces sont entendues le plus souvent tout en voyageant.<\/span> <span class=\"gts_text\" id=\"gts_text_73\">Les bruits de Thes indiquent le lieu de diff\u00e9rents membres de groupe.<\/span> <span class=\"gts_text\" id=\"gts_text_74\">Les cris per\u00e7ants et le signal d&#8217;hurlements alarment ou avertissant sont normalement produits par les silverbacks.<\/span> <span class=\"gts_text\" id=\"gts_text_75\">Profond\u00e9ment, le grondement rotant des bruits indiquent que les gorilles de montagne sont content\u00e9s et on l&#8217;entend fr\u00e9quemment pendant le temps d&#8217;alimentation et de repos.<\/span><\/p>\n<p><span class=\"gts_text\" id=\"gts_text_76\">Pour une certaine raison inconnue les gorilles de montagne ont peur des animaux blooded certain par froid.<\/span> <span class=\"gts_text\" id=\"gts_text_77\">Par exemple, les gorilles de montagne de b\u00e9b\u00e9 ont peur des cam\u00e9l\u00e9ons et des chenilles.<\/span> <span class=\"gts_text\" id=\"gts_text_78\">Ils ont \u00e9galement peur de l&#8217;eau.<\/span> <span class=\"gts_text\" id=\"gts_text_79\">Ils croiseront un courant seulement s&#8217;ils ont un rondin \u00e0 faire un pas dessus ainsi ils ne deviennent pas humides.<\/span><\/p>\n<h3><span class=\"gts_text\" id=\"gts_text_80\">Le gorille de montagne en voie de disparition<\/span><\/h3>\n<p><span class=\"gts_text\" id=\"gts_text_81\">Des gorilles de montagne sont menac\u00e9s par le braconnage, la guerre, la maladie, la d\u00e9forestation et le commerce ill\u00e9gal d&#8217;animaux domestiques.<\/span> <span class=\"gts_text\" id=\"gts_text_82\">Ils sont fr\u00e9quemment tu\u00e9s par des pi\u00e8ges destin\u00e9s \u00e0 d&#8217;autres animaux, ils sont chass\u00e9s leurs t\u00eates, mains et pieds.<\/span> <span class=\"gts_text\" id=\"gts_text_83\">Les parties du corps sont vendues aux collecteurs.<\/span> <span class=\"gts_text\" id=\"gts_text_84\">Des gorilles de montagne de b\u00e9b\u00e9 sont vendus aux zoos, aux chercheurs et aux magasins d&#8217;animal familier.<\/span> <span class=\"gts_text\" id=\"gts_text_85\">Quand un gorille de montagne de b\u00e9b\u00e9 est emport\u00e9, g\u00e9n\u00e9ralement au moins un adulte dans le groupe finira la mort parce qu&#8217;elle combattra \u00e0 la mort essayant d&#8217;arr\u00eater le b\u00e9b\u00e9 d&#8217;\u00eatre emport\u00e9.<\/span> <span class=\"gts_text\" id=\"gts_text_86\">Toutes ces activit\u00e9s ont caus\u00e9 une baisse dans la population des gorilles de montagne.<\/span> <span class=\"gts_text\" id=\"gts_text_87\">Les efforts de conservation ont commenc\u00e9 \u00e0 sauver ces cr\u00e9atures s\u00e9rieusement mises en danger.<\/span><\/p>\n<p><span class=\"gts_text\" id=\"gts_text_88\">\u00a0<\/span><\/p>\n","protected":false},"excerpt":{"rendered":"<p>Le gorille de montagne est le plus grand primate du monde. Un gorille de montagne m\u00e2le peut mesurer jusqu&#8217;\u00e0 1,9 m\u00e8tres de haut. Son envergure de bras est environ 2,3 m\u00e8tres et il p\u00e8se environ 220 kilos. Un gorille de montagne de m\u00e2le adulte est deux fois plus grand que le gorille de montagne femelle. &hellip; <a href=\"https:\/\/www.big-animals.com\/fr\/primats\/montagne-gorille\/\" class=\"more-link\">Continue reading <span class=\"screen-reader-text\">Gorille de montagne<\/span><\/a><\/p>\n","protected":false},"author":1,"featured_media":0,"parent":44,"menu_order":0,"comment_status":"closed","ping_status":"open","template":"","meta":{"_acf_changed":false,"footnotes":""},"acf":[],"_links":{"self":[{"href":"https:\/\/www.big-animals.com\/fr\/wp-json\/wp\/v2\/pages\/43"}],"collection":[{"href":"https:\/\/www.big-animals.com\/fr\/wp-json\/wp\/v2\/pages"}],"about":[{"href":"https:\/\/www.big-animals.com\/fr\/wp-json\/wp\/v2\/types\/page"}],"author":[{"embeddable":true,"href":"https:\/\/www.big-animals.com\/fr\/wp-json\/wp\/v2\/users\/1"}],"replies":[{"embeddable":true,"href":"https:\/\/www.big-animals.com\/fr\/wp-json\/wp\/v2\/comments?post=43"}],"version-history":[{"count":3,"href":"https:\/\/www.big-animals.com\/fr\/wp-json\/wp\/v2\/pages\/43\/revisions"}],"predecessor-version":[{"id":421,"href":"https:\/\/www.big-animals.com\/fr\/wp-json\/wp\/v2\/pages\/43\/revisions\/421"}],"up":[{"embeddable":true,"href":"https:\/\/www.big-animals.com\/fr\/wp-json\/wp\/v2\/pages\/44"}],"wp:attachment":[{"href":"https:\/\/www.big-animals.com\/fr\/wp-json\/wp\/v2\/media?parent=43"}],"curies":[{"name":"wp","href":"https:\/\/api.w.org\/{rel}","templated":true}]}}