{"id":44,"date":"2011-05-09T09:25:52","date_gmt":"2011-05-09T09:25:52","guid":{"rendered":""},"modified":"2014-01-12T15:43:50","modified_gmt":"2014-01-12T15:43:50","slug":"primats","status":"publish","type":"page","link":"https:\/\/www.big-animals.com\/fr\/primats\/","title":{"rendered":"Les primates"},"content":{"rendered":"<p><span class=\"gts_text\" id=\"gts_text_1\">Les primates sont un groupe de <a title=\"Les mammif\u00e8res\" href=\"http:\/\/www.big-animals.com\/fr\/2014\/01\/07\/mammals-french\/\">mammif\u00e8res<\/a> qui inclue les l\u00e9muriens, les loris, les galagos, les tarsiens, les singes et les homino\u00efd\u00e9s.<\/span> <span class=\"gts_text\" id=\"gts_text_2\">Les \u00eatres humains appartiennent aussi \u00e0 ce groupe.<\/span> <span class=\"gts_text\" id=\"gts_text_3\">La plupart des primates se trouvent dans les for\u00eats tropicales ou subtropicales d&#8217;Am\u00e9rique, d&#8217;Afrique et d&#8217;Asie.<\/span> A part les \u00eatres humains, certains <span class=\"gts_text\" id=\"gts_text_4\">primates vivent aussi en dehors des for\u00eats tropicales.<\/span> <span class=\"gts_text\" id=\"gts_text_5\">Par exemple, le Macaque japonais vit dans les montagnes du nord de Honshu qui sont couvertes de neige huit mois\u00a0par an\u00a0!<\/span> <span class=\"gts_text\" id=\"gts_text_6\">Le Macaque berb\u00e8re vit dans les montagnes de l&#8217;Atlas en Alg\u00e9rie et au Maroc.<\/span> <span class=\"gts_text\" id=\"gts_text_7\">Quelques primates vivent dans les hautes montagnes.<\/span> <span class=\"gts_text\" id=\"gts_text_8\">Par exemple, le singe au nez retrouss\u00e9 noir vit dans les montagnes de Hengduan \u00e0 4.700 m\u00e8tres d&#8217;altitude.<\/span> <span class=\"gts_text\" id=\"gts_text_9\">Le plus grand primate du monde, le <a title=\"Gorille de montagne\" href=\"http:\/\/www.big-animals.com\/fr\/montagne-gorille\/\">gorille de montagne<\/a>, habite \u00e0 4.200 m\u00e8tres d&#8217;altitude dans les montagnes de Virunga.<\/span> <span class=\"gts_text\" id=\"gts_text_10\">La plupart des primates n&#8217;aiment pas nager mais quelques uns de eux sont de bons nageurs et sont \u00e0 l&#8217;aise dans les marais et les zones humides.<\/span> <span class=\"gts_text\" id=\"gts_text_11\">Par exemple, le singe du marais de l&#8217;Allen a les doigts l\u00e9g\u00e8rement palm\u00e9s pour l&#8217;aider pour nager.<\/span> <span class=\"gts_text\" id=\"gts_text_12\">Enfin il y a \u00e9galement quelques singes qui vivent pr\u00e8s de nous.<\/span> <span class=\"gts_text\" id=\"gts_text_13\">Par exemple le rh\u00e9sus Mascaque qui vivent pr\u00e8s du r\u00e8glement humain.<\/span><\/p>\n<p><span class=\"gts_text\" id=\"gts_text_14\">Le plus petit primate vivant est Mouse Lemur de Madame Berthe&#8217;s qui p\u00e8se seulement 30 grammes et le plus grand primate vivant est le <a title=\"Gorille de montagne\" href=\"http:\/\/www.big-animals.com\/mountain-gorilla\/\">gorille de montagne<\/a> \u00e9norme qui p\u00e8se environ 200 kilos.<\/span> Le <a title=\"Gigantopithecus\" href=\"http:\/\/www.big-animals.com\/fr\/gigantopithecus\/\"><em>Gigantopith\u00e8que<\/em><\/a>, l<span class=\"gts_text\" id=\"gts_text_15\">e plus grand primate de tous les temps, mesurait 3 m\u00e8tres de haut.<\/span><\/p>\n<figure id=\"attachment_666\" aria-describedby=\"caption-attachment-666\" style=\"width: 204px\" class=\"wp-caption alignright\"><a href=\"http:\/\/www.big-animals.com\/wp-content\/uploads\/2011\/03\/Lemur_Catta.jpeg\"><img loading=\"lazy\" decoding=\"async\" class=\"size-full wp-image-666\" title=\"Le l\u00e9mur Anneau-Coup\u00e9 la queue est l'un des primats les plus bruyants\" alt=\"Le l\u00e9mur Anneau-Coup\u00e9 la queue est l'un des primats les plus bruyants\" src=\"http:\/\/www.big-animals.com\/wp-content\/uploads\/2011\/03\/Lemur_Catta.jpeg\" width=\"204\" height=\"363\" \/><\/a><figcaption id=\"caption-attachment-666\" class=\"wp-caption-text\">Le maki catta est l&#8217;un des primates les plus bruyants<\/figcaption><\/figure>\n<p><span class=\"gts_text\" id=\"gts_text_16\">Certains primates ne vivent pas seulement dans les arbres mais aussi sur la terre ferme.<\/span> C&#8217;est le cas des <span class=\"gts_text\" id=\"gts_text_17\">grandes singes et des babouins.<\/span> <span class=\"gts_text\" id=\"gts_text_18\">La plupart des primates peuvent grimper aux arbres.<\/span> <span class=\"gts_text\" id=\"gts_text_19\">Ils peuvent sauter d&#8217;arbre en arbre, se d\u00e9placer sur deux ou quatre pattes, marcher sur leurs articulations et se balancer entre les branches des arbres.<\/span> <span class=\"gts_text\" id=\"gts_text_20\">Les galagos s&#8217;accrochent \u00e0 des troncs d&#8217;arbre verticaux avant de sauter !<\/span> <span class=\"gts_text\" id=\"gts_text_21\">Les singes-araign\u00e9es se d\u00e9placent en\u00a0se balan\u00e7ant\u00a0de branche en branche.<\/span> <span class=\"gts_text\" id=\"gts_text_22\">Les orangs-outans se d\u00e9placent \u00e0 l&#8217;aide de leurs quatre membres pour transporter leur corps lourd entre les arbres.<\/span> <span class=\"gts_text\" id=\"gts_text_23\">Les chimpanz\u00e9s et les gorilles marchent sur leurs articulations et peuvent se d\u00e9placer sur deux pattes sur de courtes distances.<\/span><\/p>\n<p><span class=\"gts_text\" id=\"gts_text_24\">Les primates ont de grands cerveaux par rapport aux autres mammif\u00e8res.<\/span> <span class=\"gts_text\" id=\"gts_text_25\">Ils ont deux yeux plac\u00e9s c\u00f4te-\u00e0-c\u00f4te \u00e0 l&#8217;avant de la t\u00eate.<\/span> <span class=\"gts_text\" id=\"gts_text_26\">Leurs yeux fonctionnent ensemble pour localiser les objets de fa\u00e7on pr\u00e9cise.<\/span> <span class=\"gts_text\" id=\"gts_text_27\">Les animaux comme les poissons et les chevaux ont des yeux tr\u00e8s diff\u00e9rents de ceux des primates.<\/span> <span class=\"gts_text\" id=\"gts_text_28\">La plupart des primates ont les pouces opposables qui les aident \u00e0 bien saisir les choses.<\/span> <span class=\"gts_text\" id=\"gts_text_29\">Certains ont des queues qui peuvent leur servir \u00e0 saisir des choses, se tenir aux branches pendant qu&#8217;ils mangent, \u00e0 creuser ou \u00e0 se prot\u00e9ger des pr\u00e9dateurs.<\/span> <span class=\"gts_text\" id=\"gts_text_30\">Certains primates choisissent de vivre seuls, d&#8217;autres vivent en couples et d&#8217;autres encore vivent au sein de grands groupes.<\/span><\/p>\n<p><span class=\"gts_text\" id=\"gts_text_31\">Les yeux des primates font face \u00e0 l&#8217;avant.<\/span> Sur chaque patte, <span class=\"gts_text\" id=\"gts_text_32\">ils ont 5 doigts ou orteils avec des ongles \u00e0 l&#8217;extr\u00e9mit\u00e9 de chaque.<\/span> <span class=\"gts_text\" id=\"gts_text_33\">Les faces internes des mains et des pieds ont des coussinets sensibles aux extr\u00e9mit\u00e9s des doigts.<\/span> <span class=\"gts_text\" id=\"gts_text_34\">Cela veut dire\u00a0que leurs bouts de doigts sont sensibles \u00e0 la pression, \u00e0 la temp\u00e9rature et \u00e0 la douleur.<\/span> <span class=\"gts_text\" id=\"gts_text_35\">L&#8217;ossature\u00a0de la nuque du primate est construite d&#8217;une mani\u00e8re qui lui donne une grande libert\u00e9 de mouvement.<\/span><\/p>\n<p><span class=\"gts_text\" id=\"gts_text_36\">Les primates grandissent plus lentement que d&#8217;autres mammif\u00e8res de la m\u00eame taille.<\/span> <span class=\"gts_text\" id=\"gts_text_37\">Ils vivent plus longtemps &#8211; surtout dans le cas des femelles.<\/span> <span class=\"gts_text\" id=\"gts_text_38\">Tous les nourrissons de primates sont allait\u00e9s par leur m\u00e8re qui s&#8217;occupent aussi de leur toilette et de leur transport.<\/span> <span class=\"gts_text\" id=\"gts_text_39\">Dans quelques esp\u00e8ces, des nourrissons sont prot\u00e9g\u00e9s et transport\u00e9s par les m\u00e2les du groupe, surtout si ces m\u00e2les sont leurs p\u00e8res.<\/span> <span class=\"gts_text\" id=\"gts_text_40\">Les autres enfants de la famille et les tantes s&#8217;occupent aussi des b\u00e9b\u00e9s.<\/span> <span class=\"gts_text\" id=\"gts_text_41\">Les primates acqui\u00e8rent leurs comp\u00e9tences sociales et de combat en jouant.<\/span><\/p>\n<figure id=\"attachment_667\" aria-describedby=\"caption-attachment-667\" style=\"width: 227px\" class=\"wp-caption alignleft\"><a href=\"http:\/\/www.big-animals.com\/wp-content\/uploads\/2011\/03\/Bonobo.jpg\"><img loading=\"lazy\" decoding=\"async\" class=\"size-full wp-image-667\" title=\"Le bonobo, ou chimpanz\u00e9 de nain\" alt=\"Le bonobo, ou chimpanz\u00e9 de nain\" src=\"http:\/\/www.big-animals.com\/wp-content\/uploads\/2011\/03\/Bonobo.jpg\" width=\"227\" height=\"239\" \/><\/a><figcaption id=\"caption-attachment-667\" class=\"wp-caption-text\">Le bonobo, ou chimpanz\u00e9 nain<\/figcaption><\/figure>\n<p><span class=\"gts_text\" id=\"gts_text_42\">La plupart des primates mangent des fruits, des feuilles, de la r\u00e9sine\u00a0et des insectes.<\/span> <span class=\"gts_text\" id=\"gts_text_43\">Par exemple, les singes hurleurs mangent des feuilles.<\/span> <span class=\"gts_text\" id=\"gts_text_44\">Les ouistitis mangent de la r\u00e9sine &#8211; ils ont des dents fortes d&#8217;incisive qui leur permettent d&#8217;ouvrir l&#8217;\u00e9corce d&#8217;arbre pour atteindre la r\u00e9sine.<\/span> <span class=\"gts_text\" id=\"gts_text_45\">Elle a des griffes pour les aider pour s&#8217;accrocher sur des arbres tout en alimentant.<\/span> <span class=\"gts_text\" id=\"gts_text_46\">Oui-oui a des dents comme un rongeur, et un long, mince doigt moyen.<\/span> <span class=\"gts_text\" id=\"gts_text_47\">Elle tapera sur des arbres comme un pivert pour trouver des larves d&#8217;insecte.<\/span> <span class=\"gts_text\" id=\"gts_text_48\">Alors elle m\u00e2chera les trous dans le bois et mettra son long doigt moyen mince \u00e0 l&#8217;int\u00e9rieur pour retirer les larves de l&#8217;arbre.<\/span> <span class=\"gts_text\" id=\"gts_text_49\">Quelques primates, comme le Mangabey Gris-Cheeked a l&#8217;\u00e9mail \u00e9pais sur ses dents qui les aideront pour casser les fruits et les graines durs ouverts que d&#8217;autres singes ne peuvent pas ouvrir.<\/span><\/p>\n<p><span class=\"gts_text\" id=\"gts_text_50\">Le Gelada est les seules esp\u00e8ces de primate qui mangent principalement l&#8217;herbe.<\/span> <span class=\"gts_text\" id=\"gts_text_51\">Tarsiers mangent des insectes, des crustac\u00e9s, de petits vert\u00e9br\u00e9s et des serpents &#8211; comprenant les serpents venimeux !<\/span> <span class=\"gts_text\" id=\"gts_text_52\">Les singes de capucin mangent toutes sortes de nourriture comme des fruits, des feuilles, des fleurs, des bourgeons, nectar, des graines, des insectes et d&#8217;autres invert\u00e9br\u00e9s, oeufs d&#8217;oiseau et petits vert\u00e9br\u00e9s tels que des oiseaux, des l\u00e9zards, des \u00e9cureuils et des battes.<\/span> <span class=\"gts_text\" id=\"gts_text_53\">Le chimpanz\u00e9 commun a une alimentation tr\u00e8s diversifi\u00e9e, ainsi que le singe de Colobus rouge occidental.<\/span><\/p>\n<p><span class=\"gts_text\" id=\"gts_text_54\">L&#8217;Union internationale pour la conservation de la nature (IUCN) a d\u00e9termin\u00e9 que plus qu&#8217;un tiers des primates \u00e9taient en p\u00e9ril d&#8217;extinction.<\/span> <span class=\"gts_text\" id=\"gts_text_55\">La plupart d&#8217;entre eux est en p\u00e9ril en raison du d\u00e9boisement, du massacre de nombreux singes sauvages pour prot\u00e9ger l&#8217;agriculture, de la chasse ill\u00e9gale pour la fabrication de m\u00e9dicaments, de captures pour en faire des animaux domestiques ou pour les manger.<\/span><\/p>\n<p><span class=\"gts_text\" id=\"gts_text_56\">\u00a0<\/span><\/p>\n","protected":false},"excerpt":{"rendered":"<p>Les primates sont un groupe de mammif\u00e8res qui inclue les l\u00e9muriens, les loris, les galagos, les tarsiens, les singes et les homino\u00efd\u00e9s. Les \u00eatres humains appartiennent aussi \u00e0 ce groupe. La plupart des primates se trouvent dans les for\u00eats tropicales ou subtropicales d&#8217;Am\u00e9rique, d&#8217;Afrique et d&#8217;Asie. A part les \u00eatres humains, certains primates vivent aussi &hellip; <a href=\"https:\/\/www.big-animals.com\/fr\/primats\/\" class=\"more-link\">Continue reading <span class=\"screen-reader-text\">Les primates<\/span><\/a><\/p>\n","protected":false},"author":1,"featured_media":0,"parent":0,"menu_order":0,"comment_status":"closed","ping_status":"open","template":"","meta":{"_acf_changed":false,"footnotes":""},"acf":[],"_links":{"self":[{"href":"https:\/\/www.big-animals.com\/fr\/wp-json\/wp\/v2\/pages\/44"}],"collection":[{"href":"https:\/\/www.big-animals.com\/fr\/wp-json\/wp\/v2\/pages"}],"about":[{"href":"https:\/\/www.big-animals.com\/fr\/wp-json\/wp\/v2\/types\/page"}],"author":[{"embeddable":true,"href":"https:\/\/www.big-animals.com\/fr\/wp-json\/wp\/v2\/users\/1"}],"replies":[{"embeddable":true,"href":"https:\/\/www.big-animals.com\/fr\/wp-json\/wp\/v2\/comments?post=44"}],"version-history":[{"count":2,"href":"https:\/\/www.big-animals.com\/fr\/wp-json\/wp\/v2\/pages\/44\/revisions"}],"predecessor-version":[{"id":292,"href":"https:\/\/www.big-animals.com\/fr\/wp-json\/wp\/v2\/pages\/44\/revisions\/292"}],"wp:attachment":[{"href":"https:\/\/www.big-animals.com\/fr\/wp-json\/wp\/v2\/media?parent=44"}],"curies":[{"name":"wp","href":"https:\/\/api.w.org\/{rel}","templated":true}]}}