{"id":46,"date":"2011-05-09T09:26:06","date_gmt":"2011-05-09T09:26:06","guid":{"rendered":""},"modified":"2011-05-09T09:26:06","modified_gmt":"2011-05-09T09:26:06","slug":"monotremes","status":"publish","type":"page","link":"https:\/\/www.big-animals.com\/fr\/monotremes\/","title":{"rendered":"Monotremes"},"content":{"rendered":"<figure id=\"attachment_995\" aria-describedby=\"caption-attachment-995\" style=\"width: 300px\" class=\"wp-caption alignright\"><a href=\"http:\/\/www.big-animals.com\/wp-content\/uploads\/2011\/05\/Platypus.jpeg\"><img loading=\"lazy\" decoding=\"async\" class=\"size-medium wp-image-995\" title=\"L'ornithorynque - photo par \u00ab\u00a0Rainbow606\u00a0\u00bb\" src=\"http:\/\/www.big-animals.com\/wp-content\/uploads\/2011\/05\/Platypus-300x290.jpg\" alt=\"L'ornithorynque - photo par \u00ab\u00a0Rainbow606\u00a0\u00bb\" width=\"300\" height=\"290\" \/><\/a><figcaption id=\"caption-attachment-995\" class=\"wp-caption-text\">The Platypus - photo by &#038;quot;Rainbow606&#038;quot;<\/figcaption><\/figure>\n<p><span id=\"gts_text_1\" class=\"gts_text\">Les Monotremes sont un genre de <a title=\"Les plus grands mammif\u00e8res du monde !\" href=\"http:\/\/www.big-animals.com\/the-worlds-biggest-mammals\/\">mammif\u00e8res<\/a> rares qui pondent des oeufs.<\/span> <span id=\"gts_text_2\" class=\"gts_text\">Ils donnent naissance aux jeunes vivants.<\/span> <span id=\"gts_text_3\" class=\"gts_text\">Ils peuvent \u00eatre trouv\u00e9s en Australie, en Tasmanie et en Nouvelle-Guin\u00e9e.<\/span> <span id=\"gts_text_4\" class=\"gts_text\">Ce groupe inclut l&#8217;ornithorynque et les quatre types d&#8217;Echidna (fourmilier \u00e9pineux).<\/span><\/p>\n<p><span id=\"gts_text_5\" class=\"gts_text\">Comme d&#8217;autres mammif\u00e8res, les monotremes sont \u00e0 sang chaud avec un taux m\u00e9tabolique \u00e9lev\u00e9, mais pas aussi haut que d&#8217;autres mammif\u00e8res.<\/span> <span id=\"gts_text_6\" class=\"gts_text\">Ils ont des cheveux sur leurs corps.<\/span> <span id=\"gts_text_7\" class=\"gts_text\">Apr\u00e8s que les b\u00e9b\u00e9s soient hach\u00e9s, ils sont aliment\u00e9s avec du lait maternel.<\/span> <span id=\"gts_text_8\" class=\"gts_text\">Les m\u00e8res n&#8217;ont aucun trayon, ainsi les b\u00e9b\u00e9s l\u00e9cheront juste vers le haut du lait qui suinte de la peau de leur m\u00e8re.<\/span><\/p>\n<p><span id=\"gts_text_9\" class=\"gts_text\">Les monotremes adultes n&#8217;ont aucune dent.<\/span> <span id=\"gts_text_10\" class=\"gts_text\">Ils ont un os simple dans leur m\u00e2choire inf\u00e9rieure, trois os d&#8217;oreille moyenne et des becs.<\/span> <span id=\"gts_text_11\" class=\"gts_text\">Ils ont les os suppl\u00e9mentaires dans la ceinture d&#8217;\u00e9paule.<\/span> <span id=\"gts_text_12\" class=\"gts_text\">Ils marchent comme des reptiles, avec des jambes sur les c\u00f4t\u00e9s plut\u00f4t que sous leurs corps.<\/span> <span id=\"gts_text_13\" class=\"gts_text\">Ils pondent les oeufs minuscules.<\/span> <span id=\"gts_text_14\" class=\"gts_text\">Ils pondront normalement 2 oeufs \u00e0 la fois.<\/span> <span id=\"gts_text_15\" class=\"gts_text\">Les oeufs sont couverts de coquilles coriaces comme des oeufs de reptile.<\/span><\/p>\n<figure id=\"attachment_996\" aria-describedby=\"caption-attachment-996\" style=\"width: 300px\" class=\"wp-caption alignleft\"><a href=\"http:\/\/www.big-animals.com\/wp-content\/uploads\/2011\/05\/Echidna.jpg\"><img loading=\"lazy\" decoding=\"async\" class=\"size-medium wp-image-996\" title=\"Un Echidna - image par \u00ab\u00a0KeresH\u00a0\u00bb\" src=\"http:\/\/www.big-animals.com\/wp-content\/uploads\/2011\/05\/Echidna-300x196.jpg\" alt=\"Un Echidna - image par \u00ab\u00a0KeresH\u00a0\u00bb\" width=\"300\" height=\"196\" \/><\/a><figcaption id=\"caption-attachment-996\" class=\"wp-caption-text\">An Echidna - picture by &#038;quot;KeresH&#038;quot;<\/figcaption><\/figure>\n<p><span id=\"gts_text_16\" class=\"gts_text\">L&#8217;ornithorynque passe beaucoup de sa vie dans l&#8217;eau.<\/span> <span id=\"gts_text_17\" class=\"gts_text\">Ses orteils palm\u00e9s n&#8217;ont aucun cheveu, une facture de gris bleu comme la facture d&#8217;un canard, la fourrure brune courte imperm\u00e9able et une queue velue plate comme la queue d&#8217;un castor.<\/span> <span id=\"gts_text_18\" class=\"gts_text\">Elle a les fentes minuscules d&#8217;oreille, petits yeux qu&#8217;elle peut fermer ses narines pour emp\u00eacher d&#8217;entrer l&#8217;eau quand elle nage.<\/span> <span id=\"gts_text_19\" class=\"gts_text\">Elle est entre 1 \u00e0 2 pieds de long (30-60 cm) et elle p\u00e8se entre 3 ou 4 livres (1,3 &#8211; 1.7kg).<\/span> <span id=\"gts_text_20\" class=\"gts_text\">Elle mange les larves d&#8217;insecte, la crevette, les grenouilles et les oeufs de poisson.<\/span><\/p>\n<p><span id=\"gts_text_21\" class=\"gts_text\">Les Echidnas ont les cheveux noirs ou bruns, des \u00e9pines plus de couleur claire.<\/span> <span id=\"gts_text_22\" class=\"gts_text\">Ils ont des yeux minuscules et une bouche minuscule sans des dents.<\/span> <span id=\"gts_text_23\" class=\"gts_text\">Il a une langue collante tr\u00e8s longue qu&#8217;il emploie pour attraper des termites et des fourmis.<\/span> <span id=\"gts_text_24\" class=\"gts_text\">Les Echidnas sont \u00e9galement entre 1 \u00e0 2 pieds de long (30-60 cm).<\/span> <span id=\"gts_text_25\" class=\"gts_text\">Il a les jambes courtes avec de longues griffes lourdes sur des pieds et un museau pointu.<\/span><\/p>\n<p><span id=\"gts_text_26\" class=\"gts_text\">Le plus grand type d&#8217;echidna, et le plus grand monotreme de tous, est l&#8217;<a title=\"Echidna \u00e0 long bec occidental\" href=\"http:\/\/www.big-animals.com\/western-long-beaked-echidna\/\">Echidna \u00e0 long bec occidental<\/a>.<\/span><\/p>\n<p><span id=\"gts_text_27\" class=\"gts_text\">\u00a0<\/span><\/p>\n","protected":false},"excerpt":{"rendered":"<p>Les Monotremes sont un genre de mammif\u00e8res rares qui pondent des oeufs. Ils donnent naissance aux jeunes vivants. Ils peuvent \u00eatre trouv\u00e9s en Australie, en Tasmanie et en Nouvelle-Guin\u00e9e. Ce groupe inclut l&#8217;ornithorynque et les quatre types d&#8217;Echidna (fourmilier \u00e9pineux). Comme d&#8217;autres mammif\u00e8res, les monotremes sont \u00e0 sang chaud avec un taux m\u00e9tabolique \u00e9lev\u00e9, mais &hellip; <a href=\"https:\/\/www.big-animals.com\/fr\/monotremes\/\" class=\"more-link\">Continue reading <span class=\"screen-reader-text\">Monotremes<\/span><\/a><\/p>\n","protected":false},"author":1,"featured_media":0,"parent":0,"menu_order":0,"comment_status":"closed","ping_status":"open","template":"","meta":{"_acf_changed":false,"footnotes":""},"acf":[],"_links":{"self":[{"href":"https:\/\/www.big-animals.com\/fr\/wp-json\/wp\/v2\/pages\/46"}],"collection":[{"href":"https:\/\/www.big-animals.com\/fr\/wp-json\/wp\/v2\/pages"}],"about":[{"href":"https:\/\/www.big-animals.com\/fr\/wp-json\/wp\/v2\/types\/page"}],"author":[{"embeddable":true,"href":"https:\/\/www.big-animals.com\/fr\/wp-json\/wp\/v2\/users\/1"}],"replies":[{"embeddable":true,"href":"https:\/\/www.big-animals.com\/fr\/wp-json\/wp\/v2\/comments?post=46"}],"version-history":[{"count":0,"href":"https:\/\/www.big-animals.com\/fr\/wp-json\/wp\/v2\/pages\/46\/revisions"}],"wp:attachment":[{"href":"https:\/\/www.big-animals.com\/fr\/wp-json\/wp\/v2\/media?parent=46"}],"curies":[{"name":"wp","href":"https:\/\/api.w.org\/{rel}","templated":true}]}}