{"id":48,"date":"2011-05-09T09:26:24","date_gmt":"2011-05-09T09:26:24","guid":{"rendered":""},"modified":"2015-06-24T15:43:12","modified_gmt":"2015-06-24T15:43:12","slug":"salamandres","status":"publish","type":"page","link":"https:\/\/www.big-animals.com\/fr\/salamandres\/","title":{"rendered":"Les salamandres"},"content":{"rendered":"<p><span id=\"gts_text_1\" class=\"gts_text\">Il existe\u00a0environ 500 esp\u00e8ces d&#8217;<a title=\"Amphibie\" href=\"http:\/\/www.big-animals.com\/fr\/amphibie\/\">amphibiens<\/a> appel\u00e9es salamandres.<\/span>\u00a0Elle<span id=\"gts_text_2\" class=\"gts_text\">s ont un\u00a0corps fin, un\u00a0nez court et\u00a0une\u00a0longue queue.<\/span> <span id=\"gts_text_3\" class=\"gts_text\">Comme tous les amphibiens, ce\u00a0sont des vert\u00e9br\u00e9s \u00e0 sang\u00a0froid.<\/span> <span id=\"gts_text_4\" class=\"gts_text\">La plupart des salamandres ont 4 orteils sur leurs pattes avant et 5 orteils sur leurs pattes arri\u00e8res.<\/span> <span id=\"gts_text_5\" class=\"gts_text\">Elles ont 4 pattes comme un l\u00e9zard.<\/span> <span id=\"gts_text_6\" class=\"gts_text\">Elles n&#8217;ont pas des griffes.<\/span>\u00a0E<span id=\"gts_text_7\" class=\"gts_text\">lles peuvent s&#8217;accrocher aux\u00a0arbres avec leurs pattes.<\/span><\/p>\n<figure id=\"attachment_888\" aria-describedby=\"caption-attachment-888\" style=\"width: 251px\" class=\"wp-caption alignleft\"><a href=\"http:\/\/www.big-animals.com\/wp-content\/uploads\/2011\/04\/Axolotl1.jpg\"><img loading=\"lazy\" decoding=\"async\" class=\"size-full wp-image-888\" title=\"Quelques salamandres vivent dans l'eau, certains sur la terre\" src=\"http:\/\/www.big-animals.com\/wp-content\/uploads\/2011\/04\/Axolotl1.jpg\" alt=\"Quelques salamandres vivent dans l'eau, certains sur la terre\" width=\"251\" height=\"202\" \/><\/a><figcaption id=\"caption-attachment-888\" class=\"wp-caption-text\">Certaines salamandres vivent dans l&#8217;eau,\u00a0d&#8217;autre sur terre<\/figcaption><\/figure>\n<h3><span id=\"gts_text_8\" class=\"gts_text\">L&#8217;habitat de la salamandre<\/span><\/h3>\n<p><span id=\"gts_text_9\" class=\"gts_text\">Les salamandres\u00a0ont la peau\u00a0humide\u00a0parce qu&#8217;elle vivent \u00e0 proximit\u00e9 ou dans l&#8217;eau.<\/span> <span id=\"gts_text_10\" class=\"gts_text\">La plupart des types de salamandre vivent dans des\u00a0zones humides\u00a0comme de petits cours d&#8217;eau ou des \u00e9tangs.<\/span><span id=\"gts_text_11\" class=\"gts_text\">\u00a0On trouve des salamandres \u00e0 peu pr\u00e8s partout\u00a0sur terre\u00a0except\u00e9 dans les d\u00e9serts et \u00e0 proximit\u00e9\u00a0des p\u00f4les nord et sud.<\/span> On n&#8217;en trouve donc pas\u00a0<span id=\"gts_text_12\" class=\"gts_text\">en Australie, en Antarctique ni dans la plus grande partie de l&#8217;Afrique.<\/span> <span id=\"gts_text_13\" class=\"gts_text\">Un tiers des esp\u00e8ces connues de salamandres se\u00a0trouvent en Am\u00e9rique du Nord.<\/span> Certaines\u00a0<span id=\"gts_text_14\" class=\"gts_text\">salamandres vivent\u00a0dans l&#8217;eau constamment, certaines passent une partie de leur vie dans l&#8217;eau\u00a0et les autres passent leur vie adulte enti\u00e8re sur la terre.<\/span><\/p>\n<p><span id=\"gts_text_15\" class=\"gts_text\">Les membres des salamandres, ainsi que\u00a0d&#8217;autres parties de leur corps, peuvent repousser (r\u00e9g\u00e9n\u00e9rer) quand ils sont\u00a0endommag\u00e9s, de la m\u00eame fa\u00e7on que la queue de certains\u00a0l\u00e9zards peut repousser.<\/span> <span id=\"gts_text_16\" class=\"gts_text\">Cependant, les salamandres sont\u00a0plus proche des\u00a0grenouilles que des\u00a0l\u00e9zards, m\u00eame si\u00a0elles ressemble\u00a0plut\u00f4t \u00e0 un l\u00e9zard qu&#8217;\u00e0 une grenouille.<\/span> <span id=\"gts_text_17\" class=\"gts_text\">La plupart des esp\u00e8ces des salamandres ont de tr\u00e8s petites pattes ou n&#8217;ont pas de pattes\u00a0ce qui\u00a0les fait\u00a0ressembler \u00e0 une anguille.<\/span> <span id=\"gts_text_18\" class=\"gts_text\">Elles sont souvent de couleurs vives.<\/span> <span id=\"gts_text_19\" class=\"gts_text\">Les salamandres qui vivent sous terre sont souvent blanches ou roses.<\/span><\/p>\n<p><span id=\"gts_text_20\" class=\"gts_text\">La plupart des salamandres sont petites, mais certaines peuvent devenir\u00a0\u00e9norme.<\/span>\u00a0Leur taille varie de\u00a02.7 cm (1 pouce) avec la queue pour les plus petites<span id=\"gts_text_21\" class=\"gts_text\">\u00a0\u00e0 180 cm (6 pieds) pour la <a href=\"http:\/\/www.big-animals.com\/fr\/chinois-geant-salamandre\/\" target=\"_blank\">salamandre g\u00e9ante\u00a0de Chine<\/a>, le plus grand des amphibiens, qui peut peser jusqu&#8217;\u00e0 65 kg (144 livres).<\/span> <span id=\"gts_text_22\" class=\"gts_text\">La plupart des salamandres mesurent\u00a0entre 10 cm et 20 cm de longueur (4-8 pouces).<\/span> <span id=\"gts_text_23\" class=\"gts_text\">Elles perdent\u00a0r\u00e9guli\u00e8rement la couche superficielle de leur peau lorsqu&#8217;elles grandissent\u00a0&#8211; et elles mangent cette peau morte !<\/span><\/p>\n<figure id=\"attachment_889\" aria-describedby=\"caption-attachment-889\" style=\"width: 300px\" class=\"wp-caption aligncenter\"><a href=\"http:\/\/www.big-animals.com\/wp-content\/uploads\/2011\/04\/Cave_salamander.jpg\"><img loading=\"lazy\" decoding=\"async\" class=\"size-medium wp-image-889\" title=\"Ressemble \u00e0 un l\u00e9zard, mais il est plut\u00f4t une grenouille\" src=\"http:\/\/www.big-animals.com\/wp-content\/uploads\/2011\/04\/Cave_salamander-300x103.jpg\" alt=\"Ressemble \u00e0 un l\u00e9zard, mais il est plut\u00f4t une grenouille\" width=\"300\" height=\"103\" \/><\/a><figcaption id=\"caption-attachment-889\" class=\"wp-caption-text\">Cette salamandre tachet\u00e9e ressemble \u00e0 un\u00a0l\u00e9zard, mais elle est plus proche de la grenouille<\/figcaption><\/figure>\n<p><span id=\"gts_text_24\" class=\"gts_text\">Les diff\u00e9rentes esp\u00e8ces de salamandres ont diff\u00e9rentes m\u00e9thodes de respiration.<\/span> <span id=\"gts_text_25\" class=\"gts_text\">Celles qui n&#8217;ont pas de poumons respirent par leurs ou\u00efes.<\/span> <span id=\"gts_text_26\" class=\"gts_text\">La plupart de ces ou\u00efes sont \u00e0 la surface\u00a0de leurs corps, situ\u00e9s des deux c\u00f4t\u00e9s de la t\u00eate.<\/span> Certaines<span id=\"gts_text_27\" class=\"gts_text\">\u00a0salamandres vivent sur la terre et ont des poumons pour respirer.<\/span> <span id=\"gts_text_28\" class=\"gts_text\">Leurs poumons sont simples.<\/span><span id=\"gts_text_29\" class=\"gts_text\">\u00a0La plupart des esp\u00e8ces, comme la salamandre d&#8217;Olm ou \u00a0Prot\u00e9e anguillard, ont des poumons et des ou\u00efes \u00e0 l&#8217;\u00e2ge\u00a0adulte.\u00a0Quelques<\/span> <span id=\"gts_text_30\" class=\"gts_text\">salamandres qui vivent sur la terre n&#8217;ont ni\u00a0poumons ni\u00a0ou\u00efes &#8211; elles respirent par leur peau.<\/span> Certaine<span id=\"gts_text_31\" class=\"gts_text\">s esp\u00e8ces qui ont\u00a0des poumons peuvent \u00e9galement respirer par leur peau.<\/span><\/p>\n<p><span id=\"gts_text_32\" class=\"gts_text\">La peau des salamandres produit du mucus qui les aide \u00e0 rester humide quand elles sont sur la terre s\u00e8che, et les aide \u00e9galement \u00e0 maintenir leur \u00e9quilibre en sel lorsqu&#8217;elles sont\u00a0dans l&#8217;eau.<\/span> <span id=\"gts_text_33\" class=\"gts_text\">Le mucus sert aussi\u00a0de lubrifiant lorsqu&#8217;elles nagent, les aidant \u00e0 glisser dans\u00a0l&#8217;eau plus facilement.<\/span> Gr\u00e2ce \u00e0<span id=\"gts_text_34\" class=\"gts_text\">\u00a0ce lubrifiant et leurs pieds palm\u00e9s, les salamandres sont de tr\u00e8s bonnes\u00a0nageuses.<\/span> Mais attention<span id=\"gts_text_35\" class=\"gts_text\">\u00a0!<\/span> Certain<span id=\"gts_text_36\" class=\"gts_text\">es salamandres produisent du\u00a0poison dans\u00a0des glandes de leur peau pour se prot\u00e9ger des pr\u00e9dateurs.<\/span><\/p>\n<h3><span id=\"gts_text_37\" class=\"gts_text\">Que mangent les salamandres ?<\/span><\/h3>\n<p><span id=\"gts_text_38\" class=\"gts_text\">Elles ont une langue collante qui les aide \u00e0\u00a0attraper leur proie.\u00a0Certaines<\/span><span id=\"gts_text_39\" class=\"gts_text\">\u00a0salamandres peuvent projeter\u00a0leur langue collante \u00e0 distance\u00a0pour attraper leur proie.<\/span> <span id=\"gts_text_40\" class=\"gts_text\">La plupart des esp\u00e8ces de salamandre ont de petites dents sur leurs\u00a0m\u00e2choires sup\u00e9rieures et inf\u00e9rieures, \u00e0 la diff\u00e9rence d&#8217;une grenouille typique, qui a seulement des dents sur la m\u00e2choire sup\u00e9rieure.<\/span> <span id=\"gts_text_41\" class=\"gts_text\">M\u00eame les larves des salamandres ont des dents !<\/span> <span id=\"gts_text_42\" class=\"gts_text\">Les salamandres sont friandes\u00a0des escargots.<\/span><\/p>\n<figure id=\"attachment_890\" aria-describedby=\"caption-attachment-890\" style=\"width: 300px\" class=\"wp-caption aligncenter\"><a href=\"http:\/\/www.big-animals.com\/wp-content\/uploads\/2011\/04\/Colorful_Salamander.jpg\"><img loading=\"lazy\" decoding=\"async\" class=\"size-medium wp-image-890\" title=\"Des salamandres souvent sont brillamment color\u00e9es\" src=\"http:\/\/www.big-animals.com\/wp-content\/uploads\/2011\/04\/Colorful_Salamander-300x104.jpg\" alt=\"Des salamandres souvent sont brillamment color\u00e9es\" width=\"300\" height=\"104\" \/><\/a><figcaption id=\"caption-attachment-890\" class=\"wp-caption-text\">Les salamandres sont souvent de couleurs vives<\/figcaption><\/figure>\n<p><span id=\"gts_text_43\" class=\"gts_text\">Elles ont un bon odorat mais leur\u00a0audition est mauvaise.<\/span> <span id=\"gts_text_44\" class=\"gts_text\">\u00a0La plupart des salamandres ont une bonne vue, sauf celle qui vivent sous terre\u00a0&#8211; leurs yeux peuvent m\u00eame \u00eatre recouverts par une couche de peau.<\/span> Elles utilisent<span id=\"gts_text_45\" class=\"gts_text\">\u00a0leurs yeux pour chasser leur\u00a0nourriture.<\/span> <span id=\"gts_text_46\" class=\"gts_text\">Les larves et les salamandres adultes qui vivent dans l&#8217;eau ont un organe\u00a0sensoriel\u00a0sp\u00e9cial, la ligne lat\u00e9rale,\u00a0sur les\u00a0c\u00f4t\u00e9s de leur corps (comme les poissons) pour d\u00e9tecter les mouvements et les vibrations dans l&#8217;eau.<\/span> <span id=\"gts_text_47\" class=\"gts_text\">Cet organe sensoriel les prot\u00e8ge contre leurs pr\u00e9dateurs.<\/span> Les salamandres<span id=\"gts_text_48\" class=\"gts_text\">\u00a0n&#8217;ont pas d&#8217;oreille externe.<\/span>\u00a0El<span id=\"gts_text_49\" class=\"gts_text\">les utilisent leur queue pour s&#8217;\u00e9chapper rapidement lorsqu&#8217;elle en\u00a0ont besoin.<\/span> <span id=\"gts_text_50\" class=\"gts_text\">Quand un pr\u00e9dateur\u00a0attaque une salamandre, sa queue se d\u00e9tache\u00a0et se tortille pendant un moment, ce qui donne l&#8217;occasion \u00e0 la salamandre de s&#8217;\u00e9chapper, tandis que le pr\u00e9dateur est distrait par l&#8217;agitation de la queue.\u00a0En<\/span><span id=\"gts_text_51\" class=\"gts_text\">\u00a0seulement quelques semaines, la salamandre peut r\u00e9g\u00e9n\u00e9rer sa\u00a0queue\u00a0ou tout autre membre qu&#8217;elle aurait\u00a0perdu.<\/span><\/p>\n<p><span id=\"gts_text_52\" class=\"gts_text\">Les salamandres pondent leurs oeufs dans l&#8217;eau.<\/span> <span id=\"gts_text_53\" class=\"gts_text\">Ils passent la premi\u00e8re partie de leur vie dans l&#8217;eau.<\/span> <span id=\"gts_text_54\" class=\"gts_text\">Les oeufs \u00e9closent et donnent naissance \u00e0\u00a0des larves.<\/span> <span id=\"gts_text_55\" class=\"gts_text\">Ces larves ont des ou\u00efes pour respirer.<\/span> <span id=\"gts_text_56\" class=\"gts_text\">Selon les esp\u00e8ces, l&#8217;\u00e9tape larvaire peut avoir des pattes ou pas.<\/span> <span id=\"gts_text_57\" class=\"gts_text\">L&#8217;\u00e9tape larvaire peut durer des jours ou des ann\u00e9es, selon les esp\u00e8ces de salamandre.<\/span>\u00a0Et c<span id=\"gts_text_58\" class=\"gts_text\">ertaines esp\u00e8ces, comme la salamandre de Dunn n&#8217;ont pas\u00a0d&#8217;\u00e9tape larvaire.<\/span> <span id=\"gts_text_59\" class=\"gts_text\">Les b\u00e9b\u00e9s ressemblent \u00e0 leur papa et \u00e0 leur maman.<\/span><\/p>\n<p><span id=\"gts_text_60\" class=\"gts_text\">Le nombre de salamandres dans le monde diminue\u00a0en raison de la destruction des for\u00eats et des zones humides\u00a0par les humains, et en raison du changement climatique.<\/span><\/p>\n","protected":false},"excerpt":{"rendered":"<p>Il existe\u00a0environ 500 esp\u00e8ces d&#8217;amphibiens appel\u00e9es salamandres.\u00a0Elles ont un\u00a0corps fin, un\u00a0nez court et\u00a0une\u00a0longue queue. Comme tous les amphibiens, ce\u00a0sont des vert\u00e9br\u00e9s \u00e0 sang\u00a0froid. La plupart des salamandres ont 4 orteils sur leurs pattes avant et 5 orteils sur leurs pattes arri\u00e8res. Elles ont 4 pattes comme un l\u00e9zard. Elles n&#8217;ont pas des griffes.\u00a0Elles peuvent s&#8217;accrocher &hellip; <a href=\"https:\/\/www.big-animals.com\/fr\/salamandres\/\" class=\"more-link\">Continue reading <span class=\"screen-reader-text\">Les salamandres<\/span><\/a><\/p>\n","protected":false},"author":1,"featured_media":0,"parent":0,"menu_order":0,"comment_status":"closed","ping_status":"open","template":"","meta":{"_acf_changed":false,"footnotes":""},"acf":[],"_links":{"self":[{"href":"https:\/\/www.big-animals.com\/fr\/wp-json\/wp\/v2\/pages\/48"}],"collection":[{"href":"https:\/\/www.big-animals.com\/fr\/wp-json\/wp\/v2\/pages"}],"about":[{"href":"https:\/\/www.big-animals.com\/fr\/wp-json\/wp\/v2\/types\/page"}],"author":[{"embeddable":true,"href":"https:\/\/www.big-animals.com\/fr\/wp-json\/wp\/v2\/users\/1"}],"replies":[{"embeddable":true,"href":"https:\/\/www.big-animals.com\/fr\/wp-json\/wp\/v2\/comments?post=48"}],"version-history":[{"count":2,"href":"https:\/\/www.big-animals.com\/fr\/wp-json\/wp\/v2\/pages\/48\/revisions"}],"predecessor-version":[{"id":535,"href":"https:\/\/www.big-animals.com\/fr\/wp-json\/wp\/v2\/pages\/48\/revisions\/535"}],"wp:attachment":[{"href":"https:\/\/www.big-animals.com\/fr\/wp-json\/wp\/v2\/media?parent=48"}],"curies":[{"name":"wp","href":"https:\/\/api.w.org\/{rel}","templated":true}]}}