{"id":49,"date":"2011-05-09T09:26:48","date_gmt":"2011-05-09T09:26:48","guid":{"rendered":""},"modified":"2015-07-06T14:13:40","modified_gmt":"2015-07-06T14:13:40","slug":"terrapins","status":"publish","type":"page","link":"https:\/\/www.big-animals.com\/fr\/terrapins\/","title":{"rendered":"La tortue terrapin"},"content":{"rendered":"<p><span id=\"gts_text_1\" class=\"gts_text\">La tortue terrapin ou tortue\u00a0\u00e0 dos de diamant\u00a0est un genre de tortue qui vit dans les marais c\u00f4tiers l\u00e9g\u00e8rement sal\u00e9s de l&#8217;est et du sud des \u00c9tats-Unis.<\/span> On les appelle\u00a0tortue\u00a0\u00e0\u00a0dos\u00a0de diamant<span id=\"gts_text_2\" class=\"gts_text\">\u00a0en raison du motif\u00a0en diamant sur leur carapace.<\/span> Selon l<span id=\"gts_text_3\" class=\"gts_text\">es esp\u00e8ces les motifs\u00a0et couleurs de la carapace varient.<\/span><\/p>\n<p><span id=\"gts_text_4\" class=\"gts_text\">Leurs carapaces\u00a0varient du brun au gris et leurs corps peuvent \u00eatre gris, brun-jaune et m\u00eame blanc.<\/span> <span id=\"gts_text_5\" class=\"gts_text\">Toutes les tortues terrapin ont des t\u00e2ches noires\u00a0ondul\u00e9es sur le corps et la t\u00eate.<\/span><\/p>\n<p><span id=\"gts_text_6\" class=\"gts_text\">La tortue terrapin femelle est plus grande que la tortue\u00a0m\u00e2le.<\/span> <span id=\"gts_text_7\" class=\"gts_text\">La tortue terrapin m\u00e2le peut atteindre\u00a0en moyenne 13,5 centim\u00e8tres et a\u00a0femelle peut atteindre\u00a0environ 19,5 centim\u00e8tres. Si les b\u00e9b\u00e9s tortues terrapins sont \u00e9lev\u00e9\u00a0dans de bonnes conditions, ils\u00a0peuvent faire\u00a018 centim\u00e8tres de longueur pour les m\u00e2les et 30 centim\u00e8tres pour les femelles.<\/span> <span id=\"gts_text_8\" class=\"gts_text\">Ils peuvent vivre de nombreuses ann\u00e9es.<\/span> <span id=\"gts_text_9\" class=\"gts_text\">Les tortues terrapin provenant de zones\u00a0plus chaudes sont plus grandes que celle provenant de\u00a0zones\u00a0plus froides.<\/span><\/p>\n<p><span id=\"gts_text_10\" class=\"gts_text\">Par le pass\u00e9, elles ont \u00e9t\u00e9 \u00a0consid\u00e9r\u00e9s comme un plat sp\u00e9cial et cher \u00e0 manger.<\/span> Elles <span id=\"gts_text_11\" class=\"gts_text\">ont donc \u00e9t\u00e9 beaucoup chass\u00e9es, presque jusqu&#8217;\u00e0 l&#8217;extinction.<\/span> <span id=\"gts_text_12\" class=\"gts_text\">Pour cette raison, elles\u00a0sont maintenant consid\u00e9r\u00e9s comme une esp\u00e8ce menac\u00e9e.<\/span><\/p>\n<p><span id=\"gts_text_13\" class=\"gts_text\">Puisque la tortue terrapin est un genre de tortue aquatique, sa coquille est plus plate\u00a0que celle d&#8217;une tortue terrestre.<\/span> <span id=\"gts_text_14\" class=\"gts_text\">Cette coquille plate aide la tortue terrapin \u00e0 \u00eatre une\u00a0tr\u00e8s\u00a0bonne nageuse.<\/span> <span id=\"gts_text_15\" class=\"gts_text\">La carapace se compose d&#8217;une couche externe corn\u00e9e\u00a0et d&#8217;une couche interne\u00a0osseuse.<\/span> <span id=\"gts_text_16\" class=\"gts_text\">La couche externe sert de\u00a0bouclier pour prot\u00e9ger la tortue terrapin.<\/span> Attention de ne<span id=\"gts_text_17\" class=\"gts_text\">\u00a0pas laisser tomber ou ne pas marcher sur\u00a0une tortue\u00a0terrapin, vous pourriez casser sa carapace et la tuer !<\/span> Sa carapace<span id=\"gts_text_18\" class=\"gts_text\">\u00a0et sa\u00a0peau sont sensibles.<\/span><\/p>\n<p><span id=\"gts_text_19\" class=\"gts_text\">Les tortues terrapin n&#8217;ont aucune dent mais elles ont un\u00a0bec fort avec le bord tranchant.<\/span> <span id=\"gts_text_20\" class=\"gts_text\">Leurs pattes avant sont couvertes d&#8217;\u00e9cailles qui les prot\u00e8gent.<\/span>\u00a0Elle<span id=\"gts_text_21\" class=\"gts_text\">s ont des pattes arri\u00e8re palm\u00e9es qui les aident pour avancer dans l&#8217;eau.<\/span> L<span id=\"gts_text_22\" class=\"gts_text\">eur queue est creuse.<\/span><\/p>\n<p><span id=\"gts_text_23\" class=\"gts_text\">Les tortues terrapin ont une\u00a0bonne vue, mais celle-ci baisse lorsqu&#8217;elles vieillissent.<\/span>\u00a0Elles<span id=\"gts_text_24\" class=\"gts_text\">\u00a0ont un bon odorat qui leur sert\u00a0\u00e0 chasser leur\u00a0nourriture sur la terre ou dans l&#8217;eau.<\/span> <span id=\"gts_text_25\" class=\"gts_text\">Les tortues terrapins respirent de l&#8217;air.<\/span> Elles<span id=\"gts_text_26\" class=\"gts_text\">\u00a0aiment avoir des amies.<\/span> <span id=\"gts_text_27\" class=\"gts_text\">Ainsi, si vous choisissez\u00a0des tortues\u00a0terrapins comme animal familier, svp prenez-en une paire ou plus.<\/span> \u00c0 l&#8217;\u00e9tat<span id=\"gts_text_28\" class=\"gts_text\">\u00a0sauvage, elles\u00a0vivent en groupe de grands nombres.<\/span><\/p>\n<p><span id=\"gts_text_29\" class=\"gts_text\">Les tortues\u00a0terrapin meurent\u00a0si elles sont retourn\u00e9es\u00a0sur le dos, parce que leurs poumons sont comprim\u00e9s lorsqu&#8217;elles sont \u00e0 l&#8217;envers.<\/span><\/p>\n<p><span id=\"gts_text_30\" class=\"gts_text\">Les tortue terrapins mangent leur nourriture quand\u00a0elles sont\u00a0dans l&#8217;eau.<\/span> <span id=\"gts_text_31\" class=\"gts_text\">Si elles trouvent leur nourriture pr\u00e9f\u00e9r\u00e9e sur la terre, elles la\u00a0tra\u00eenent dans l&#8217;eau pour la manger.<\/span> <span id=\"gts_text_32\" class=\"gts_text\">J&#8217;imagine qu&#8217;elles aiment leur nourriture d\u00e9tremp\u00e9e !<\/span>\u00a0Elle<span id=\"gts_text_33\" class=\"gts_text\">s mangent de petits animaux comme des poissons, des t\u00eatards, des vers et des insectes.<\/span>\u00a0Elles<span id=\"gts_text_34\" class=\"gts_text\">\u00a0ne se nourrissent\u00a0pas dans l&#8217;obscurit\u00e9 ou lorsqu&#8217;il fait froid.<\/span><\/p>\n","protected":false},"excerpt":{"rendered":"<p>La tortue terrapin ou tortue\u00a0\u00e0 dos de diamant\u00a0est un genre de tortue qui vit dans les marais c\u00f4tiers l\u00e9g\u00e8rement sal\u00e9s de l&#8217;est et du sud des \u00c9tats-Unis. On les appelle\u00a0tortue\u00a0\u00e0\u00a0dos\u00a0de diamant\u00a0en raison du motif\u00a0en diamant sur leur carapace. Selon les esp\u00e8ces les motifs\u00a0et couleurs de la carapace varient. Leurs carapaces\u00a0varient du brun au gris et &hellip; <a href=\"https:\/\/www.big-animals.com\/fr\/terrapins\/\" class=\"more-link\">Continue reading <span class=\"screen-reader-text\">La tortue terrapin<\/span><\/a><\/p>\n","protected":false},"author":1,"featured_media":0,"parent":0,"menu_order":0,"comment_status":"closed","ping_status":"open","template":"","meta":{"_acf_changed":false,"footnotes":""},"acf":[],"_links":{"self":[{"href":"https:\/\/www.big-animals.com\/fr\/wp-json\/wp\/v2\/pages\/49"}],"collection":[{"href":"https:\/\/www.big-animals.com\/fr\/wp-json\/wp\/v2\/pages"}],"about":[{"href":"https:\/\/www.big-animals.com\/fr\/wp-json\/wp\/v2\/types\/page"}],"author":[{"embeddable":true,"href":"https:\/\/www.big-animals.com\/fr\/wp-json\/wp\/v2\/users\/1"}],"replies":[{"embeddable":true,"href":"https:\/\/www.big-animals.com\/fr\/wp-json\/wp\/v2\/comments?post=49"}],"version-history":[{"count":2,"href":"https:\/\/www.big-animals.com\/fr\/wp-json\/wp\/v2\/pages\/49\/revisions"}],"predecessor-version":[{"id":550,"href":"https:\/\/www.big-animals.com\/fr\/wp-json\/wp\/v2\/pages\/49\/revisions\/550"}],"wp:attachment":[{"href":"https:\/\/www.big-animals.com\/fr\/wp-json\/wp\/v2\/media?parent=49"}],"curies":[{"name":"wp","href":"https:\/\/api.w.org\/{rel}","templated":true}]}}