{"id":5,"date":"2011-05-09T08:54:10","date_gmt":"2011-05-09T08:54:10","guid":{"rendered":""},"modified":"2014-06-22T16:39:03","modified_gmt":"2014-06-22T16:39:03","slug":"une-liste-alphabetique-des-plus-gros-animaux-du-monde","status":"publish","type":"page","link":"https:\/\/www.big-animals.com\/fr\/une-liste-alphabetique-des-plus-gros-animaux-du-monde\/","title":{"rendered":"Une liste alphab\u00e9tique des plus grands animaux du monde"},"content":{"rendered":"<p><a name=\"top\"><\/a><\/p>\n<p><span id=\"gts_text_1\" class=\"gts_text\">Sur cette page vous trouverez la liste alphab\u00e9tique de tous les animaux pr\u00e9sents sur ce site.<\/span> <span id=\"gts_text_2\" class=\"gts_text\">Recherchez votre animal g\u00e9ant pr\u00e9f\u00e9r\u00e9, et voyez ce qui le rend si sp\u00e9cial!<\/span><\/p>\n<p><span id=\"gts_text_3\" class=\"gts_text\"><a href=\"#b\">A<\/a> <a href=\"#c\">B<\/a> <a href=\"#d\">C<\/a> <a href=\"#g\">D<\/a> <a href=\"#f\">E<\/a> <a href=\"#h\">F<\/a> <a href=\"#i\">G<\/a> <a href=\"#j\">H<\/a> <a href=\"#k\">I<\/a> <a href=\"#l\">J<\/a> <a href=\"#m\">K<\/a> <a href=\"#n\">L<\/a> <a href=\"#o\">M<\/a> <a href=\"#p\">N<\/a> <a href=\"#q\">O<\/a> <a href=\"#r\">P<\/a> <a href=\"#s\">Q<\/a> <a href=\"#t\">R<\/a> <a href=\"#u\">S<\/a> <a href=\"#v\">T<\/a> <a href=\"#w\">U<\/a> <a href=\"#z\">V<\/a> <a href=\"#y\">W<\/a>{24}X{\/24}{25}Y{\/25}{26}Z{\/26}<\/span><\/p>\n<h3><span id=\"gts_text_4\" class=\"gts_text\"><a name=\"a\"><\/a>A<\/span><\/h3>\n<p><span id=\"gts_text_7\" class=\"gts_text\"><a title=\"L\u2019albatros errant \u2013 l\u2019oiseau avec les plus grandes ailes !\" href=\"http:\/\/www.big-animals.com\/fr\/le-errer-albatros-le-oiseau-avec-le-grand-ailes\/\">Albatros\u00a0hurleur<\/a> &#8211; le plus grand oiseau capable de voler<br \/>\n<\/span><span id=\"gts_text_9\" class=\"gts_text\"><a title=\"Anaconda vert\" href=\"http:\/\/www.big-animals.com\/fr\/vert-anaconda\/\">Anaconda de Barbour<\/a> &#8211; voir le <a title=\"Anaconda vert\" href=\"http:\/\/www.big-animals.com\/fr\/vert-anaconda\/\">grand anaconda <\/a><br \/>\n<a title=\"Anaconda vert\" href=\"http:\/\/www.big-animals.com\/fr\/vert-anaconda\/\">Anaconda commun<\/a> &#8211; voir le <a title=\"Anaconda vert\" href=\"http:\/\/www.big-animals.com\/fr\/vert-anaconda\/\">grand anaconda <\/a><br \/>\n<\/span><span id=\"gts_text_9\" class=\"gts_text\"><a title=\"Anaconda vert\" href=\"http:\/\/www.big-animals.com\/fr\/vert-anaconda\/\">Anaconda g\u00e9ant<\/a> &#8211; voir le <a title=\"Anaconda vert\" href=\"http:\/\/www.big-animals.com\/fr\/vert-anaconda\/\">grand anaconda <\/a><br \/>\n<a class=\" gts_attribute gts_attribute_1_title\" title=\"Anthropornis\" href=\"http:\/\/www.big-animals.com\/fr\/anthropornis\/\"><em>Anthropornis<\/em><\/a> &#8211; le plus grand sphenisciforme <\/span>de tous les temps<br \/>\n<a title=\"Ara Jacinthe\" href=\"http:\/\/www.big-animals.com\/fr\/ara-jacinthe\/\">Ara hyacinthe<\/a> &#8211; le plus long perroquet et\u00a0le plus grand perroquet capable de voler<br \/>\n<a title=\"L\u2019autruche \u2013 le plus grand oiseau du monde !\" href=\"http:\/\/www.big-animals.com\/fr\/le-autruche-le-monde-grand-oiseau\/\">Autruche<\/a> &#8211; le plus grand oiseau<\/p>\n<p><span id=\"gts_text_12\" class=\"gts_text\">~~ <a href=\"#top\">haut de la page<\/a> ~~<\/span><\/p>\n<h3><span id=\"gts_text_13\" class=\"gts_text\"><a name=\"b\"><\/a>B<\/span><\/h3>\n<p><span id=\"gts_text_16\" class=\"gts_text\"><a class=\" gts_attribute gts_attribute_3_title\" title=\"La baleine bleue \u2013 le plus grand animal l\u00e0 \u00e9tait jamais !\" href=\"http:\/\/www.big-animals.com\/fr\/le-bleu-baleine-le-grand-animal-la-jamais-etait\/\">Baleine bleue<\/a> &#8211; le plus grand animal<br \/>\n<\/span><\/p>\n<p><span id=\"gts_text_17\" class=\"gts_text\">~~<a href=\"#top\">haut de la page<\/a> ~~<\/span><\/p>\n<h3><span id=\"gts_text_18\" class=\"gts_text\"><a name=\"c\"><\/a>C<\/span><\/h3>\n<p><a title=\"Caecilian Thompsoni\" href=\"http:\/\/www.big-animals.com\/caecilian-thompsoni\/\"><em>Caecilia Thompsoni<\/em><\/a> &#8211; le plus grand caecilia du monde<br \/>\nCalmar de l&#8221;Antarctique &#8211; voir le <a title=\"Calmar colossal\" href=\"http:\/\/www.big-animals.com\/fr\/colossal-calmar\/\">calmar colossal<\/a><br \/>\n<span id=\"gts_text_20\" class=\"gts_text\"><a title=\"Calmar colossal\" href=\"http:\/\/www.big-animals.com\/fr\/colossal-calmar\/\">Calmar colossal<\/a> &#8211; le plus grand mollusque, le plus grand invert\u00e9br\u00e9<br \/>\n<a class=\" gts_attribute gts_attribute_5_title\" title=\"Capybara\" href=\"http:\/\/www.big-animals.com\/fr\/capybara\/\">Capybara<\/a> &#8211; le plus grand rongeur du monde<br \/>\n<\/span><a title=\"Courlis cendr\u00e9 d\u2019Extr\u00eame-Orient\" href=\"http:\/\/www.big-animals.com\/fr\/loin-oriental-courlis-cendre\/\">Courlis de Sib\u00e9rie<\/a> &#8211; le plus grand \u00e9chassier<br \/>\n<span id=\"gts_text_23\" class=\"gts_text\"><a title=\"L\u2019araign\u00e9e de mer japonaise\" href=\"http:\/\/www.big-animals.com\/fr\/le-japonais-araignee-crabe-le-monde-grand-arthropode\/\">Crabe-araign\u00e9e du Japon<\/a> &#8211; le plus grands arthropode et crustac\u00e9<br \/>\n<a title=\"Les plus grands arthropodes du monde !\" href=\"http:\/\/www.big-animals.com\/fr\/les-plus-grands-arthropodes-du-monde\/\">Crabe de cocotier<\/a> &#8211; le plus grands arthropode et crustac\u00e9 terrestre<\/span><br \/>\n<span id=\"gts_text_25\" class=\"gts_text\"><a title=\"Le crocodile d\u2019eau de mer \u2013 le plus grand reptile de Word\" href=\"http:\/\/www.big-animals.com\/fr\/le-eau-de-mer-crocodile-le-mot-grand-reptile\/\">Crocodile marin<\/a> &#8211; le plus grand reptile<br \/>\n<\/span><span id=\"gts_text_26\" class=\"gts_text\"><a title=\"Cygne de trompettiste\" href=\"http:\/\/www.big-animals.com\/fr\/trompettiste-cygne\/\">Cygne de trompette<\/a> &#8211; le plus grand oiseau aquatique<br \/>\n<\/span><span id=\"gts_text_26\" class=\"gts_text\"><br \/>\n<\/span><span id=\"gts_text_29\" class=\"gts_text\">~~\u00a0<a href=\"#top\">haut de la page<\/a> ~~<\/span><\/p>\n<h3><span id=\"gts_text_30\" class=\"gts_text\"><a name=\"d\"><\/a>D<\/span><\/h3>\n<p><a title=\"La Dinde Sauvage Nord-Am\u00e9ricaine\" href=\"http:\/\/www.big-animals.com\/fr\/nord-americain-sauvage-dinde\/\">Dindon sauvage d&#8217;Am\u00e9rique du Nord<\/a> &#8211; le plus grand gallinac\u00e9<br \/>\n<span id=\"gts_text_31\" class=\"gts_text\"><a style=\"font-style: italic\" title=\"Le Diprotodon \u2013 Le Plus Grand Marsupial du Monde!\" href=\"http:\/\/www.big-animals.com\/fr\/le-diprotodon-le-grand-jamais-marsupial\/\">Diprotodon<\/a> &#8211; le plus grand marsupial de tous les temps\u00a0<\/span><br \/>\n<a title=\"Dragon de Komodo\" href=\"http:\/\/www.big-animals.com\/komodo-dragon\/\">Dragon de Komodo<\/a> &#8211; le plus grand l\u00e9zard<br \/>\n<span id=\"gts_text_32\" class=\"gts_text\"><a class=\" gts_attribute gts_attribute_10_title\" title=\"Dronte\" href=\"http:\/\/www.big-animals.com\/fr\/dronte\/\">Dronte<\/a> &#8211; le plus grand colomban\u00e9 qui ait jamais exist\u00e9\u00a0<\/span><\/p>\n<p><span id=\"gts_text_33\" class=\"gts_text\">~~<a href=\"#top\">haut de la page<\/a> ~~<\/span><\/p>\n<h3><span id=\"gts_text_34\" class=\"gts_text\"><a name=\"e\"><\/a>E<\/span><\/h3>\n<p><a title=\"Echidn\u00e9 occidental \u00e0 nez long\" href=\"http:\/\/www.big-animals.com\/fr\/achidna-occidental-a-nez-long\/\">Echidn\u00e9e \u00e0 longue trompe<\/a> &#8211; le plus grand monotr\u00e8me<br \/>\n<a title=\"Joint d\u2019\u00e9l\u00e9phant du sud\" href=\"http:\/\/www.big-animals.com\/fr\/du-sud-elephant-joint\/\">El\u00e9phant de mer du sud<\/a> &#8211; le plus grand carnivore<br \/>\n<a title=\"\u00c9l\u00e9phant de Bush d\u2019Africain \u2013 le plus grand animal de terre du monde !\" href=\"http:\/\/www.big-animals.com\/fr\/le-africain-bush-elephant-le-monde-grand-terre-animal\/\">\u00c9l\u00e9phant de savane d&#8217;Afrique<\/a> &#8211; l&#8217;animal terrestre le plus lourd<br \/>\n<a title=\"Les plus grands vers de velours du monde !\" href=\"http:\/\/www.big-animals.com\/fr\/le-monde-grand-velours-vers\/\">Esp\u00e8ce anonyme de ver velours<\/a> &#8211; le plus grand ver velours<br \/>\n<span id=\"gts_text_35\" class=\"gts_text\"><a title=\"Les plus grands \u00e9chinodermes du monde !\" href=\"http:\/\/www.big-animals.com\/fr\/le-monde-grand-echinodermes\/\">\u00c9toile de mer de Catala<\/a> &#8211; l&#8217;\u00e9chinoderme le plus lourd et l&#8217;\u00e9toile de mer la plus lourde<br \/>\n<\/span><span id=\"gts_text_38\" class=\"gts_text\"><\/span><\/p>\n<p><span id=\"gts_text_38\" class=\"gts_text\">~~\u00a0<a href=\"#top\">haut de la page<\/a> ~~<\/span><\/p>\n<h3><span id=\"gts_text_39\" class=\"gts_text\"><a name=\"f\"><\/a>F<\/span><\/h3>\n<p><span id=\"gts_text_41\" class=\"gts_text\"><a title=\"Flamants\" href=\"http:\/\/www.big-animals.com\/fr\/flamants\/\">Flamant rose<\/a> &#8211; le plus grand flamant<br \/>\n<\/span><\/p>\n<p><span id=\"gts_text_41\" class=\"gts_text\">~~<a href=\"#top\">haut de la page<\/a> ~~<\/span><\/p>\n<h3><span id=\"gts_text_42\" class=\"gts_text\"><a name=\"g\"><\/a>G<\/span><\/h3>\n<p><span id=\"gts_text_49\" class=\"gts_text\"><a class=\" gts_attribute gts_attribute_16_title\" title=\"Gigantopithecus\" href=\"http:\/\/www.big-animals.com\/fr\/gigantopithecus\/\">Gigantopith\u00e8que<\/a> &#8211; le plus grand primate qui ait jamais\u00a0exist\u00e9<\/span><br \/>\n<span id=\"gts_text_50\" class=\"gts_text\"><a title=\"La girafe \u2013 l\u2019animal le plus grand du monde !\" href=\"http:\/\/www.big-animals.com\/fr\/le-girafe-le-monde-grand-animal\/\">Girafe<\/a> &#8211; l&#8217;animal terrestre\u00a0le plus haut<\/span><br \/>\n<span id=\"gts_text_51\" class=\"gts_text\"><a title=\"Gorille de montagne\" href=\"http:\/\/www.big-animals.com\/fr\/montagne-gorille\/\">Gorille de montagne<\/a> &#8211; le plus grand primate<br \/>\n<a title=\"Anaconda vert\" href=\"http:\/\/www.big-animals.com\/fr\/vert-anaconda\/\">Grand anaconda<\/a> &#8211; le serpent le plus lourd<br \/>\n<\/span><span id=\"gts_text_54\" class=\"gts_text\"><a title=\"Grenouille de Goliath\" href=\"http:\/\/www.big-animals.com\/fr\/goliath-grenouille\/\">Grenouille Goliath<\/a> &#8211; la plus grande grenouille<\/span><\/p>\n<p><span id=\"gts_text_58\" class=\"gts_text\">~~<a href=\"#top\">haut de la page<\/a> ~~<\/span><\/p>\n<h3><span id=\"gts_text_59\" class=\"gts_text\"><a name=\"h\"><\/a>H<\/span><\/h3>\n<p><span id=\"gts_text_60\" class=\"gts_text\"><a title=\"Duc d\u2019Eurasien\" href=\"http:\/\/www.big-animals.com\/fr\/eurasien-eagle-hibou\/\">Hibou grand-duc<\/a> &#8211; le plus grand hibou<br \/>\n<a class=\" gts_attribute gts_attribute_19_title\" title=\"Hippopotame\" href=\"http:\/\/www.big-animals.com\/fr\/hippopotame\/\">Hippopotame<\/a> &#8211; l&#8217;ongul\u00e9 \u00e0 nombre de doigts pair le plus lourd<br \/>\n<\/span><a title=\"Le homard am\u00e9ricain \u2013 l\u2019arthropode le plus lourd du monde\" href=\"http:\/\/www.big-animals.com\/fr\/le-americain-homard-le-monde-lourd-arthropode\/\">Homard am\u00e9ricain<\/a> &#8211; l&#8217;arthropode et crustac\u00e9 le plus lourd<\/p>\n<p><span id=\"gts_text_62\" class=\"gts_text\">~~\u00a0<a href=\"#top\">haut de la page<\/a> ~~<\/span><\/p>\n<h3><span id=\"gts_text_63\" class=\"gts_text\"><a name=\"i\"><\/a>I<\/span><\/h3>\n<p><span id=\"gts_text_64\" class=\"gts_text\">~~\u00a0<a href=\"#top\">haut de la page<\/a> ~~<\/span><\/p>\n<h3><span id=\"gts_text_65\" class=\"gts_text\"><a name=\"j\"><\/a>J<\/span><\/h3>\n<p><span id=\"gts_text_67\" class=\"gts_text\"><a class=\" gts_attribute gts_attribute_21_title\" title=\"Josephoartigasia Monesi\" href=\"http:\/\/www.big-animals.com\/josephoartigasia-monesi\/\"><em>Josephoartigasia monesi<\/em><\/a> &#8211; le plus grand rongeur de tous les temps<\/span><\/p>\n<p><span id=\"gts_text_68\" class=\"gts_text\">~~\u00a0<a href=\"#top\">haut de la page<\/a> ~~<\/span><\/p>\n<h3><span id=\"gts_text_69\" class=\"gts_text\"><a name=\"k\"><\/a>K<\/span><\/h3>\n<p><span id=\"gts_text_70\" class=\"gts_text\"><a class=\" gts_attribute gts_attribute_22_title\" title=\"Perroquets\" href=\"http:\/\/www.big-animals.com\/fr\/perroquets\/\">Kakapo<\/a> &#8211; le perroquet le plus lourd<\/span><br \/>\n<a title=\"Le kangourou rouge \u2013 le plus grand marsupial du monde !\" href=\"http:\/\/www.big-animals.com\/fr\/le-rouge-kangourou-le-monde-grand-marsupial\/\">Kangourou roux<\/a> &#8211; le plus grand marsupial<\/p>\n<p><span id=\"gts_text_74\" class=\"gts_text\">~~ <a href=\"#top\">haut de la page<\/a>~~<\/span><\/p>\n<h3><span id=\"gts_text_75\" class=\"gts_text\"><a name=\"l\"><\/a>L<\/span><\/h3>\n<p><span id=\"gts_text_77\" class=\"gts_text\"><a style=\"font-style: italic\" title=\"Leedsichthys Problematicus \u2013 le plus grand poisson l\u00e0 \u00e9tait jamais !\" href=\"http:\/\/www.big-animals.com\/fr\/leedsichthys-problematicus-le-grand-poisson-la-jamais-etait\/\">Leedsichthys<\/a> &#8211; le plus grand poisson de tous les temps<br \/>\n<\/span><br \/>\n<span id=\"gts_text_79\" class=\"gts_text\">~~\u00a0<a href=\"#top\">haut de la page<\/a> ~~<\/span><\/p>\n<h3><span id=\"gts_text_80\" class=\"gts_text\"><a name=\"m\"><\/a>M<\/span><\/h3>\n<p><span id=\"gts_text_81\" class=\"gts_text\"><a title=\"Manchot Empereur\" href=\"http:\/\/www.big-animals.com\/fr\/empereur-manchot\/\">Manchot empereur<\/a> &#8211; le plus grand\u00a0sphenisciforme<br \/>\n<\/span><span id=\"gts_text_82\" class=\"gts_text\"><em><a class=\" gts_attribute gts_attribute_26_title\" title=\"Megalania\" href=\"http:\/\/www.big-animals.com\/fr\/megalania\/\">Megalania<\/a> <\/em>&#8211; le plus grand l\u00e9zard terrestre de tous les temps<\/span><br \/>\n<a title=\"Le M\u00e9galodon \u2013 Le plus grand requin qui ait exist\u00e9\" href=\"http:\/\/www.big-animals.com\/fr\/le-megalodon-le-plus-grand-requin-qui-ait-existe\/\"><span id=\"gts_text_83\" class=\"gts_text\">M\u00e9galodon<\/span><\/a> &#8211; le plus grand requin de tous les temps<br \/>\n<span id=\"gts_text_85\" class=\"gts_text\"><a style=\"font-style: italic\" title=\"Midgardia Xandaros \u2013 la plus grande \u00e9toile de mer du monde\" href=\"http:\/\/www.big-animals.com\/fr\/midgardia-xandaros-le-monde-grand-etoiles-de-mer\/\">Midgardia xandaras<\/a> &#8211; l&#8217;\u00e9toile de mer et l&#8217;\u00e9chinoderme avec les plus longs bras (pas le plus lourd)<\/span><br \/>\n<a title=\"La mite d\u2019atlas \u2013 la plus grande mite du monde !\" href=\"http:\/\/www.big-animals.com\/fr\/le-atlas-mite-le-monde-grand-mite\/\">Mite de l&#8217;Atlas<\/a> &#8211; la plus grande mite et l&#8217;insecte dot\u00e9 des plus grandes ailes<br \/>\n<a title=\"Le MOA g\u00e9ant \u2013 l\u2019oiseau le plus grand l\u00e0 \u00e9tait jamais !\" href=\"http:\/\/www.big-animals.com\/fr\/le-geant-moa-le-grand-oiseau-la-jamais-etait\/\">Moa g\u00e9ant<\/a> &#8211; le plus grand oiseau de tous les temps<br \/>\n<a title=\"L'araign\u00e9e Goliath Mangeuse d'Oiseaux\" href=\"http:\/\/www.big-animals.com\/fr\/laraignee-goliath-mangeuse-doiseaux-la-plus-grande-araignee-du-monde\/\">Mygale de Leblond<\/a> &#8211; la plus grande araign\u00e9e<\/p>\n<p><span id=\"gts_text_87\" class=\"gts_text\">~~\u00a0<a href=\"#top\">haut de la page<\/a> ~~<\/span><\/p>\n<h3><span id=\"gts_text_88\" class=\"gts_text\"><a name=\"n\"><\/a>N<\/span><\/h3>\n<p><span id=\"gts_text_90\" class=\"gts_text\">~~\u00a0<a href=\"#top\">haut de la page<\/a> ~~<\/span><\/p>\n<h3><span id=\"gts_text_91\" class=\"gts_text\"><a name=\"o\"><\/a>O<\/span><\/h3>\n<p><a title=\"Courlis cendr\u00e9 en pierre de plage\" href=\"http:\/\/www.big-animals.com\/fr\/plage-pierre-courlis-cendre\/\">Oedicn\u00e8me des r\u00e9cifs<\/a> &#8211; l&#8217;\u00e9chassier le plus lourd<br \/>\n<a title=\"Oiseau-El\u00e9phant\" href=\"http:\/\/www.big-animals.com\/fr\/alaphant-oiseau-2\/\">Oiseau-\u00e9l\u00e9phant<\/a> &#8211; le plus lourd oiseau\u00a0de tous les temps<br \/>\n<a title=\"Hibou g\u00e9ant cubain\" href=\"http:\/\/www.big-animals.com\/fr\/cubain-geant-hibou\/\"><em>Ornimegalonyx<\/em> <\/a>&#8211; le plus grand hibou\u00a0de tous les temps<br \/>\n<a title=\"Ours blanc\" href=\"http:\/\/www.big-animals.com\/fr\/polaire-ours\/\">Ours blanc<\/a> &#8211; le plus grand carnivore\u00a0terrestre<br \/>\nOutarde de Kori &#8211; l&#8217;oiseau capable de voler le plus lourd<\/p>\n<p><span id=\"gts_text_94\" class=\"gts_text\">~~\u00a0<a href=\"#top\">haut de la page<\/a> ~~<\/span><\/p>\n<h3><span id=\"gts_text_95\" class=\"gts_text\"><a name=\"p\"><\/a>P<\/span><\/h3>\n<p><a title=\"Peafowl vert\" href=\"http:\/\/www.big-animals.com\/fr\/vert-peafowl\/\">Paon spicif\u00e8re<\/a> &#8211; le gallinac\u00e9 avec la plus grande envergure<br \/>\nPerroquet de hibou &#8211; voir le <a href=\"#k\">Kakapo<\/a><br \/>\n<a title=\"Le petit g\u00e9ant Weta (Wetapunga) d\u2019\u00eele de barri\u00e8re\" href=\"http:\/\/www.big-animals.com\/fr\/le-petit-barriere-ile-geant-weta-wetapunga-le-monde-grand-insecte\/\">Peu de g\u00e9ant Weta<\/a> &#8211; le plus grand insecte adulte d&#8217;<a href=\"\/Wetapunga.html\">\u00eele de barri\u00e8re<\/a><br \/>\n<a title=\"Pigeons couronn\u00e9s\" href=\"http:\/\/www.big-animals.com\/fr\/couronner-pigeons\/\">Pigeon couronn\u00e9<\/a> &#8211; le plus grand pigeon arbre-vivant<br \/>\n<a title=\"Pigeon imp\u00e9rial de Marquesan\" href=\"http:\/\/www.big-animals.com\/fr\/marquesan-imperial-pigeon\/\">Pigeon imp\u00e9rial de Marquesan<\/a> &#8211; le plus grand pigeon<br \/>\n<a title=\"Le python r\u00e9ticul\u00e9\" href=\"http:\/\/www.big-animals.com\/fr\/le-reticule-python\/\">Python r\u00e9ticul\u00e9<\/a> &#8211; le plus long serpent<br \/>\nPython r\u00e9ticul\u00e9 asiatique &#8211; voir le <a title=\"Le python r\u00e9ticul\u00e9\" href=\"http:\/\/www.big-animals.com\/fr\/le-reticule-python\/\">python r\u00e9ticul\u00e9<\/a><\/p>\n<p><span id=\"gts_text_97\" class=\"gts_text\">~~\u00a0<a href=\"#top\">haut de la page<\/a> ~~<\/span><\/p>\n<h3><span id=\"gts_text_98\" class=\"gts_text\"><a name=\"q\"><\/a>Q<\/span><\/h3>\n<p><span id=\"gts_text_99\" class=\"gts_text\">~~\u00a0<a href=\"#top\">haut de la page<\/a> ~~<\/span><\/p>\n<h3><span id=\"gts_text_100\" class=\"gts_text\"><a name=\"r\"><\/a>R<\/span><\/h3>\n<p><span id=\"gts_text_103\" class=\"gts_text\"><a href=\"#g\">Renard volant des Philippines<\/a>\u00a0&#8211; la plus grande chauve-souris<br \/>\n<a title=\"Le requin-baleine\" href=\"http:\/\/www.big-animals.com\/fr\/le-requin-baleine-le-plus-grand-poisson-du-monde\/\">Requin-baleine<\/a> &#8211; le plus grand poisson<br \/>\n<a title=\"Rhinoc\u00e9ros blanc\" href=\"http:\/\/www.big-animals.com\/fr\/blanc-rhinoceros\/\">Rhinoc\u00e9ros blanc<\/a> &#8211; le plus grand animal de terre ongul\u00e9 et quatri\u00e8mement plus grand impair-bott\u00e9 avec la pointe du pied<br \/>\nRhinoc\u00e9ros Place-Labi\u00e9 &#8211; voir le <a href=\"#w\">rhinoc\u00e9ros blanc<\/a><\/span><span id=\"gts_text_103\" class=\"gts_text\"><br \/>\n<a title=\"Le Roi cobra\" href=\"http:\/\/www.big-animals.com\/fr\/le-roi-cobra\/\">Roi cobra<\/a> &#8211; le plus grand serpent venimeux<br \/>\n<\/span><\/p>\n<p><span id=\"gts_text_104\" class=\"gts_text\">~~\u00a0<a href=\"#top\">haut de la page<\/a> ~~<\/span><\/p>\n<h3><span id=\"gts_text_105\" class=\"gts_text\"><a name=\"s\"><\/a>S<\/span><\/h3>\n<p><span id=\"gts_text_106\" class=\"gts_text\"><a title=\"Salamandre g\u00e9ante chinoise\" href=\"http:\/\/www.big-animals.com\/fr\/chinois-geant-salamandre\/\">Salamandre g\u00e9ante chinoise<\/a> &#8211; le plus grand amphibie du monde<br \/>\n<\/span><span id=\"gts_text_107\" class=\"gts_text\"><a href=\"\/Goliath-Beetle.html\">Scarab\u00e9e de Goliath<\/a> &#8211; l&#8217;insecte le plus lourd<br \/>\n<a title=\"Tuatara\" href=\"http:\/\/www.big-animals.com\/fr\/tuatara\/\">Sph\u00e9nodon guntheri du d\u00e9troit de Cook<\/a> &#8211; le plus grand Sph\u00e9nodon<\/span><br \/>\n<span id=\"gts_text_109\" class=\"gts_text\">~~\u00a0<a href=\"#top\">haut de la page<\/a> ~~<\/span><\/p>\n<h3><span id=\"gts_text_110\" class=\"gts_text\"><a name=\"t\"><\/a>T<\/span><\/h3>\n<p><span id=\"gts_text_112\" class=\"gts_text\"><a title=\"Titanoboa \u2013 le plus grand jamais serpent\" href=\"http:\/\/www.big-animals.com\/fr\/titanoboa-le-grand-jamais-serpent\/\">Titanoboa<\/a> &#8211; le plus grand serpent qui ait jamais\u00a0exist\u00e9<\/span><br \/>\n<a title=\"Tortue de Gal\u00e1pagos\" href=\"http:\/\/www.big-animals.com\/fr\/galapagos-tortue\/\">Tortue de Gal\u00e1pagos<\/a> ou tortue g\u00e9ante de Gal\u00e1pagos &#8211; la plus grande tortue<br \/>\n<span id=\"gts_text_115\" class=\"gts_text\"><a title=\"Tortue de mer de Leatherback\" href=\"http:\/\/www.big-animals.com\/fr\/leatherback-mer-tortue\/\">Tortue de mer de Leatherback<\/a> &#8211; la plus grande tortue<br \/>\n<a title=\"Trichoplax Adhaerens \u2013 le monde plus grand \u2013 et seulement \u2013 Placozoan\" href=\"http:\/\/www.big-animals.com\/fr\/trichoplax-adhaerens-le-monde-grand-et-seulement-placozoan\/\">Trichoplax Adhaerens<\/a> &#8211; le plus grand (et le seul) Placozoan<br \/>\n<a class=\" gts_attribute gts_attribute_32_title\" title=\"Tylosaurus\" href=\"http:\/\/www.big-animals.com\/fr\/tylosaurus\/\">Tylosaurus<\/a> &#8211; le plus grand jamais l\u00e9zard, le plus grand reptile toujours marin<\/span><\/p>\n<p><span id=\"gts_text_116\" class=\"gts_text\">~~\u00a0<a href=\"#top\">haut de la page<\/a> ~~<\/span><\/p>\n<h3><span id=\"gts_text_117\" class=\"gts_text\"><a name=\"u\"><\/a>U<\/span><\/h3>\n<p><span id=\"gts_text_119\" class=\"gts_text\">~~ <a href=\"#top\">haut de la page<\/a>~~<\/span><\/p>\n<h3><span id=\"gts_text_120\" class=\"gts_text\"><a name=\"v\"><\/a>V<\/span><\/h3>\n<p><span id=\"gts_text_121\" class=\"gts_text\">Ver de velours g\u00e9ant &#8211; voir les <a href=\"#u\">esp\u00e8ces anonymes du ver de velours<\/a><\/span><\/p>\n<p>~~\u00a0<a href=\"#top\">haut de la page<\/a> ~~<\/p>\n<h3><span id=\"gts_text_122\" class=\"gts_text\"><a name=\"w\"><\/a>W<\/span><\/h3>\n<p><span id=\"gts_text_123\" class=\"gts_text\">Wetapunga &#8211; voir le <a href=\"#l\">peu de g\u00e9ant Weta d&#8217;\u00eele de barri\u00e8re<\/a><\/span><\/p>\n<p><span id=\"gts_text_123\" class=\"gts_text\"><br \/>\n<\/span><span id=\"gts_text_129\" class=\"gts_text\">~~\u00a0<a href=\"#top\">haut de la page<\/a> ~~<\/span><\/p>\n<h3><span id=\"gts_text_130\" class=\"gts_text\"><a name=\"x\"><\/a>X<\/span><\/h3>\n<p><span id=\"gts_text_131\" class=\"gts_text\">~~\u00a0<a href=\"#top\">haut de la page<\/a> ~~<\/span><\/p>\n<h3><span id=\"gts_text_132\" class=\"gts_text\"><a name=\"y\"><\/a>Y<\/span><\/h3>\n<p><span id=\"gts_text_133\" class=\"gts_text\">~~\u00a0<a href=\"#top\">haut de la page<\/a> ~~<\/span><\/p>\n<h3><span id=\"gts_text_134\" class=\"gts_text\"><a name=\"z\"><\/a>Z<\/span><\/h3>\n<p><span id=\"gts_text_135\" class=\"gts_text\">~~\u00a0<a href=\"#top\">haut de la page<\/a> ~~<\/span><\/p>\n","protected":false},"excerpt":{"rendered":"<p>Sur cette page vous trouverez la liste alphab\u00e9tique de tous les animaux pr\u00e9sents sur ce site. Recherchez votre animal g\u00e9ant pr\u00e9f\u00e9r\u00e9, et voyez ce qui le rend si sp\u00e9cial! A B C D E F G H I J K L M N O P Q R S T U V W{24}X{\/24}{25}Y{\/25}{26}Z{\/26} A Albatros\u00a0hurleur &#8211; &hellip; <a href=\"https:\/\/www.big-animals.com\/fr\/une-liste-alphabetique-des-plus-gros-animaux-du-monde\/\" class=\"more-link\">Continue reading <span class=\"screen-reader-text\">Une liste alphab\u00e9tique des plus grands animaux du monde<\/span><\/a><\/p>\n","protected":false},"author":1,"featured_media":0,"parent":0,"menu_order":0,"comment_status":"closed","ping_status":"open","template":"","meta":{"_acf_changed":false,"footnotes":""},"acf":[],"_links":{"self":[{"href":"https:\/\/www.big-animals.com\/fr\/wp-json\/wp\/v2\/pages\/5"}],"collection":[{"href":"https:\/\/www.big-animals.com\/fr\/wp-json\/wp\/v2\/pages"}],"about":[{"href":"https:\/\/www.big-animals.com\/fr\/wp-json\/wp\/v2\/types\/page"}],"author":[{"embeddable":true,"href":"https:\/\/www.big-animals.com\/fr\/wp-json\/wp\/v2\/users\/1"}],"replies":[{"embeddable":true,"href":"https:\/\/www.big-animals.com\/fr\/wp-json\/wp\/v2\/comments?post=5"}],"version-history":[{"count":9,"href":"https:\/\/www.big-animals.com\/fr\/wp-json\/wp\/v2\/pages\/5\/revisions"}],"predecessor-version":[{"id":496,"href":"https:\/\/www.big-animals.com\/fr\/wp-json\/wp\/v2\/pages\/5\/revisions\/496"}],"wp:attachment":[{"href":"https:\/\/www.big-animals.com\/fr\/wp-json\/wp\/v2\/media?parent=5"}],"curies":[{"name":"wp","href":"https:\/\/api.w.org\/{rel}","templated":true}]}}