{"id":50,"date":"2011-05-09T09:27:34","date_gmt":"2011-05-09T09:27:34","guid":{"rendered":""},"modified":"2015-07-06T14:58:16","modified_gmt":"2015-07-06T14:58:16","slug":"le-geant-moa-le-grand-oiseau-la-jamais-etait","status":"publish","type":"page","link":"https:\/\/www.big-animals.com\/fr\/le-geant-moa-le-grand-oiseau-la-jamais-etait\/","title":{"rendered":"Le MOA g\u00e9ant &#8211; l&#8217;oiseau le plus grand ayant jamais exist\u00e9 !"},"content":{"rendered":"<h3><span id=\"gts_text_1\" class=\"gts_text\">Le MOA g\u00e9ant est \u00e9teint<\/span><\/h3>\n<p><span id=\"gts_text_2\" class=\"gts_text\">Le plus grand\u00a0<a href=\"http:\/\/www.big-animals.com\/fr\/le-monde-grand-oiseaux\/\" target=\"_blank\">oiseau<\/a>\u00a0ayant\u00a0jamais exist\u00e9 est le MOA g\u00e9ant de Nouvelle-Z\u00e9lande.<\/span>\u00a0Certains<span id=\"gts_text_3\" class=\"gts_text\">\u00a0scientifiques pensent qu&#8217;il ressemblait \u00e0 une tr\u00e8s grande autruche, d&#8217;autres pensent qu&#8217;il ne\u00a0marchait probablement pas avec le cou redress\u00e9.<\/span> <span id=\"gts_text_4\" class=\"gts_text\">S&#8217;ils marchaient comme une autruche, les femelles auraient mesur\u00e9es\u00a0environ trois m\u00e8tres (10 pieds) de haut\u00a0(les m\u00e2les \u00e9taient plus petits). Malheureusement, personne ne sait \u00e0 coup s\u00fbr &#8211; le dernier MOA g\u00e9ant est mort, il y a environ 500 ans.<\/span><\/p>\n<p><span id=\"gts_text_4\" class=\"gts_text\"><img loading=\"lazy\" decoding=\"async\" title=\"un humain typique \u00e0 c\u00f4t\u00e9 d'un MOA g\u00e9ant typique\" src=\"http:\/\/ba.dr-mikes-maths.com\/\/wp-content\/themes\/twentyten\/images\/ba\/giant-moa-and-human.png\" alt=\"une image montrant les tailles relatives d'un MOA humain et g\u00e9ant\" width=\"243\" height=\"283\" \/> <\/span><\/p>\n<p>&nbsp;<\/p>\n<h3><span id=\"gts_text_6\" class=\"gts_text\">Les moas de Nouvelle-Z\u00e9lande<\/span><\/h3>\n<p><span id=\"gts_text_7\" class=\"gts_text\">Les Moas \u00e9taient un groupe d&#8217;oiseaux, qui habitaient\u00a0en Nouvelle-Z\u00e9lande.<\/span> <span id=\"gts_text_8\" class=\"gts_text\">Le Moa g\u00e9ant \u00e9tait le plus grand Moa, le plus petit \u00e9tait \u00e0 peu pr\u00e8s\u00a0de la taille d&#8217;une dinde.<\/span> <span id=\"gts_text_9\" class=\"gts_text\">Le Moa g\u00e9ant vivaient\u00a0dans les for\u00eats.<\/span>\u00a0Il<span id=\"gts_text_10\" class=\"gts_text\">s \u00e9taient si grands qu&#8217;avant l&#8217;arriv\u00e9e des hommes, ils n&#8217;avaient qu&#8217;un seul pr\u00e9dateur\u00a0&#8211; un aigle g\u00e9ant appel\u00e9 l&#8217;aigle de Haast.<\/span> <span id=\"gts_text_11\" class=\"gts_text\">Malheureusement, un si grand oiseau repr\u00e9sentait une\u00a0tr\u00e8s bonne proie pour un chasseur avec une famille affam\u00e9e.\u00a0De plus<\/span><span id=\"gts_text_12\" class=\"gts_text\">, les premiers n\u00e9o z\u00e9landais\u00a0ont\u00a0commenc\u00e9 \u00e0 d\u00e9fricher la for\u00eat pour installer\u00a0des fermes, le Moa g\u00e9ant a donc eu de moins en moins d&#8217;espace pour\u00a0vivre.<\/span><\/p>\n<h3><span id=\"gts_text_13\" class=\"gts_text\">G\u00e9n\u00e9ralit\u00e9s sur le\u00a0Moa g\u00e9ant<\/span><\/h3>\n<p><span id=\"gts_text_14\" class=\"gts_text\">Les Moas appartenaient \u00e0 un groupe d&#8217;oiseaux appel\u00e9s <a title=\"Ratites\" href=\"http:\/\/www.big-animals.com\/ratites\/\"><span style=\"font-style: italic\">Ratites<\/span><\/a>, qui incluent les \u00e9meus, les autruches, et le kiwi.<\/span> <span id=\"gts_text_15\" class=\"gts_text\">Leur sternum d\u00e9pourvu de br\u00e9chet est\u00a0plat comme un radeau (le mot\u00a0<span style=\"font-style: italic\">Ratite\u00a0<\/span>vient du mot latin pour radeau).<\/span> <span id=\"gts_text_16\" class=\"gts_text\">Ceci signifie que les muscles des\u00a0ailes d&#8217;un ratite ne seraient pas assez forts pour l&#8217;aider \u00e0\u00a0voler, m\u00eame si leurs ailes \u00e9taient grandes et leur corps\u00a0tr\u00e8s petit.<\/span> <span id=\"gts_text_17\" class=\"gts_text\">En fait, le Moa g\u00e9ant semblait n&#8217;avoir pas\u00a0d&#8217;aile du tout !<\/span><\/p>\n<p><span id=\"gts_text_18\" class=\"gts_text\">Ainsi le MOA g\u00e9ant, parce que c&#8217;\u00e9tait l&#8217;oiseau le plus grand de tous les temps, c&#8217;\u00e9tait \u00e9galement le Ratite le plus grand de tous les temps, et le Moa le plus grand de tous les temps ! L&#8217;oiseau le plus lourd de tous les temps (l&#8217;<a title=\"Oiseau d'\u00e9l\u00e9phant\" href=\"http:\/\/www.big-animals.com\/fr\/alaphant-oiseau-2\/\" target=\"_blank\">oiseau \u00e9l\u00e9phant<\/a>), et l&#8217;oiseau le plus grand et le plus lourd vivant aujourd&#8217;hui (l&#8217;<a href=\"http:\/\/www.big-animals.com\/fr\/le-autruche-le-monde-grand-oiseau\/\" target=\"_blank\">autruche<\/a>) sont aussi des Ratites &#8211; vraiment un groupe d&#8217;oiseaux extraordinaire\u00a0!<\/span><\/p>\n<h3><span id=\"gts_text_19\" class=\"gts_text\">Images de Moa g\u00e9ant<\/span><\/h3>\n<p><span id=\"gts_text_20\" class=\"gts_text\">Malheureusement, parce qu&#8217;ils ont disparus, personne ne sait\u00a0exactement \u00e0 quoi\u00a0ressemblait un Moa g\u00e9ant.<\/span> <span id=\"gts_text_21\" class=\"gts_text\">Vous pouvez voir leurs os dans quelques mus\u00e9es, et les artistes ont fait des conjectures et dessin\u00e9s quelques images.<\/span> <span id=\"gts_text_22\" class=\"gts_text\"><a href=\"http:\/\/images.google.com.au\/images?q=Giant+Moa\" target=\"_blank\">Une recherche d&#8217;image avec google<\/a> te montrera beaucoup d&#8217;exemples !<\/span><\/p>\n","protected":false},"excerpt":{"rendered":"<p>Le MOA g\u00e9ant est \u00e9teint Le plus grand\u00a0oiseau\u00a0ayant\u00a0jamais exist\u00e9 est le MOA g\u00e9ant de Nouvelle-Z\u00e9lande.\u00a0Certains\u00a0scientifiques pensent qu&#8217;il ressemblait \u00e0 une tr\u00e8s grande autruche, d&#8217;autres pensent qu&#8217;il ne\u00a0marchait probablement pas avec le cou redress\u00e9. S&#8217;ils marchaient comme une autruche, les femelles auraient mesur\u00e9es\u00a0environ trois m\u00e8tres (10 pieds) de haut\u00a0(les m\u00e2les \u00e9taient plus petits). Malheureusement, personne ne &hellip; <a href=\"https:\/\/www.big-animals.com\/fr\/le-geant-moa-le-grand-oiseau-la-jamais-etait\/\" class=\"more-link\">Continue reading <span class=\"screen-reader-text\">Le MOA g\u00e9ant &#8211; l&#8217;oiseau le plus grand ayant jamais exist\u00e9 !<\/span><\/a><\/p>\n","protected":false},"author":1,"featured_media":0,"parent":0,"menu_order":0,"comment_status":"closed","ping_status":"open","template":"","meta":{"_acf_changed":false,"footnotes":""},"acf":[],"_links":{"self":[{"href":"https:\/\/www.big-animals.com\/fr\/wp-json\/wp\/v2\/pages\/50"}],"collection":[{"href":"https:\/\/www.big-animals.com\/fr\/wp-json\/wp\/v2\/pages"}],"about":[{"href":"https:\/\/www.big-animals.com\/fr\/wp-json\/wp\/v2\/types\/page"}],"author":[{"embeddable":true,"href":"https:\/\/www.big-animals.com\/fr\/wp-json\/wp\/v2\/users\/1"}],"replies":[{"embeddable":true,"href":"https:\/\/www.big-animals.com\/fr\/wp-json\/wp\/v2\/comments?post=50"}],"version-history":[{"count":3,"href":"https:\/\/www.big-animals.com\/fr\/wp-json\/wp\/v2\/pages\/50\/revisions"}],"predecessor-version":[{"id":553,"href":"https:\/\/www.big-animals.com\/fr\/wp-json\/wp\/v2\/pages\/50\/revisions\/553"}],"wp:attachment":[{"href":"https:\/\/www.big-animals.com\/fr\/wp-json\/wp\/v2\/media?parent=50"}],"curies":[{"name":"wp","href":"https:\/\/api.w.org\/{rel}","templated":true}]}}