{"id":51,"date":"2011-05-09T09:27:45","date_gmt":"2011-05-09T09:27:45","guid":{"rendered":""},"modified":"2016-04-08T14:32:55","modified_gmt":"2016-04-08T14:32:55","slug":"le-atlas-mite-le-monde-grand-mite","status":"publish","type":"page","link":"https:\/\/www.big-animals.com\/fr\/le-atlas-mite-le-monde-grand-mite\/","title":{"rendered":"Le papillon cobra, le plus grand papillon de nuit du monde !"},"content":{"rendered":"<h3><span id=\"gts_text_1\" class=\"gts_text\">G\u00e9n\u00e9ralit\u00e9s sur le papillon cobra, <em>Attacus\u00a0atlas<\/em><\/span><\/h3>\n<p><span id=\"gts_text_2\" class=\"gts_text\">Le plus grand des papillons de nuit\u00a0vit\u00a0dans les for\u00eats tropicales et subtropicales de l&#8217;Asie du Sud, de la Chine du Sud et plus commun\u00e9ment\u00a0&#8211; dans l&#8217;archipel\u00a0malais, de la Tha\u00eflande \u00e0\u00a0Singapour et l&#8217;Indon\u00e9sie.<\/span><\/p>\n<p><img loading=\"lazy\" decoding=\"async\" title=\"Mite d'atlas - la plus grande mite au monde, et l'insecte avec les plus grandes ailes\" src=\"http:\/\/ba.dr-mikes-maths.com\/\/wp-content\/themes\/twentyten\/images\/ba\/atlas-moth.jpg\" alt=\"Mite d'atlas - la plus grande mite au monde, et l'insecte avec les plus grandes ailes\" width=\"355\" height=\"177\" \/><\/p>\n<p><span id=\"gts_text_3\" class=\"gts_text\"><strong>\u00a0Le papillon cobra a de plus grandes ailes que n&#8217;importe quel autre <a title=\"Les plus grands insectes du monde !\" href=\"http:\/\/www.big-animals.com\/fr\/le-monde-grand-insectes\/\" target=\"_blank\">insecte<\/a> !<\/strong><\/span><\/p>\n<p><span id=\"gts_text_5\" class=\"gts_text\">Ils ont la surface d&#8217;aile la plus grande de\u00a0tous les\u00a0<a title=\"Les plus grands insectes du monde !\" href=\"http:\/\/www.big-animals.com\/fr\/le-monde-grand-insectes\/\">insectes<\/a>\u00a0&#8211; environ 400 cm carr\u00e9s (62 pouces carr\u00e9s) !<\/span> <span id=\"gts_text_6\" class=\"gts_text\">En Inde, des papillons cobra\u00a0sont \u00e9lev\u00e9s pour la soie de leurs cocons &#8211; ils produisent de la soie brune qui est un peu comme de la laine.<\/span> <span id=\"gts_text_7\" class=\"gts_text\">Leurs cocons sont utilis\u00e9s comme porte-monnaie\u00a0\u00e0 Ta\u00efwan ! L&#8217;extr\u00e9mit\u00e9 des ailes fait penser \u00e0 un serpent, ce qui lui a valu le nom de\u00a0papillon cobra. Il est parfois aussi appel\u00e9 papillon atlas \u00e0 cause des motifs sur ses ailes qui font penser \u00e0 une carte.<\/span><\/p>\n<p><span id=\"gts_text_8\" class=\"gts_text\">Les femelles du\u00a0papillon cobra\u00a0sont plus grandes et plus lourdes que les m\u00e2les.<\/span> <span id=\"gts_text_9\" class=\"gts_text\">Les extr\u00e9mit\u00e9s de leurs ailes ont une forme de crochet et certains disent\u00a0qu&#8217;ils ressemblent \u00e0 une t\u00eate de serpent avec des yeux, pour effrayer les pr\u00e9dateurs.<\/span> <span id=\"gts_text_10\" class=\"gts_text\">Leurs corps sont velus et petits compar\u00e9s \u00e0 leurs ailes.<\/span>\u00a0Leurs<span id=\"gts_text_11\" class=\"gts_text\">\u00a0couleurs varient dans diverses nuances de brun.<\/span> <span id=\"gts_text_12\" class=\"gts_text\">La femelle pond des \u0153ufs.<\/span>\u00a0Deux\u00a0semaines plus tard, c<span id=\"gts_text_13\" class=\"gts_text\">es \u0153ufs donneront naissance \u00e0 des\u00a0chenilles vert fonc\u00e9.<\/span> Les chenilles<span id=\"gts_text_14\" class=\"gts_text\">\u00a0mangent les feuilles des arbres \u00e0 agrumes et d&#8217;autres plantes vertes.<\/span> <span id=\"gts_text_15\" class=\"gts_text\">Les papillons\u00a0adultes appara\u00eetront apr\u00e8s un mois.<\/span><\/p>\n","protected":false},"excerpt":{"rendered":"<p>G\u00e9n\u00e9ralit\u00e9s sur le papillon cobra, Attacus\u00a0atlas Le plus grand des papillons de nuit\u00a0vit\u00a0dans les for\u00eats tropicales et subtropicales de l&#8217;Asie du Sud, de la Chine du Sud et plus commun\u00e9ment\u00a0&#8211; dans l&#8217;archipel\u00a0malais, de la Tha\u00eflande \u00e0\u00a0Singapour et l&#8217;Indon\u00e9sie. \u00a0Le papillon cobra a de plus grandes ailes que n&#8217;importe quel autre insecte ! Ils ont la &hellip; <a href=\"https:\/\/www.big-animals.com\/fr\/le-atlas-mite-le-monde-grand-mite\/\" class=\"more-link\">Continue reading <span class=\"screen-reader-text\">Le papillon cobra, le plus grand papillon de nuit du monde !<\/span><\/a><\/p>\n","protected":false},"author":1,"featured_media":0,"parent":0,"menu_order":0,"comment_status":"closed","ping_status":"open","template":"","meta":{"_acf_changed":false,"footnotes":""},"acf":[],"_links":{"self":[{"href":"https:\/\/www.big-animals.com\/fr\/wp-json\/wp\/v2\/pages\/51"}],"collection":[{"href":"https:\/\/www.big-animals.com\/fr\/wp-json\/wp\/v2\/pages"}],"about":[{"href":"https:\/\/www.big-animals.com\/fr\/wp-json\/wp\/v2\/types\/page"}],"author":[{"embeddable":true,"href":"https:\/\/www.big-animals.com\/fr\/wp-json\/wp\/v2\/users\/1"}],"replies":[{"embeddable":true,"href":"https:\/\/www.big-animals.com\/fr\/wp-json\/wp\/v2\/comments?post=51"}],"version-history":[{"count":4,"href":"https:\/\/www.big-animals.com\/fr\/wp-json\/wp\/v2\/pages\/51\/revisions"}],"predecessor-version":[{"id":580,"href":"https:\/\/www.big-animals.com\/fr\/wp-json\/wp\/v2\/pages\/51\/revisions\/580"}],"wp:attachment":[{"href":"https:\/\/www.big-animals.com\/fr\/wp-json\/wp\/v2\/media?parent=51"}],"curies":[{"name":"wp","href":"https:\/\/api.w.org\/{rel}","templated":true}]}}