{"id":52,"date":"2011-05-09T09:27:57","date_gmt":"2011-05-09T09:27:57","guid":{"rendered":""},"modified":"2014-06-22T15:22:30","modified_gmt":"2014-06-22T15:22:30","slug":"le-africain-bush-elephant-le-monde-grand-terre-animal","status":"publish","type":"page","link":"https:\/\/www.big-animals.com\/fr\/proboscidea\/le-africain-bush-elephant-le-monde-grand-terre-animal\/","title":{"rendered":"L&#8217;\u00e9l\u00e9phant de savane d&#8217;Afrique &#8211; le plus grand animal terrestre du monde !"},"content":{"rendered":"<h3><span id=\"gts_text_1\" class=\"gts_text\">De quelle taille est l&#8217;\u00e9l\u00e9phant de savane d&#8217;Afrique ?<\/span><\/h3>\n<p><span id=\"gts_text_2\" class=\"gts_text\">L&#8217;\u00e9l\u00e9phant de savane d&#8217;Afrique est le plus grand <a title=\"Les plus grands animaux du monde !\" href=\"http:\/\/www.big-animals.com\/fr\/le-monde-grand-animaux\/\">animal<\/a> terrestre du monde.<\/span> <span id=\"gts_text_3\" class=\"gts_text\">Un m\u00e2le adulte fait environ 3 \u00e0 3,5 m\u00e8tres de haut, 6 \u00e0 7 m\u00e8tres de long et p\u00e8se environ 7.500 kilos.<\/span> <span id=\"gts_text_4\" class=\"gts_text\">Les femelles sont l\u00e9g\u00e8rement plus petites.<\/span> Chaque jour<span id=\"gts_text_5\" class=\"gts_text\">, ils\u00a0mangent 225 kilos de nourriture et boivent 190 litres d&#8217;eau.<\/span> <span id=\"gts_text_6\" class=\"gts_text\">Cette image montre la taille d&#8217;un \u00e9l\u00e9phant de savane d&#8217;Afrique par rapport \u00e0 celle d&#8217;un \u00eatre humain.<\/span><\/p>\n<figure id=\"attachment_617\" aria-describedby=\"caption-attachment-617\" style=\"width: 300px\" class=\"wp-caption alignleft\"><a href=\"http:\/\/www.big-animals.com\/wp-content\/uploads\/2008\/11\/elephant-and-human1.png\"><img loading=\"lazy\" decoding=\"async\" class=\"size-medium wp-image-617 \" title=\"\u00c9l\u00e9phant et humain de Bush d'Africain\" src=\"http:\/\/www.big-animals.com\/wp-content\/uploads\/2008\/11\/elephant-and-human1-300x189.png\" alt=\"\u00c9l\u00e9phant et humain de Bush d'Africain\" width=\"300\" height=\"189\" \/><\/a><figcaption id=\"caption-attachment-617\" class=\"wp-caption-text\">Un \u00e9l\u00e9phant de savane d&#8217;Afrique et un homme<\/figcaption><\/figure>\n<p><span id=\"gts_text_7\" class=\"gts_text\">Comme il est si grand, l&#8217;\u00e9l\u00e9phant adulte n&#8217;a presque aucun ennemi.<\/span> <span id=\"gts_text_8\" class=\"gts_text\">Un b\u00e9b\u00e9 \u00e9l\u00e9phant peut \u00eatre attaqu\u00e9 par un lion ou un crocodile, mais la seule cr\u00e9ature qui peut nuire \u00e0 un \u00e9l\u00e9phant adulte est un \u00eatre humain bien pr\u00e9par\u00e9 &#8211; bien qu&#8217;en quelques parcs zoologiques, des meutes de lions ont r\u00e9ussi \u00e0 tuer des \u00e9l\u00e9phants adultes, gr\u00e2ce au travail d&#8217;\u00e9quipe et \u00e0 une strat\u00e9gie intelligente.<\/span><\/p>\n<h3><span id=\"gts_text_9\" class=\"gts_text\">Le braconnage des \u00e9l\u00e9phants<\/span><\/h3>\n<p><span id=\"gts_text_10\" class=\"gts_text\">Par le pass\u00e9, on chassait les \u00e9l\u00e9phants pour le soi-disant \u00ab\u00a0plaisir\u00a0\u00bb de le faire, mais aussi pour leur viande, leur peau et surtout leurs d\u00e9fenses qui sont faites d&#8217;ivoire.<\/span> <span id=\"gts_text_11\" class=\"gts_text\">Au 19\u00e8me si\u00e8cle, l&#8217;ivoire \u00e9tait utilis\u00e9 pour faire des touches de pianos, des oeuvres d&#8217;art pr\u00e9cieuses et d&#8217;autres objets.<\/span> <span id=\"gts_text_12\" class=\"gts_text\">Comme l&#8217;ivoire \u00e9tait si d\u00e9mand\u00e9, des milliers d&#8217;\u00e9l\u00e9phants \u00e9taient tu\u00e9s tous les ans.<\/span> <span id=\"gts_text_13\" class=\"gts_text\">La population des \u00e9l\u00e9phants d&#8217;Afrique a donc chut\u00e9 de plusieurs millions en 1900 \u00e0 seulement 700.000 en 1989, et on a interdit de chasser les \u00e9l\u00e9phants pour leur ivoire.<\/span> <span id=\"gts_text_14\" class=\"gts_text\">Si cela n&#8217;avait pas \u00e9t\u00e9 fait, l&#8217;\u00e9l\u00e9phant d&#8217;Afrique se serait d\u00e9j\u00e0 \u00e9teint pendant les ann\u00e9es 1990.<\/span>\u00a0Mais<span id=\"gts_text_15\" class=\"gts_text\">\u00a0il y a actuellement environ 2 millions de sp\u00e9cimens d&#8217;\u00e9l\u00e9phants d&#8217;Afrique.<\/span><\/p>\n<p><span id=\"gts_text_16\" class=\"gts_text\">Il est maintenant ill\u00e9gal de tuer des \u00e9l\u00e9phants pour leur ivoire et, dans de nombreux pays, il est aussi ill\u00e9gal d&#8217;acheter ou de vendre de l&#8217;ivoire.<\/span> <span id=\"gts_text_17\" class=\"gts_text\">Malgr\u00e9 tout, des criminels chassent les \u00e9l\u00e9phants ill\u00e9galement.<\/span><span id=\"gts_text_18\" class=\"gts_text\">\u00a0Ces chasseurs s&#8217;appellent des \u00ab\u00a0braconniers\u00a0\u00bb et ils causent beaucoup de mal.<\/span> <span id=\"gts_text_19\" class=\"gts_text\">Par exemple, au Tchad, en Afrique, le nombre d&#8217;\u00e9l\u00e9phants a baiss\u00e9 de 300.000 \u00e0 seulement 10.000 en l&#8217;espace de quarante ans \u00e0 cause de la chasse ill\u00e9gale.<\/span><br \/>\n<img decoding=\"async\" title=\"une image d'un \u00e9l\u00e9phant africain de Bush\" src=\"http:\/\/ba.dr-mikes-maths.com\/\/wp-content\/themes\/twentyten\/images\/ba\/african-bush-elephant.jpg\" alt=\"une image d'un \u00e9l\u00e9phant africain de Bush\" \/><\/p>\n<h3><span id=\"gts_text_20\" class=\"gts_text\">Les \u00e9l\u00e9phants d&#8217;Afrique et les \u00e9l\u00e9phants d&#8217;Asie<\/span><\/h3>\n<p><span id=\"gts_text_21\" class=\"gts_text\">Par le pass\u00e9, les scientifiques ont r\u00e9parti les \u00e9l\u00e9phants entre deux esp\u00e8ces diff\u00e9rentes, l&#8217;\u00e9l\u00e9phant d&#8217;Afrique et l&#8217;\u00e9l\u00e9phant d&#8217;Asie (ou d&#8217;Inde).<\/span> <span id=\"gts_text_22\" class=\"gts_text\">Mais en \u00e9tudiant l&#8217;ADN de l&#8217;\u00e9l\u00e9phant d&#8217;Afrique, ils se sont rendus compte que l&#8217;\u00e9l\u00e9phant d&#8217;Afrique existait en fait sous deux esp\u00e8ces diff\u00e9rentes, qu&#8217;on appelle l&#8217;\u00e9l\u00e9phant de savanne d&#8217;Afrique et l&#8217;\u00e9l\u00e9phant de for\u00eat d&#8217;Afrique.<\/span> <span id=\"gts_text_23\" class=\"gts_text\">L&#8217;\u00e9l\u00e9phant de savanne est le plus grand des deux types d&#8217;\u00e9l\u00e9phants d&#8217;Afrique, et les deux types d&#8217;\u00e9l\u00e9phants d&#8217;Afrique sont plus grands que l&#8217;\u00e9l\u00e9phant d&#8217;Asie.<\/span><\/p>\n<p><span id=\"gts_text_24\" class=\"gts_text\">Ces trois esp\u00e8ces sont les seules cr\u00e9atures vivantes dans l&#8217;ordre des <span style=\"font-style: italic\">\u00e9l\u00e9phantid\u00e9s<\/span>, et les \u00e9l\u00e9phantid\u00e9s sont le seul ordre des mammif\u00e8res dans la famille des <a title=\"Proboscidea\" href=\"http:\/\/www.big-animals.com\/fr\/proboscidea\/\"><span style=\"font-style: italic\">proboscidiens <\/span><\/a>(le mot <span style=\"font-style: italic\">Proboscidien<\/span> vient d&#8217;un mot grec qui veut dire le \u00ab\u00a0nez\u00a0\u00bb).<\/span> <span id=\"gts_text_25\" class=\"gts_text\">Par cons\u00e9quent, l&#8217;\u00e9l\u00e9phant de savanne d&#8217;Afrique est<\/span><\/p>\n<ul>\n<li><span id=\"gts_text_26\" class=\"gts_text\">Le monde plus grand de trois <em>\u00e9l\u00e9phantid\u00e9s<\/em><\/span><\/li>\n<li><span id=\"gts_text_27\" class=\"gts_text\">Le monde plus grand de trois\u00a0<em>proboscidiens <\/em><\/span><\/li>\n<li><span id=\"gts_text_28\" class=\"gts_text\">Le monde plus grand du plus de 3.900 <a title=\"Les plus grands mammif\u00e8res du monde !\" href=\"http:\/\/www.big-animals.com\/fr\/les-plus-grands-mammiferes-du-monde\/\">mammif\u00e8res<\/a> terrestres<\/span><\/li>\n<\/ul>\n<p><span id=\"gts_text_29\" class=\"gts_text\">et aussi bien s\u00fbr le plus grand animal terrestre du monde.<\/span> <span id=\"gts_text_30\" class=\"gts_text\">Mais le plus grand mammif\u00e8re et le plus grand animal est la <a title=\"La baleine bleue \u2013 le plus grand animal de tous les temps !\" href=\"http:\/\/www.big-animals.com\/fr\/la-baleine-bleue-le-plus-grand-animal-de-tous-les-temps\/\">baleine bleue<\/a>\u00a0qui vit dans la mer.<\/span><\/p>\n<h3><span id=\"gts_text_31\" class=\"gts_text\">Les d\u00e9fenses des \u00e9l\u00e9phants<\/span><\/h3>\n<p><span id=\"gts_text_32\" class=\"gts_text\">Les d\u00e9fenses d&#8217;un \u00e9l\u00e9phant sont r\u00e9ellement de tr\u00e8s grandes dents.<\/span> <span id=\"gts_text_33\" class=\"gts_text\">D&#8217;autres animaux portent aussi des defences, comme les morses, les sangliers et les narvals, entre autres.<\/span><\/p>\n<h3><span id=\"gts_text_34\" class=\"gts_text\">Quelques faits et mythes sur les \u00e9l\u00e9phants<\/span><\/h3>\n<p><span id=\"gts_text_35\" class=\"gts_text\">L&#8217;expression \u00ab\u00a0avoir une m\u00e9moire d&#8217;\u00e9l\u00e9phant\u00a0\u00bb veut dire qu&#8217;on n&#8217;oublie pas facilement.\u00a0<\/span><span id=\"gts_text_36\" class=\"gts_text\">Bien que cela soit probablement aussi valable pour les \u00e9l\u00e9phants que pour les \u00eatres humains, il <em>est vrai<\/em> que les \u00e9l\u00e9phants sont des animaux tr\u00e8s intelligents.<\/span> <span id=\"gts_text_37\" class=\"gts_text\">La survie d&#8217;un troupeau d\u00e9pend quelquefois de la capacit\u00e9 des plus\u00a0anciens \u00e0\u00a0se rappeler o\u00f9 on trouvait de l&#8217;eau pendant la s\u00e9cheresse quelques d\u00e9cennies plus t\u00f4t.<\/span> On a \u00e9galement remarqu\u00e9 que les <span id=\"gts_text_38\" class=\"gts_text\">\u00e9l\u00e9phants pouvaient utiliser des \u00ab\u00a0outils\u00a0\u00bb &#8211; par exemple, se gratter le dos \u00e0 l&#8217;aide une branche ou utiliser du bois m\u00e2ch\u00e9 pour percer un trou dans un point d&#8217;eau pour ne pas qu&#8217;il s&#8217;ass\u00e8che par temps sec.<\/span><\/p>\n<p><span id=\"gts_text_39\" class=\"gts_text\">Si un troupeau d&#8217;\u00e9l\u00e9phants trouve un \u00e9l\u00e9phant mort, ils l&#8217;entourent et le touchent \u00e9ventuellement de la trompe, un peu comme s&#8217;ils \u00e9taient en deuil.<\/span> <span id=\"gts_text_40\" class=\"gts_text\">Mais les \u00ab\u00a0cimeti\u00e8res d&#8217;\u00e9l\u00e9phant\u00a0\u00bb o\u00f9 les \u00e9l\u00e9phants iraient mourir ne sont qu&#8217;un mythe.<\/span> <span id=\"gts_text_41\" class=\"gts_text\">Les \u00e9l\u00e9phants ne cherchent pas un certain \u00ab\u00a0endroit de mort\u00a0\u00bb sp\u00e9cial quand leur moment vient.<\/span><\/p>\n<p><span id=\"gts_text_42\" class=\"gts_text\">Un \u00e9l\u00e9phant peut vivre jusqu&#8217;\u00e0 60-70 ans dans le sauvage.<\/span> <span id=\"gts_text_43\" class=\"gts_text\">Quelques \u00e9l\u00e9phants captifs ont v\u00e9cu tant que 80 ans.<\/span><\/p>\n<h3><span id=\"gts_text_44\" class=\"gts_text\">L&#8217;habitat et l&#8217;alimentation des \u00e9l\u00e9phants<\/span><\/h3>\n<p><span id=\"gts_text_45\" class=\"gts_text\">L&#8217;\u00e9l\u00e9phant d&#8217;Afrique de savanne habite presque partout en Afrique au sud du d\u00e9sert du Sahara, except\u00e9 dans les jungles.<\/span> <span id=\"gts_text_46\" class=\"gts_text\">Ils pr\u00e9f\u00e8rent les prairies et les savanes ouvertes, et ont \u00e9t\u00e9 m\u00eame observ\u00e9s d\u00e9manteler d\u00e9lib\u00e9r\u00e9ment des arbres !<\/span> <span id=\"gts_text_47\" class=\"gts_text\">Les femelles voyagent dans les petits groupes de famille, seul le voyage de m\u00e2les, except\u00e9 quand elles sont jeunes.<\/span> <span id=\"gts_text_48\" class=\"gts_text\">Elles voyageront tr\u00e8s loin \u00e0 la recherche de la nourriture ou de l&#8217;eau.<\/span> <span id=\"gts_text_49\" class=\"gts_text\">Les \u00e9l\u00e9phants sont des\u00a0v\u00e9g\u00e9tariens et mangent une grande vari\u00e9t\u00e9 de diff\u00e9rents types de plantes.\u00a0<\/span> <span id=\"gts_text_50\" class=\"gts_text\">Beaucoup de plantes en tirent b\u00e9n\u00e9fice parce que les \u00e9l\u00e9phants portent les graines des plantes dans leur estomac pour de longues distances, et \u00ab\u00a0plantent\u00a0\u00bb ensuite les graines dans une grande pile d&#8217;engrais de crottes d&#8217;\u00e9l\u00e9phant !<\/span><\/p>\n<h3><span id=\"gts_text_51\" class=\"gts_text\">Les \u00e9l\u00e9phants et les hommes<\/span><\/h3>\n<p><span id=\"gts_text_52\" class=\"gts_text\">Sans compter que les chasser pour la viande et l&#8217;ivoire, les gens se sont longtemps servis de la grande force de l&#8217;\u00e9l\u00e9phant, pour tirer les poids lourds, d\u00e9placent l&#8217;\u00e9quipement lourd, et ainsi de suite.<\/span> <span id=\"gts_text_53\" class=\"gts_text\">Des \u00e9l\u00e9phants ont \u00e9t\u00e9 employ\u00e9s dans les guerres &#8211; un des exemples les plus c\u00e9l\u00e8bres \u00e9tait quand <a title=\"Hannibal Barca\" href=\"http:\/\/fr.wikipedia.org\/wiki\/Hannibal_Barca\" target=\"_blank\">Hannibal<\/a> a pris des \u00e9l\u00e9phants de guerre au-dessus des Alpes pour attaquer l&#8217;empire romain.<\/span> <span id=\"gts_text_54\" class=\"gts_text\">Les \u00e9l\u00e9phants asiatiques \u00e9taient une part importante de l&#8217;arm\u00e9e indienne jusqu&#8217;\u00e0 l&#8217;invention du canon au XVII\u00e8me si\u00e8cle.<\/span> <span id=\"gts_text_55\" class=\"gts_text\">Ils tiennent \u00e9galement un endroit sp\u00e9cial dans la religion indoue.<\/span> <span id=\"gts_text_56\" class=\"gts_text\">Maintenant, les \u00e9l\u00e9phants sont un article \u00ab\u00a0incontournable\u00a0\u00bb dans n&#8217;importe quelle visite de zoo ou safari.<\/span><\/p>\n","protected":false},"excerpt":{"rendered":"<p>De quelle taille est l&#8217;\u00e9l\u00e9phant de savane d&#8217;Afrique ? L&#8217;\u00e9l\u00e9phant de savane d&#8217;Afrique est le plus grand animal terrestre du monde. Un m\u00e2le adulte fait environ 3 \u00e0 3,5 m\u00e8tres de haut, 6 \u00e0 7 m\u00e8tres de long et p\u00e8se environ 7.500 kilos. Les femelles sont l\u00e9g\u00e8rement plus petites. Chaque jour, ils\u00a0mangent 225 kilos de &hellip; <a href=\"https:\/\/www.big-animals.com\/fr\/proboscidea\/le-africain-bush-elephant-le-monde-grand-terre-animal\/\" class=\"more-link\">Continue reading <span class=\"screen-reader-text\">L&#8217;\u00e9l\u00e9phant de savane d&#8217;Afrique &#8211; le plus grand animal terrestre du monde !<\/span><\/a><\/p>\n","protected":false},"author":1,"featured_media":0,"parent":45,"menu_order":0,"comment_status":"closed","ping_status":"open","template":"","meta":{"_acf_changed":false,"footnotes":""},"acf":[],"_links":{"self":[{"href":"https:\/\/www.big-animals.com\/fr\/wp-json\/wp\/v2\/pages\/52"}],"collection":[{"href":"https:\/\/www.big-animals.com\/fr\/wp-json\/wp\/v2\/pages"}],"about":[{"href":"https:\/\/www.big-animals.com\/fr\/wp-json\/wp\/v2\/types\/page"}],"author":[{"embeddable":true,"href":"https:\/\/www.big-animals.com\/fr\/wp-json\/wp\/v2\/users\/1"}],"replies":[{"embeddable":true,"href":"https:\/\/www.big-animals.com\/fr\/wp-json\/wp\/v2\/comments?post=52"}],"version-history":[{"count":5,"href":"https:\/\/www.big-animals.com\/fr\/wp-json\/wp\/v2\/pages\/52\/revisions"}],"predecessor-version":[{"id":476,"href":"https:\/\/www.big-animals.com\/fr\/wp-json\/wp\/v2\/pages\/52\/revisions\/476"}],"up":[{"embeddable":true,"href":"https:\/\/www.big-animals.com\/fr\/wp-json\/wp\/v2\/pages\/45"}],"wp:attachment":[{"href":"https:\/\/www.big-animals.com\/fr\/wp-json\/wp\/v2\/media?parent=52"}],"curies":[{"name":"wp","href":"https:\/\/api.w.org\/{rel}","templated":true}]}}