{"id":53,"date":"2011-05-09T09:29:50","date_gmt":"2011-05-09T09:29:50","guid":{"rendered":""},"modified":"2014-01-16T08:34:39","modified_gmt":"2014-01-16T08:34:39","slug":"rongeurs","status":"publish","type":"page","link":"https:\/\/www.big-animals.com\/fr\/rongeurs\/","title":{"rendered":"Rongeurs"},"content":{"rendered":"<p><span class=\"gts_text\" id=\"gts_text_1\">Les rongeurs sont des <a title=\"Les plus grands mammif\u00e8res du monde !\" href=\"http:\/\/www.big-animals.com\/fr\/les-plus-grands-mammiferes-du-monde\/\">mammif\u00e8res<\/a> qui ont deux dents avant s&#8217;\u00e9lever sans interruption dans leurs m\u00e2choires sup\u00e9rieures et inf\u00e9rieures.<\/span> <span class=\"gts_text\" id=\"gts_text_2\">Ils doivent les garder sous peu par des choses toujours ac\u00e9r\u00e9es.<\/span> <span class=\"gts_text\" id=\"gts_text_3\">Ces dents sont utiles pour mordre parce qu&#8217;elles coupent brusquement.<\/span> <span class=\"gts_text\" id=\"gts_text_4\">Ils utilisent les dents pointues pour mordre le bois, cassent leur nourriture et mordent tous les pr\u00e9dateurs qui les attaquent.<\/span> <span class=\"gts_text\" id=\"gts_text_5\">Les dents ont l&#8217;\u00e9mail sur l&#8217;ext\u00e9rieur et l&#8217;ivoire expos\u00e9 sur l&#8217;int\u00e9rieur.<\/span> <span class=\"gts_text\" id=\"gts_text_6\">Les dents est sp\u00e9ciale parce qu&#8217;elles affilent seuls pendant qu&#8217;elles sont employ\u00e9es.<\/span> <span class=\"gts_text\" id=\"gts_text_7\">Les rongeurs n&#8217;ont pas des crocs comme des chiens et des chats.<\/span><\/p>\n<p><span class=\"gts_text\" id=\"gts_text_8\">Un quart d&#8217;esp\u00e8ces mammif\u00e8res sont des rongeurs.<\/span> <span class=\"gts_text\" id=\"gts_text_9\">Il y a environ 2277 esp\u00e8ces des rongeurs.<\/span> <span class=\"gts_text\" id=\"gts_text_10\">Ils sont trouv\u00e9s dans de grands nombres sur tous les continents except\u00e9 l&#8217;Antarctique.<\/span> <span class=\"gts_text\" id=\"gts_text_11\">Vous pouvez les trouver dans tous les habitats except\u00e9 dans les oc\u00e9ans.<\/span> <span class=\"gts_text\" id=\"gts_text_12\">Les rongeurs les plus communs sont des souris et des rats.<\/span> <span class=\"gts_text\" id=\"gts_text_13\">Quelques autres rongeurs sont des \u00e9cureuils, des porcs-\u00e9pics, des castors, des tamia, des cobayes et des campagnols.<\/span><\/p>\n<figure id=\"attachment_712\" aria-describedby=\"caption-attachment-712\" style=\"width: 300px\" class=\"wp-caption alignleft\"><a href=\"http:\/\/www.big-animals.com\/wp-content\/uploads\/2011\/03\/Rat_in_the_snow.jpg\"><img loading=\"lazy\" decoding=\"async\" class=\"size-medium wp-image-712\" title=\"Le rat est un rongeur typique - photographiez par la mise en place de John\" alt=\"Le rat est un rongeur typique - photographiez par la mise en place de John\" src=\"http:\/\/www.big-animals.com\/wp-content\/uploads\/2011\/03\/Rat_in_the_snow-300x268.jpg\" width=\"300\" height=\"268\" \/><\/a><figcaption id=\"caption-attachment-712\" class=\"wp-caption-text\">The rat is a typical rodent &#8211; photograph by John Fielding<\/figcaption><\/figure>\n<p><span class=\"gts_text\" id=\"gts_text_14\">La plupart des rongeurs mangent des graines et des usines.<\/span> <span class=\"gts_text\" id=\"gts_text_15\">Il y a une partie qui mange des insectes ou des poissons.<\/span> <span class=\"gts_text\" id=\"gts_text_16\">Quelques \u00e9cureuils mangent m\u00eame des oiseaux comme les cardinaux et le Blue Jays.<\/span> <span class=\"gts_text\" id=\"gts_text_17\">Quelques rongeurs sont des parasites parce qu&#8217;ils mangent des graines que nous stockons pour notre propre nourriture et le plus mauvais de tous elles \u00e9cartent les maladies.<\/span> <span class=\"gts_text\" id=\"gts_text_18\">Les rongeurs sont le seul non-vol, mammif\u00e8re placentaire non-marin pour atteindre l&#8217;Australie sans introduction humaine.<\/span> <span class=\"gts_text\" id=\"gts_text_19\">Environ 25% des esp\u00e8ces mammif\u00e8res en Australie sont des rongeurs.<\/span><\/p>\n<p><span class=\"gts_text\" id=\"gts_text_20\">La plupart des rongeurs sont petits.<\/span> <span class=\"gts_text\" id=\"gts_text_21\">La souris pygm\u00e9enne africaine est seulement 6 centim\u00e8tres (2,4 pouces) longtemps, et de 7 grammes (0,3 onces) dans le poids quand ils grandissent !<\/span> <span class=\"gts_text\" id=\"gts_text_22\">D&#8217;autre part, le <a title=\"Capybara\" href=\"http:\/\/www.big-animals.com\/capybara\/\">Capybara<\/a> est vraiment lourd.<\/span> <span class=\"gts_text\" id=\"gts_text_23\">Il p\u00e8se 80 kilogrammes (175 livres).<\/span> <span class=\"gts_text\" id=\"gts_text_24\">Le plus grand jamais rongeur, <a title=\"Josephoartigasia Monesi\" href=\"http:\/\/www.big-animals.com\/josephoartigasia-monesi\/\"><em>Josephoartigasia Monesi<\/em><\/a> pes\u00e9 entre 1 \u00e0 2,5 tonnes !<\/span><\/p>\n<p><span class=\"gts_text\" id=\"gts_text_25\">Les rongeurs sont importants dans beaucoup d&#8217;\u00e9cosyst\u00e8mes parce qu&#8217;ils sont petits et se reproduisent rapidement.<\/span> <span class=\"gts_text\" id=\"gts_text_26\">Par cons\u00e9quent, ils deviennent une source importante de nourriture pour beaucoup de pr\u00e9dateurs.<\/span> <span class=\"gts_text\" id=\"gts_text_27\">Ils aident \u00e9galement \u00e0 r\u00e9pandre les graines qu&#8217;ils mangent.<\/span> <span class=\"gts_text\" id=\"gts_text_28\">Les gens chassent des rongeurs pour la fourrure et pour les \u00e9liminer comme parasites.<\/span> <span class=\"gts_text\" id=\"gts_text_29\">Ils sont \u00e9galement employ\u00e9s comme animaux familiers, pour la recherche scientifique, l&#8217;exp\u00e9rimentation animale, pour la nourriture et m\u00eame pour localiser des mines terrestres !<\/span><\/p>\n","protected":false},"excerpt":{"rendered":"<p>Les rongeurs sont des mammif\u00e8res qui ont deux dents avant s&#8217;\u00e9lever sans interruption dans leurs m\u00e2choires sup\u00e9rieures et inf\u00e9rieures. Ils doivent les garder sous peu par des choses toujours ac\u00e9r\u00e9es. Ces dents sont utiles pour mordre parce qu&#8217;elles coupent brusquement. Ils utilisent les dents pointues pour mordre le bois, cassent leur nourriture et mordent tous &hellip; <a href=\"https:\/\/www.big-animals.com\/fr\/rongeurs\/\" class=\"more-link\">Continue reading <span class=\"screen-reader-text\">Rongeurs<\/span><\/a><\/p>\n","protected":false},"author":1,"featured_media":0,"parent":0,"menu_order":0,"comment_status":"closed","ping_status":"open","template":"","meta":{"_acf_changed":false,"footnotes":""},"acf":[],"_links":{"self":[{"href":"https:\/\/www.big-animals.com\/fr\/wp-json\/wp\/v2\/pages\/53"}],"collection":[{"href":"https:\/\/www.big-animals.com\/fr\/wp-json\/wp\/v2\/pages"}],"about":[{"href":"https:\/\/www.big-animals.com\/fr\/wp-json\/wp\/v2\/types\/page"}],"author":[{"embeddable":true,"href":"https:\/\/www.big-animals.com\/fr\/wp-json\/wp\/v2\/users\/1"}],"replies":[{"embeddable":true,"href":"https:\/\/www.big-animals.com\/fr\/wp-json\/wp\/v2\/comments?post=53"}],"version-history":[{"count":1,"href":"https:\/\/www.big-animals.com\/fr\/wp-json\/wp\/v2\/pages\/53\/revisions"}],"predecessor-version":[{"id":344,"href":"https:\/\/www.big-animals.com\/fr\/wp-json\/wp\/v2\/pages\/53\/revisions\/344"}],"wp:attachment":[{"href":"https:\/\/www.big-animals.com\/fr\/wp-json\/wp\/v2\/media?parent=53"}],"curies":[{"name":"wp","href":"https:\/\/api.w.org\/{rel}","templated":true}]}}