{"id":55,"date":"2011-05-09T09:30:10","date_gmt":"2011-05-09T09:30:10","guid":{"rendered":""},"modified":"2014-04-08T08:52:21","modified_gmt":"2014-04-08T08:52:21","slug":"laraignee-goliath-mangeuse-doiseaux-la-plus-grande-araignee-du-monde","status":"publish","type":"page","link":"https:\/\/www.big-animals.com\/fr\/laraignee-goliath-mangeuse-doiseaux-la-plus-grande-araignee-du-monde\/","title":{"rendered":"L&apos;araign\u00e9e Goliath Mangeuse d&apos;Oiseaux"},"content":{"rendered":"<h3><span class=\"gts_text\" id=\"gts_text_1\">Informations sur l&#8217;Araign\u00e9e Goliath (mangeuse d&#8217;oiseaux),<em>\u00a0Theraphosa blondi<\/em><\/span><\/h3>\n<p><span class=\"gts_text\" id=\"gts_text_2\">Les Araign\u00e9es Goliath sont les plus grandes araign\u00e9es au monde.<\/span> <span style=\"width: 296px;float: right\"><img loading=\"lazy\" decoding=\"async\" class=\" gts_attribute gts_attribute_1_alt\" alt=\"La plus grande araign\u00e9e du monde, l'Araign\u00e9e Goliath Mangeuse d'Oiseaux.\" src=\"http:\/\/ba.dr-mikes-maths.com\/\/wp-content\/themes\/twentyten\/images\/ba\/birdeater-spider.jpg\" width=\"286\" height=\"259\" \/><br \/>\n<span class=\"gts_text\" id=\"gts_text_3\"><strong>L&#8217;Araign\u00e9e Goliath, mesurant plus de 21cm de long, est la plus grande araign\u00e9e du monde !<\/strong><\/span> <\/span><span class=\"gts_text\" id=\"gts_text_4\">On les retrouve dans les for\u00eats tropicales humides, au nord de l&#8217;Am\u00e9rique du Sud.<\/span> <span class=\"gts_text\" id=\"gts_text_5\">Elles ont de longues pattes &#8211; environ 21cm (8,5 pouces) une fois enti\u00e8rement \u00e9tendues et p\u00e8sent plus de 120g (4,2 onces).<\/span> <span class=\"gts_text\" id=\"gts_text_6\">A l&#8217;\u00e9tat sauvage, les araign\u00e9es Goliath adorent creuser &#8211; elles appr\u00e9cient particuli\u00e8rement les zones mar\u00e9cageuses.\u00a0Elles<\/span> <span class=\"gts_text\" id=\"gts_text_7\">peuvent vivre entre 15 et 25 ans.<\/span><\/p>\n<h3><span class=\"gts_text\" id=\"gts_text_8\">Quel type d&#8217;araign\u00e9e est l&#8217;Araign\u00e9e Goliath mangeuse d&#8217;oiseaux ?<\/span><\/h3>\n<p><span class=\"gts_text\" id=\"gts_text_9\">L&#8217;Araign\u00e9e Goliath appartient \u00e0 la famille des t<\/span><span class=\"gts_text\" id=\"gts_text_10\">arentules (il en existe environ 900 types diff\u00e9rents). Celles-ci sont g\u00e9n\u00e9ralement grandes, velues et fabriquent des tubes en soie ou des terriers pour y vivre.<\/span> <span class=\"gts_text\" id=\"gts_text_11\">Elles sont g\u00e9n\u00e9ralement inoffensives pour l&#8217;homme.<\/span><\/p>\n<p><span class=\"gts_text\" id=\"gts_text_12\">Les araign\u00e9es se distinguent des scorpions, acariens et autres<\/span> <span style=\"font-style: italic\"><span class=\"gts_text\" id=\"gts_text_13\">arachnides<\/span><\/span> <span class=\"gts_text\" id=\"gts_text_14\">par le fait qu&#8217;elles ont moins de segments corporels et qu&#8217;elles poss\u00e8dent des fili\u00e8res pour produire de la soie d&#8217;araign\u00e9e.<\/span><\/p>\n<p><span class=\"gts_text\" id=\"gts_text_15\">Les araign\u00e9es, \u00e0 l&#8217;instar des scorpions et autres cr\u00e9atures semblables, appartiennent \u00e0 un groupe d&#8217;animaux appel\u00e9<\/span> <span style=\"font-style: italic\"><span class=\"gts_text\" id=\"gts_text_16\">les Ch\u00e9lic\u00e9rates<\/span><\/span><span class=\"gts_text\" id=\"gts_text_17\">. Ceux-ci doivent leur nom aux appendices pointus sur leurs bouches, appel\u00e9s<\/span> <span style=\"font-style: italic\"><span class=\"gts_text\" id=\"gts_text_18\">Chelic\u00e8res<\/span><\/span><span class=\"gts_text\" id=\"gts_text_19\">. L&#8217;Araign\u00e9e Goliath n&#8217;est pas le plus grand Ch\u00e9lic\u00e9rate du monde &#8211; cet honneur revient \u00e0 un genre d&#8217;araign\u00e9e de mer appel\u00e9\u00a0<\/span><span style=\"font-style: italic\"><span class=\"gts_text\" id=\"gts_text_20\">Colossendeis Colossea<\/span><\/span><span class=\"gts_text\" id=\"gts_text_21\">.<\/span><\/p>\n<p><span style=\"width: 323px;float: left\"><img loading=\"lazy\" decoding=\"async\" class=\" gts_attribute gts_attribute_2_alt\" alt=\"Araign\u00e9e Goliath et billet de banque - image du domaine public\" src=\"http:\/\/ba.dr-mikes-maths.com\/\/wp-content\/themes\/twentyten\/images\/ba\/goliath-birdeater-and-banknote.jpg\" width=\"313\" height=\"241\" \/><br \/>\n<span class=\"gts_text\" id=\"gts_text_22\"><strong>L&#8217;Araign\u00e9e Goliath \u00e0 c\u00f4t\u00e9 d&#8217;un billet de banque<\/strong><\/span><\/span><\/p>\n<h3><span class=\"gts_text\" id=\"gts_text_23\">Les araign\u00e9es Goliath (mangeuses d&#8217;oiseaux) sont-elles dangereuses ?<\/span><\/h3>\n<p><span class=\"gts_text\" id=\"gts_text_24\">En g\u00e9n\u00e9ral, les araign\u00e9es Goliath ne sont pas dangereuses, alors n&#8217;ayez pas peur d&#8217;elles ! Oui, elles<\/span> <span class=\"gts_text\" id=\"gts_text_25\">ont<\/span>\u00a0effectivement\u00a0<span class=\"gts_text\" id=\"gts_text_26\">des crocs assez grands pour nous d\u00e9chirer la peau.<\/span>\u00a0Oui, c<span class=\"gts_text\" id=\"gts_text_27\">es<\/span> <span class=\"gts_text\" id=\"gts_text_28\">crocs<\/span> <span class=\"gts_text\" id=\"gts_text_29\">contiennent du venin.<\/span> <span class=\"gts_text\" id=\"gts_text_30\">Cependant, elles ne vous mordront que si elles se sentent menac\u00e9es.<\/span> <span class=\"gts_text\" id=\"gts_text_31\">Heureusement, leur venin est tout \u00e0 fait inoffensif &#8211; il aurait uniquement l&#8217;effet d&#8217;une piq\u00fbre de gu\u00eape.<\/span> <span class=\"gts_text\" id=\"gts_text_32\">Les mangeuses d&#8217;oiseaux se prot\u00e8gent \u00e9galement en projetant les poils de leur abdomen vers leur aggresseur.<\/span> <span class=\"gts_text\" id=\"gts_text_33\">Ces poils irritent la peau et les poumons.<\/span> <span class=\"gts_text\" id=\"gts_text_34\">Certaines personnes disent que ces poils font l&#8217;effet de tessons de fibre de verre.<\/span> <span class=\"gts_text\" id=\"gts_text_35\">Les araign\u00e9es Goliath sont tr\u00e8s d\u00e9fensives.<\/span> <span class=\"gts_text\" id=\"gts_text_36\">Elles font un bruit de sifflement quand elles sont perturb\u00e9es.<\/span> <span class=\"gts_text\" id=\"gts_text_37\">Elles font ce bruit en se frottant les poils contre les pattes.<\/span><\/p>\n<h3><span class=\"gts_text\" id=\"gts_text_38\">L&#8217;Araign\u00e9e Goliath mange-t-elle vraiment des oiseaux ?<\/span><\/h3>\n<p><span class=\"gts_text\" id=\"gts_text_39\">\u00c9tonnamment, les araign\u00e9es Goliath ne mangent pas d&#8217;oiseaux normalement. \u00c9tant donn\u00e9 qu&#8217;elle<\/span><span class=\"gts_text\" id=\"gts_text_40\">s vivent dans des trous creus\u00e9s dans la terre, elles ont tr\u00e8s rarement l&#8217;occasion d&#8217;attraper des oiseaux.<\/span> <span class=\"gts_text\" id=\"gts_text_41\">Leurs repas sont beaucoup plus souvent constitu\u00e9s de souris ou de l\u00e9zards.<\/span> <span class=\"gts_text\" id=\"gts_text_42\">Pendant qu&#8217;elles mangent, elles s&#8217;assurent de ne pas \u00eatre d\u00e9rang\u00e9es par d&#8217;autres animaux en tissant une toile d&#8217;araign\u00e9e, cr\u00e9ant ainsi une barri\u00e8re.\u00a0L&#8217;<\/span> <span class=\"gts_text\" id=\"gts_text_43\">Araign\u00e9e Goliath n&#8217;a pas une bonne vision, aussi se fie-t-elle aux vibrations de la terre.<\/span> <span class=\"gts_text\" id=\"gts_text_44\">Cela explique \u00e9galement pourquoi elle \u00e9prouve des difficult\u00e9s \u00e0 attraper des oiseaux.<\/span><\/p>\n<p><span class=\"gts_text\" id=\"gts_text_45\">Elles sont de couleurs diff\u00e9rentes.<\/span> <span class=\"gts_text\" id=\"gts_text_46\">Elles sont de couleur fonc\u00e9e \u00e0 brun clair et portent des inscriptions plus l\u00e9g\u00e8res sur les pattes.<\/span> <span class=\"gts_text\" id=\"gts_text_47\">Les mangeuses d&#8217;oiseaux ont des poils sur le corps, l&#8217;abdomen et les pattes.<\/span>\u00a0L<span class=\"gts_text\" id=\"gts_text_48\">&#8216;Araign\u00e9e Goliath femelle peut pondre entre\u00a0100 et 400 oeufs.<\/span><\/p>\n","protected":false},"excerpt":{"rendered":"<p>Informations sur l&#8217;Araign\u00e9e Goliath (mangeuse d&#8217;oiseaux),\u00a0Theraphosa blondi Les Araign\u00e9es Goliath sont les plus grandes araign\u00e9es au monde. L&#8217;Araign\u00e9e Goliath, mesurant plus de 21cm de long, est la plus grande araign\u00e9e du monde ! On les retrouve dans les for\u00eats tropicales humides, au nord de l&#8217;Am\u00e9rique du Sud. Elles ont de longues pattes &#8211; environ 21cm &hellip; <a href=\"https:\/\/www.big-animals.com\/fr\/laraignee-goliath-mangeuse-doiseaux-la-plus-grande-araignee-du-monde\/\" class=\"more-link\">Continue reading <span class=\"screen-reader-text\">L&apos;araign\u00e9e Goliath Mangeuse d&apos;Oiseaux<\/span><\/a><\/p>\n","protected":false},"author":1,"featured_media":0,"parent":0,"menu_order":0,"comment_status":"closed","ping_status":"open","template":"","meta":{"_acf_changed":false,"footnotes":""},"acf":[],"_links":{"self":[{"href":"https:\/\/www.big-animals.com\/fr\/wp-json\/wp\/v2\/pages\/55"}],"collection":[{"href":"https:\/\/www.big-animals.com\/fr\/wp-json\/wp\/v2\/pages"}],"about":[{"href":"https:\/\/www.big-animals.com\/fr\/wp-json\/wp\/v2\/types\/page"}],"author":[{"embeddable":true,"href":"https:\/\/www.big-animals.com\/fr\/wp-json\/wp\/v2\/users\/1"}],"replies":[{"embeddable":true,"href":"https:\/\/www.big-animals.com\/fr\/wp-json\/wp\/v2\/comments?post=55"}],"version-history":[{"count":3,"href":"https:\/\/www.big-animals.com\/fr\/wp-json\/wp\/v2\/pages\/55\/revisions"}],"predecessor-version":[{"id":452,"href":"https:\/\/www.big-animals.com\/fr\/wp-json\/wp\/v2\/pages\/55\/revisions\/452"}],"wp:attachment":[{"href":"https:\/\/www.big-animals.com\/fr\/wp-json\/wp\/v2\/media?parent=55"}],"curies":[{"name":"wp","href":"https:\/\/api.w.org\/{rel}","templated":true}]}}