{"id":56,"date":"2011-05-09T09:30:38","date_gmt":"2011-05-09T09:30:38","guid":{"rendered":""},"modified":"2014-06-22T15:28:17","modified_gmt":"2014-06-22T15:28:17","slug":"le-monde-grand-animaux","status":"publish","type":"page","link":"https:\/\/www.big-animals.com\/fr\/le-monde-grand-animaux\/","title":{"rendered":"Les plus grands animaux du monde !"},"content":{"rendered":"<p><span id=\"gts_text_1\" class=\"gts_text\"><strong>Qu&#8217;est ce qu&#8217;un animal ?<\/strong><\/span><\/p>\n<p><span id=\"gts_text_2\" class=\"gts_text\">Les animaux sont des \u00eatres vivants.<\/span> <span id=\"gts_text_3\" class=\"gts_text\">Voici ce qui distingue un animal des autres \u00eatres vivants (comme les plantes, les champignons, etc.) :<\/span><\/p>\n<ul>\n<li><span id=\"gts_text_4\" class=\"gts_text\">Contrairement aux bact\u00e9ries, les animaux ont un corps qui est en g\u00e9n\u00e9ral constitu\u00e9 de plusieurs cellules.<\/span><\/li>\n<li><span id=\"gts_text_5\" class=\"gts_text\">Contrairement aux plantes, les animaux ne peuvent pas produire leur propre nourriture\u00a0: ils doivent se nourrir pour survivre.<\/span> <span id=\"gts_text_6\" class=\"gts_text\">C&#8217;est li\u00e9 au fait que la plupart des animaux respirent de l&#8217;oxyg\u00e8ne, alors que <\/span><span id=\"gts_text_7\" class=\"gts_text\">les plantes respirent du dioxyde de carbone.<\/span><\/li>\n<li><span id=\"gts_text_8\" class=\"gts_text\">Contrairement aux plantes et aux moisissures, les animaux ont des cellules qui ont une membrane souple plut\u00f4t qu&#8217;une paroi solide.<\/span><\/li>\n<\/ul>\n<p><span id=\"gts_text_9\" class=\"gts_text\">En plus, les animaux peuvent en g\u00e9n\u00e9ral se d\u00e9placer et avoir des interactions avec leur environnement.<\/span> <span id=\"gts_text_10\" class=\"gts_text\">Le plus grand animal du monde est la <a title=\"La baleine bleue \u2013 le plus grand animal de tous les temps !\" href=\"http:\/\/www.big-animals.com\/fr\/la-baleine-bleue-le-plus-grand-animal-de-tous-les-temps\/\">baleine bleue<\/a>.<\/span><\/p>\n<p><span id=\"gts_text_11\" class=\"gts_text\"><strong>Quels\u00a0sont les diff\u00e9rentes sortes d&#8217;animaux\u00a0?<\/strong><\/span><\/p>\n<p><span id=\"gts_text_12\" class=\"gts_text\">Le royaume animal est divis\u00e9 en plusieurs cat\u00e9gories, appel\u00e9es des <em><strong>embranchements<\/strong><\/em>.<\/span> Ceux<span id=\"gts_text_13\" class=\"gts_text\">-ci incluent :<\/span><\/p>\n<ul>\n<li><span id=\"gts_text_14\" class=\"gts_text\">Les acanthoc\u00e9phales, ce qui signifie \u00ab\u00a0\u00e0 t\u00eate \u00e9pineuse\u00a0\u00bb, sont repr\u00e9sent\u00e9s par 850 esp\u00e8ces de\u00a0\u00ab\u00a0vers \u00e0 t\u00eate \u00e9pineuse\u00a0\u00bb.<\/span> <span id=\"gts_text_15\" class=\"gts_text\">Ces parasites sont dot\u00e9s d&#8217;une embouchure \u00e9pineuse avec laquelle ils s&#8217;accrochent \u00e0 la paroi intestinale de leurs victimes.<\/span><\/li>\n<li><span id=\"gts_text_16\" class=\"gts_text\">Les acoelomorphes, ce qui signifie \u00ab\u00a0sans intestin\u00a0\u00bb, n&#8217;ont pas d&#8217;estomac.<\/span> <span id=\"gts_text_17\" class=\"gts_text\">A la place, ces cr\u00e9atures minuscules produisent une surface g\u00e9latineuse dans laquelle leur nourriture est absorb\u00e9e.<\/span><\/li>\n<li><span id=\"gts_text_18\" class=\"gts_text\">Les ann\u00e9lides, ce qui signifie \u00ab\u00a0petit anneau\u00a0\u00bb, sont repr\u00e9sent\u00e9s par 15.000 esp\u00e8ces des vers segment\u00e9s, y compris le ver de terre commun (lombric).<\/span> <span id=\"gts_text_19\" class=\"gts_text\">Si vous observez bien ces vers, vous constaterez que leur corps semble \u00eatre composer d&#8217;une s\u00e9rie d&#8217;anneaux circulaires.<\/span><\/li>\n<li><span id=\"gts_text_20\" class=\"gts_text\">Les <a href=\"\/Arthropods.html\">arthropodes<\/a>, ce qui signifie \u00ab\u00a0pied\u00a0articul\u00e9 \u00bb, sont de loin le plus grand embranchement<\/span><span id=\"gts_text_21\" class=\"gts_text\">, avec plus d&#8217;un million d&#8217;esp\u00e8ces.<\/span> On y trouve <span id=\"gts_text_22\" class=\"gts_text\">les insectes, les araign\u00e9es, les crabes et beaucoup d&#8217;autres animaux dotes d&#8217;une sorte de carapace (appel\u00e9e \u00ab\u00a0exosquelette\u00a0\u00bb) rigide.<\/span><\/li>\n<li><span id=\"gts_text_23\" class=\"gts_text\">Les brachiopodes, ce qui signifie \u00ab\u00a0pied et bras\u00a0\u00bb, sont un petit embranchement d&#8217;animaux marins.<\/span> <span id=\"gts_text_24\" class=\"gts_text\">Ils vivent dans une coquille, comme les palourdes et d&#8217;autres bivalves, mais \u00e0 l&#8217;int\u00e9rieur ils sont tr\u00e8s diff\u00e9rents des bivalves.<\/span> <span id=\"gts_text_25\" class=\"gts_text\">Ils ont en g\u00e9n\u00e9ral plusieurs tentacules autour de la bouche et s&#8217;attachent aux rochers.<\/span><\/li>\n<li><span id=\"gts_text_26\" class=\"gts_text\">Les bryozoaires (ou ectoproctes), ce qui signifie \u00ab\u00a0animaux de mousse\u00a0\u00bb, sont d<\/span><span id=\"gts_text_27\" class=\"gts_text\">es cr\u00e9atures habituellement tr\u00e8s petites qui vivent en colonies et\u00a0forment des tapis ou des masses rocheuses.<\/span> <span id=\"gts_text_28\" class=\"gts_text\">Il y a environ 5.000 esp\u00e8ces des bryozoaires.<\/span><\/li>\n<li><span id=\"gts_text_29\" class=\"gts_text\">Les ch\u00e9tognathes (ce qui signifie \u00ab\u00a0m\u00e2choire chevelue \u00bb) sont repr\u00e9sent\u00e9s par une centaine d&#8217;esp\u00e8ces des vers sagittaires.<\/span> <span id=\"gts_text_30\" class=\"gts_text\">Il y a peu de types diff\u00e9rents, mais la population totale de ces quelques esp\u00e8ces de plancton minuscule est \u00e9norme !<\/span><\/li>\n<li><span id=\"gts_text_31\" class=\"gts_text\">Les <a title=\"Le plus grand Chordates du monde !\" href=\"http:\/\/www.big-animals.com\/fr\/le-monde-grand-chordates\/\">chord\u00e9s<\/a> (ce qui signifie \u00ab\u00a0corde\u00a0\u00bb) incluent l<\/span><span id=\"gts_text_32\" class=\"gts_text\">es animaux qui ont une ossature dorsale creuse (ou quelque chose d&#8217;\u00e9quivalent) qui contient un nerf important.<\/span>\u00a0<span id=\"gts_text_33\" class=\"gts_text\">Exactement comme la colonne vert\u00e9brale chez les \u00eatres humains\u00a0!<\/span> <span id=\"gts_text_34\" class=\"gts_text\">Tous les animaux que nous\u00a0connaissons ou cotoyons le plus\u00a0(les chats, les chiens, les oiseaux, les poissons, les grenouilles, les tortues, etc.), y\u00a0compris le <a title=\"La baleine bleue \u2013 le plus grand animal l\u00e0 \u00e9tait jamais !\" href=\"http:\/\/www.big-animals.com\/fr\/le-bleu-baleine-le-grand-animal-la-jamais-etait\/\">plus grand animal qui soit<\/a>, font partie des chord\u00e9s.<\/span>\u00a0<span id=\"gts_text_35\" class=\"gts_text\">Il y a environ 63.000 esp\u00e8ces de chord\u00e9s.<\/span><\/li>\n<li><span id=\"gts_text_36\" class=\"gts_text\">Les cnidaria, ce qui\u00a0signifie \u00ab\u00a0orties br\u00fblantes\u00bb, portent bien leur\u00a0<\/span><span id=\"gts_text_37\" class=\"gts_text\">nom\u00a0:\u00a0cet embranchement comprend 10.000 esp\u00e8ces de m\u00e9duses, d&#8217;an\u00e9nomes de mer, de gu\u00eapes de mer et d&#8217;autres cr\u00e9atures marines molles dot\u00e9es de tentacules qui peuvent piquer.<\/span><\/li>\n<li><span id=\"gts_text_38\" class=\"gts_text\">Les ctenophora, ce qui signifie \u00ab\u00a0porteurs de peigne\u00a0\u00bb, sont r\u00e9partis en une centaines d&#8217;esp\u00e8ces animales.<\/span> <span id=\"gts_text_39\" class=\"gts_text\">Souvent confondus avec les m\u00e9duses, les \u00ab\u00a0gel\u00e9es de peigne\u00a0\u00bb sont en fait un embranchement compl\u00e8tement s\u00e9par\u00e9.<\/span><\/li>\n<li><span id=\"gts_text_40\" class=\"gts_text\">Les cycliophora, ce qui\u00a0veut dire \u00ab\u00a0porteurs de roue\u00a0\u00bb, sont un <\/span><span id=\"gts_text_41\" class=\"gts_text\">embranchement\u00a0dont on ne conna\u00eet que trois esp\u00e8ces d&#8217;animaux tr\u00e8s rares qui partagent des relations symbiotiques avec certaines esp\u00e8ces de homards.<\/span><\/li>\n<li><span id=\"gts_text_42\" class=\"gts_text\">Les\u00a0<a title=\"Les plus grands \u00e9chinodermes du monde !\" href=\"http:\/\/www.big-animals.com\/fr\/le-monde-grand-echinodermes\/\">\u00e9chinodermes<\/a>, ce qui\u00a0signifie \u00ab\u00a0peau \u00e9pineuse\u00a0\u00bb, <\/span><span id=\"gts_text_43\" class=\"gts_text\">incluent environ 7.000 esp\u00e8ces vivantes d&#8217;\u00e9toiles de mer, de garnements, de concombres de mer et de cr\u00e9atures similaires.<\/span> <span id=\"gts_text_44\" class=\"gts_text\">Tous ont, de fa\u00e7on plus ou moins apparente, le m\u00eame genre de forme que l&#8217;\u00e9toile de mer.<\/span><\/li>\n<li><span id=\"gts_text_45\" class=\"gts_text\">Les echiura, ce\u00a0qui\u00a0veut dire la \u00ab\u00a0queue d&#8217;\u00e9pine\u00a0\u00bb, regroupent 140 diff\u00e9rentes esp\u00e8ces d<\/span><span id=\"gts_text_46\" class=\"gts_text\">e vers qui ne sont pas segment\u00e9s comme les ann\u00e9lides, mais qui ont des transitoires sur la queue.<\/span> <span id=\"gts_text_47\" class=\"gts_text\">La plupart d&#8217;entre eux vivent dans l&#8217;eau.<\/span><\/li>\n<li><span id=\"gts_text_48\" class=\"gts_text\">Les entoprocta ont des bouches qui ressemblent aux brachiopodes et aux bryozoans.<\/span> <span id=\"gts_text_49\" class=\"gts_text\">Cependant, ils expulsent \u00e9galement leur proche de rebut leurs bouches.<\/span> <span id=\"gts_text_50\" class=\"gts_text\">Berk !<\/span><\/li>\n<li><span id=\"gts_text_51\" class=\"gts_text\">Les gastrotricha, ce qui\u00a0veut dire \u00ab\u00a0l&#8217;estomac velu\u00a0\u00bb, sont environ 450 diff\u00e9rentes esp\u00e8ces d<\/span><span id=\"gts_text_52\" class=\"gts_text\">e cr\u00e9atures microscopiques qui ont une dur\u00e9e de vie tr\u00e8s courte (environ trois jours).<\/span><\/li>\n<li><span id=\"gts_text_53\" class=\"gts_text\">Les gnathostomulida sont un autre petit embranchement d&#8217;animaux microscopiques.<\/span> Les <span id=\"gts_text_54\" class=\"gts_text\">Gnathostumulida sont \u00e9galement connus sous le nom de \u00ab\u00a0vers m\u00e2choire \u00bb.<\/span><\/li>\n<li><span id=\"gts_text_55\" class=\"gts_text\">Les h\u00e9michord\u00e9s, ce qui veut dire \u00ab\u00a0demie corde\u00a0\u00bb,<\/span> <span id=\"gts_text_56\" class=\"gts_text\">sont environ 70 esp\u00e8ces de \u00ab\u00a0vers de gland\u00a0\u00bb et d&#8217;autres cr\u00e9atures simmilaires.<\/span> <span id=\"gts_text_57\" class=\"gts_text\">La caract\u00e9ristique qui les distingue est qu&#8217;une partie de leur cavit\u00e9 buccale d\u00e9passe\u00a0de leur corps comme un grand collier.<\/span><\/li>\n<li><span id=\"gts_text_58\" class=\"gts_text\">Les kinorhyncha, ce qui\u00a0veut dire le \u00ab\u00a0museau de mouvement\u00a0\u00bb, sont aussi connus sous le nom de\u00a0<\/span><span id=\"gts_text_59\" class=\"gts_text\">\u00ab\u00a0dragons de boue\u00a0\u00bb lunatique.<\/span> Ce<span id=\"gts_text_60\" class=\"gts_text\"> sont de tr\u00e8s petites\u00a0cr\u00e9atures avec les corps \u00e9pineux segment\u00e9s, et un groupe de transitoires autour de la t\u00eate qu&#8217;ils utilisent pour tirer eux-m\u00eames par la boue.<\/span> <span id=\"gts_text_61\" class=\"gts_text\">On en conna\u00eet environ 150 esp\u00e8ces.<\/span><\/li>\n<li><span id=\"gts_text_62\" class=\"gts_text\">Les loricifera, ce qui\u00a0veut dire \u00ab\u00a0porteurs de corset\u00a0\u00bb, sont des animaux minuscules r\u00e9partis en <\/span><span id=\"gts_text_63\" class=\"gts_text\">une vingtaine d&#8217;esp\u00e8ces.<\/span> <span id=\"gts_text_64\" class=\"gts_text\">Ils vivent dans la boue de mer et se d\u00e9placent autour d&#8217;employer les \u00e9chelles qui ressemblent aux parapluies.<\/span><\/li>\n<li><span id=\"gts_text_65\" class=\"gts_text\">Les micrognathozoa, ce qui\u00a0veut dire \u00ab\u00a0animaux minuscules de m\u00e2choire\u00a0\u00bb, ont \u00e9t\u00e9 d\u00e9couverts pour la premi\u00e8re fois e<\/span><span id=\"gts_text_66\" class=\"gts_text\">n 2000.<\/span> <span id=\"gts_text_67\" class=\"gts_text\">Ces animaux sont si diff\u00e9rents des autres qu&#8217;ils ont re\u00e7u leur propre embranchement.<\/span> <span id=\"gts_text_68\" class=\"gts_text\">Leur m\u00e2choire a 32 pi\u00e8ces mobiles, faisant du Micrognathozoa l&#8217;un des animaux les plus complexes qui soit.<\/span><\/li>\n<li><span id=\"gts_text_69\" class=\"gts_text\">Les <a title=\"Les plus grands mollusques du monde !\" href=\"http:\/\/www.big-animals.com\/fr\/le-monde-grand-mollusques\/\">mollusques<\/a>, ce qui\u00a0signifie \u00ab\u00a0coquilles minces\u00a0\u00bb, comptent environ <\/span><span id=\"gts_text_71\" class=\"gts_text\">112.000 esp\u00e8ces, dont les escargots, les bernaches, les bivalves (palourdes par exemple), et m\u00eame les calmars et les poulpes. C&#8217;est le deuxi\u00e8me ou le troisi\u00e8me embranchement le plus grand qui soit par la diversit\u00e9 de ses esp\u00e8ces.<\/span><\/li>\n<li><span id=\"gts_text_72\" class=\"gts_text\">Les myxozoa veut dire le \u00ab\u00a0animal de boue\u00a0\u00bb.<\/span> <span id=\"gts_text_73\" class=\"gts_text\">Plus t\u00f4t ce n&#8217;\u00e9taient vraisemblablement pas des animaux du tout.<\/span> <span id=\"gts_text_74\" class=\"gts_text\">Ils sont les parasites microscopiques qui affectent les poissons et les vers.<\/span><\/li>\n<li><span id=\"gts_text_75\" class=\"gts_text\">Les moyens nematoda \u00ab\u00a0Threadlike\u00a0\u00bb.<\/span> <span id=\"gts_text_76\" class=\"gts_text\">Il y a beaucoup d&#8217;esp\u00e8ces de n\u00e9matodes, qui ressemblent \u00e0 des vers microscopiques.<\/span> <span id=\"gts_text_77\" class=\"gts_text\">Beaucoup sont des parasites, et certains, loin d&#8217;\u00eatre microscopiques, peuvent atteindre une longueur de plusieurs m\u00e8tres !<\/span> L&#8217;appellation commune d<span id=\"gts_text_78\" class=\"gts_text\">es n\u00e9matodes est \u00ab\u00a0les vers ronds\u00a0\u00bb.<\/span><\/li>\n<li><span id=\"gts_text_79\" class=\"gts_text\">Les moyens de nematomorpha \u00ab\u00a0fil\u00e8tent la forme\u00a0\u00bb.<\/span> <span id=\"gts_text_80\" class=\"gts_text\">Ces longs vers minces (surnvomm\u00e9s vers de crin) sont des parasites qui attaquent certains crabes et insectes.<\/span> <span id=\"gts_text_81\" class=\"gts_text\">Il y en a environ 320 esp\u00e8ces.<\/span><\/li>\n<li><span id=\"gts_text_82\" class=\"gts_text\">Les nemertea, ce qui signifie \u00ab\u00a0nymphes de mer\u00a0\u00bb, sont l&#8217;embranchement de 1.200 esp\u00e8ces de vers de ruban.<\/span> <span id=\"gts_text_83\" class=\"gts_text\">Le tour de bo\u00eete leurs bouches \u00e0 l&#8217;envers, et mangent leurs proies en les avalant d&#8217;un coup.<\/span> <span id=\"gts_text_84\" class=\"gts_text\">Ils peuvent agrandir la taille de leur corps pour avaler des proies qui ont plusieurs fois leur taille.<\/span> <span id=\"gts_text_85\" class=\"gts_text\">On suspecte les esp\u00e8ces une pour se d\u00e9velopper encore plus longues que la baleine bleue !<\/span><\/li>\n<li><span id=\"gts_text_86\" class=\"gts_text\">Les onychophora, ce qui signifie \u00ab\u00a0porteurs de griffes\u00a0\u00bb, sont un petit embranchement de cr\u00e9atures qui ressemblent \u00e0 des chenilles appel\u00e9es les <a title=\"Les plus grands vers de velours du monde !\" href=\"http:\/\/www.big-animals.com\/fr\/le-monde-grand-velours-vers\/\">vers de velours<\/a>.<\/span> <span id=\"gts_text_87\" class=\"gts_text\">Certains scientifiques disent que les vers de velours ne devraient pas avoir leur propre embranchement, mais devraient faire partie des arthropodes.<\/span><\/li>\n<li><span id=\"gts_text_88\" class=\"gts_text\">Les orthonectida, ce qui\u00a0veut dire \u00ab\u00a0le bain droit\u00a0\u00bb, sont <\/span>d<span id=\"gts_text_89\" class=\"gts_text\">es cr\u00e9atures simples qui agissent en tant que parasites dans quelques vers, mollusques et \u00e9chinodermes. On n&#8217;en conna\u00eet qu&#8217;une vingtaine d&#8217;esp\u00e8ces.<\/span><\/li>\n<li><span id=\"gts_text_90\" class=\"gts_text\">Les phoronida sont un petit embranchement de cr\u00e9atures de mer qui font une coquille en forme de tube pour elles-m\u00eames.<\/span> <span id=\"gts_text_91\" class=\"gts_text\">Ils ont un groupe de tentacules autour de la bouche.<\/span> <span id=\"gts_text_92\" class=\"gts_text\">On a l&#8217;habitude de les appeler des \u00ab\u00a0vers en fer \u00e0 cheval\u00a0\u00bb, \u00e0 cause de la forme de leur intestin.<\/span><\/li>\n<li><span id=\"gts_text_93\" class=\"gts_text\">Les <a title=\"Le plus grand Placozoans du monde !\" href=\"http:\/\/www.big-animals.com\/fr\/le-monde-grand-placozoans\/\">placozoaires<\/a>, ce qui\u00a0veut dire \u00ab\u00a0les animaux tubulaires\u00a0\u00bb, ne sont connus que sous la forme d&#8217;une <\/span><span id=\"gts_text_94\" class=\"gts_text\">esp\u00e8ce, et ses repr\u00e9sentants ressemblent litt\u00e9ralement \u00e0 des gouttes.<\/span><\/li>\n<li><span id=\"gts_text_95\" class=\"gts_text\">Les platyhelminthes, ce qui\u00a0veut dire \u00ab\u00a0les vers plats\u00a0\u00bb\u00a0sont un embranchement qui regroupe<\/span>\u00a0<span id=\"gts_text_96\" class=\"gts_text\">quelques 25.000 esp\u00e8ces dont la plupart\u00a0sont microscopiques et dissip\u00e9es, et inoffensives.<\/span> <span id=\"gts_text_97\" class=\"gts_text\">Cependant, il y a quelques esp\u00e8ces parasitaires, comme la douve du foie inf\u00e2me, qui affecte environ 30 millions d&#8217;\u00eatres humains \u00e0 travers le monde.<\/span><\/li>\n<li><span id=\"gts_text_98\" class=\"gts_text\">Les porifer\u00e8res, ce qui\u00a0veut dire \u00ab\u00a0porteur de pores\u00a0\u00bb, <\/span><span id=\"gts_text_99\" class=\"gts_text\">sont les \u00e9ponges de mer &#8211; alove d&#8217;environ 5.000 esp\u00e8ces aujourd&#8217;hui.<\/span> <span id=\"gts_text_100\" class=\"gts_text\">Les \u00e9ponges sont les seuls animaux qui n&#8217;ont pas d&#8217;organes internes et dont leurs corps n&#8217;est qu&#8217;un groupe de cellules qui fonctionnent ensemble.<\/span><\/li>\n<li><span id=\"gts_text_101\" class=\"gts_text\">Les priapulida sont un petit embranchement (environ 17 esp\u00e8ces) de vers marins.<\/span> <span id=\"gts_text_102\" class=\"gts_text\">Les weer ont \u00e9t\u00e9 d\u00e9couverts il y a un si\u00e8cle, mais on ne les conna\u00eet pas encore tr\u00e8s bien.<\/span><\/li>\n<li><span id=\"gts_text_103\" class=\"gts_text\">Les rhombozoa, ce\u00a0qui veut dire \u00ab\u00a0l&#8217;animal en forme de pastille\u00a0\u00bb, sont\u00a0un embranchement de parasites minuscules qui affectent les poulpes et les calmars.<\/span> <span id=\"gts_text_104\" class=\"gts_text\">Chaque adulte (de des esp\u00e8ces donn\u00e9es) a exactement le m\u00eame nombre de cellules !<\/span><\/li>\n<li><span id=\"gts_text_105\" class=\"gts_text\">Les rotif\u00e8res, c&#8217;est-\u00e0-dire\u00a0\u00ab\u00a0porteurs de roue\u00a0\u00bb, sont des <\/span><span id=\"gts_text_106\" class=\"gts_text\">animaux microscopiques qui ont autour de la bouche des touffes de poils qu&#8217;ils utilisent pour laver leur nourriture.<\/span> <span id=\"gts_text_107\" class=\"gts_text\">Quand ils bougent leurs poils, \u00e7a ressemble au mouvement d&#8217;une roue.<\/span> <span id=\"gts_text_108\" class=\"gts_text\">Il y en a environ 2.000 esp\u00e8ces.<\/span><\/li>\n<li><span id=\"gts_text_109\" class=\"gts_text\">Les sipuncula, ou \u00ab\u00a0petits tubes\u00a0\u00bb,<\/span><span id=\"gts_text_110\" class=\"gts_text\"> s&#8217;appellent aussi les \u00ab\u00a0vers d&#8217;arachide\u00a0\u00bb, \u00e0 cause de la forme qu&#8217;ils adoptent quand ils ont peur.<\/span> Ils ont une <span id=\"gts_text_111\" class=\"gts_text\">bouche pleine de tentacules qu&#8217;ils peuvent faire rentrer \u00e0 l&#8217;int\u00e9rieur de leur corps.<\/span> <span id=\"gts_text_112\" class=\"gts_text\">Ils font en g\u00e9n\u00e9ral moins de 10 cm de long.<\/span><\/li>\n<li><span id=\"gts_text_113\" class=\"gts_text\">Les tardigrada, ce qui signifie \u00ab\u00a0l&#8217;\u00e9tape lente\u00a0\u00bb, sont l&#8217;embranchement de la \u00ab\u00a0eau soutient\u00a0\u00bb.<\/span> <span id=\"gts_text_114\" class=\"gts_text\">Ce sont des animaux minuscules qui font un peu penser \u00e0 une taupe \u00e0 six pattes.<\/span> <span id=\"gts_text_115\" class=\"gts_text\">On en trouve dans des conditions extr\u00eames, comme les hauteurs de l&#8217;Himalaya ou les mers profondes.<\/span> <span id=\"gts_text_116\" class=\"gts_text\">Il y en a environ 750 esp\u00e8ces.<\/span><\/li>\n<li><span id=\"gts_text_117\" class=\"gts_text\">Les xenoturbellida, ou \u00ab\u00a0plathelminthes \u00e9tranges\u00a0\u00bb, sont un embranchement dont on ne <\/span><span id=\"gts_text_118\" class=\"gts_text\">conna\u00eet que deux esp\u00e8ces.<\/span> <span id=\"gts_text_119\" class=\"gts_text\">Ces animaux n&#8217;ont aucun organe bien d\u00e9fini \u00e0 part un syst\u00e8me nerveux.<\/span> <span id=\"gts_text_120\" class=\"gts_text\">Ils mangent des mollusques.<\/span><\/li>\n<\/ul>\n<p><span id=\"gts_text_121\" class=\"gts_text\"><strong>Quel est le plus grand animal du monde ?<\/strong><\/span><\/p>\n<p><span id=\"gts_text_122\" class=\"gts_text\">Le plus grand animal du monde (mais pas le plus long) est la <a title=\"La baleine bleue \u2013 le plus grand animal l\u00e0 \u00e9tait jamais !\" href=\"http:\/\/www.big-animals.com\/fr\/le-bleu-baleine-le-grand-animal-la-jamais-etait\/\">baleine bleue<\/a>.<\/span> Elle peut mesurer <span id=\"gts_text_123\" class=\"gts_text\">30 m\u00e8tres de long ou plus\u00a0et p\u00e8se environ 140 tonnes &#8211; c&#8217;est-\u00e0-dire 140.000 kilos !<\/span> <span id=\"gts_text_124\" class=\"gts_text\">C&#8217;est encore plus grand que le plus grand dinosaure qui ait jamais exist\u00e9.<\/span> <span id=\"gts_text_125\" class=\"gts_text\">Malheureusement, elle a failli partager le sort des dinosaures au 20\u00e8me si\u00e8cle \u00e0 cause de la chasse \u00e0 la baleine.<\/span> <span id=\"gts_text_126\" class=\"gts_text\">La chasse \u00e0 la baleine bleue a \u00e9t\u00e9 interdite dans les ann\u00e9es 1960, et a compl\u00e8tement disparu dans les ann\u00e9es 1970.<\/span> <span id=\"gts_text_127\" class=\"gts_text\">Mais m\u00eame aujourd&#8217;hui, la population de baleines bleues repr\u00e9sente moins de 1% de ce qu&#8217;elle \u00e9tait avant le d\u00e9but de la chasse \u00e0 la baleine.<\/span><\/p>\n<p>&nbsp;<\/p>\n","protected":false},"excerpt":{"rendered":"<p>Qu&#8217;est ce qu&#8217;un animal ? Les animaux sont des \u00eatres vivants. Voici ce qui distingue un animal des autres \u00eatres vivants (comme les plantes, les champignons, etc.) : Contrairement aux bact\u00e9ries, les animaux ont un corps qui est en g\u00e9n\u00e9ral constitu\u00e9 de plusieurs cellules. Contrairement aux plantes, les animaux ne peuvent pas produire leur propre &hellip; <a href=\"https:\/\/www.big-animals.com\/fr\/le-monde-grand-animaux\/\" class=\"more-link\">Continue reading <span class=\"screen-reader-text\">Les plus grands animaux du monde !<\/span><\/a><\/p>\n","protected":false},"author":1,"featured_media":0,"parent":0,"menu_order":0,"comment_status":"closed","ping_status":"open","template":"","meta":{"_acf_changed":false,"footnotes":""},"acf":[],"_links":{"self":[{"href":"https:\/\/www.big-animals.com\/fr\/wp-json\/wp\/v2\/pages\/56"}],"collection":[{"href":"https:\/\/www.big-animals.com\/fr\/wp-json\/wp\/v2\/pages"}],"about":[{"href":"https:\/\/www.big-animals.com\/fr\/wp-json\/wp\/v2\/types\/page"}],"author":[{"embeddable":true,"href":"https:\/\/www.big-animals.com\/fr\/wp-json\/wp\/v2\/users\/1"}],"replies":[{"embeddable":true,"href":"https:\/\/www.big-animals.com\/fr\/wp-json\/wp\/v2\/comments?post=56"}],"version-history":[{"count":14,"href":"https:\/\/www.big-animals.com\/fr\/wp-json\/wp\/v2\/pages\/56\/revisions"}],"predecessor-version":[{"id":481,"href":"https:\/\/www.big-animals.com\/fr\/wp-json\/wp\/v2\/pages\/56\/revisions\/481"}],"wp:attachment":[{"href":"https:\/\/www.big-animals.com\/fr\/wp-json\/wp\/v2\/media?parent=56"}],"curies":[{"name":"wp","href":"https:\/\/api.w.org\/{rel}","templated":true}]}}