{"id":57,"date":"2011-05-09T09:31:06","date_gmt":"2011-05-09T09:31:06","guid":{"rendered":""},"modified":"2014-01-07T11:32:15","modified_gmt":"2014-01-07T11:32:15","slug":"le-monde-grand-poissons","status":"publish","type":"page","link":"https:\/\/www.big-animals.com\/fr\/le-monde-grand-poissons\/","title":{"rendered":"Les plus grands poissons du monde !"},"content":{"rendered":"<p><span class=\"gts_text\" id=\"gts_text_1\"><strong>Qu&#8217;est-ce qu&#8217;un poisson ?<\/strong><\/span><\/p>\n<p><span class=\"gts_text\" id=\"gts_text_2\">Les poissons sont des <a title=\"Les plus grands animaux du monde !\" href=\"http:\/\/www.big-animals.com\/fr\/le-monde-grand-animaux\/\">animaux<\/a>. Pour \u00eatre plus pr\u00e9cis, comme les poissons ont une ossature dorsale, ils font partie des <a title=\"Les plus grands vert\u00e9br\u00e9s du monde !\" href=\"http:\/\/www.big-animals.com\/fr\/le-monde-grand-vertebres\/\">vert\u00e9br\u00e9s<\/a> : en fait, plus de la moiti\u00e9 des esp\u00e8ces de vert\u00e9br\u00e9s connues sont des poissons !<\/span> <span class=\"gts_text\" id=\"gts_text_3\">D&#8217;autres caract\u00e9ristiques des poissons sont les suivantes :<\/span><\/p>\n<ul>\n<li><span class=\"gts_text\" id=\"gts_text_4\">Ils ont des ou\u00efes et respirent l&#8217;eau.<\/span><\/li>\n<li><span class=\"gts_text\" id=\"gts_text_5\">En g\u00e9n\u00e9ral, ils sont \u00ab\u00a0\u00e0 sang froid\u00a0\u00bb, c&#8217;est-\u00e0-dire\u00a0que la temp\u00e9rature de leur corps est identique \u00e0 celle de l&#8217;eau qui les entoure.<\/span><\/li>\n<li><span class=\"gts_text\" id=\"gts_text_6\">En g\u00e9n\u00e9ral, ils ne peuvent pas survivre \u00e0 l&#8217;air libre.<\/span><\/li>\n<\/ul>\n<p><span class=\"gts_text\" id=\"gts_text_7\">Le plus grand poisson en vie est en fait une sorte de requin, qui s&#8217;appelle le <a title=\"Le requin-baleine\" href=\"http:\/\/www.big-animals.com\/fr\/le-requin-baleine-le-plus-grand-poisson-du-monde\/\">requin-baleine<\/a>.<\/span> <span class=\"gts_text\" id=\"gts_text_8\">Le plus grand poisson qui ait jamais exist\u00e9 faisait partie des poissons osseux et son esp\u00e8ce\u00a0est aujourd&#8217;hui \u00e9teinte\u00a0:\u00a0son nom scientifique est le\u00a0<a title=\"Leedsichthys Problematicus \u2013 le plus grand poisson l\u00e0 \u00e9tait jamais !\" href=\"http:\/\/www.big-animals.com\/fr\/leedsichthys-problematicus-le-grand-poisson-la-jamais-etait\/\">Leedsichthys Problematicus<\/a>.<\/span><\/p>\n<p><span class=\"gts_text\" id=\"gts_text_9\"><strong>Quels sont les diff\u00e9rentes sortes de poissons ?<\/strong><\/span><\/p>\n<p><span class=\"gts_text\" id=\"gts_text_10\">Les scientifiques regroupent normalement les animaux dans des groupes de cr\u00e9atures similaires.<\/span> <span class=\"gts_text\" id=\"gts_text_11\">Les plus grands groupes s&#8217;appellent les \u00ab\u00a0embranchements \u00bb (par exemple, les vert\u00e9br\u00e9s repr\u00e9sentent la majeure partie de l&#8217;embranchement des\u00a0<a title=\"Le plus grand Chordates du monde !\" href=\"http:\/\/www.big-animals.com\/fr\/le-monde-grand-chordates\/\">Chord\u00e9s<\/a>.<\/span> <span class=\"gts_text\" id=\"gts_text_12\">Les subdivisions plus petites s&#8217;appellent des \u00ab sous-embranchements \u00bb, des \u00ab\u00a0super-classes\u00a0\u00bb et des \u00ab\u00a0classes\u00a0\u00bb (par exemple, <a title=\"Les plus grands oiseaux du monde !\" href=\"http:\/\/www.big-animals.com\/fr\/le-monde-grand-oiseaux\/\">les oiseaux <\/a>forment une \u00ab classe \u00bb \u00e0 part).<\/span> <span class=\"gts_text\" id=\"gts_text_13\">Les poissons, cependant, sont \u00e0 mi-chemin entre les deux.<\/span> <span class=\"gts_text\" id=\"gts_text_14\">Les poissons font partie de l&#8217;embranchement des\u00a0<a title=\"Le plus grand Chordates du monde !\" href=\"http:\/\/www.big-animals.com\/fr\/le-monde-grand-chordates\/\"><em>Chord\u00e9s<\/em><\/a> et sont r\u00e9partis entre plusieurs super-classes.<\/span> <span class=\"gts_text\" id=\"gts_text_15\">Les super-classes les plus connues sont celle des <a title=\"Les plus grands poissons cartilagineux du monde !\" href=\"http:\/\/www.big-animals.com\/fr\/le-monde-grand-cartilagineux-poissons\/\">poissons cartilagineux<\/a> (requins, raies, chim\u00e8res) et celle des poissons \u00ab\u00a0osseux\u00a0\u00bb, qui elle-m\u00eame se divise en deux classes\u00a0: les actinopt\u00e9rygiens (poissons \u00ab\u00a0normaux\u00a0\u00bb) et les sarcopt\u00e9rygiens (dipneustes et cr\u00e9atures similaires).<\/span> <span class=\"gts_text\" id=\"gts_text_16\">De nombreuses autres classes sont d\u00e9j\u00e0 compl\u00e8tement \u00e9teintes.<\/span> <span class=\"gts_text\" id=\"gts_text_17\">Voici une liste de toutes les classes de poissons :<\/span><\/p>\n<ul>\n<li><span class=\"gts_text\" id=\"gts_text_18\">Les acanthodiens, qu&#8217;on appelle aussi\u00a0\u00abrequins \u00e9pineux\u00a0\u00bb, sont une classe aujourd&#8217;hui \u00e9teinte de poissons qui avaient certaines caract\u00e9ristiques des poissons cartiligineux et d&#8217;autres des poissons osseux.<\/span><\/li>\n<li><span class=\"gts_text\" id=\"gts_text_19\">Les actinopt\u00e9rygiens sont la plus grande classe des poissons, en fait, c&#8217;est m\u00eame la plus grande classe de vert\u00e9br\u00e9s !<\/span> On y trouve <span class=\"gts_text\" id=\"gts_text_20\">27.000 esp\u00e8ces qui vivent en eau de mer ou en eau douce.\u00a0<\/span> <span class=\"gts_text\" id=\"gts_text_21\">Les scientifiques les appellent les poissons \u00ab\u00a0\u00e0 nageoires rayonn\u00e9es\u00a0\u00bb, mais vous et moi les appeleraient tout simplement des poissons \u00ab\u00a0normaux\u00a0\u00bb.<\/span> <span class=\"gts_text\" id=\"gts_text_22\"><a title=\"Leedsichthys Problematicus \u2013 le plus grand poisson l\u00e0 \u00e9tait jamais !\" href=\"http:\/\/www.big-animals.com\/fr\/leedsichthys-problematicus-le-grand-poisson-la-jamais-etait\/\">Le Leedsichthys<\/a> \u00e9tait un Actinopterygus.<\/span><\/li>\n<li><span class=\"gts_text\" id=\"gts_text_23\">Les <em>Cephalaspidomorphi<\/em> sont un groupe aujourd&#8217;hui \u00e9teint de poissons sans m\u00e2choire.<\/span> <span class=\"gts_text\" id=\"gts_text_24\">Mais les scientifiques sont en d\u00e9saccord pour savoir exactement quels animaux devraient faire partie de ce groupe &#8211; certains pensent que les lamproies devraient \u00eatre incluses, mais tous ne sont pas de cet avis.<\/span><\/li>\n<li><span class=\"gts_text\" id=\"gts_text_25\"><a title=\"Les plus grands poissons cartilagineux du monde !\" href=\"http:\/\/www.big-animals.com\/fr\/le-monde-grand-cartilagineux-poissons\/\">Les chondrichthyens<\/a> sont les <a title=\"Les plus grands poissons cartilagineux du monde !\" href=\"http:\/\/www.big-animals.com\/fr\/le-monde-grand-cartilagineux-poissons\/\">poissons cartilagineux<\/a>, qui incluent les <a title=\"Les plus grands requins du monde !\" href=\"http:\/\/www.big-animals.com\/fr\/le-monde-grand-requins\/\">requins<\/a> et les raies.<\/span> <span class=\"gts_text\" id=\"gts_text_26\">Ces poissons n&#8217;ont pas de vrais os mais leur squelette est fait de cartilage.<\/span> <span class=\"gts_text\" id=\"gts_text_27\"><a title=\"Le requin-baleine\" href=\"http:\/\/www.big-animals.com\/fr\/le-requin-baleine-le-plus-grand-poisson-du-monde\/\">Le requin-baleine<\/a> est un condrichthyen.<\/span><\/li>\n<li><span class=\"gts_text\" id=\"gts_text_28\">Les conodontes\u00a0sont un groupe aujourd&#8217;hui \u00e9teint d&#8217;animaux qui ressemblaient \u00e0 des vers et dont on conna\u00eet surtout l&#8217;existence par les fossiles de leurs dents.<\/span><\/li>\n<li><span class=\"gts_text\" id=\"gts_text_29\">Les <em>Hyperoartia<\/em> est la classe des lamproies, un groupe d&#8217;animaux marins qui ressemblent \u00e0 des anguilles mais qui sont si diff\u00e9rents des poissons que les scientifiques les classent compl\u00e8tement \u00e0 part.<\/span><\/li>\n<li><span class=\"gts_text\" id=\"gts_text_30\">Les <em>Myxini<\/em> sont la famille de la myxine, un animal qui ressemble un peu \u00e0 l&#8217;anguille et qui peut s&#8217;enrouler en noeud.<\/span><\/li>\n<li><span class=\"gts_text\" id=\"gts_text_31\">Les placodermes\u00a0sont un autre groupe aujourd&#8217;hui \u00e9teint de poissons dont la t\u00eate \u00e9tait prot\u00e9g\u00e9e par une carapace de plaques dures.<\/span><\/li>\n<li><span class=\"gts_text\" id=\"gts_text_32\">Les <em>Pteraspidomorphi<\/em> sont un groupe aujourd&#8217;hui \u00e9teint de poissons sans m\u00e2choire.<\/span><\/li>\n<li><span class=\"gts_text\" id=\"gts_text_33\">Les sarcopt\u00e9rygiens, ou poissons \u00e0 nageoires lob\u00e9es, incluent les dipneustes et les coelacanthes, dont on croyait autrefois qu&#8217;ils avaient d\u00e9j\u00e0 disparu.<\/span><\/li>\n<\/ul>\n<p><span class=\"gts_text\" id=\"gts_text_34\"><strong>Quel est le plus grand poisson du monde ?<\/strong><\/span><\/p>\n<p><span class=\"gts_text\" id=\"gts_text_35\">Le plus grand poisson actuellement en vie est un g\u00e9ant tr\u00e8s\u00a0gentil\u00a0: le <a title=\"Le requin-baleine\" href=\"http:\/\/www.big-animals.com\/fr\/le-requin-baleine-le-plus-grand-poisson-du-monde\/\">requin-baleine<\/a>.<\/span> <span class=\"gts_text\" id=\"gts_text_36\">C&#8217;est bien un <a title=\"Les plus grands requins du monde !\" href=\"http:\/\/www.big-animals.com\/fr\/le-monde-grand-requins\/\">requin<\/a>, pas une baleine, mais il est compl\u00e8tement inoffensif\u00a0: les plus grandes choses qu&#8217;il mange sont des sortes de petites crevettes\u00a0qu&#8217;on appelle du \u00ab\u00a0krill \u00bb\u00a0!<\/span> <span class=\"gts_text\" id=\"gts_text_37\">Il peut mesurer plus de 12 m\u00e8tres de long et p\u00e8se environ 12.000 kilos !<\/span><\/p>\n<p><span class=\"gts_text\" id=\"gts_text_38\">Le plus grand poisson qui ait jamais exist\u00e9 n&#8217;est connu que par ses fossiles, mais c&#8217;\u00e9tait aussi un gentil g\u00e9ant\u00a0: il s&#8217;agit\u00a0du <a title=\"Leedsichthys Problematicus \u2013 le plus grand poisson l\u00e0 \u00e9tait jamais !\" href=\"http:\/\/www.big-animals.com\/fr\/leedsichthys-problematicus-le-grand-poisson-la-jamais-etait\/\">Leedsichthys Problematicus<\/a>.<\/span> <span class=\"gts_text\" id=\"gts_text_39\">Les scientifiques ne sont pas s\u00fbrs de la taille qu&#8217;il ait jamais atteinte : leurs estimations varient entre 15 m\u00e8tres\u00a0et 30 m\u00e8tres, soit la m\u00eame taille qu&#8217;une <a title=\"La baleine bleue \u2013 le plus grand animal l\u00e0 \u00e9tait jamais !\" href=\"http:\/\/www.big-animals.com\/fr\/le-bleu-baleine-le-grand-animal-la-jamais-etait\/\">baleine bleue<\/a> !<\/span><\/p>\n<p>&nbsp;<\/p>\n","protected":false},"excerpt":{"rendered":"<p>Qu&#8217;est-ce qu&#8217;un poisson ? Les poissons sont des animaux. Pour \u00eatre plus pr\u00e9cis, comme les poissons ont une ossature dorsale, ils font partie des vert\u00e9br\u00e9s : en fait, plus de la moiti\u00e9 des esp\u00e8ces de vert\u00e9br\u00e9s connues sont des poissons ! D&#8217;autres caract\u00e9ristiques des poissons sont les suivantes : Ils ont des ou\u00efes et respirent &hellip; <a href=\"https:\/\/www.big-animals.com\/fr\/le-monde-grand-poissons\/\" class=\"more-link\">Continue reading <span class=\"screen-reader-text\">Les plus grands poissons du monde !<\/span><\/a><\/p>\n","protected":false},"author":1,"featured_media":0,"parent":0,"menu_order":0,"comment_status":"closed","ping_status":"open","template":"","meta":{"_acf_changed":false,"footnotes":""},"acf":[],"_links":{"self":[{"href":"https:\/\/www.big-animals.com\/fr\/wp-json\/wp\/v2\/pages\/57"}],"collection":[{"href":"https:\/\/www.big-animals.com\/fr\/wp-json\/wp\/v2\/pages"}],"about":[{"href":"https:\/\/www.big-animals.com\/fr\/wp-json\/wp\/v2\/types\/page"}],"author":[{"embeddable":true,"href":"https:\/\/www.big-animals.com\/fr\/wp-json\/wp\/v2\/users\/1"}],"replies":[{"embeddable":true,"href":"https:\/\/www.big-animals.com\/fr\/wp-json\/wp\/v2\/comments?post=57"}],"version-history":[{"count":7,"href":"https:\/\/www.big-animals.com\/fr\/wp-json\/wp\/v2\/pages\/57\/revisions"}],"predecessor-version":[{"id":200,"href":"https:\/\/www.big-animals.com\/fr\/wp-json\/wp\/v2\/pages\/57\/revisions\/200"}],"wp:attachment":[{"href":"https:\/\/www.big-animals.com\/fr\/wp-json\/wp\/v2\/media?parent=57"}],"curies":[{"name":"wp","href":"https:\/\/api.w.org\/{rel}","templated":true}]}}