{"id":58,"date":"2011-05-09T09:32:06","date_gmt":"2011-05-09T09:32:06","guid":{"rendered":""},"modified":"2014-01-11T09:23:29","modified_gmt":"2014-01-11T09:23:29","slug":"le-monde-grand-echinodermes","status":"publish","type":"page","link":"https:\/\/www.big-animals.com\/fr\/le-monde-grand-echinodermes\/","title":{"rendered":"Les plus grands \u00e9chinodermes du monde !"},"content":{"rendered":"<p><span class=\"gts_text\" id=\"gts_text_1\"><strong>Qu&#8217;estce qu&#8217;un \u00e9chinoderme ?<\/strong><\/span><\/p>\n<p><span class=\"gts_text\" id=\"gts_text_2\">Les \u00e9chinodermes sont un groupe (pour \u00eatre plus pr\u00e9cis, un embranchement) d&#8217;<a title=\"Les plus grands animaux du monde !\" href=\"http:\/\/www.big-animals.com\/fr\/le-monde-grand-animaux\/\">animaux<\/a>.<\/span> <span class=\"gts_text\" id=\"gts_text_3\">Leur nom vient de mots de Grec qui signifient \u00ab\u00a0peau \u00e9pineuse\u00a0\u00bb.<\/span> <span class=\"gts_text\" id=\"gts_text_4\">Les b\u00e9b\u00e9s \u00e9chinodermes nagent librement \u00e0 l&#8217;aide des poils minuscules, appel\u00e9s des \u00ab\u00a0cils\u00a0\u00bb.<\/span> En grandissant<span class=\"gts_text\" id=\"gts_text_5\">, ils deviennent admirablement sym\u00e9triques &#8211; cela se voit tr\u00e8s bien chez les \u00e9toiles de mer &#8211; et des plaques ou des \u00e9pines dures se forment juste en-dessous de leur peau.<\/span> <span class=\"gts_text\" id=\"gts_text_6\">L&#8217;eau d&#8217;utilisation d&#8217;\u00e9chinodermes au lieu du sang pour d\u00e9placer la nourriture autour de leur corps et pour respirer.<\/span> <span class=\"gts_text\" id=\"gts_text_7\">Deux esp\u00e8ces sont en lice pour \u00eatre le plus grand \u00e9chinoderme du monde, et toutes des deux sont des esp\u00e8ces d&#8217;\u00e9toiles de mer.<\/span><\/p>\n<p><span class=\"gts_text\" id=\"gts_text_8\"><strong>Quels genres d&#8217;\u00e9chinodermes y a-t-il ?<\/strong><\/span><\/p>\n<p><span class=\"gts_text\" id=\"gts_text_9\">L&#8217;embranchement des \u00e9chinodermes, appel\u00e9 <em>Echinodermata<\/em>, est divis\u00e9 en cinq groupes, appel\u00e9s des <em><strong>classes<\/strong><\/em>.<\/span> En voici la liste<span class=\"gts_text\" id=\"gts_text_10\"> :<\/span><\/p>\n<ul>\n<li><span class=\"gts_text\" id=\"gts_text_11\">Les \u00e9toiles de mer et les ast\u00e9ries (Asteroida).<\/span> <span class=\"gts_text\" id=\"gts_text_12\">Il y a en environ 1.800 esp\u00e8ces que l&#8217;on trouve dans l&#8217;ensemble des oc\u00e9ans du monde entier.<\/span> <span class=\"gts_text\" id=\"gts_text_13\">Elles chassent d&#8217;autres animaux pour s&#8217;alimenter.<\/span><\/li>\n<li><span class=\"gts_text\" id=\"gts_text_14\">Les crino\u00efdes (Crinoidea).<\/span> <span class=\"gts_text\" id=\"gts_text_15\">Ils s&#8217;attachent en g\u00e9n\u00e9ral aux rochers et ont beaucoup de bras avec lesquels ils attrapent leur nourriture.<\/span> <span class=\"gts_text\" id=\"gts_text_16\">Il y a environ 600 esp\u00e8ces de crino\u00efdes.<\/span><\/li>\n<li><span class=\"gts_text\" id=\"gts_text_17\">Les oursins et les h\u00e9rissons de mer (Echinoidea).<\/span> <span class=\"gts_text\" id=\"gts_text_18\">Ces animaux en forme de boule ont souvent beaucoup de piquants pointus mobiles attach\u00e9s \u00e0 une coquille dure.<\/span> <span class=\"gts_text\" id=\"gts_text_19\">Il y a en environ mille esp\u00e8ces.<\/span><\/li>\n<li><span class=\"gts_text\" id=\"gts_text_20\">Les concombres de mer (holothuries). Ils\u00a0ressemblent un peu \u00e0 des limaces mais ont une peau coriace.<\/span> <span class=\"gts_text\" id=\"gts_text_21\">Il y a environ mille esp\u00e8ces de concombre de mer, et certains entrent dans la pr\u00e9paration de mets d\u00e9licats dont les gourmets asiatiques raffolent !<\/span><\/li>\n<li><span class=\"gts_text\" id=\"gts_text_22\">Les ophiures (Ophiuroidea) ne sont pas des \u00e9toiles de mer, mais elles leur ressemblent beaucoup et sont souvent appel\u00e9es \u00e9toiles de mer par analogie.<\/span> <span class=\"gts_text\" id=\"gts_text_23\">Il y a environ 1.500 esp\u00e8ces d&#8217;ophiures.<\/span><\/li>\n<\/ul>\n<p><span class=\"gts_text\" id=\"gts_text_24\">Il y a plusieurs autres esp\u00e8ces d&#8217;\u00e9chinodermes qu&#8217;on ne conna\u00eet que par leurs fossiles.<\/span><\/p>\n<p><span class=\"gts_text\" id=\"gts_text_25\"><strong>Quel est le plus grand \u00e9chinoderme du monde ?<\/strong><\/span><\/p>\n<p><span class=\"gts_text\" id=\"gts_text_26\">Deux esp\u00e8ces se disputent le titre du plus grand \u00e9chinoderme du monde et toutes les deux font partie de la famille des \u00e9toiles de mer.<\/span> L&#8217;esp\u00e8ce la plus <span class=\"gts_text\" id=\"gts_text_27\">lourde est\u00a0l&#8217;\u00e9toile de mer de Catala (<em>Thromidia catalai<\/em>), qu&#8217;on surnomme \u00ab\u00a0grosse \u00e9toile\u00a0\u00bb et qui p\u00e8se jusqu&#8217;\u00e0 6 kilos.<\/span> <span class=\"gts_text\" id=\"gts_text_28\">Mais ses gros bras font \u00e0 peine 30 cm de long.\u00a0En revanche, la\u00a0<a title=\"Midgardia Xandaros \u2013 la plus grande \u00e9toile de mer du monde\" href=\"http:\/\/www.big-animals.com\/fr\/midgardia-xandaros-le-monde-grand-etoiles-de-mer\/\"><em>Midgardia<\/em><\/a><\/span> <span class=\"gts_text\" id=\"gts_text_29\"><a title=\"Midgardia Xandaros \u2013 la plus grande \u00e9toile de mer du monde\" href=\"http:\/\/www.big-animals.com\/fr\/midgardia-xandaros-le-monde-grand-etoiles-de-mer\/\"><em>xandaras<\/em><\/a> a des bras qui peuvent \u00eatre plus de deux fois plus longs que ceux de l&#8217;\u00e9toile de mer de Catala !<\/span><\/p>\n<p>&nbsp;<\/p>\n","protected":false},"excerpt":{"rendered":"<p>Qu&#8217;estce qu&#8217;un \u00e9chinoderme ? Les \u00e9chinodermes sont un groupe (pour \u00eatre plus pr\u00e9cis, un embranchement) d&#8217;animaux. Leur nom vient de mots de Grec qui signifient \u00ab\u00a0peau \u00e9pineuse\u00a0\u00bb. Les b\u00e9b\u00e9s \u00e9chinodermes nagent librement \u00e0 l&#8217;aide des poils minuscules, appel\u00e9s des \u00ab\u00a0cils\u00a0\u00bb. En grandissant, ils deviennent admirablement sym\u00e9triques &#8211; cela se voit tr\u00e8s bien chez les \u00e9toiles &hellip; <a href=\"https:\/\/www.big-animals.com\/fr\/le-monde-grand-echinodermes\/\" class=\"more-link\">Continue reading <span class=\"screen-reader-text\">Les plus grands \u00e9chinodermes du monde !<\/span><\/a><\/p>\n","protected":false},"author":1,"featured_media":0,"parent":0,"menu_order":0,"comment_status":"closed","ping_status":"open","template":"","meta":{"_acf_changed":false,"footnotes":""},"acf":[],"_links":{"self":[{"href":"https:\/\/www.big-animals.com\/fr\/wp-json\/wp\/v2\/pages\/58"}],"collection":[{"href":"https:\/\/www.big-animals.com\/fr\/wp-json\/wp\/v2\/pages"}],"about":[{"href":"https:\/\/www.big-animals.com\/fr\/wp-json\/wp\/v2\/types\/page"}],"author":[{"embeddable":true,"href":"https:\/\/www.big-animals.com\/fr\/wp-json\/wp\/v2\/users\/1"}],"replies":[{"embeddable":true,"href":"https:\/\/www.big-animals.com\/fr\/wp-json\/wp\/v2\/comments?post=58"}],"version-history":[{"count":4,"href":"https:\/\/www.big-animals.com\/fr\/wp-json\/wp\/v2\/pages\/58\/revisions"}],"predecessor-version":[{"id":266,"href":"https:\/\/www.big-animals.com\/fr\/wp-json\/wp\/v2\/pages\/58\/revisions\/266"}],"wp:attachment":[{"href":"https:\/\/www.big-animals.com\/fr\/wp-json\/wp\/v2\/media?parent=58"}],"curies":[{"name":"wp","href":"https:\/\/api.w.org\/{rel}","templated":true}]}}