{"id":6,"date":"2011-05-09T08:54:19","date_gmt":"2011-05-09T08:54:19","guid":{"rendered":""},"modified":"2014-01-17T09:40:48","modified_gmt":"2014-01-17T09:40:48","slug":"colossal-calmar","status":"publish","type":"page","link":"https:\/\/www.big-animals.com\/fr\/colossal-calmar\/","title":{"rendered":"Le calmar colossal"},"content":{"rendered":"<p><span class=\"gts_text\" id=\"gts_text_1\">Le calmar colossal est la plus grande esp\u00e8ce de <\/span><span class=\"gts_text\" id=\"gts_text_2\">calmars qui ait jamais \u00e9t\u00e9 captur\u00e9e.<\/span> <span class=\"gts_text\" id=\"gts_text_3\">En fait, c&#8217;est le plus grand\u00a0<a title=\"Les plus grands mollusques du monde !\" href=\"http:\/\/www.big-animals.com\/the-worlds-biggest-mollusks\/\">mollusque<\/a> et le plus grand invert\u00e9br\u00e9 du monde !<\/span> <span class=\"gts_text\" id=\"gts_text_4\">Il a un corps \u00e9norme, de 12 \u00e0 14 m\u00e8tres de long, et c&#8217;est aussi la cr\u00e9ature vivante qui a les plus grands yeux.<\/span> <span class=\"gts_text\" id=\"gts_text_5\">Les yeux d&#8217;un calmar colossal vivant mesurent environ 30 \u00e0 40 centim\u00e8tres de diam\u00e8tre.<\/span> Le calmar colossal <span class=\"gts_text\" id=\"gts_text_6\">p\u00e8se presque 500 kilos.<\/span><\/p>\n<p><span class=\"gts_text\" id=\"gts_text_7\">Les membres du calmar colossal ont des crochets tranchants qui peuvent pivoter.<\/span> <span class=\"gts_text\" id=\"gts_text_8\">Il a un corps large et solidement b\u00e2ti.<\/span> <span class=\"gts_text\" id=\"gts_text_9\">Cela le rend beaucoup plus lourd que le calmar g\u00e9ant.<\/span> <span class=\"gts_text\" id=\"gts_text_10\">Son manteau est aussi plus long que celui du\u00a0calmar g\u00e9ant.<\/span> <span class=\"gts_text\" id=\"gts_text_11\">Mais ses tentacules sont plus courtes que celles du calmar g\u00e9ant.<\/span><\/p>\n<figure id=\"attachment_642\" aria-describedby=\"caption-attachment-642\" style=\"width: 300px\" class=\"wp-caption aligncenter\"><a href=\"http:\/\/www.big-animals.com\/wp-content\/uploads\/2011\/03\/Colossal_Squid_And_Human2.png\"><img loading=\"lazy\" decoding=\"async\" class=\"size-medium wp-image-642 \" title=\"Calmar et humain colossaux\" alt=\"Calmar et humain colossaux\" src=\"http:\/\/www.big-animals.com\/wp-content\/uploads\/2011\/03\/Colossal_Squid_And_Human2-300x73.png\" width=\"300\" height=\"73\" \/><\/a><figcaption id=\"caption-attachment-642\" class=\"wp-caption-text\">Un calmar colossal et un homme<\/figcaption><\/figure>\n<p><span class=\"gts_text\" id=\"gts_text_12\">Les calmars colossaux restent au fond de la mer dans l&#8217;oc\u00e9an Austral, l&#8217;oc\u00e9an qui fait tout le tour de l&#8217;Antarctique.<\/span> <span class=\"gts_text\" id=\"gts_text_13\">Ils se nourrissent de l\u00e9gines australes et d&#8217;autres calmars dans les profondeurs de l&#8217;oc\u00e9an.<\/span> <span class=\"gts_text\" id=\"gts_text_14\">Il fait toujours sombre et tr\u00e8s froid l\u00e0 o\u00f9 ils vivent, mais les calmar colossaux sont capables de produire de la lumi\u00e8re pour voir et chasser dans l&#8217;obscurit\u00e9 compl\u00e8te.<\/span><\/p>\n<p><span class=\"gts_text\" id=\"gts_text_15\">Le calmar colossal a un m\u00e9tabolisme lent.<\/span> <span class=\"gts_text\" id=\"gts_text_16\">Environ 30 grammes de nourriture lui suffisent chaque jour.<\/span> <span class=\"gts_text\" id=\"gts_text_17\">Il n&#8217;a pas besoin de beaucoup d&#8217;\u00e9nergie parce que c&#8217;est une cr\u00e9ature lente qui chasse par embuscade.<\/span>\u00a0Un<span class=\"gts_text\" id=\"gts_text_18\"> calmar colossal adulte peut plonger jusqu&#8217;\u00e0 une profondeur de 2.200 m\u00e8tres et un jeune calmar colossal jusqu&#8217;\u00e0 1.000 m\u00e8tres.<\/span> <span class=\"gts_text\" id=\"gts_text_19\">Les femelles adultes sont en g\u00e9n\u00e9ral beaucoup plus grandes que les m\u00e2les adultes.<\/span><\/p>\n<p><span class=\"gts_text\" id=\"gts_text_20\">Les cachalots de l&#8217;Antarctique sont friands de calmars colossaux.<\/span> <span class=\"gts_text\" id=\"gts_text_21\">14% des becs de calmars trouv\u00e9s dans le ventre de cachalots appartiennent \u00e0 des calmars colossaux.<\/span> <span class=\"gts_text\" id=\"gts_text_22\">En fait, la plupart des cachalots portent sur le dos des cicatrices provoqu\u00e9es par les crochets de calmars colossaux qui peuvent repr\u00e9senter 77% de leur proie.<\/span><\/p>\n<p><span class=\"gts_text\" id=\"gts_text_23\">D&#8217;autres cr\u00e9atures mangent aussi les calmars colossaux, comme les hyperoodons, les baleines-pilotes, les <a title=\"L\u2019\u00e9l\u00e9phant de mer du sud\" href=\"http:\/\/www.big-animals.com\/fr\/du-sud-elephant-joint\/\">\u00e9l\u00e9phants de mer du sud<\/a>, les l\u00e9gines australes, les requins dormeurs du Pacifique et m\u00eame les <a title=\"L\u2019albatros errant \u2013 l\u2019oiseau avec les plus grandes ailes !\" href=\"http:\/\/www.big-animals.com\/fr\/le-errer-albatros-le-oiseau-avec-le-grand-ailes\/\">albatros<\/a>.<\/span> <span class=\"gts_text\" id=\"gts_text_24\">On n&#8217;a retrouv\u00e9 des becs de calmars colossaux adultes qu&#8217;\u00e0 l&#8217;int\u00e9rieur de cachalots ou de requins dormeurs du Pacifique.<\/span> <span class=\"gts_text\" id=\"gts_text_25\">Les autres pr\u00e9dateurs se contentent de jeunes calmars colossaux.<\/span><\/p>\n<p><span class=\"gts_text\" id=\"gts_text_26\">En 2007, un calmar colossal vivant a \u00e9t\u00e9 captur\u00e9 par un bateau de p\u00eache n\u00e9oz\u00e9landais au large de l&#8217;Antarctique.<\/span> <span class=\"gts_text\" id=\"gts_text_27\">Il faisait environ 10 m\u00e8tres de long et pesait environ 495 kilos.<\/span> <span class=\"gts_text\" id=\"gts_text_28\">Il a \u00e9t\u00e9 rapport\u00e9 en Nouvelle-Z\u00e9lande pour que les scientifiques puissent continuer \u00e0 l&#8217;\u00e9tudier.<\/span><\/p>\n<p><span class=\"gts_text\" id=\"gts_text_29\">\u00a0<\/span><\/p>\n","protected":false},"excerpt":{"rendered":"<p>Le calmar colossal est la plus grande esp\u00e8ce de calmars qui ait jamais \u00e9t\u00e9 captur\u00e9e. En fait, c&#8217;est le plus grand\u00a0mollusque et le plus grand invert\u00e9br\u00e9 du monde ! Il a un corps \u00e9norme, de 12 \u00e0 14 m\u00e8tres de long, et c&#8217;est aussi la cr\u00e9ature vivante qui a les plus grands yeux. Les yeux &hellip; <a href=\"https:\/\/www.big-animals.com\/fr\/colossal-calmar\/\" class=\"more-link\">Continue reading <span class=\"screen-reader-text\">Le calmar colossal<\/span><\/a><\/p>\n","protected":false},"author":1,"featured_media":0,"parent":0,"menu_order":0,"comment_status":"closed","ping_status":"open","template":"","meta":{"_acf_changed":false,"footnotes":""},"acf":[],"_links":{"self":[{"href":"https:\/\/www.big-animals.com\/fr\/wp-json\/wp\/v2\/pages\/6"}],"collection":[{"href":"https:\/\/www.big-animals.com\/fr\/wp-json\/wp\/v2\/pages"}],"about":[{"href":"https:\/\/www.big-animals.com\/fr\/wp-json\/wp\/v2\/types\/page"}],"author":[{"embeddable":true,"href":"https:\/\/www.big-animals.com\/fr\/wp-json\/wp\/v2\/users\/1"}],"replies":[{"embeddable":true,"href":"https:\/\/www.big-animals.com\/fr\/wp-json\/wp\/v2\/comments?post=6"}],"version-history":[{"count":2,"href":"https:\/\/www.big-animals.com\/fr\/wp-json\/wp\/v2\/pages\/6\/revisions"}],"predecessor-version":[{"id":356,"href":"https:\/\/www.big-animals.com\/fr\/wp-json\/wp\/v2\/pages\/6\/revisions\/356"}],"wp:attachment":[{"href":"https:\/\/www.big-animals.com\/fr\/wp-json\/wp\/v2\/media?parent=6"}],"curies":[{"name":"wp","href":"https:\/\/api.w.org\/{rel}","templated":true}]}}