{"id":60,"date":"2011-05-09T09:32:48","date_gmt":"2011-05-09T09:32:48","guid":{"rendered":""},"modified":"2014-01-10T21:13:29","modified_gmt":"2014-01-10T21:13:29","slug":"le-monde-grand-reptiles","status":"publish","type":"page","link":"https:\/\/www.big-animals.com\/fr\/le-monde-grand-reptiles\/","title":{"rendered":"Les plus grands reptiles du monde !"},"content":{"rendered":"<p><span class=\"gts_text\" id=\"gts_text_1\"><strong>Les plus grands reptiles du monde<\/strong><\/span><\/p>\n<p><span class=\"gts_text\" id=\"gts_text_2\">Les reptiles sont des <a title=\"Les plus grands vert\u00e9br\u00e9s du monde !\" href=\"http:\/\/www.big-animals.com\/fr\/le-monde-grand-vertebres\/\">vert\u00e9br\u00e9s<\/a>.<\/span> <span class=\"gts_text\" id=\"gts_text_3\">Ils respirent de l&#8217;air\u00a0par les poumons, pondent des oeufs \u00e0 coquilles et ont une peau couverte d&#8217;\u00e9cailles.<\/span> <span class=\"gts_text\" id=\"gts_text_4\">Ils sont \u00ab\u00a0\u00e0 sang froid\u00a0\u00bb, ce qui signifie que la temp\u00e9rature de leur corps varie avec le climat et la m\u00e9t\u00e9o.<\/span> <span class=\"gts_text\" id=\"gts_text_5\">La plupart des reptiles mangent de la viande.<\/span> <span class=\"gts_text\" id=\"gts_text_6\">Les reptiles sont g\u00e9n\u00e9ralement moins intelligents que les mammif\u00e8res et que les oiseaux.<\/span> <span class=\"gts_text\" id=\"gts_text_7\">Ils se prot\u00e8gent en se\u00a0camouflant.<\/span> <span class=\"gts_text\" id=\"gts_text_8\">Les crocodiles, les tortues, et certains l\u00e9zards et serpents produisent un fort sifflement\u00a0quand on les attaquent.<\/span> <span class=\"gts_text\" id=\"gts_text_9\">Ils tous ont quatre pattes sauf les serpents et certains l\u00e9zards.<\/span> <span class=\"gts_text\" id=\"gts_text_10\">Ils se diff\u00e9rencient des grenouilles par le fait qu&#8217;ils n&#8217;ont pas d&#8217;\u00e9tape larvaire.<\/span> <span class=\"gts_text\" id=\"gts_text_11\">Le plus grand reptile actuellement en vie est le <a title=\"Le crocodile d\u2019eau de mer \u2013 le plus grand reptile de Word\" href=\"http:\/\/www.big-animals.com\/fr\/le-eau-de-mer-crocodile-le-mot-grand-reptile\/\">crocodile d&#8217;eau de mer<\/a>.<\/span><\/p>\n<p><span class=\"gts_text\" id=\"gts_text_12\">Il y a\u00a0quatre groupes de reptiles :<\/span><\/p>\n<p>a) Les <span class=\"gts_text\" id=\"gts_text_13\"><a title=\"Crocodiliens\" href=\"http:\/\/www.big-animals.com\/fr\/crocodiliens\/\">crocodiliens<\/a>, comme les crocodiles et les alligators.<\/span><\/p>\n<p>b) Les <span class=\"gts_text\" id=\"gts_text_14\"><a title=\"Tuatara\" href=\"http:\/\/www.big-animals.com\/fr\/tuatara\/\">tuataras<\/a> de Nouvelle-Z\u00e9lande.<\/span> <span class=\"gts_text\" id=\"gts_text_15\">Il y a seulement\u00a0deux sortesde tuataras.<\/span><\/p>\n<p>c) Les <span class=\"gts_text\" id=\"gts_text_16\"><a title=\"Les tortues\" href=\"http:\/\/www.big-animals.com\/fr\/tortue-et-tortues\/\">tortues<\/a>.<\/span><\/p>\n<p>d) Les <span class=\"gts_text\" id=\"gts_text_17\"><a title=\"L\u00e9zards\" href=\"http:\/\/www.big-animals.com\/fr\/lezards\/\">l\u00e9zards<\/a> et les <a title=\"Serpents\" href=\"http:\/\/www.big-animals.com\/fr\/serpents\/\">serpents<\/a>.<\/span><\/p>\n","protected":false},"excerpt":{"rendered":"<p>Les plus grands reptiles du monde Les reptiles sont des vert\u00e9br\u00e9s. Ils respirent de l&#8217;air\u00a0par les poumons, pondent des oeufs \u00e0 coquilles et ont une peau couverte d&#8217;\u00e9cailles. Ils sont \u00ab\u00a0\u00e0 sang froid\u00a0\u00bb, ce qui signifie que la temp\u00e9rature de leur corps varie avec le climat et la m\u00e9t\u00e9o. La plupart des reptiles mangent de &hellip; <a href=\"https:\/\/www.big-animals.com\/fr\/le-monde-grand-reptiles\/\" class=\"more-link\">Continue reading <span class=\"screen-reader-text\">Les plus grands reptiles du monde !<\/span><\/a><\/p>\n","protected":false},"author":1,"featured_media":0,"parent":0,"menu_order":0,"comment_status":"closed","ping_status":"open","template":"","meta":{"_acf_changed":false,"footnotes":""},"acf":[],"_links":{"self":[{"href":"https:\/\/www.big-animals.com\/fr\/wp-json\/wp\/v2\/pages\/60"}],"collection":[{"href":"https:\/\/www.big-animals.com\/fr\/wp-json\/wp\/v2\/pages"}],"about":[{"href":"https:\/\/www.big-animals.com\/fr\/wp-json\/wp\/v2\/types\/page"}],"author":[{"embeddable":true,"href":"https:\/\/www.big-animals.com\/fr\/wp-json\/wp\/v2\/users\/1"}],"replies":[{"embeddable":true,"href":"https:\/\/www.big-animals.com\/fr\/wp-json\/wp\/v2\/comments?post=60"}],"version-history":[{"count":2,"href":"https:\/\/www.big-animals.com\/fr\/wp-json\/wp\/v2\/pages\/60\/revisions"}],"predecessor-version":[{"id":255,"href":"https:\/\/www.big-animals.com\/fr\/wp-json\/wp\/v2\/pages\/60\/revisions\/255"}],"wp:attachment":[{"href":"https:\/\/www.big-animals.com\/fr\/wp-json\/wp\/v2\/media?parent=60"}],"curies":[{"name":"wp","href":"https:\/\/api.w.org\/{rel}","templated":true}]}}