{"id":62,"date":"2011-05-09T09:33:42","date_gmt":"2011-05-09T09:33:42","guid":{"rendered":""},"modified":"2014-01-14T08:44:45","modified_gmt":"2014-01-14T08:44:45","slug":"tylosaurus","status":"publish","type":"page","link":"https:\/\/www.big-animals.com\/fr\/tylosaurus\/","title":{"rendered":"Le Tylosaurus"},"content":{"rendered":"<p>&nbsp;<\/p>\n<figure id=\"attachment_651\" aria-describedby=\"caption-attachment-651\" style=\"width: 221px\" class=\"wp-caption alignleft\"><a href=\"http:\/\/www.big-animals.com\/wp-content\/uploads\/2011\/03\/Tylosaurus_and_Human2.png\"><img loading=\"lazy\" decoding=\"async\" class=\"size-medium wp-image-651\" title=\"Le Tylosaurus est le plus grand reptile toujours marin du monde\" alt=\"Le Tylosaurus est le plus grand reptile toujours marin du monde\" src=\"http:\/\/www.big-animals.com\/wp-content\/uploads\/2011\/03\/Tylosaurus_and_Human2-221x300.png\" width=\"221\" height=\"300\" \/><\/a><figcaption id=\"caption-attachment-651\" class=\"wp-caption-text\">Le <em>Tylosaurus<\/em> est le plus grand reptile marin qui ait jamais exist\u00e9<\/figcaption><\/figure>\n<p><span class=\"gts_text\" id=\"gts_text_1\">Le <em>Tylosaurus<\/em> est le plus grand <a title=\"L\u00e9zards\" href=\"http:\/\/www.big-animals.com\/fr\/lezards\/\">l\u00e9zard<\/a>\u00a0qui ait jamais exist\u00e9.<\/span> <span class=\"gts_text\" id=\"gts_text_2\">C&#8217;\u00e9tait un l\u00e9zard marin\u00a0: il vivait dans l&#8217;eau de mer.<\/span> <span class=\"gts_text\" id=\"gts_text_3\">En fait, le <em>Tylosarus<\/em> d\u00e9tient aussi le titre du plus grand <a title=\"Les plus grands reptiles du monde !\" href=\"http:\/\/www.big-animals.com\/fr\/le-monde-grand-reptiles\/\">reptile<\/a> marin de tous les temps.<\/span> <span class=\"gts_text\" id=\"gts_text_4\">Il avait certains caract\u00e9ristiques des l\u00e9zards\u00a0et des <a title=\"Les serpents\" href=\"http:\/\/www.big-animals.com\/fr\/serpents\/\">serpents<\/a>\u00a0actuels.<\/span> <span class=\"gts_text\" id=\"gts_text_5\">Il vivait \u00e0 la m\u00eame \u00e9poque que les dinosaures et s&#8217;est \u00e9teint en m\u00eame temps qu&#8217;eux.<\/span> <span class=\"gts_text\" id=\"gts_text_6\">On en a trouv\u00e9 des fossiles dans les oc\u00e9ans qui longent l&#8217;Am\u00e9rique du Nord.<\/span><\/p>\n<p><span class=\"gts_text\" id=\"gts_text_7\">Le <em>Tylosaurus<\/em> pourrait faire plus de 15 m\u00e8tres de long.<\/span> <span class=\"gts_text\" id=\"gts_text_8\">Il avait un long museau cylindrique qui lui permettait\u00a0de trouver ses proies et de les bousculer.<\/span> <span class=\"gts_text\" id=\"gts_text_9\">Il avait deux rang\u00e9es des dents en forme de c\u00f4ne pointues.<\/span> <span class=\"gts_text\" id=\"gts_text_10\">Il avait une m\u00e2choire avec une articulation double et un cr\u00e2ne flexible, comme les serpents, ce qui lui permettait d&#8217;avaler ses proies d&#8217;un seul coup.<\/span> <span class=\"gts_text\" id=\"gts_text_11\">Il avait aussi une longue queue plate puissante, des nageoires efficaces et un corps profil\u00e9.<\/span> <span class=\"gts_text\" id=\"gts_text_12\">Toutes ces caract\u00e9ristiques permettaient au <em>Tylosaurus<\/em> d&#8217;\u00eatre un tr\u00e8s bon nageur.<\/span> <span class=\"gts_text\" id=\"gts_text_13\">Il pouvait attaquer ses proies rapidement.<\/span><\/p>\n<p><span class=\"gts_text\" id=\"gts_text_14\">Gr\u00e2ce au contenu des estomacs de <em>Tylosaurus<\/em> fossilis\u00e9s, on a pu d\u00e9terminer que cette dangereuse cr\u00e9ature marine\u00a0mangeait des aliments vari\u00e9s comme des poissons, des requins, des petits l\u00e9zards marins, des reptiles aquatiques carnivores et des oiseaux\u00a0en train de\u00a0plonger.<\/span> <span class=\"gts_text\" id=\"gts_text_15\">Les m\u00e8res <em>Tylosaurus<\/em> donnaient naissance \u00e0 des petits vivants, pas dans des oeufs.<\/span> <span class=\"gts_text\" id=\"gts_text_16\">Elles\u00a0n&#8217;avaient\u00a0donc pas besoin de s&#8217;approcher des c\u00f4tes pour y pondre leurs oeufs comme le font les tortues de mer modernes.<\/span><\/p>\n","protected":false},"excerpt":{"rendered":"<p>&nbsp; Le Tylosaurus est le plus grand l\u00e9zard\u00a0qui ait jamais exist\u00e9. C&#8217;\u00e9tait un l\u00e9zard marin\u00a0: il vivait dans l&#8217;eau de mer. En fait, le Tylosarus d\u00e9tient aussi le titre du plus grand reptile marin de tous les temps. Il avait certains caract\u00e9ristiques des l\u00e9zards\u00a0et des serpents\u00a0actuels. Il vivait \u00e0 la m\u00eame \u00e9poque que les dinosaures &hellip; <a href=\"https:\/\/www.big-animals.com\/fr\/tylosaurus\/\" class=\"more-link\">Continue reading <span class=\"screen-reader-text\">Le Tylosaurus<\/span><\/a><\/p>\n","protected":false},"author":1,"featured_media":0,"parent":0,"menu_order":0,"comment_status":"closed","ping_status":"open","template":"","meta":{"_acf_changed":false,"footnotes":""},"acf":[],"_links":{"self":[{"href":"https:\/\/www.big-animals.com\/fr\/wp-json\/wp\/v2\/pages\/62"}],"collection":[{"href":"https:\/\/www.big-animals.com\/fr\/wp-json\/wp\/v2\/pages"}],"about":[{"href":"https:\/\/www.big-animals.com\/fr\/wp-json\/wp\/v2\/types\/page"}],"author":[{"embeddable":true,"href":"https:\/\/www.big-animals.com\/fr\/wp-json\/wp\/v2\/users\/1"}],"replies":[{"embeddable":true,"href":"https:\/\/www.big-animals.com\/fr\/wp-json\/wp\/v2\/comments?post=62"}],"version-history":[{"count":2,"href":"https:\/\/www.big-animals.com\/fr\/wp-json\/wp\/v2\/pages\/62\/revisions"}],"predecessor-version":[{"id":321,"href":"https:\/\/www.big-animals.com\/fr\/wp-json\/wp\/v2\/pages\/62\/revisions\/321"}],"wp:attachment":[{"href":"https:\/\/www.big-animals.com\/fr\/wp-json\/wp\/v2\/media?parent=62"}],"curies":[{"name":"wp","href":"https:\/\/api.w.org\/{rel}","templated":true}]}}