{"id":63,"date":"2011-05-09T09:33:50","date_gmt":"2011-05-09T09:33:50","guid":{"rendered":""},"modified":"2014-01-13T13:32:37","modified_gmt":"2014-01-13T13:32:37","slug":"monde-grand-animaux","status":"publish","type":"page","link":"https:\/\/www.big-animals.com\/fr\/","title":{"rendered":"Les plus grands animaux du monde"},"content":{"rendered":"<p><span class=\"gts_text\" id=\"gts_text_1\">Ce site a pour objectif de rassembler l&#8217;ensemble des informations \u00e0 propos des plus grands animaux du monde &#8211; les plus hauts, les plus lourds, les plus longs et les plus gros de chaque type d&#8217;animaux, avec des faits fascinants sur chacun d&#8217;entre eux\u00a0!<\/span><\/p>\n<p><span class=\"gts_text\" id=\"gts_text_2\">Vous voulez conna\u00eetre la plus grande araign\u00e9e du monde ?<\/span> <span class=\"gts_text\" id=\"gts_text_3\">Ou le crabe le plus lourd ?<\/span> <span class=\"gts_text\" id=\"gts_text_4\">Ou le plus grand poisson qui ait jamais\u00a0exist\u00e9 ?<\/span><\/p>\n<p><span class=\"gts_text\" id=\"gts_text_5\">Il y a plusieurs fa\u00e7ons d&#8217;explorer ce site\u2026<\/span><\/p>\n<ul>\n<li><span class=\"gts_text\" id=\"gts_text_6\">Vous pouvez consulter la\u00a0<a title=\"Une liste alphab\u00e9tique des plus grands animaux du monde\" href=\"http:\/\/www.big-animals.com\/fr\/une-liste-alphabetique-des-plus-gros-animaux-du-monde\/\">liste alphab\u00e9tique<\/a>\u00a0de tous les animaux disponibles sur ce site Web, et aller directement \u00e0 l&#8217;animal qui vous int\u00e9resse.<\/span><\/li>\n<li><span class=\"gts_text\" id=\"gts_text_7\">Vous pouvez voir une <a title=\"Une liste des plus grands animaux du monde, assortie par le type\" href=\"http:\/\/www.big-animals.com\/fr\/de-type-un\/\">liste de tous les diff\u00e9rents <em>types d&#8217;<\/em>animaux<\/a>, et faire descendre l&#8217;\u00e9cran jusqu&#8217;au <em>type<\/em> (mammif\u00e8res, vert\u00e9br\u00e9s, araign\u00e9es, etc.) qui vous int\u00e9resse.<\/span><\/li>\n<li><span class=\"gts_text\" id=\"gts_text_8\">Vous pouvez cliquer directement sur la <a title=\"Les plus grands animaux du monde !\" href=\"http:\/\/www.big-animals.com\/fr\/le-monde-grand-animaux\/\">page principale au sujet des animaux<\/a>, lire ce qu&#8217;il y a de si sp\u00e9cial \u00e0 leur propos, et cliquer sur les liens que vous trouverez.<\/span><\/li>\n<\/ul>\n<p><span class=\"gts_text\" id=\"gts_text_10\">Nous esp\u00e9rons que ce site deviendra un endroit fascinant pour d\u00e9couvrir les plus grandes esp\u00e8ces du r\u00e8gne animal !<\/span><\/p>\n","protected":false},"excerpt":{"rendered":"<p>Ce site a pour objectif de rassembler l&#8217;ensemble des informations \u00e0 propos des plus grands animaux du monde &#8211; les plus hauts, les plus lourds, les plus longs et les plus gros de chaque type d&#8217;animaux, avec des faits fascinants sur chacun d&#8217;entre eux\u00a0! Vous voulez conna\u00eetre la plus grande araign\u00e9e du monde ? Ou &hellip; <a href=\"https:\/\/www.big-animals.com\/fr\/\" class=\"more-link\">Continue reading <span class=\"screen-reader-text\">Les plus grands animaux du monde<\/span><\/a><\/p>\n","protected":false},"author":1,"featured_media":0,"parent":0,"menu_order":0,"comment_status":"closed","ping_status":"open","template":"","meta":{"_acf_changed":false,"footnotes":""},"acf":[],"_links":{"self":[{"href":"https:\/\/www.big-animals.com\/fr\/wp-json\/wp\/v2\/pages\/63"}],"collection":[{"href":"https:\/\/www.big-animals.com\/fr\/wp-json\/wp\/v2\/pages"}],"about":[{"href":"https:\/\/www.big-animals.com\/fr\/wp-json\/wp\/v2\/types\/page"}],"author":[{"embeddable":true,"href":"https:\/\/www.big-animals.com\/fr\/wp-json\/wp\/v2\/users\/1"}],"replies":[{"embeddable":true,"href":"https:\/\/www.big-animals.com\/fr\/wp-json\/wp\/v2\/comments?post=63"}],"version-history":[{"count":10,"href":"https:\/\/www.big-animals.com\/fr\/wp-json\/wp\/v2\/pages\/63\/revisions"}],"predecessor-version":[{"id":311,"href":"https:\/\/www.big-animals.com\/fr\/wp-json\/wp\/v2\/pages\/63\/revisions\/311"}],"wp:attachment":[{"href":"https:\/\/www.big-animals.com\/fr\/wp-json\/wp\/v2\/media?parent=63"}],"curies":[{"name":"wp","href":"https:\/\/api.w.org\/{rel}","templated":true}]}}