{"id":64,"date":"2011-05-09T11:26:22","date_gmt":"2011-05-09T11:26:22","guid":{"rendered":""},"modified":"2014-01-27T11:26:18","modified_gmt":"2014-01-27T11:26:18","slug":"battes","status":"publish","type":"page","link":"https:\/\/www.big-animals.com\/fr\/les-plus-grands-mammiferes-du-monde\/battes\/","title":{"rendered":"Les chauves-souris"},"content":{"rendered":"<p><span class=\"gts_text\" id=\"gts_text_1\">Les chauves-souris (ou chiropt\u00e8res) font partie des <a title=\"Les plus grands mammif\u00e8res du monde !\" href=\"http:\/\/www.big-animals.com\/the-worlds-biggest-mammals\/\">mammif\u00e8res<\/a>.<\/span> <span class=\"gts_text\" id=\"gts_text_2\">Elles sont le deuxi\u00e8me groupe de mammif\u00e8res par le nombre d&#8217;esp\u00e8ces.<\/span> <span class=\"gts_text\" id=\"gts_text_3\">Il y a environ 1.100 esp\u00e8ces de chauves-souris dans le monde, mais il y a plus d&#8217;esp\u00e8ces de <a title=\"Rongeurs\" href=\"http:\/\/www.big-animals.com\/fr\/rongeurs\/\">rongeurs<\/a> que de chauves-souris.<\/span> <span class=\"gts_text\" id=\"gts_text_4\">Ce sont les seuls mammif\u00e8res qui soient capables de voler.<\/span> <span class=\"gts_text\" id=\"gts_text_5\">Leurs membres ant\u00e9rieurs ont les doigts palm\u00e9s et la peau qui recouvre leurs doigts se prolonge en une aile.<\/span> <span class=\"gts_text\" id=\"gts_text_6\">Les chauves-souris agitent leurs ailes et volent comme des oiseaux.<\/span> On a l&#8217;impression que <span class=\"gts_text\" id=\"gts_text_7\">d&#8217;autres mammif\u00e8res, comme les \u00e9cureuils volants ou les phalangers, peuvent aussi voler.<\/span> Mais c<span class=\"gts_text\" id=\"gts_text_8\">eux-ci ne volent pas vraiment : ils planent comme des cerfs-volants. \u00a0<\/span><\/p>\n<h3><span class=\"gts_text\" id=\"gts_text_9\">Quelques informations sur les chauves-souris<\/span><\/h3>\n<p><span class=\"gts_text\" id=\"gts_text_10\">Les ailes d&#8217;une chauve-souris sont faites de deux couches de peau minces qui sont \u00e9tir\u00e9es sur les bras et les doigts.<\/span> <span class=\"gts_text\" id=\"gts_text_11\">Les os des doigts sont beaucoup plus flexibles que ceux d&#8217;autres mammif\u00e8res.<\/span> <span class=\"gts_text\" id=\"gts_text_12\">Les ailes des chauves-souris sont beaucoup plus minces que celles des oiseaux.<\/span> <span class=\"gts_text\" id=\"gts_text_13\">Cela leur permet de tournoyer dans l&#8217;air beaucoup plus rapidement et pr\u00e9cis\u00e9ment que les oiseaux.<\/span> <span class=\"gts_text\" id=\"gts_text_14\">Leurs ailes minces sont fragiles et peuvent se d\u00e9chirer facilement.<\/span> <span class=\"gts_text\" id=\"gts_text_15\">Heureusement, la couche de peau mince qui constitue les ailes peut repousser.<\/span> Leurs petits chagrins sont donc de courte dur\u00e9e<span class=\"gts_text\" id=\"gts_text_16\">.<\/span><\/p>\n<p><span class=\"gts_text\" id=\"gts_text_17\">Comme nous, les chauves-souris ont un pouce et quatre doigts.<\/span> <span class=\"gts_text\" id=\"gts_text_18\">Les doigts des chauve-souris sont tr\u00e8s longs par rapport \u00e0 leur corps.<\/span> <span class=\"gts_text\" id=\"gts_text_19\">Leurs ailes peuvent descendre jusque sur les jambes.<\/span> <span class=\"gts_text\" id=\"gts_text_20\">Quand elles volent, les chauves-souris n&#8217;agitent pas simplement leurs ailes de haut en bas comme des oiseaux.<\/span> <span class=\"gts_text\" id=\"gts_text_21\">Elles \u00e9cartent leurs ailes et se hissent dans l&#8217;air comme si elles faisaient de la brasse papillon.<\/span> Elles utilisent aussi leurs <span class=\"gts_text\" id=\"gts_text_22\">ailes pour tenir les insectes et des fruits qu&#8217;elles mangent.<\/span> <span class=\"gts_text\" id=\"gts_text_23\">Sur les ailes, il y a des petites bosses qui sont tr\u00e8s sensibles au contact, un peu comme le sont les extr\u00e9mit\u00e9s de nos doigts.<\/span> <span class=\"gts_text\" id=\"gts_text_24\">Au milieu de chacune de ces\u00a0bosses se trouvent\u00a0des poils minuscules.<\/span> <span class=\"gts_text\" id=\"gts_text_25\">Ces bosses sensibles aident les chauves-souris \u00e0 sentir comment l&#8217;air circule sur leurs ailes.<\/span> <span class=\"gts_text\" id=\"gts_text_26\">Elles peuvent ensuite adapter la forme de leurs ailes pour voler de fa\u00e7on plus efficace.<\/span><\/p>\n<figure id=\"attachment_785\" aria-describedby=\"caption-attachment-785\" style=\"width: 300px\" class=\"wp-caption alignright\"><a href=\"http:\/\/www.big-animals.com\/wp-content\/uploads\/2011\/03\/Myotis_Bechsteinii.jpg\"><img loading=\"lazy\" decoding=\"async\" class=\"size-medium wp-image-785\" title=\"Un cr\u00e9dit Dietmar Nill, biologie informatique d'image de batte en vol - de PLoS\" alt=\"Une mention de source Dietmar Nill, biologie informatique de batte en vol - de PLoS\" src=\"http:\/\/www.big-animals.com\/wp-content\/uploads\/2011\/03\/Myotis_Bechsteinii-300x193.jpg\" width=\"300\" height=\"193\" \/><\/a><figcaption id=\"caption-attachment-785\" class=\"wp-caption-text\">Une chauve-souris en vol. Photo : Dietmar Nill, PLoS Computational Biology<\/figcaption><\/figure>\n<h3><span class=\"gts_text\" id=\"gts_text_27\">Que mangent les chauves-souris ?<\/span><\/h3>\n<p><span class=\"gts_text\" id=\"gts_text_28\">On trouve des chauves-souris peuvent sur la majeure partie de la Terre sauf aux endroits les plus froids.<\/span> Il y en a <span class=\"gts_text\" id=\"gts_text_29\">dans les for\u00eats, les d\u00e9serts, les jungles et les villes. <\/span><span class=\"gts_text\" id=\"gts_text_30\">Environ 70% des chauves-souris mangent surtout des insectes.<\/span> <span class=\"gts_text\" id=\"gts_text_31\">Ces chauves-souris chassent leur proies en \u00e9mettant des ondes sonores et en \u00e9coutant l&#8217;\u00e9cho pour localiser leur proie.<\/span> <span class=\"gts_text\" id=\"gts_text_32\">Les chauves-souris peuvent en g\u00e9n\u00e9ral manger des insectes qui p\u00e8sent un tiers de leur poids corporel chaque nuit.<\/span> <span class=\"gts_text\" id=\"gts_text_33\">Un groupe de chauves-souris peut donc manger des tonnes d&#8217;insectes tous les ans !<\/span> <span class=\"gts_text\" id=\"gts_text_34\">S&#8217;il n&#8217;y avaient plus de chauves-souris, nous serions envahis par les insectes.<\/span><\/p>\n<h3><span class=\"gts_text\" id=\"gts_text_35\">Les chauves-souris frugivores<\/span><\/h3>\n<p><span class=\"gts_text\" id=\"gts_text_36\">Beaucoup de chauves-souris mangent des fruits.<\/span> <span class=\"gts_text\" id=\"gts_text_37\">Ces chauves-souris se nourrissent du jus de fruits sucr\u00e9s.<\/span> <span class=\"gts_text\" id=\"gts_text_38\">Elles d\u00e9tachent un fruit des arbres avec les dents, puis retournent \u00e0 leur lieu de repos avec le fruit dans la bouche.<\/span> <span class=\"gts_text\" id=\"gts_text_39\">Elles \u00e9crasent ensuite le fruit et le mangent.<\/span> Elles recrachent l<span class=\"gts_text\" id=\"gts_text_40\">es graines et la pulpe.<\/span> <span class=\"gts_text\" id=\"gts_text_41\">Ces graines prennent racine et donnent naissance \u00e0 de nouveaux arbres fruitiers.<\/span> <span class=\"gts_text\" id=\"gts_text_42\">Certaines chauves-souris se nourrissent de nectar.<\/span> <span class=\"gts_text\" id=\"gts_text_43\">Elles ont de longs museaux et peuvent tirer la langue tr\u00e8s loin.<\/span> <span class=\"gts_text\" id=\"gts_text_44\">Quand elles sucent le nectar des fleurs, du pollen se colle \u00e0 leur fourrure.<\/span> <span class=\"gts_text\" id=\"gts_text_45\">Puis quand les chauves-souris s&#8217;envolent, des poussi\u00e8res de pollen tombent.<\/span> <span class=\"gts_text\" id=\"gts_text_46\">C&#8217;est de cette fa\u00e7on que les chauves-souris aident \u00e0 polliniser les plantes.<\/span> <span class=\"gts_text\" id=\"gts_text_47\">Bien que certaines chauves-souris frugivores soient des parasites pour les agriculteurs qui ont des vergers, les chauves-souris jouent un r\u00f4le important en r\u00e9pandant des graines de fruits, en pollinisant les fleurs et en se nourrissant d&#8217;insectes.<\/span> <span class=\"gts_text\" id=\"gts_text_48\">Beaucoup de plantes tropicales d\u00e9pendent exclusivement des chauves-souris pour la propagation de leurs graines.<\/span><\/p>\n<h3><span class=\"gts_text\" id=\"gts_text_49\">Les chauves-souris vampires<\/span><\/h3>\n<p><span class=\"gts_text\" id=\"gts_text_50\">Seules\u00a0trois esp\u00e8ces de chauves-souris (dites h\u00e9matophages) boivent du sang.<\/span> Ce sont <span class=\"gts_text\" id=\"gts_text_51\">le vampire commun, le vampire \u00e0 ailes blanches et le vampire \u00e0 pattes velues.<\/span> <span class=\"gts_text\" id=\"gts_text_52\">Le vampire commun suce le sang de mammif\u00e8res comme les vaches ou les chevaux, tandis que le vampire \u00e0 pattes velues et le vampire \u00e0 ailes blanches sucent le sang des oiseaux.<\/span> <span class=\"gts_text\" id=\"gts_text_53\">Aucune de ces chauves-souris ne se transforme en Dracula, alors\u00a0il n&#8217;y a pas de danger\u00a0!<\/span> <span class=\"gts_text\" id=\"gts_text_54\">Ces chauves-souris h\u00e9matophages sont les seuls mammif\u00e8res parasites qui soient.<\/span> <span class=\"gts_text\" id=\"gts_text_55\">Certaines esp\u00e8ces mangent m\u00eame des vert\u00e9br\u00e9s.<\/span> <span class=\"gts_text\" id=\"gts_text_56\">C&#8217;est le cas des phyllostomides d&#8217;Am\u00e9rique Centrale et\u00a0du Sud et des deux esp\u00e8ces de noctilios qui se nourrissent de poissons.<\/span> <span class=\"gts_text\" id=\"gts_text_57\">Ces derniers existent sur presque tous les continents.<\/span> <span class=\"gts_text\" id=\"gts_text_58\">Ils se servent de l&#8217;\u00e9cholocation pour d\u00e9tecter les moindres ondes \u00e0 la surface de l&#8217;eau et localiser les poissons.<\/span> <span class=\"gts_text\" id=\"gts_text_59\">Quand ils \u00ab\u00a0voient\u00a0\u00bb ces ondes, ils font un vol piqu\u00e9 jusqu&#8217;\u00e0 la surface de l&#8217;eau et utilisent les griffes de leurs pattes post\u00e9rieures pour extraire les poissons de l&#8217;eau.<\/span> <span class=\"gts_text\" id=\"gts_text_60\">Ces chauves-souris emportent alors les poissons vers leur lieu de repos avant de les manger.<\/span> <span class=\"gts_text\" id=\"gts_text_61\">Deux esp\u00e8ces de chauves-souris mangent d&#8217;autres chauves-souris.<\/span> <span class=\"gts_text\" id=\"gts_text_62\">Ce sont le faux-vampire am\u00e9ricain et la chauve-souris fant\u00f4me d&#8217;Australie.<\/span><span class=\"gts_text\" id=\"gts_text_63\">\u00a0L&#8217;esp\u00e8ce de la grande noctule attrape et mange des petits oiseaux en plein vol.<\/span> Le milan des chauves-souris et le faucon des chauves-souris figurent p<span class=\"gts_text\" id=\"gts_text_64\">armi les pr\u00e9dateurs des chauves-souris.<\/span><\/p>\n<h3><span class=\"gts_text\" id=\"gts_text_65\">Les chauves-souris les plus petites et les chauves-souris les plus grandes <\/span><\/h3>\n<p><span class=\"gts_text\" id=\"gts_text_66\">La plus petite chauve-souris est la Kitti \u00e0 nez de porc ou chauve-souris bourdon.<\/span> <span class=\"gts_text\" id=\"gts_text_67\">Elle mesure 29 \u00e0 34 mm de long, a une envergure d&#8217;ailes de 15 cm et p\u00e8se entre 2,0 \u00e0 2,6 grammes.<\/span> <span class=\"gts_text\" id=\"gts_text_68\">La plus grande esp\u00e8ce de chauves-souris est celle du <a title=\"Fox de vol D\u2019or-Couronn\u00e9 par g\u00e9ant\" href=\"http:\/\/www.big-animals.com\/fr\/geant-dor-couronner-vol-renard\/\">renard volant des Philippines<\/a> qui mesure 34 cm de long.<\/span> <span class=\"gts_text\" id=\"gts_text_69\">Il a une envergure de 1,5 m\u00e8tres, ce qui est presque la taille d&#8217;un homme moyen.<\/span><\/p>\n<h3><span class=\"gts_text\" id=\"gts_text_70\">Les esp\u00e8ces de chauves-souris<\/span><\/h3>\n<p><span class=\"gts_text\" id=\"gts_text_71\">Il y a deux groupes de chauves-souris principaux.<\/span> <span class=\"gts_text\" id=\"gts_text_72\">Les grandes chauves-souris fructivores sont appel\u00e9es des\u00a0<em>m\u00e9gachiropt\u00e8res<\/em> et les petites chauves-souris des\u00a0<em>microchiropt\u00e8res.<\/em> Ces derniers ont une alimentation tr\u00e8s vari\u00e9e qui peut inclure des insectes, du sang, des poissons, des l\u00e9zards, des oiseaux, du pollen et du nectar.<\/span> <span class=\"gts_text\" id=\"gts_text_73\">Les m\u00e9gachiropt\u00e8res ne sont pas forc\u00e9ment plus grands que les microchiropt\u00e8res.<\/span> <span class=\"gts_text\" id=\"gts_text_74\">Les principales diff\u00e9rences entre les deux groupes de chauves-souris sont les suivantes :<\/span><\/p>\n<ul>\n<li><span class=\"gts_text\" id=\"gts_text_75\">Les microchiropt\u00e8res peuvent \u00e9mettre des ondes sonores et \u00e9couter les \u00e9chos pour localiser les objets.<\/span> Si l<span class=\"gts_text\" id=\"gts_text_76\">es ondes heurtent quelque chose, elles rebondissent.<\/span> <span class=\"gts_text\" id=\"gts_text_77\">La chauve-souris entend l&#8217;\u00e9cho et sait o\u00f9 se trouve l&#8217;objet.<\/span> <span class=\"gts_text\" id=\"gts_text_78\">La plupart des m\u00e9gachiropt\u00e8res ne sont pas capables de le faire, mais ils ont tous une tr\u00e8s bonne vue pour chasser.<\/span><\/li>\n<li><span class=\"gts_text\" id=\"gts_text_79\">Contrairement aux m\u00e9gachiropt\u00e8res, les microchiropt\u00e8res n&#8217;ont pas de griffe sur le deuxi\u00e8me orteil de l&#8217;avant-bras<\/span><span class=\"gts_text\" id=\"gts_text_80\">.<\/span><\/li>\n<li><span class=\"gts_text\" id=\"gts_text_81\">Les oreilles des microchiropt\u00e8res ne se ferment pas en forme d&#8217;anneau.<\/span><\/li>\n<li><span class=\"gts_text\" id=\"gts_text_82\">Le pelage des microchiropt\u00e8res est diff\u00e9rent de celui des m\u00e9gachiropt\u00e8res.<\/span><\/li>\n<li><span class=\"gts_text\" id=\"gts_text_83\">Les microchiropt\u00e8res vivent dans le monde entier sauf dans l&#8217;Antarctique et la majeure partie de l&#8217;Arctique.<\/span> Les m\u00e9gachiropt\u00e8res <span class=\"gts_text\" id=\"gts_text_84\">habitent surtout dans les r\u00e9gions tropicales.<\/span><\/li>\n<li><span class=\"gts_text\" id=\"gts_text_85\">La plupart des esp\u00e8ces de chauves-souris sont des microchiropt\u00e8res.<\/span> <span class=\"gts_text\" id=\"gts_text_86\">Il y a environ 200 esp\u00e8ces des m\u00e9gachiropt\u00e8res.<\/span><\/li>\n<\/ul>\n<p><span class=\"gts_text\" id=\"gts_text_87\">Les microchiropt\u00e8res ont en g\u00e9n\u00e9ral de petits yeux et voient mal, mais aucun d&#8217;eux n&#8217;est compl\u00e8tement aveugle.<\/span> <span class=\"gts_text\" id=\"gts_text_88\">Les microchiropt\u00e8res utilisent le sens de la vue quand ils ne peuvent pas utiliser les \u00e9chos pour localiser des objets trop \u00e9loign\u00e9s.<\/span> <span class=\"gts_text\" id=\"gts_text_89\">Les chauves-souris ont un bon sens de l&#8217;odorat et de l&#8217;ou\u00efe.<\/span> <span class=\"gts_text\" id=\"gts_text_90\">Elles chassent la nuit pour \u00e9viter la concurrence avec des oiseaux et elles parcourent jusqu&#8217;\u00e0 800 kilom\u00e8tres \u00e0 la recherche de leur nourriture.<\/span> <span class=\"gts_text\" id=\"gts_text_91\">Les chauves-souris sont les mammif\u00e8res terrestres qui ont le meilleur sens de l&#8217;ou\u00efe.<\/span> <span class=\"gts_text\" id=\"gts_text_92\">Elles ont souvent de grandes oreilles par rapport \u00e0 la taille de leur corps.<\/span><\/p>\n<figure id=\"attachment_795\" aria-describedby=\"caption-attachment-795\" style=\"width: 300px\" class=\"wp-caption aligncenter\"><a href=\"http:\/\/www.big-animals.com\/wp-content\/uploads\/2011\/03\/Brown_bats.jpg\"><img loading=\"lazy\" decoding=\"async\" class=\"size-medium wp-image-795\" title=\"Battes de Brown se cachant - photographie de public domain par JIM Conrad\" alt=\"Battes de Brown se cachant - photographie de public domain par JIM Conrad\" src=\"http:\/\/www.big-animals.com\/wp-content\/uploads\/2011\/03\/Brown_bats-300x113.jpg\" width=\"300\" height=\"113\" \/><\/a><figcaption id=\"caption-attachment-795\" class=\"wp-caption-text\">Des chauves-souris brunes qui se cachent<\/figcaption><\/figure>\n<h3><span class=\"gts_text\" id=\"gts_text_93\">Plus d&#8217;informations sur les chauves-souris<\/span><\/h3>\n<p><span class=\"gts_text\" id=\"gts_text_94\">Les chauves-souris sont actives la nuit.<\/span> <span class=\"gts_text\" id=\"gts_text_95\">La plupart des chauves-souris parcourent des centaines de kilometres pour hiberner.<\/span> <span class=\"gts_text\" id=\"gts_text_96\">Elles ne chassent que quand il fait assez chaud pour que les insectes soient en activit\u00e9.<\/span> <span class=\"gts_text\" id=\"gts_text_97\">Certaines chauves-souris hibernent dans des grottes pendant six mois.<\/span> <span class=\"gts_text\" id=\"gts_text_98\">Les chauves-souris volent rarement quand il pleut parce que la pluie les emp\u00eachent d&#8217;entendre les \u00e9chos et de trouver leur nourriture.<\/span> <span class=\"gts_text\" id=\"gts_text_99\">Certaines chauves-souris vivent seules et d&#8217;autres vivent en groupe dans des grottes.<\/span> <span class=\"gts_text\" id=\"gts_text_100\">Les scientifiques ont constat\u00e9 que les chauves-souris faisaient beaucoup de sons diff\u00e9rents pour communiquer entre elles.<\/span><\/p>\n<p><span class=\"gts_text\" id=\"gts_text_101\">La plupart des chauves-souris ont une saison de reproduction, qui est au printemps pour les esp\u00e8ces qui vivent dans des climats temp\u00e9r\u00e9s.<\/span> <span class=\"gts_text\" id=\"gts_text_102\">Les chauves-souris ont entre 1\u00a0et 3 petits par saison en fonction des esp\u00e8ces et de la disponibilit\u00e9 de nourriture et d&#8217;abris.<\/span> <span class=\"gts_text\" id=\"gts_text_103\">Les m\u00e8res tendent \u00e0 avoir seulement 1 b\u00e9b\u00e9 \u00e0 la fois parce qu&#8217;elles doivent continuer \u00e0 voler et \u00e0 chasser pendant qu&#8217;elles sont enceintes.<\/span> <span class=\"gts_text\" id=\"gts_text_104\">\u00a0Elles allaitent leurs b\u00e9b\u00e9s jusqu&#8217;\u00e0 ce qu&#8217;ils soient presque adultes.<\/span> <span class=\"gts_text\" id=\"gts_text_105\">En effet, les jeunes chauve-souris ne peuvent pas chasser seules tant que leurs ailes n&#8217;ont pas atteint leur taille adulte.<\/span> <span class=\"gts_text\" id=\"gts_text_106\">Les jeunes ailes sont trop petites pour leur permettre de voler.<\/span> <span class=\"gts_text\" id=\"gts_text_107\">Les jeunes microchiropt\u00e8res deviennent ind\u00e9pendants \u00e0 l&#8217;\u00e2ge de 6 \u00e0 8 semaines mais les m\u00e9gachiropt\u00e8res ne deviennent ind\u00e9pendants qu&#8217;\u00e0 l&#8217;\u00e2ge de 4 mois.<\/span> <span class=\"gts_text\" id=\"gts_text_108\">Une chauve-souris peut vivre pendant plus de 20 ann\u00e9es.<\/span><\/p>\n<h3><span class=\"gts_text\" id=\"gts_text_109\">Le guano de chauve-souris<\/span><\/h3>\n<p><span class=\"gts_text\" id=\"gts_text_110\">Le guano (crotte) de chauve-souris est tr\u00e8s riche en \u00e9l\u00e9ments nutritifs.<\/span> <span class=\"gts_text\" id=\"gts_text_111\">A certains endroits, il est recueilli des grottes, emball\u00e9 et vendu comme engrais aux agriculteurs.<\/span> <span class=\"gts_text\" id=\"gts_text_112\">Ces crottes ont m\u00eame \u00e9t\u00e9 utilis\u00e9es pour faire de la poudre \u00e0 canon pendant la guerre civile\u00a0am\u00e9ricaine !<\/span> <span class=\"gts_text\" id=\"gts_text_113\">Les chauves-souris mangent autant que leur corps le permet avant de commencer leur hibernation.<\/span> <span class=\"gts_text\" id=\"gts_text_114\">Elles sont tr\u00e8s grosses \u00e0 ce moment-l\u00e0.<\/span> <span class=\"gts_text\" id=\"gts_text_115\">Pendant qu&#8217;elles hibernent, leur corps puise toute l&#8217;\u00e9nergie dont il a besoin dans leur graisse.<\/span> <span class=\"gts_text\" id=\"gts_text_116\">Mais les besoins \u00e9nerg\u00e9tiques sont tr\u00e8s faibles\u00a0parce qu&#8217;une chauve-souris qui hiberne est pratiquement inactive.<\/span> <span class=\"gts_text\" id=\"gts_text_117\">La r\u00e9serve de graisse\u00a0leur suffit\u00a0jusqu&#8217;au printemps.<\/span><\/p>\n<h3><span class=\"gts_text\" id=\"gts_text_118\">La conservation des chauves-souris<\/span><\/h3>\n<p><span class=\"gts_text\" id=\"gts_text_119\">Les organismes de conservation des chauves-souris ont fait beaucoup pour enseigner aux gens \u00e0 quel point les chauves-souris sont importantes pour stabiliser les populations d&#8217;insectes parasites et pour faciliter la pollinisation.<\/span> <span class=\"gts_text\" id=\"gts_text_120\">Au Royaume-Uni, toutes les chauves-souris sont prot\u00e9g\u00e9es.<\/span> <span class=\"gts_text\" id=\"gts_text_121\">Les chauves-souris peuvent aussi \u00eatre une curiosit\u00e9 touristique.<\/span> <span class=\"gts_text\" id=\"gts_text_122\">Par exemple, tous les ans, environ 100.000 touristes se rendent au Congress Avenue Bridge \u00e0 Austin, Texas au cr\u00e9puscule pour observer les chauves-souris qui quittent leur abri.<\/span><\/p>\n<p><span class=\"gts_text\" id=\"gts_text_123\">\u00a0<\/span><\/p>\n","protected":false},"excerpt":{"rendered":"<p>Les chauves-souris (ou chiropt\u00e8res) font partie des mammif\u00e8res. Elles sont le deuxi\u00e8me groupe de mammif\u00e8res par le nombre d&#8217;esp\u00e8ces. Il y a environ 1.100 esp\u00e8ces de chauves-souris dans le monde, mais il y a plus d&#8217;esp\u00e8ces de rongeurs que de chauves-souris. Ce sont les seuls mammif\u00e8res qui soient capables de voler. Leurs membres ant\u00e9rieurs ont &hellip; <a href=\"https:\/\/www.big-animals.com\/fr\/les-plus-grands-mammiferes-du-monde\/battes\/\" class=\"more-link\">Continue reading <span class=\"screen-reader-text\">Les chauves-souris<\/span><\/a><\/p>\n","protected":false},"author":1,"featured_media":0,"parent":340,"menu_order":0,"comment_status":"closed","ping_status":"open","template":"","meta":{"_acf_changed":false,"footnotes":""},"acf":[],"_links":{"self":[{"href":"https:\/\/www.big-animals.com\/fr\/wp-json\/wp\/v2\/pages\/64"}],"collection":[{"href":"https:\/\/www.big-animals.com\/fr\/wp-json\/wp\/v2\/pages"}],"about":[{"href":"https:\/\/www.big-animals.com\/fr\/wp-json\/wp\/v2\/types\/page"}],"author":[{"embeddable":true,"href":"https:\/\/www.big-animals.com\/fr\/wp-json\/wp\/v2\/users\/1"}],"replies":[{"embeddable":true,"href":"https:\/\/www.big-animals.com\/fr\/wp-json\/wp\/v2\/comments?post=64"}],"version-history":[{"count":11,"href":"https:\/\/www.big-animals.com\/fr\/wp-json\/wp\/v2\/pages\/64\/revisions"}],"predecessor-version":[{"id":413,"href":"https:\/\/www.big-animals.com\/fr\/wp-json\/wp\/v2\/pages\/64\/revisions\/413"}],"up":[{"embeddable":true,"href":"https:\/\/www.big-animals.com\/fr\/wp-json\/wp\/v2\/pages\/340"}],"wp:attachment":[{"href":"https:\/\/www.big-animals.com\/fr\/wp-json\/wp\/v2\/media?parent=64"}],"curies":[{"name":"wp","href":"https:\/\/api.w.org\/{rel}","templated":true}]}}