{"id":65,"date":"2011-05-09T11:27:41","date_gmt":"2011-05-09T11:27:41","guid":{"rendered":""},"modified":"2014-01-27T11:48:52","modified_gmt":"2014-01-27T11:48:52","slug":"grenouille","status":"publish","type":"page","link":"https:\/\/www.big-animals.com\/fr\/amphibie\/grenouille\/","title":{"rendered":"Grenouille"},"content":{"rendered":"<p><span class=\"gts_text\" id=\"gts_text_1\">Les grenouilles sont des <a title=\"Amphibies\" href=\"http:\/\/www.big-animals.com\/fr\/amphibie\/\">amphibiens<\/a>.<\/span> <span class=\"gts_text\" id=\"gts_text_2\">La grenouille passe une partie de sa vie dans l&#8217;eau comme t\u00eatard puis sur terre comme grenouille.<\/span> <span class=\"gts_text\" id=\"gts_text_3\">Elle a deux pattes arri\u00e8res longues et puissantes qui en font une championne de saut.<\/span> <span class=\"gts_text\" id=\"gts_text_4\">Elle a deux pattes avant courtes qui l&#8217;aident \u00e0 se tenir droite quand elle est assise et s&#8217;appr\u00eate \u00e0 sauter.<\/span> <span class=\"gts_text\" id=\"gts_text_5\">La grenouille atterrit sur ses pattes de devant.<\/span> <span class=\"gts_text\" id=\"gts_text_6\">La plupart des grenouilles ont un corps court et des orteils palm\u00e9s, ce qui en fait aussi de grandes nageuses !<\/span> <span class=\"gts_text\" id=\"gts_text_7\">Vous pouvez donc voir que les grenouilles sont de v\u00e9ritables championnes d&#8217;athl\u00e9tisme &#8211; non seulement elles sont bonnes en saut en longueur, mais elles sont aussi bonnes en natation.<\/span> <span class=\"gts_text\" id=\"gts_text_8\">Les grenouilles n&#8217;ont pas de queue.<\/span> <span class=\"gts_text\" id=\"gts_text_9\">Leurs yeux et nez sont sur le dessus de leur t\u00eate.<\/span> <span class=\"gts_text\" id=\"gts_text_10\">Ainsi, quand elles sont sous l&#8217;eau, elles peuvent encore respirer et voir clairement.<\/span> <span class=\"gts_text\" id=\"gts_text_11\">Elles ont deux yeux qui ressortent.<\/span> <span class=\"gts_text\" id=\"gts_text_12\">Croyez-le ou pas, elles peuvent faire sortir leurs yeux de leurs cavit\u00e9s !<\/span> <span class=\"gts_text\" id=\"gts_text_13\">Leurs oreilles sont sur les c\u00f4t\u00e9s de leur t\u00eate, juste derri\u00e8re les yeux.<\/span> <span class=\"gts_text\" id=\"gts_text_14\">Leur longue langue collante est attach\u00e9e \u00e0 l&#8217;avant de leur bouche.<\/span><\/p>\n<p><span class=\"gts_text\" id=\"gts_text_15\">La taille des grenouilles varie des 10mm (0,4 pouces) de la Grenouille br\u00e9silienne dor\u00e9e aux 30 cm (1 pied) de la <a title=\"Grenouille de Goliath\" href=\"http:\/\/www.big-animals.com\/fr\/goliath-grenouille\/\">Grenouille Goliath<\/a>.<\/span><\/p>\n<figure id=\"attachment_898\" aria-describedby=\"caption-attachment-898\" style=\"width: 300px\" class=\"wp-caption alignright\"><a href=\"http:\/\/www.big-animals.com\/wp-content\/uploads\/2011\/04\/Sitting_Frog.jpg\"><img loading=\"lazy\" decoding=\"async\" class=\"size-medium wp-image-898\" title=\"Les grenouilles sont les amphibies les plus connus\" alt=\"Les grenouilles sont les amphibiens les plus connus\" src=\"http:\/\/www.big-animals.com\/wp-content\/uploads\/2011\/04\/Sitting_Frog-300x150.jpg\" width=\"300\" height=\"150\" \/><\/a><figcaption id=\"caption-attachment-898\" class=\"wp-caption-text\">Les grenouilles sont les amphibiens les plus connus<\/figcaption><\/figure>\n<p><span class=\"gts_text\" id=\"gts_text_16\">Comme tous les amphibiens, les grenouilles sont des vert\u00e9br\u00e9s \u00e0 sang froid, ce qui signifie que la temp\u00e9rature de leur corps est identique \u00e0 la temp\u00e9rature ambiante.<\/span> <span class=\"gts_text\" id=\"gts_text_17\">Leur peau permet aux liquides et aux gaz de passer.<\/span> <span class=\"gts_text\" id=\"gts_text_18\">Elles doivent la maintenir moite.<\/span> <span class=\"gts_text\" id=\"gts_text_19\">Elles ne boivent pas l&#8217;eau par leur bouche comme nous, elles l&#8217;absorbent par leur peau !<\/span> <span class=\"gts_text\" id=\"gts_text_20\">C&#8217;est pourquoi elles vivent souvent pr\u00e8s des points d&#8217;eau comme des lacs, \u00e9tangs et rivi\u00e8res.<\/span> <span class=\"gts_text\" id=\"gts_text_21\">Ces environnements les aident \u00e0 maintenir leur peau moite.<\/span> <span class=\"gts_text\" id=\"gts_text_22\">Il y a m\u00eame des grenouilles qui vivent dans les arbres.<\/span> <span class=\"gts_text\" id=\"gts_text_23\">\u00c0 la diff\u00e9rence des t\u00eatards, qui utilisent des ou\u00efes pour respirer, les grenouilles ont des poumons pour respirer et elles respirent aussi par leur peau.<\/span> <span class=\"gts_text\" id=\"gts_text_24\">Elles pondent des oeufs dans les flaques, les \u00e9tangs ou les lacs.<\/span> <span class=\"gts_text\" id=\"gts_text_25\">Les oeufs \u00e9closent en larves, appel\u00e9es t\u00eatards.<\/span><\/p>\n<p><span class=\"gts_text\" id=\"gts_text_26\">On trouve des grenouilles des tropiques aux r\u00e9gions subarctiques.<\/span> <span class=\"gts_text\" id=\"gts_text_27\">Le seul endroit o\u00f9 on ne trouve pas de grenouille est l&#8217;Antarctique et sur les \u00eeles au milieu de la mer.<\/span> <span class=\"gts_text\" id=\"gts_text_28\">Il y a m\u00eame des grenouilles qui vivent dans les d\u00e9serts !<\/span> <span class=\"gts_text\" id=\"gts_text_29\">Mais la plupart des esp\u00e8ces se trouvent dans les for\u00eats tropicales.<\/span> <span class=\"gts_text\" id=\"gts_text_30\">Il y a plus de 5000 esp\u00e8ces de grenouilles.<\/span> <span class=\"gts_text\" id=\"gts_text_31\">Malheureusement, certaines esp\u00e8ces sont en d\u00e9clin en raison de la pollution, du changement climatique, de la destruction des mar\u00e9cages et des maladies.<\/span> <span class=\"gts_text\" id=\"gts_text_32\">Le crapaud dor\u00e9 du Costa Rica par exemple a \u00e9t\u00e9 r\u00e9cemment classifi\u00e9 comme une esp\u00e8ce \u00e9teinte.<\/span> <span class=\"gts_text\" id=\"gts_text_33\">Beaucoup d&#8217;efforts ont \u00e9t\u00e9 commenc\u00e9s pour essayer de sauver les grenouilles.<\/span> <span class=\"gts_text\" id=\"gts_text_34\">Par exemple, les zoos et les aquariums du monde entier ont nomm\u00e9 2008 l&#8217;Ann\u00e9e de la Grenouille afin de faire passer le mot \u00e0 tout le monde que les grenouilles doivent \u00eatre prot\u00e9g\u00e9es.<\/span><\/p>\n<h3><span class=\"gts_text\" id=\"gts_text_35\">Grenouilles et crapauds<\/span><\/h3>\n<p><span class=\"gts_text\" id=\"gts_text_36\">Leur peau peut \u00eatre lisse, grumeleuse ou pli\u00e9e.<\/span> <span class=\"gts_text\" id=\"gts_text_37\">Les grenouilles \u00e0 peau grumeleuse et s\u00e8che s&#8217;appellent des crapauds.<\/span> <span class=\"gts_text\" id=\"gts_text_38\">La plupart des grenouilles ont de longues pattes arri\u00e8re pour sauter mais les crapauds ont des pattes arri\u00e8re plus courtes.<\/span> <span class=\"gts_text\" id=\"gts_text_39\">Les grenouilles vivent habituellement pr\u00e8s des terrains mouill\u00e9s; les crapauds vivent souvent dans des environnements plus secs.<\/span> <span class=\"gts_text\" id=\"gts_text_40\">Cependant, le crapaud ventre de feu dont la peau est l\u00e9g\u00e8rement couverte de verrues pr\u00e9f\u00e8re rester pr\u00e8s des points d&#8217;eau.<\/span> <span class=\"gts_text\" id=\"gts_text_41\">Les grenouilles sont actives de jour comme de nuit, alors que les crapauds sont des animaux principalement nocturnes.<\/span> <span class=\"gts_text\" id=\"gts_text_42\">La grenouille va sous l&#8217;eau quand elle sent du danger, tandis que les crapauds s&#8217;enfouissent sous terre.<\/span> <span class=\"gts_text\" id=\"gts_text_43\">Les yeux des grenouilles sont protub\u00e9rants.<\/span> <span class=\"gts_text\" id=\"gts_text_44\">Les crapauds ont des glandes empoisonn\u00e9es juste derri\u00e8re les yeux.<\/span> <span class=\"gts_text\" id=\"gts_text_45\">La plupart des grenouilles pondent leurs oeufs par grapes alors que les crapauds pondent g\u00e9n\u00e9ralement les leurs en de longues cha\u00eenes.<\/span><\/p>\n<h3><span class=\"gts_text\" id=\"gts_text_46\">Grenouilles d&#8217;arbre<\/span><\/h3>\n<figure id=\"attachment_899\" aria-describedby=\"caption-attachment-899\" style=\"width: 300px\" class=\"wp-caption alignleft\"><a href=\"http:\/\/www.big-animals.com\/wp-content\/uploads\/2011\/04\/Tree_Frog.jpg\"><img loading=\"lazy\" decoding=\"async\" class=\"size-medium wp-image-899\" title=\"Les grenouilles d'arbre ont des orteils sp\u00e9ciaux pour les aider \u00e0\" alt=\"Les grenouilles d'arbre ont des orteils sp\u00e9ciaux pour les aider \u00e0 grimper\" src=\"http:\/\/www.big-animals.com\/wp-content\/uploads\/2011\/04\/Tree_Frog-300x197.jpg\" width=\"300\" height=\"197\" \/><\/a><figcaption id=\"caption-attachment-899\" class=\"wp-caption-text\">Les grenouilles d&#8217;arbre ont des orteils sp\u00e9ciaux pour les aider \u00e0 grimper<\/figcaption><\/figure>\n<p><span class=\"gts_text\" id=\"gts_text_47\">Beaucoup de grenouilles ont les orteils palm\u00e9s, et les grenouilles qui passent plus de temps dans l&#8217;eau ont les orteils enti\u00e8rement palm\u00e9s.<\/span> <span class=\"gts_text\" id=\"gts_text_48\">Par exemple, la grenouille naine africaine passe toute sa vie dans l&#8217;eau, et a les orteils enti\u00e8rement palm\u00e9s.<\/span> <span class=\"gts_text\" id=\"gts_text_49\">Mais la rainette de White, qui vit dans les arbres, a seulement les orteils \u00e0 moiti\u00e9 ou au quart palm\u00e9s.<\/span> <span class=\"gts_text\" id=\"gts_text_50\">Les grenouilles qui vivent dans les arbres ont des disques adh\u00e9sifs sous les orteils pour les aider \u00e0 grimper.<\/span> <span class=\"gts_text\" id=\"gts_text_51\">Ces disques ne collent pas s&#8217;ils sont tr\u00e8s humides.<\/span> <span class=\"gts_text\" id=\"gts_text_52\">Ces grenouilles arboricoles ont des articulations de la hanche qui leur permettent de sautiller et marcher.<\/span> <span class=\"gts_text\" id=\"gts_text_53\">Quelques-unes des grenouilles arboricoles ont les orteils tr\u00e8s palm\u00e9s bien qu&#8217;elles ne vivent pas dans l&#8217;eau.<\/span> <span class=\"gts_text\" id=\"gts_text_54\">Cette peau entre les orteils leur permet de glisser avec \u00e9l\u00e9gance d&#8217;un arbre \u00e0 un autre arbre !<\/span><\/p>\n<p><span class=\"gts_text\" id=\"gts_text_55\">Les grenouilles qui vivent au sol ont de plus petits coussinets d&#8217;orteil.<\/span> <span class=\"gts_text\" id=\"gts_text_56\">Certaines n&#8217;en ont pas du tout et seulement tr\u00e8s peu de palmure.<\/span> <span class=\"gts_text\" id=\"gts_text_57\">Quelques grenouilles fouisseuses ont une extension d&#8217;orteil qui les aide \u00e0 creuser dans le sol.<\/span> <span class=\"gts_text\" id=\"gts_text_58\">Les grenouilles qui restent sur le sol ont des pattes arri\u00e8re plus muscl\u00e9es que celles qui vivent dans ou \u00e0 c\u00f4t\u00e9 de l&#8217;eau et dans les arbres.<\/span><\/p>\n<h3><span class=\"gts_text\" id=\"gts_text_59\">Grenouilles sauteuses<\/span><\/h3>\n<p><span class=\"gts_text\" id=\"gts_text_60\">Les grenouilles sont les meilleures sauteuses de tous les <a title=\"Les plus grands vert\u00e9br\u00e9s du monde !\" href=\"http:\/\/www.big-animals.com\/fr\/le-monde-grand-vertebres\/\">vert\u00e9br\u00e9s<\/a>.<\/span> <span class=\"gts_text\" id=\"gts_text_61\">Par exemple, la grenouille fus\u00e9e d&#8217;Australie peut sauter plus de 50 fois la longueur de son corps !<\/span> <span class=\"gts_text\" id=\"gts_text_62\">C&#8217;est un saut de plus de 2 m\u00e8tres (presque 7 pieds) par un animal plus petit qu&#8217;une main !<\/span> <span class=\"gts_text\" id=\"gts_text_63\">Plus la grenouille est grande, plus elle peut sauter loin &#8211; si on compare des grenouilles de la m\u00eame esp\u00e8ce.<\/span> <span class=\"gts_text\" id=\"gts_text_64\">Cependant, si on compare diff\u00e9rentes esp\u00e8ces, les grenouilles les plus petites peuvent \u00eatre de meilleures sauteuses que les grenouilles les plus grandes.<\/span><\/p>\n<p><span class=\"gts_text\" id=\"gts_text_65\">Les grenouilles perdent de l&#8217;eau par leur peau.<\/span> <span class=\"gts_text\" id=\"gts_text_66\">Leur peau permet \u00e0 l&#8217;eau et \u00e0 l&#8217;oxyg\u00e8ne de passer.<\/span> <span class=\"gts_text\" id=\"gts_text_67\">La peau de certaines grenouilles d&#8217;arbre a une couche imperm\u00e9able pour aider \u00e0 garder l&#8217;eau dans le corps.<\/span> <span class=\"gts_text\" id=\"gts_text_68\">Certaines esp\u00e8ces de grenouilles se reposent en groupes, chacune touchant la peau des autres.<\/span> <span class=\"gts_text\" id=\"gts_text_69\">Cela r\u00e9duit la quantit\u00e9 de peau expos\u00e9e \u00e0 l&#8217;air ou aux surfaces s\u00e8ches.<\/span> <span class=\"gts_text\" id=\"gts_text_70\">Par cons\u00e9quent, cette position aide les grenouilles \u00e0 r\u00e9duire la perte d&#8217;eau.<\/span> <span class=\"gts_text\" id=\"gts_text_71\">Ces adaptations ne sont appropri\u00e9es que pour les grenouilles qui vivent dans les arbres et ne le sont pas pour les grenouilles qui vivent dans les endroits extr\u00eamement secs.<\/span> <span class=\"gts_text\" id=\"gts_text_72\">Les grenouilles des d\u00e9serts, par exemple, emploient d&#8217;autres m\u00e9thodes pour pr\u00e9server leur eau.<\/span><\/p>\n<h3><span class=\"gts_text\" id=\"gts_text_73\">D&#8217;autres faits sur les grenouilles<\/span><\/h3>\n<figure id=\"attachment_902\" aria-describedby=\"caption-attachment-902\" style=\"width: 300px\" class=\"wp-caption alignright\"><a href=\"http:\/\/www.big-animals.com\/wp-content\/uploads\/2011\/04\/Giant_Tree_Frog.jpg\"><img loading=\"lazy\" decoding=\"async\" class=\"size-medium wp-image-902\" title=\"La grenouille d'arbre g\u00e9ante\" alt=\"La grenouille d'arbre g\u00e9ante\" src=\"http:\/\/www.big-animals.com\/wp-content\/uploads\/2011\/04\/Giant_Tree_Frog-300x230.jpg\" width=\"300\" height=\"230\" \/><\/a><figcaption id=\"caption-attachment-902\" class=\"wp-caption-text\">Grenouille d&#8217;arbre g\u00e9ante<\/figcaption><\/figure>\n<p><span class=\"gts_text\" id=\"gts_text_74\">Les grenouilles peuvent changer de couleur et se fondre dans le paysage pour se prot\u00e9ger de leurs ennemis.<\/span> <span class=\"gts_text\" id=\"gts_text_75\">La plupart de ces grenouilles sont actives la nuit et peuvent bien se cacher dans l&#8217;obscurit\u00e9.<\/span> <span class=\"gts_text\" id=\"gts_text_76\">Certaines grenouilles ont seulement la capacit\u00e9 de changer entre une ou deux couleurs.<\/span> <span class=\"gts_text\" id=\"gts_text_77\">Par exemple, la rainette de White peut devenir verte ou brune.<\/span> <span class=\"gts_text\" id=\"gts_text_78\">La temp\u00e9rature, leur sant\u00e9, l&#8217;humidit\u00e9 et la couleur de leur environnement peuvent affecter la couleur de la rainette de White.<\/span> <span class=\"gts_text\" id=\"gts_text_79\">Les grenouilles d&#8217;arbre ont habituellement la peau lisse ce qui les aident \u00e0 mieux se dissimuler parmi les feuilles.<\/span> <span class=\"gts_text\" id=\"gts_text_80\">Certaines grenouilles changent de couleur selon qu&#8217;il fait jour ou nuit.<\/span><\/p>\n<p><span class=\"gts_text\" id=\"gts_text_81\">La plupart des grenouilles ont de l\u00e9gers poisons qui les prot\u00e8gent de leurs pr\u00e9dateurs.<\/span> <span class=\"gts_text\" id=\"gts_text_82\">Les crapauds ont de grandes glandes de poison derri\u00e8re leurs yeux, juste sur le dessus de la t\u00eate.<\/span> <span class=\"gts_text\" id=\"gts_text_83\">Les grenouille \u00e0 fl\u00e8che empoisonn\u00e9e sont si toxiques que les indig\u00e8nes d&#8217;Am\u00e9rique du Sud les attrapent, les font bouillir, et leur plongent leurs armes dedans pour la chasse.<\/span><\/p>\n<p><span class=\"gts_text\" id=\"gts_text_84\">Quand une grenouille est sous l&#8217;eau, celle-ci respire gr\u00e2ce \u00e0 l&#8217;oxyg\u00e8ne qui passe \u00e0 travers sa peau.<\/span> <span class=\"gts_text\" id=\"gts_text_85\">Lorsqu&#8217;elle est sur terre, la grenouille adulte utilise ses poumons pour respirer.<\/span> <span class=\"gts_text\" id=\"gts_text_86\">Elle respire en aspirant l&#8217;air par ses narines.<\/span> <span class=\"gts_text\" id=\"gts_text_87\">Certaines esp\u00e8ces de grenouille peuvent survivre dans les endroits o\u00f9 la concentration d&#8217;oxyg\u00e8ne dans l&#8217;eau est tr\u00e8s faible.<\/span> <span class=\"gts_text\" id=\"gts_text_88\">Par exemple, la grenouille du Lac Titicaca peut survivre dans les eaux mal oxyg\u00e9n\u00e9es du Lac Titicaca.<\/span> <span class=\"gts_text\" id=\"gts_text_89\">Elle a la peau rid\u00e9e &#8211; ceci signifie qu&#8217;il y a plus de peau expos\u00e9e \u00e0 l&#8217;eau, ainsi elle peut absorber plus d&#8217;oxyg\u00e8ne.<\/span><\/p>\n<p><span class=\"gts_text\" id=\"gts_text_90\">L&#8217;appareil digestif des grenouilles commence dans la bouche.<\/span> <span class=\"gts_text\" id=\"gts_text_91\">Les grenouilles ont des dents le long de leur m\u00e2choire sup\u00e9rieure.<\/span> <span class=\"gts_text\" id=\"gts_text_92\">Les dents sont utilis\u00e9es pour saisir leur nourriture et la m\u00e2cher avant d&#8217;avaler.<\/span> <span class=\"gts_text\" id=\"gts_text_93\">Ces dents sont tr\u00e8s faibles et ne peuvent pas \u00eatre utilis\u00e9es pour attraper ou nuire \u00e0 des proies rapides.<\/span> <span class=\"gts_text\" id=\"gts_text_94\">Dans ce cas, les grenouilles utilisent leur langue collante pour attraper leur proie.<\/span> <span class=\"gts_text\" id=\"gts_text_95\">Les crapauds ont des langues plus courtes qu&#8217;une grenouille typique.<\/span><\/p>\n<h3><span class=\"gts_text\" id=\"gts_text_96\">Cycle de vie de la grenouille<\/span><\/h3>\n<figure id=\"attachment_901\" aria-describedby=\"caption-attachment-901\" style=\"width: 296px\" class=\"wp-caption alignleft\"><a href=\"http:\/\/www.big-animals.com\/wp-content\/uploads\/2011\/04\/Tadpole1.jpg\"><img loading=\"lazy\" decoding=\"async\" class=\"size-full wp-image-901\" title=\"Les oeufs des grenouilles \u00e9closent en t\u00eatards, qui se changent lentement en grenouilles\" alt=\"Les oeufs des grenouilles \u00e9closent en t\u00eatards, qui se changent lentement en grenouilles\" src=\"http:\/\/www.big-animals.com\/wp-content\/uploads\/2011\/04\/Tadpole1.jpg\" width=\"296\" height=\"115\" \/><\/a><figcaption id=\"caption-attachment-901\" class=\"wp-caption-text\">Les oeufs des grenouilles \u00e9closent en t\u00eatards, qui se changent lentement en grenouilles<\/figcaption><\/figure>\n<p><span class=\"gts_text\" id=\"gts_text_97\">Le cycle de vie d&#8217;une grenouille commence avec un oeuf.<\/span> <span class=\"gts_text\" id=\"gts_text_98\">Les grenouilles femelles pondent des milliers d&#8217;oeufs dans l&#8217;eau.<\/span> <span class=\"gts_text\" id=\"gts_text_99\">Les masses d&#8217;oeufs sont couvertes d&#8217;une gel\u00e9e qui aide \u00e0 conserver les oeufs \u00e0 l&#8217;abri des pr\u00e9dateurs et \u00e0 maintenir l&#8217;humidit\u00e9.<\/span> <span class=\"gts_text\" id=\"gts_text_100\">Certaines esp\u00e8ces, telles que le crapaud buffle, pondent des oeufs toxiques afin qu&#8217;aucun pr\u00e9dateur ne les mange.<\/span> <span class=\"gts_text\" id=\"gts_text_101\">La dur\u00e9e de l&#8217;\u00e9tape oeuf d\u00e9pend des esp\u00e8ces et de l&#8217;environnement.<\/span> <span class=\"gts_text\" id=\"gts_text_102\">Les oeufs pondus dans l&#8217;eau \u00e9closent g\u00e9n\u00e9ralement dans un d\u00e9lai d&#8217;une semaine.<\/span><\/p>\n<p><span class=\"gts_text\" id=\"gts_text_103\">Les oeufs \u00e9closent en t\u00eatards.<\/span> <span class=\"gts_text\" id=\"gts_text_104\">Un t\u00eatard a un corps ovale et une longue queue plate pour nager.<\/span> <span class=\"gts_text\" id=\"gts_text_105\">La plupart des t\u00eatards vivent dans l&#8217;eau.<\/span> <span class=\"gts_text\" id=\"gts_text_106\">Ils n&#8217;ont pas des paupi\u00e8res, et ont des ou\u00efes pour respirer.<\/span> <span class=\"gts_text\" id=\"gts_text_107\">Ces ou\u00efes sont sur les c\u00f4t\u00e9s de la t\u00eate.<\/span> <span class=\"gts_text\" id=\"gts_text_108\">Certaines esp\u00e8ces pondent des oeufs qui n&#8217;\u00e9closent imm\u00e9diatement en petites grenouilles.<\/span> <span class=\"gts_text\" id=\"gts_text_110\">Ces petites grenouilles n&#8217;ont pas d&#8217;ou\u00efes mais une peau sp\u00e9ciale pour leur permettre de respirer.<\/span> <span class=\"gts_text\" id=\"gts_text_111\">Elles ont une bouche sans dents.<\/span> <span class=\"gts_text\" id=\"gts_text_112\">La plupart d&#8217;entre elles mange des algues et de petites plantes aquatiques, mais certaines mangent des insectes, de plus petits t\u00eatards et de petits poissons.<\/span><\/p>\n<p><span class=\"gts_text\" id=\"gts_text_113\">Beaucoup de t\u00eatards sont mang\u00e9s par des poissons et des oiseaux comme les martins-p\u00eacheur.<\/span> <span class=\"gts_text\" id=\"gts_text_114\">Il y a des t\u00eatards toxiques comme les t\u00eatards de crapaud buffle.<\/span> <span class=\"gts_text\" id=\"gts_text_115\">L&#8217;\u00e9tape t\u00eatard peut \u00eatre aussi courte qu&#8217;une semaine.<\/span> <span class=\"gts_text\" id=\"gts_text_116\">\u00c0 ce stade les ou\u00efes commencent \u00e0 dispara\u00eetre et les pattes avant apparaissent.<\/span> <span class=\"gts_text\" id=\"gts_text_117\">Les pattes de derri\u00e8re se d\u00e9veloppent d&#8217;abord.<\/span> <span class=\"gts_text\" id=\"gts_text_118\">Leurs m\u00e2choires deviennent plus grandes.<\/span> <span class=\"gts_text\" id=\"gts_text_119\">Elles commencent \u00e0 avoir des paupi\u00e8res.<\/span> <span class=\"gts_text\" id=\"gts_text_120\">Leur queue devient de plus en plus courte jusqu&#8217;\u00e0 finalement dispara\u00eetre.<\/span> <span class=\"gts_text\" id=\"gts_text_121\">Leurs poumons s&#8217;agrandissent et peuvent bient\u00f4t servir \u00e0 la respiration, leur permettant de vivre sur terre, bien que certaines continuent \u00e0 vivre dans l&#8217;eau comme adultes.<\/span><\/p>\n<p><span class=\"gts_text\" id=\"gts_text_122\">Certaines esp\u00e8ces de grenouille \u00e0 fl\u00e8che empoisonn\u00e9e pondent leurs oeufs sur le plancher de la for\u00eat plut\u00f4t que dans l&#8217;eau.<\/span> <span class=\"gts_text\" id=\"gts_text_123\">Pour prot\u00e9ger les oeufs, la grenouille femelle monte la garde devant ses oeufs et les maintient humides.<\/span> <span class=\"gts_text\" id=\"gts_text_124\">Elle fera pipi sur les oeufs s&#8217;ils deviennent trop secs !<\/span> <span class=\"gts_text\" id=\"gts_text_125\">D&#8217;autres grenouilles portent les oeufs et les t\u00eatards sur leurs pattes arri\u00e8re ou leur dos, comme les crapauds accoucheurs.<\/span> <span class=\"gts_text\" id=\"gts_text_126\">Certaines grenouilles prot\u00e8gent m\u00eame leurs b\u00e9b\u00e9s en les mettant \u00e0 l&#8217;int\u00e9rieur de leurs propres corps !<\/span> <span class=\"gts_text\" id=\"gts_text_127\">Par exemple, le m\u00e2le de la grenouille marsupiale d&#8217;Australie a des poches le long de ses c\u00f4t\u00e9s.<\/span> <span class=\"gts_text\" id=\"gts_text_128\">Les t\u00eatards restent dans ces poches jusqu&#8217;\u00e0 ce qu&#8217;ils deviennent des grenouilles.<\/span><\/p>\n<h3><span class=\"gts_text\" id=\"gts_text_129\">Cuisses de grenouille<\/span><\/h3>\n<p><span class=\"gts_text\" id=\"gts_text_130\">Presque toutes les esp\u00e8ces de grenouilles sont carnivores une fois adultes.<\/span> <span class=\"gts_text\" id=\"gts_text_131\">Elles mangent des insectes et des vers.<\/span> <span class=\"gts_text\" id=\"gts_text_132\">Un petit nombre d&#8217;esp\u00e8ces plus grandes peuvent manger des poissons et des grenouilles plus petites.<\/span> <span class=\"gts_text\" id=\"gts_text_133\">Il y a quelques esp\u00e8ces des grenouilles qui mangent uniquement des plantes.<\/span> <span class=\"gts_text\" id=\"gts_text_134\">Les grenouilles adultes sont mang\u00e9es par les oiseaux, les grands poissons, les serpents, les loutres, les renards et d&#8217;autres animaux.<\/span> <span class=\"gts_text\" id=\"gts_text_135\">Les grenouilles sont \u00e9galement mang\u00e9es par les hommes.<\/span> <span class=\"gts_text\" id=\"gts_text_136\">Les cuisses de grenouille sont une friandise en Chine, en France et aux Philippines &#8211; les grenouilles destin\u00e9es \u00e0 la consommation sont \u00e9lev\u00e9es commercialement.<\/span> <span class=\"gts_text\" id=\"gts_text_137\">Les grenouilles et les crapauds peuvent vivre de nombreuses ann\u00e9es.<\/span> <span class=\"gts_text\" id=\"gts_text_138\">Des grenouilles et crapauds en captivit\u00e9 ont v\u00e9cu jusqu&#8217;\u00e0 40 ans.<\/span> <span class=\"gts_text\" id=\"gts_text_139\">Les grenouilles hibernent pendant l&#8217;hiver, et il y a m\u00eame 4 esp\u00e8ces qui g\u00e8lent pendant l&#8217;hiver !<\/span><\/p>\n<h3><span class=\"gts_text\" id=\"gts_text_140\">Cris de grenouille<\/span><\/h3>\n<p><span class=\"gts_text\" id=\"gts_text_141\"> Certains cris de grenouille sont tr\u00e8s bruyants.<\/span> <span class=\"gts_text\" id=\"gts_text_142\">Chaque esp\u00e8ce a son propre cri.<\/span> <span class=\"gts_text\" id=\"gts_text_143\">Elles appellent pour attirer un compagnon.<\/span> <span class=\"gts_text\" id=\"gts_text_144\">Beaucoup d&#8217;esp\u00e8ces appellent pour marquer leur territoire et pour chasser les autres m\u00e2les.<\/span> <span class=\"gts_text\" id=\"gts_text_145\">Les esp\u00e8ces tropicales appellent avant une averse.<\/span> <span class=\"gts_text\" id=\"gts_text_146\">Tous ces cris sont \u00e9mis la bouche ferm\u00e9e.<\/span> <span class=\"gts_text\" id=\"gts_text_147\">C&#8217;est int\u00e9ressant, non ?<\/span> <span class=\"gts_text\" id=\"gts_text_148\">Mais quand il y a un danger, certaines grenouilles \u00e9mettent un cri diff\u00e9rent avec leur bouche ouverte.<\/span><\/p>\n<p><span class=\"gts_text\" id=\"gts_text_149\">\u00a0<\/span><\/p>\n","protected":false},"excerpt":{"rendered":"<p>Les grenouilles sont des amphibiens. La grenouille passe une partie de sa vie dans l&#8217;eau comme t\u00eatard puis sur terre comme grenouille. Elle a deux pattes arri\u00e8res longues et puissantes qui en font une championne de saut. Elle a deux pattes avant courtes qui l&#8217;aident \u00e0 se tenir droite quand elle est assise et s&#8217;appr\u00eate &hellip; <a href=\"https:\/\/www.big-animals.com\/fr\/amphibie\/grenouille\/\" class=\"more-link\">Continue reading <span class=\"screen-reader-text\">Grenouille<\/span><\/a><\/p>\n","protected":false},"author":1,"featured_media":0,"parent":29,"menu_order":0,"comment_status":"closed","ping_status":"open","template":"","meta":{"_acf_changed":false,"footnotes":""},"acf":[],"_links":{"self":[{"href":"https:\/\/www.big-animals.com\/fr\/wp-json\/wp\/v2\/pages\/65"}],"collection":[{"href":"https:\/\/www.big-animals.com\/fr\/wp-json\/wp\/v2\/pages"}],"about":[{"href":"https:\/\/www.big-animals.com\/fr\/wp-json\/wp\/v2\/types\/page"}],"author":[{"embeddable":true,"href":"https:\/\/www.big-animals.com\/fr\/wp-json\/wp\/v2\/users\/1"}],"replies":[{"embeddable":true,"href":"https:\/\/www.big-animals.com\/fr\/wp-json\/wp\/v2\/comments?post=65"}],"version-history":[{"count":14,"href":"https:\/\/www.big-animals.com\/fr\/wp-json\/wp\/v2\/pages\/65\/revisions"}],"predecessor-version":[{"id":380,"href":"https:\/\/www.big-animals.com\/fr\/wp-json\/wp\/v2\/pages\/65\/revisions\/380"}],"up":[{"embeddable":true,"href":"https:\/\/www.big-animals.com\/fr\/wp-json\/wp\/v2\/pages\/29"}],"wp:attachment":[{"href":"https:\/\/www.big-animals.com\/fr\/wp-json\/wp\/v2\/media?parent=65"}],"curies":[{"name":"wp","href":"https:\/\/api.w.org\/{rel}","templated":true}]}}