{"id":66,"date":"2011-05-09T11:27:52","date_gmt":"2011-05-09T11:27:52","guid":{"rendered":""},"modified":"2014-01-13T13:31:56","modified_gmt":"2014-01-13T13:31:56","slug":"crocodiliens","status":"publish","type":"page","link":"https:\/\/www.big-animals.com\/fr\/crocodiliens\/","title":{"rendered":"Les crocodiliens"},"content":{"rendered":"<p><span class=\"gts_text\" id=\"gts_text_1\">Les crocodiliens sont apparus il y a de nombreuses ann\u00e9es \u00e0 l&#8217;\u00e9poque des dinosaures.<\/span> <span class=\"gts_text\" id=\"gts_text_2\">Les crocodiliens sont un\u00a0ordre de grands reptiles qui inclut les alligators, les crocodiles, les ca\u00efmans\u00a0et les gavials.<\/span><\/p>\n<h3><span class=\"gts_text\" id=\"gts_text_3\">Le crocodile marin<\/span><\/h3>\n<p><span class=\"gts_text\" id=\"gts_text_4\">Le plus grand crocodilien au monde est \u00e9galement le plus grand <a title=\"Les plus grands reptiles du monde !\" href=\"http:\/\/www.big-animals.com\/fr\/le-monde-grand-reptiles\/\">reptile<\/a> du monde, il s&#8217;agit du <a title=\"Le crocodile d\u2019eau de mer \u2013 le plus grand reptile de Word\" href=\"http:\/\/www.big-animals.com\/fr\/le-eau-de-mer-crocodile-le-mot-grand-reptile\/\">crocodile marin<\/a>.<\/span><\/p>\n<figure id=\"attachment_634\" aria-describedby=\"caption-attachment-634\" style=\"width: 300px\" class=\"wp-caption alignleft\"><a href=\"http:\/\/www.big-animals.com\/wp-content\/uploads\/2011\/03\/SaltwaterCrocodileMaximo.jpg\"><img loading=\"lazy\" decoding=\"async\" class=\"size-medium wp-image-634\" title=\"Le crocodile d'eau de mer est le plus grand reptile du monde\" alt=\"Le crocodile d'eau de mer est le plus grand reptile du monde\" src=\"http:\/\/www.big-animals.com\/wp-content\/uploads\/2011\/03\/SaltwaterCrocodileMaximo-300x198.jpg\" width=\"300\" height=\"198\" \/><\/a><figcaption id=\"caption-attachment-634\" class=\"wp-caption-text\">Le crocodile marin est le plus grand reptile du monde<\/figcaption><\/figure>\n<p><span class=\"gts_text\" id=\"gts_text_5\">Les crocodiliens ont tendance \u00e0 rester allong\u00e9s \u00e0 plat sur le ventre.<\/span> <span class=\"gts_text\" id=\"gts_text_6\">Pour marcher, ils leur suffit de se relever sur leurs pattes.<\/span> <span class=\"gts_text\" id=\"gts_text_7\">Ce comportement permet aux crocodiliens de galoper sur la terre ferme s&#8217;ils en ont besoin.<\/span><\/p>\n<p><span class=\"gts_text\" id=\"gts_text_8\">Les crocodiliens sont des cr\u00e9atures \u00e0 sang froid.<\/span> <span class=\"gts_text\" id=\"gts_text_9\">On en trouve dans les r\u00e9gions tropicales chaudes du monde entier.<\/span> <span class=\"gts_text\" id=\"gts_text_10\">Tous les crocodiliens ont des dents fix\u00e9es dans des alv\u00e9oles osseuses, tout comme chez les \u00eatres humains.<\/span> <span class=\"gts_text\" id=\"gts_text_11\">Mais ils ont plus de chance que nous parce que leurs dents sont remplac\u00e9es r\u00e9guli\u00e8rement tout au long de leur vie.<\/span> <span class=\"gts_text\" id=\"gts_text_12\">Les dents des jeunes crocodiliens sont remplac\u00e9es par de nouvelles dents plus grandes au rythme d&#8217;une dent par alv\u00e9ole par mois.<\/span> Les dents des crocodiliens adultes <span class=\"gts_text\" id=\"gts_text_13\">sont remplac\u00e9es moins fr\u00e9quemment, \u00e0 peu pr\u00e8s tous les deux ans ou m\u00eame moins souvent.<\/span> <span class=\"gts_text\" id=\"gts_text_14\">Quand les crocodiliens sont tr\u00e8s \u00e2g\u00e9s, ils n&#8217;ont plus de nouvelles dents et deviennent de vieux crocodiliens \u00e9dent\u00e9s.\u00a0<\/span> <span class=\"gts_text\" id=\"gts_text_15\">Au total, un crocodilien\u00a0a au moins 3.000 dents au cours de sa vie.<\/span> <span class=\"gts_text\" id=\"gts_text_16\">Les dents des crocodiliens sont creuses.<\/span> <span class=\"gts_text\" id=\"gts_text_17\">Les nouvelles dents se d\u00e9veloppent \u00e0 l&#8217;int\u00e9rieur des anciennes.<\/span> <span class=\"gts_text\" id=\"gts_text_18\">Cela permet \u00e0 une nouvelle dent d&#8217;appara\u00eetre aussit\u00f4t\u00a0qu&#8217;une\u00a0vieille dent se casse.<\/span><\/p>\n<p><span class=\"gts_text\" id=\"gts_text_19\">Les crocodiliens ont une zone s\u00e9par\u00e9e dans la gueule qui leur permet de respirer m\u00eame s&#8217;ils ont de l&#8217;eau dans la gueule.<\/span> <span class=\"gts_text\" id=\"gts_text_20\">Ils ont des narines suppl\u00e9mentaires au fond de la gorge, o\u00f9 une partie sp\u00e9ciale de la langue appel\u00e9e \u00ab\u00a0valve palatale\u00a0\u00bb sert de cloison herm\u00e9tique pour ne pas que les crocodiliens s&#8217;\u00e9tranglent ou se noient quand ils ouvrent la gueule sous l&#8217;eau.<\/span><\/p>\n<p><span class=\"gts_text\" id=\"gts_text_21\">Sur la langue, les crocodiles et les gavials ont des glandes sp\u00e9cialis\u00e9es dans la filtration du sel\u00a0qui leur permet de d\u00e9barasser leur corps du sel exc\u00e9dentaire.<\/span> <span class=\"gts_text\" id=\"gts_text_22\">Les alligators et les ca\u00efmans ont les m\u00eames glandes, mais malheureusement celles-ci ne fonctionnent pas.<\/span> <span class=\"gts_text\" id=\"gts_text_23\">C&#8217;est la raison pour laquelle les alligators pr\u00e9f\u00e8rent l&#8217;eau douce et les crocodiles l&#8217;eau de mer.<\/span><\/p>\n<p><span class=\"gts_text\" id=\"gts_text_24\">Les crocodiliens ont tendance \u00e0 ouvrir la gueule quand ils se d\u00e9tendent.<\/span> <span class=\"gts_text\" id=\"gts_text_25\">On parle de \u00ab\u00a0b\u00e2illements\u00a0\u00bb.<\/span> <span class=\"gts_text\" id=\"gts_text_26\">Ils font cela pour se rafra\u00eechir les jours chauds.<\/span> <span class=\"gts_text\" id=\"gts_text_27\">Mais il leur arrive aussi d&#8217;ouvrir la gueule de nuit quand il pleut.<\/span> <span class=\"gts_text\" id=\"gts_text_28\">Ces b\u00e2illements veulent peut-\u00eatre dire quelque chose \u00e0 leurs parents et \u00e0 leurs amis.<\/span><\/p>\n<figure id=\"attachment_635\" aria-describedby=\"caption-attachment-635\" style=\"width: 300px\" class=\"wp-caption alignright\"><a href=\"http:\/\/www.big-animals.com\/wp-content\/uploads\/2011\/03\/Alligator.jpg\"><img loading=\"lazy\" decoding=\"async\" class=\"size-medium wp-image-635\" title=\"Les alligators pr\u00e9f\u00e8rent l'eau doux, et ont un museau plus large\" alt=\"Les alligators pr\u00e9f\u00e8rent l'eau doux, et ont un museau plus large\" src=\"http:\/\/www.big-animals.com\/wp-content\/uploads\/2011\/03\/Alligator-300x235.jpg\" width=\"300\" height=\"235\" \/><\/a><figcaption id=\"caption-attachment-635\" class=\"wp-caption-text\">Les alligators pref\u00e8rent l&#8217;eau douce et ont un museau plus large.<\/figcaption><\/figure>\n<p><span class=\"gts_text\" id=\"gts_text_29\">Les crocodiliens m\u00e2les sont des animaux territoriaux, tout comme les dragons de Komodo m\u00e2les.<\/span> <span class=\"gts_text\" id=\"gts_text_30\">Ils prot\u00e8gent leur territoire f\u00e9rocement contre d&#8217;autres intrus m\u00e2les.<\/span> <span class=\"gts_text\" id=\"gts_text_31\">Un crocodilien femelle pond environ 50 \u00e0 80 oeufs dans un nid sur la terre ferme.<\/span> <span class=\"gts_text\" id=\"gts_text_32\">Elle construit son nid pr\u00e8s d&#8217;une rivi\u00e8re.<\/span> <span class=\"gts_text\" id=\"gts_text_33\">Le nid est construit avec des feuilles, de la boue ou d&#8217;autres formes de v\u00e9g\u00e9tation.<\/span> C<span class=\"gts_text\" id=\"gts_text_34\">e feuillage\u00a0maintient les oeufs dans une atmosph\u00e8re chaude et moite.<\/span> <span class=\"gts_text\" id=\"gts_text_35\">La m\u00e8re prend soin de ses b\u00e9b\u00e9s apr\u00e8s qu&#8217;ils aient \u00e9clos.<\/span> <span class=\"gts_text\" id=\"gts_text_36\">Elle reste avec eux jusqu&#8217;\u00e0 ce qu&#8217;ils soient assez grands pour se d\u00e9fendre.<\/span> <span class=\"gts_text\" id=\"gts_text_37\">Dans beaucoup d&#8217;esp\u00e8ces de crocodiliens, la m\u00e8re porte ses b\u00e9b\u00e9s dans la gueule !<\/span> <span class=\"gts_text\" id=\"gts_text_38\">Je n&#8217;aimerais pas \u00eatre \u00e0 leur place, surtout si leur m\u00e8re a faim !<\/span> <span class=\"gts_text\" id=\"gts_text_39\">Les crocodiliens b\u00e9b\u00e9s se nourrissent de crabes, de crevettes et d&#8217;insectes.<\/span> Il ne faut surtout pas s&#8217;approcher de <span class=\"gts_text\" id=\"gts_text_40\">crocodiliens quand des oeufs sont sur le point d&#8217;\u00e9clore.<\/span> <span class=\"gts_text\" id=\"gts_text_41\">Les crocodiliens sont tr\u00e8s protecteurs de leurs oeufs et extr\u00eamement f\u00e9roces !<\/span><\/p>\n<p><span class=\"gts_text\" id=\"gts_text_42\">Si la temp\u00e9rature de nid est de 30\u00b0 C, les b\u00e9b\u00e9s crocodiliens seront des femelles et si la temp\u00e9rature est\u00a0sup\u00e9rieure \u00e0\u00a034\u00b0 C, ce seront des m\u00e2les.<\/span> <span class=\"gts_text\" id=\"gts_text_43\">Les crocodiliens maintiennent la temp\u00e9rature de leurs corps \u00e0 une temp\u00e9rature optimale en restant au soleil quand il fait frais et en se reposant \u00e0 l&#8217;ombre quand il fait chaud.<\/span><\/p>\n<p><span class=\"gts_text\" id=\"gts_text_44\">Les crocodiliens ont un cerveau relativement petit mais il est plus avanc\u00e9 que chez les autres animaux \u00e0 sang froid.<\/span> <span class=\"gts_text\" id=\"gts_text_45\">Les crocodiliens voient bien de jour et ils peuvent m\u00eame percevoir les coulurs.<\/span> <span class=\"gts_text\" id=\"gts_text_46\">Leurs yeux ont une pupille\u00a0verticale un peu comme celle des chats qui leur donne une vision nocturne excellente.<\/span> <span class=\"gts_text\" id=\"gts_text_47\">Mais ils voient pas bien sous l&#8217;eau parce qu&#8217;ils ne peuvent pas focaliser sous l&#8217;eau.<\/span> <span class=\"gts_text\" id=\"gts_text_48\">Leurs tympans sont plac\u00e9s derri\u00e8re les yeux et sont recouverts d&#8217;une sorte de paupi\u00e8re mobile.<\/span> Ces \u00ab\u00a0paupi\u00e8res\u00a0\u00bb<span class=\"gts_text\" id=\"gts_text_49\">, les narines et les yeux se ferment quand les crocodiliens plongent, pour emp\u00eacher l&#8217;eau d&#8217;entrer.<\/span><\/p>\n<p><span class=\"gts_text\" id=\"gts_text_50\">Les crocodiliens peuvent r\u00e9agir au moindre mouvement \u00e0 la surface de l&#8217;eau.<\/span> <span class=\"gts_text\" id=\"gts_text_51\">Ils peuvent donc localiser leurs proies et \u00e9chapper \u00e0 leurs pr\u00e9dateurs m\u00eame dans l&#8217;obscurit\u00e9 la plus profonde.<\/span> <span class=\"gts_text\" id=\"gts_text_52\">Leur peau est couverte d&#8217;\u00e9cailles qui ne se chevauchent pas.<\/span> <span class=\"gts_text\" id=\"gts_text_53\">Elles ont une longue queue muscl\u00e9e et un corps profil\u00e9.<\/span> <span class=\"gts_text\" id=\"gts_text_54\">Leurs yeux et leur narines se trouvent sur le dessus de la t\u00eate, ce qui leur permet de rester presque totalement immerg\u00e9s et invisibles pendant qu&#8217;ils attendent patiemment que leurs proies s&#8217;approchent d&#8217;eux.<\/span> <span class=\"gts_text\" id=\"gts_text_55\">Ils ont des m\u00e2choires extr\u00eamement puissantes.<\/span> <span class=\"gts_text\" id=\"gts_text_56\">Ils ne m\u00e2chent pas leur nourriture\u00a0: ils l&#8217;avalent en quelques gros morceaux comme le font les serpents.<\/span> <span class=\"gts_text\" id=\"gts_text_57\">Ce sont des carnivoires.<\/span> <span class=\"gts_text\" id=\"gts_text_58\">Ils mangent des oiseaux, des petits mammif\u00e8res et des poissons.<\/span><\/p>\n<h3><span class=\"gts_text\" id=\"gts_text_59\">Diff\u00e9rences entre les alligators et les crocodiles<\/span><\/h3>\n<figure id=\"attachment_633\" aria-describedby=\"caption-attachment-633\" style=\"width: 300px\" class=\"wp-caption alignleft\"><a href=\"http:\/\/www.big-animals.com\/wp-content\/uploads\/2011\/03\/Ghairul.jpg\"><img loading=\"lazy\" decoding=\"async\" class=\"size-medium wp-image-633\" title=\"Le Ghairul a un museau tr\u00e8s mince. Photographie par Jonathon Zander\" alt=\"Le Ghairul a un museau tr\u00e8s mince. Photographie par Jonathon Zander\" src=\"http:\/\/www.big-animals.com\/wp-content\/uploads\/2011\/03\/Ghairul-300x124.jpg\" width=\"300\" height=\"124\" \/><\/a><figcaption id=\"caption-attachment-633\" class=\"wp-caption-text\">Le gavial a un museau tr\u00e8s \u00e9troit. Photo: Jonathon Zander<\/figcaption><\/figure>\n<p><span class=\"gts_text\" id=\"gts_text_60\">Les alligators ont des museaux plus larges.<\/span> <span class=\"gts_text\" id=\"gts_text_61\">Les crocodiles ont des museaux plus longs et plus \u00e9troits que les alligators.<\/span> <span class=\"gts_text\" id=\"gts_text_62\">La m\u00e2choire sup\u00e9rieure de l&#8217;alligator est plus large que sa m\u00e2choire inf\u00e9rieure, et les dents inf\u00e9rieures s&#8217;encastrent dans des petites d\u00e9pressions qui se trouvent dans la m\u00e2choire sup\u00e9rieure.<\/span> <span class=\"gts_text\" id=\"gts_text_63\">Les m\u00e2choires sup\u00e9rieures et inf\u00e9rieures des crocodiles ont la m\u00eame largeur et les dents inf\u00e9rieures se trouvent \u00e0 l&#8217;ext\u00e9rieur des dents sup\u00e9rieures quand leur gueule est ferm\u00e9e.<\/span> <span class=\"gts_text\" id=\"gts_text_64\">C&#8217;est pour cela que les grandes dents inf\u00e9rieures sont visibles chez les crocodiles mais pas chez les alligators.<\/span> <span class=\"gts_text\" id=\"gts_text_65\">Les alligators tendent \u00e0 \u00eatre d&#8217;une teinte plus fonc\u00e9e que les crocodiles.<\/span> <span class=\"gts_text\" id=\"gts_text_66\">Les alligators sont presque noirs.<\/span> <span class=\"gts_text\" id=\"gts_text_67\">Les crocodiles sont plus agressifs que les alligators.<\/span> <span class=\"gts_text\" id=\"gts_text_68\">Les gavials ont un museau tr\u00e8s \u00e9troit.<\/span><\/p>\n<p><span class=\"gts_text\" id=\"gts_text_69\">\u00a0<\/span><\/p>\n","protected":false},"excerpt":{"rendered":"<p>Les crocodiliens sont apparus il y a de nombreuses ann\u00e9es \u00e0 l&#8217;\u00e9poque des dinosaures. Les crocodiliens sont un\u00a0ordre de grands reptiles qui inclut les alligators, les crocodiles, les ca\u00efmans\u00a0et les gavials. Le crocodile marin Le plus grand crocodilien au monde est \u00e9galement le plus grand reptile du monde, il s&#8217;agit du crocodile marin. Les crocodiliens &hellip; <a href=\"https:\/\/www.big-animals.com\/fr\/crocodiliens\/\" class=\"more-link\">Continue reading <span class=\"screen-reader-text\">Les crocodiliens<\/span><\/a><\/p>\n","protected":false},"author":1,"featured_media":0,"parent":0,"menu_order":0,"comment_status":"closed","ping_status":"open","template":"","meta":{"_acf_changed":false,"footnotes":""},"acf":[],"_links":{"self":[{"href":"https:\/\/www.big-animals.com\/fr\/wp-json\/wp\/v2\/pages\/66"}],"collection":[{"href":"https:\/\/www.big-animals.com\/fr\/wp-json\/wp\/v2\/pages"}],"about":[{"href":"https:\/\/www.big-animals.com\/fr\/wp-json\/wp\/v2\/types\/page"}],"author":[{"embeddable":true,"href":"https:\/\/www.big-animals.com\/fr\/wp-json\/wp\/v2\/users\/1"}],"replies":[{"embeddable":true,"href":"https:\/\/www.big-animals.com\/fr\/wp-json\/wp\/v2\/comments?post=66"}],"version-history":[{"count":5,"href":"https:\/\/www.big-animals.com\/fr\/wp-json\/wp\/v2\/pages\/66\/revisions"}],"predecessor-version":[{"id":310,"href":"https:\/\/www.big-animals.com\/fr\/wp-json\/wp\/v2\/pages\/66\/revisions\/310"}],"wp:attachment":[{"href":"https:\/\/www.big-animals.com\/fr\/wp-json\/wp\/v2\/media?parent=66"}],"curies":[{"name":"wp","href":"https:\/\/api.w.org\/{rel}","templated":true}]}}