{"id":67,"date":"2011-05-09T11:29:31","date_gmt":"2011-05-09T11:29:31","guid":{"rendered":""},"modified":"2014-06-22T16:36:10","modified_gmt":"2014-06-22T16:36:10","slug":"leedsichthys-problematicus-le-plus-grand-poisson-qui-ait-jamais-ete","status":"publish","type":"page","link":"https:\/\/www.big-animals.com\/fr\/leedsichthys-problematicus-le-plus-grand-poisson-qui-ait-jamais-ete\/","title":{"rendered":"Leedsichthys Problematicus &#8211; le plus grand poisson qui ait jamais \u00e9t\u00e9 !"},"content":{"rendered":"<p><span id=\"gts_text_1\" class=\"gts_text\">Le Leedshichthys \u00e9tait un <a title=\"Les plus grands poissons du monde !\" href=\"http:\/\/www.big-animals.com\/fr\/le-monde-grand-poissons\/\">poisson <\/a>immense, probablement le plus grand qui ait jamais parcouru les mers\u00a0!<\/span> <span id=\"gts_text_2\" class=\"gts_text\">Ses os fossilis\u00e9s ont \u00e9t\u00e9 d\u00e9couverts en Angleterre en 1889 par un collecteur de fossiles du nom de Alfred Leeds.<\/span> Son\u00a0<span id=\"gts_text_3\" class=\"gts_text\">nom scientifique complet, <em>Leedsichthys Problematicus<\/em>, est un m\u00e9lange de latin et de grec:<\/span><\/p>\n<ul>\n<li><span id=\"gts_text_4\" class=\"gts_text\"><em>Leedsichthys<\/em>\u00a0signifie\u00a0&#8220;poissons de Leeds<em>&#8220;<\/em>\u00a0&#8211; Ichthys \u00e9tant le mot grec pour &#8220;poisson&#8221;<\/span><\/li>\n<li><span id=\"gts_text_5\" class=\"gts_text\"><em>Problematicus<\/em>\u00a0signifie &#8220;probl\u00e9matique&#8221; en latin<\/span><\/li>\n<\/ul>\n<p><span id=\"gts_text_6\" class=\"gts_text\">Ainsi, <em>Leedsichthys Problematicus<\/em> est le &#8220;poisson probl\u00e9atique d&#8217;Alfred Leeds&#8221;.<\/span>\u00a0Les\u00a0<span id=\"gts_text_7\" class=\"gts_text\">scientifiques se demandaient d\u00e9concert\u00e9s comment un poisson pouvait \u00eatre aussi gros !<\/span> <span id=\"gts_text_8\" class=\"gts_text\">Je suppose que le Leedsichthys a pos\u00e9 un autre probl\u00e8me \u00e0 Alfred Leeds, \u00e0 savoir :<\/span><\/p>\n<ul>\n<li><span id=\"gts_text_9\" class=\"gts_text\"><em>Mais o\u00f9 vais-je ranger\u00a0des os aussi \u00e9normes\u00a0? ? ?<\/em><\/span><\/li>\n<\/ul>\n<p><span id=\"gts_text_10\" class=\"gts_text\"><strong>Combien mesurait le\u00a0Leedsichthys ?<\/strong><\/span><\/p>\n<p><span id=\"gts_text_11\" class=\"gts_text\">Puisque personne n&#8217;a jamais trouv\u00e9 un squelette complet de Leedsichthys, on ne sait pas exactement quelle taille il pouvait atteindre.<\/span> <span id=\"gts_text_12\" class=\"gts_text\">Les estimations actuelles supposent qu&#8217;il mesurait\u00a016 \u00e0 22 m\u00e8tres de long, faisant de lui\u00a0le plus grands poisson qui ait jamais \u00e9t\u00e9,\u00a0\u00a0plus grand que le <a title=\"Le requin-baleine\" href=\"http:\/\/www.big-animals.com\/fr\/le-requin-baleine-le-plus-grand-poisson-du-monde\/\">requin-baleine<\/a> ou le <a title=\"Le M\u00e9galodon \u2013 Le plus grand requin qui ait exist\u00e9\" href=\"http:\/\/www.big-animals.com\/fr\/le-megalodon-le-plus-grand-requin-qui-ait-existe\/\">Megalodon<\/a> !<\/span> Pourtant, tout le monde n&#8217;est pas d&#8217;accord<span id=\"gts_text_13\" class=\"gts_text\">.<\/span> Certains\u00a0<span id=\"gts_text_14\" class=\"gts_text\">scientifiques affirmaient que le\u00a0Leedsichthys pouvait &#8220;seulement&#8221; atteindre une taille de neuf m\u00e8tres, une longueur qui\u00a0<\/span><span id=\"gts_text_15\" class=\"gts_text\">reste plus plus grande que\u00a0deux voitures, et 50% plus grande\u00a0que les grands requins blancs, rendus c\u00e9l\u00e8bres par les films des<em>\u00a0Dents de la Mer<\/em> r\u00e9alis\u00e9s par\u00a0Steven Spielberg.<\/span><\/p>\n<p><span id=\"gts_text_16\" class=\"gts_text\">Leedsichthys n&#8217;\u00e9tait pas un requin, mais un genre de <em>poissons osseux<\/em>.<\/span> <span id=\"gts_text_17\" class=\"gts_text\">Il avait des os, comme la plupart des autres poissons, alors que les requins ont du cartilage<\/span><span id=\"gts_text_18\" class=\"gts_text\">.<\/span> <span id=\"gts_text_19\" class=\"gts_text\">Bien qu&#8217;il ait \u00e9t\u00e9 le le plus grand <a title=\"Les plus grands poissons du monde !\" href=\"http:\/\/www.big-animals.com\/fr\/le-monde-grand-poissons\/\">poisson<\/a>, il\u00a0n&#8217;\u00e9tait pas le plus grand <a title=\"Les plus grands vert\u00e9br\u00e9s du monde !\" href=\"http:\/\/www.big-animals.com\/fr\/le-monde-grand-vertebres\/\">vert\u00e9br\u00e9<\/a>:\u00a0cet honneur revient\u00a0\u00e0 la <a title=\"La baleine bleue \u2013 le plus grand animal de tous les temps !\" href=\"http:\/\/www.big-animals.com\/fr\/la-baleine-bleue-le-plus-grand-animal-de-tous-les-temps\/\">baleine bleue<\/a>.<\/span><\/p>\n<p>De quoi se nourrissait le Leedsichthys?<\/p>\n<p><span id=\"gts_text_21\" class=\"gts_text\">Le Leedsichthys poss\u00e9dait 40 000 dents.<\/span> <span id=\"gts_text_22\" class=\"gts_text\">Cela\u00a0ne devait pas \u00eatre dr\u00f4le d&#8217;\u00eatre son dentiste\u00a0!<\/span> <span id=\"gts_text_23\" class=\"gts_text\">Mais\u00a0<img loading=\"lazy\" decoding=\"async\" title=\"Leedsichthys Problematicus\" src=\"http:\/\/ba.dr-mikes-maths.com\/\/wp-content\/themes\/twentyten\/images\/ba\/leedsichthys-small.jpg\" alt=\"Leedsichthys Problematicus \u00e9tant attaqu\u00e9\" width=\"450\" height=\"318\" align=\"right\" \/> <\/span><span id=\"gts_text_24\" class=\"gts_text\">malgr\u00e9 sa gigantesque m\u00e2choire et sa\u00a0taille \u00e9norme, le Leedsichthys aurait \u00e9t\u00e9 inoffensif.<\/span> <span id=\"gts_text_25\" class=\"gts_text\">Comme le requin-baleine et la baleine bleue, le Leedsichthys se nourrissait\u00a0tr\u00e8s probablement de plancton.<\/span> <span id=\"gts_text_26\" class=\"gts_text\">Il aurait nag\u00e9\u00a0pr\u00e8s de la surface de la mer, engloutissant\u00a0des \u00e9normes gorg\u00e9es d&#8217;eau,\u00a0filtrant le plancton \u00e0 l&#8217;aide de\u00a0deux os plats situ\u00e9s au fond de sa gorge.<\/span> <span id=\"gts_text_27\" class=\"gts_text\">S&#8217;il avait \u00e9t\u00e9 encore vivant aujourd&#8217;hui, le r\u00eave de tout\u00a0plongeur sous-marin professionnel aurait \u00e9t\u00e9 de nager avec l&#8217;un l&#8217;entre-eux !<\/span><\/p>\n<p><span id=\"gts_text_28\" class=\"gts_text\"><strong>Photos du Leedsichthys<\/strong><\/span><\/p>\n<p><span id=\"gts_text_29\" class=\"gts_text\">Puisqu&#8217;on ne connait le &#8220;poisson probl\u00e9matique de Leeds&#8221; que par ses fossiles, on ne peut pas savoir \u00e0 quoi il ressemblait exactement.<\/span>\u00a0<span id=\"gts_text_30\" class=\"gts_text\">L&#8217;image ci-contre\u00a0(r\u00e9alis\u00e9e par\u00a0Bogdanov) repr\u00e9sente une vue d&#8217;artiste.<\/span> <span id=\"gts_text_31\" class=\"gts_text\">Elle montre un Leedsichthys effray\u00e9 lors d&#8217;une attaque\u00a0par une autre cr\u00e9ature disparue, un reptile du nom de\u00a0Liopleurodon.<\/span>\u00a0Cliquez <a href=\"http:\/\/commons.wikimedia.org\/wiki\/File:Leedsi%26Liopl_DB.jpg\">ici <\/a>pour voir l&#8217;image en grand format.<\/p>\n","protected":false},"excerpt":{"rendered":"<p>Le Leedshichthys \u00e9tait un poisson immense, probablement le plus grand qui ait jamais parcouru les mers\u00a0! Ses os fossilis\u00e9s ont \u00e9t\u00e9 d\u00e9couverts en Angleterre en 1889 par un collecteur de fossiles du nom de Alfred Leeds. Son\u00a0nom scientifique complet, Leedsichthys Problematicus, est un m\u00e9lange de latin et de grec: Leedsichthys\u00a0signifie\u00a0&#8220;poissons de Leeds&#8220;\u00a0&#8211; Ichthys \u00e9tant le &hellip; <a href=\"https:\/\/www.big-animals.com\/fr\/leedsichthys-problematicus-le-plus-grand-poisson-qui-ait-jamais-ete\/\" class=\"more-link\">Continue reading <span class=\"screen-reader-text\">Leedsichthys Problematicus &#8211; le plus grand poisson qui ait jamais \u00e9t\u00e9 !<\/span><\/a><\/p>\n","protected":false},"author":1,"featured_media":0,"parent":0,"menu_order":0,"comment_status":"closed","ping_status":"open","template":"","meta":{"_acf_changed":false,"footnotes":""},"acf":[],"_links":{"self":[{"href":"https:\/\/www.big-animals.com\/fr\/wp-json\/wp\/v2\/pages\/67"}],"collection":[{"href":"https:\/\/www.big-animals.com\/fr\/wp-json\/wp\/v2\/pages"}],"about":[{"href":"https:\/\/www.big-animals.com\/fr\/wp-json\/wp\/v2\/types\/page"}],"author":[{"embeddable":true,"href":"https:\/\/www.big-animals.com\/fr\/wp-json\/wp\/v2\/users\/1"}],"replies":[{"embeddable":true,"href":"https:\/\/www.big-animals.com\/fr\/wp-json\/wp\/v2\/comments?post=67"}],"version-history":[{"count":5,"href":"https:\/\/www.big-animals.com\/fr\/wp-json\/wp\/v2\/pages\/67\/revisions"}],"predecessor-version":[{"id":490,"href":"https:\/\/www.big-animals.com\/fr\/wp-json\/wp\/v2\/pages\/67\/revisions\/490"}],"wp:attachment":[{"href":"https:\/\/www.big-animals.com\/fr\/wp-json\/wp\/v2\/media?parent=67"}],"curies":[{"name":"wp","href":"https:\/\/api.w.org\/{rel}","templated":true}]}}