{"id":69,"date":"2011-05-09T11:30:18","date_gmt":"2011-05-09T11:30:18","guid":{"rendered":""},"modified":"2015-08-01T14:26:13","modified_gmt":"2015-08-01T14:26:13","slug":"midgardia-xandaros-le-monde-grand-etoiles-de-mer","status":"publish","type":"page","link":"https:\/\/www.big-animals.com\/fr\/midgardia-xandaros-le-monde-grand-etoiles-de-mer\/","title":{"rendered":"Midgardia Xandaros &#8211; la plus grande \u00e9toile de mer du monde"},"content":{"rendered":"<p><span id=\"gts_text_1\" class=\"gts_text\"><strong>Quel est Midgardia Xandaros ?<\/strong><\/span><\/p>\n<p><span id=\"gts_text_2\" class=\"gts_text\">Midgardia Xandaros est une \u00e9toile de mer dont les bras sont plus longs que ceux de toutes les autres \u00e9toiles de mer dans le monde entier !<\/span> <span id=\"gts_text_3\" class=\"gts_text\">C&#8217;est un membre d&#8217;un groupe d&#8217;\u00e9toiles de mer appel\u00e9 de <em>Brisingid<\/em>.<\/span> <span id=\"gts_text_4\" class=\"gts_text\">Quelques traits sp\u00e9ciaux des \u00e9toiles de mer de Brisingid sont:<\/span><\/p>\n<ul>\n<li><span id=\"gts_text_5\" class=\"gts_text\">Ils ont habituellement plus que cinq bras &#8211; <em>Midgardia Xandaros<\/em> peut avoir jusqu&#8217;\u00e0 douze !<\/span><\/li>\n<li><span id=\"gts_text_6\" class=\"gts_text\">Ils vivent habituellement dans l&#8217;eau tr\u00e8s profonde &#8211; <em>Midgardia<\/em> a \u00e9t\u00e9 trouv\u00e9 \u00e0 environ 600 m\u00e8tres (2000 pieds) de profondeur dans le Golfe du Mexique.\u00a0<\/span> <span id=\"gts_text_7\" class=\"gts_text\">Le record mondial pour un plongeur autonome est seulement environ la moiti\u00e9 de celui-ci, donc vous pouvez imaginer, il est dur d&#8217;obtenir des images de <em>Midgardia<\/em> vivant.<\/span><\/li>\n<li><span id=\"gts_text_8\" class=\"gts_text\">Les \u00e9toiles de mer de Brisingid mangent en soulevant certaines de leurs jambes, puis leurs poils de Velcro attrapent des petites particules comestibles.<br \/>\n<\/span><\/li>\n<\/ul>\n<p><span id=\"gts_text_9\" class=\"gts_text\">Puisque Midgardia Xandaros est la plus grande \u00e9toile de mer du monde, c&#8217;est \u00e9galement la plus grande \u00e9toile de mer de Brisingid du monde.<\/span> <span id=\"gts_text_10\" class=\"gts_text\">En fait, c&#8217;est le plus grand <a href=\"\/Echinoderms.html\">\u00e9chinoderme du<\/a> monde de n&#8217;importe quel type !<\/span><\/p>\n<p><span id=\"gts_text_11\" class=\"gts_text\"><strong>Quelle est la taille du Midgardia Xandaros ?<\/strong><\/span><\/p>\n<p><span id=\"gts_text_12\" class=\"gts_text\">Midgardia a les bras tr\u00e8s longs &#8211; et un corps minuscule !<\/span> <span id=\"gts_text_13\" class=\"gts_text\">Bien que chaque bras soit 67cm (plus de 2 pieds) longs, son corps est seulement 1 pouce (2.6cm)!<\/span> <span id=\"gts_text_14\" class=\"gts_text\">Pour cette raison, Midgardia ne d\u00e9tient pas le record pour les \u00e9toiles de mer les plus lourdes &#8211; ce record va aux \u00e9toiles de mer de Catala, \u00e9galement connues sous le nom de Grosses \u00c9toiles de Mer.<\/span> <span id=\"gts_text_15\" class=\"gts_text\">Toujours, s&#8217;\u00e9tirant plus de 4 pieds d&#8217;un c\u00f4t\u00e9 \u00e0 l&#8217;autre, Midgardia serait tout \u00e0 fait une \u00e0 voir !<\/span><\/p>\n<p><span id=\"gts_text_16\" class=\"gts_text\"><strong>Qu&#8217;est-ce que c&#8217;est connu au sujet de Midgardia Xandaros ?<\/strong><\/span><\/p>\n<p><span id=\"gts_text_17\" class=\"gts_text\">Midgardia a \u00e9t\u00e9 d\u00e9couvert en 1970 dans le Golfe du Mexique, mais tr\u00e8s peu est connu au sujet de ses habitudes, son cycle de vie, sa population, except\u00e9 ce qui peut \u00eatre devin\u00e9 du fait que c&#8217;est une \u00e9toile de mer de Brisingid.<\/span> <span id=\"gts_text_18\" class=\"gts_text\">Il n&#8217;a pas m\u00eame un nom commun &#8211; il a seulement son nom scientifique, <em>Midgardia Xandaros<\/em>.<\/span> <span id=\"gts_text_19\" class=\"gts_text\">Personne n&#8217;a essay\u00e9 d&#8217;\u00e9tudier Midgardia ou a pu en capturer un vivant ou l&#8217;a film\u00e9 dans son habitat naturel.<\/span> <span id=\"gts_text_20\" class=\"gts_text\">C&#8217;est parce que Midgardia vit \u00e0 un tel profondeur qu&#8217;il est difficile d&#8217;\u00e9tudier.<\/span> <span id=\"gts_text_21\" class=\"gts_text\">\u00c9tonnamment, une grande partie de l&#8217;oc\u00e9an est aussi profond ou m\u00eame plus profond.<\/span> <span id=\"gts_text_22\" class=\"gts_text\">Le fait que nous connaissons tellement peu au sujet de cette \u00e9toile de mer qui casse les records montre que nous connaissons \u00e9galement tr\u00e8s peu d&#8217;une majeure partie de l&#8217;oc\u00e9an.<\/span> <span id=\"gts_text_23\" class=\"gts_text\">Peut-\u00eatre il y a des \u00e9toiles de mer plus grandes qui sont \u00e0 d\u00e9couvrir?<\/span><\/p>\n","protected":false},"excerpt":{"rendered":"<p>Quel est Midgardia Xandaros ? Midgardia Xandaros est une \u00e9toile de mer dont les bras sont plus longs que ceux de toutes les autres \u00e9toiles de mer dans le monde entier ! C&#8217;est un membre d&#8217;un groupe d&#8217;\u00e9toiles de mer appel\u00e9 de Brisingid. Quelques traits sp\u00e9ciaux des \u00e9toiles de mer de Brisingid sont: Ils ont &hellip; <a href=\"https:\/\/www.big-animals.com\/fr\/midgardia-xandaros-le-monde-grand-etoiles-de-mer\/\" class=\"more-link\">Continue reading <span class=\"screen-reader-text\">Midgardia Xandaros &#8211; la plus grande \u00e9toile de mer du monde<\/span><\/a><\/p>\n","protected":false},"author":1,"featured_media":0,"parent":0,"menu_order":0,"comment_status":"closed","ping_status":"open","template":"","meta":{"_acf_changed":false,"footnotes":""},"acf":[],"_links":{"self":[{"href":"https:\/\/www.big-animals.com\/fr\/wp-json\/wp\/v2\/pages\/69"}],"collection":[{"href":"https:\/\/www.big-animals.com\/fr\/wp-json\/wp\/v2\/pages"}],"about":[{"href":"https:\/\/www.big-animals.com\/fr\/wp-json\/wp\/v2\/types\/page"}],"author":[{"embeddable":true,"href":"https:\/\/www.big-animals.com\/fr\/wp-json\/wp\/v2\/users\/1"}],"replies":[{"embeddable":true,"href":"https:\/\/www.big-animals.com\/fr\/wp-json\/wp\/v2\/comments?post=69"}],"version-history":[{"count":3,"href":"https:\/\/www.big-animals.com\/fr\/wp-json\/wp\/v2\/pages\/69\/revisions"}],"predecessor-version":[{"id":566,"href":"https:\/\/www.big-animals.com\/fr\/wp-json\/wp\/v2\/pages\/69\/revisions\/566"}],"wp:attachment":[{"href":"https:\/\/www.big-animals.com\/fr\/wp-json\/wp\/v2\/media?parent=69"}],"curies":[{"name":"wp","href":"https:\/\/api.w.org\/{rel}","templated":true}]}}