{"id":7,"date":"2011-05-09T08:54:30","date_gmt":"2011-05-09T08:54:30","guid":{"rendered":""},"modified":"2011-05-09T08:54:30","modified_gmt":"2011-05-09T08:54:30","slug":"lezards","status":"publish","type":"page","link":"https:\/\/www.big-animals.com\/fr\/lezards\/","title":{"rendered":"L\u00e9zards"},"content":{"rendered":"<p><span id=\"gts_text_1\" class=\"gts_text\">Les l\u00e9zards sont des <a title=\"Les plus grands reptiles du monde !\" href=\"http:\/\/www.big-animals.com\/the-worlds-biggest-reptiles\/\">reptiles<\/a>.<\/span> <span id=\"gts_text_2\" class=\"gts_text\">Il y a presque les diff\u00e9rents types 3800 de l\u00e9zard dans le monde.<\/span> <span id=\"gts_text_3\" class=\"gts_text\">Puisqu&#8217;ils sont les cr\u00e9atures blooded par froid, vous pouvez les trouver dans tous les continents particuli\u00e8rement dans les continents plus chauds de climat except\u00e9 \u00e0 l&#8217;Antarctique et la plupart des \u00eeles oc\u00e9aniques.<\/span><\/p>\n<p><span id=\"gts_text_4\" class=\"gts_text\">Les l\u00e9zards ont une peau \u00e9callieuse qui est jet\u00e9e tout au long de l&#8217;ann\u00e9e.<\/span> <span id=\"gts_text_5\" class=\"gts_text\">Ils ne jettent pas leur peau dans une vont comme le serpent.<\/span> <span id=\"gts_text_6\" class=\"gts_text\">Quelques l\u00e9zards mangent seulement de la viande, d&#8217;autres mangent seulement des usines et encore d&#8217;autres mangent la viande et des plantes.<\/span> <span id=\"gts_text_7\" class=\"gts_text\">Ils ont des membres et des oreilles externes mais les serpents n&#8217;ont pas des membres et des oreilles externes.<\/span> <span id=\"gts_text_8\" class=\"gts_text\">La plupart des l\u00e9zards d\u00e9tacheront leurs queues quand ils sont attrap\u00e9s, ainsi le l\u00e9zard s&#8217;\u00e9chappe tandis que le pr\u00e9dateur obtient seulement une queue de manger.<\/span> <span id=\"gts_text_9\" class=\"gts_text\">Ils communiquent les uns avec les autres utilisant le langage du corps ou les couleurs lumineuses sur leurs corps.<\/span><\/p>\n<p><span id=\"gts_text_10\" class=\"gts_text\">Le l\u00e9zard viennent dans diff\u00e9rentes tailles.<\/span> <span id=\"gts_text_11\" class=\"gts_text\">Le plus petit est seulement quelques centim\u00e8tres (quelques pouces), comme des cam\u00e9l\u00e9ons ou des geckos.<\/span> <span id=\"gts_text_12\" class=\"gts_text\">Les plus longs deviennent presque 3 m\u00e8tres (10 pieds) !<\/span> <span id=\"gts_text_13\" class=\"gts_text\">Le plus grand l\u00e9zard vivant est le <a title=\"Dragon de Komodo\" href=\"http:\/\/www.big-animals.com\/komodo-dragon\/\">dragon de Komodo<\/a> carnivore.<\/span> <span id=\"gts_text_14\" class=\"gts_text\">Il y a quelques encore l\u00e9zards \u00e9teints plus \u00e9normes, tels que le mer-logement <a title=\"Tylosaurus\" href=\"http:\/\/www.big-animals.com\/tylosaurus\/\">Tylosaurus<\/a> qui \u00e9tait environ 17 m\u00e8tres (56 pieds) longtemps et le <a title=\"Megalania\" href=\"http:\/\/www.big-animals.com\/megalania\/\">Megalania<\/a>, un l\u00e9zard de moniteur g\u00e9ant environ 7 m\u00e8tres (23 pi) de long.<\/span><\/p>\n<figure id=\"attachment_571\" aria-describedby=\"caption-attachment-571\" style=\"width: 300px\" class=\"wp-caption alignright\"><a href=\"http:\/\/www.big-animals.com\/wp-content\/uploads\/2011\/02\/Chamaleon.jpg\"><img loading=\"lazy\" decoding=\"async\" class=\"size-medium wp-image-571\" title=\"Les cam\u00e9l\u00e9ons sont c\u00e9l\u00e8bres pour que leur capacit\u00e9 change la couleur\" src=\"http:\/\/www.big-animals.com\/wp-content\/uploads\/2011\/02\/Chamaleon-300x194.jpg\" alt=\"Les cam\u00e9l\u00e9ons sont c\u00e9l\u00e8bres pour que leur capacit\u00e9 change la couleur\" width=\"300\" height=\"194\" \/><\/a><figcaption id=\"caption-attachment-571\" class=\"wp-caption-text\">Chameleons are famous for their ability to change color<\/figcaption><\/figure>\n<p><span id=\"gts_text_15\" class=\"gts_text\">La vue est tr\u00e8s importante pour la plupart des l\u00e9zards.<\/span> <span id=\"gts_text_16\" class=\"gts_text\">ils emploient leur vue pour chasser pour leur proie et pour communiquer avec d&#8217;autres l\u00e9zards.<\/span> <span id=\"gts_text_17\" class=\"gts_text\">La plupart des l\u00e9zards ont la grande perception chromatique.<\/span> <span id=\"gts_text_18\" class=\"gts_text\">Ils d\u00e9pendent beaucoup du langage du corps.<\/span> <span id=\"gts_text_19\" class=\"gts_text\">Par exemple, ils emploient des postures, des gestes et des mouvements sp\u00e9cifiques pour d\u00e9finir leurs territoires et pour r\u00e9soudre des combats parmi eux-m\u00eames.<\/span> <span id=\"gts_text_20\" class=\"gts_text\">Quelques l\u00e9zards ont la peau tr\u00e8s brillamment color\u00e9e.<\/span> <span id=\"gts_text_21\" class=\"gts_text\">Certains peuvent changer la couleur de leur peau &#8211; un l\u00e9zard de couleur claire plac\u00e9 sur les roches fonc\u00e9es deviendra encore plus fonc\u00e9.<\/span> <span id=\"gts_text_22\" class=\"gts_text\">Certains, comme le l\u00e9zard de barri\u00e8re occidentale, ont m\u00eame une peau qui des sembler diff\u00e9rents selon l&#8217;angle duquel vous le regardez !<\/span><\/p>\n<p><span id=\"gts_text_23\" class=\"gts_text\">Quand un affichage est n\u00e9cessaire, quelques l\u00e9zards soul\u00e8veront un certain os dans sa gorge, alors un grand aileron vertical de peau brillamment color\u00e9e sous la t\u00eate semblera admirablement \u00eatre employ\u00e9 pour la communication.<\/span> <span id=\"gts_text_24\" class=\"gts_text\">Anoles ou cam\u00e9l\u00e9ons sont c\u00e9l\u00e8bres pour ce bel affichage.<\/span> <span id=\"gts_text_25\" class=\"gts_text\">Chaque les esp\u00e8ces du cam\u00e9l\u00e9on a beaucoup de diff\u00e9rentes couleurs.<\/span> <span id=\"gts_text_26\" class=\"gts_text\">Elles ont m\u00eame des mod\u00e8les qui peuvent seulement \u00eatre vus sous la lumi\u00e8re UV, et ainsi les l\u00e9zards eux-m\u00eames peuvent souvent voir la lumi\u00e8re UV.<\/span><\/p>\n<p><span id=\"gts_text_27\" class=\"gts_text\">La plupart des l\u00e9zards sont inoffensifs aux humains.<\/span> <span id=\"gts_text_28\" class=\"gts_text\">Seulement les esp\u00e8ces plus grandes de l\u00e9zard pourraient \u00eatre dangereuses.<\/span> <span id=\"gts_text_29\" class=\"gts_text\">Par exemple, le dragon de Komodo \u00e9grappera, attaquera et finira parfois tuer des personnes.<\/span> <span id=\"gts_text_30\" class=\"gts_text\">Le venin des l\u00e9zards de monstre du Gila Shlomo et du l\u00e9zard de perle n&#8217;est pas habituellement mortel mais elles ont des m\u00e2choires puissantes qui peuvent mordre rapidement, et elles se tiendront dessus sur les victimes \u00e9troitement.<\/span> <span id=\"gts_text_31\" class=\"gts_text\">Leur morsure est extr\u00eamement douloureuse.<\/span><\/p>\n<p><span id=\"gts_text_32\" class=\"gts_text\">Beaucoup de l\u00e9zards sont gard\u00e9s comme animaux familiers en raison de leur beaut\u00e9.<\/span> <span id=\"gts_text_33\" class=\"gts_text\">Par exemple, des iguanes verts sont gard\u00e9s en tant que les animaux familiers exotiques.<\/span><\/p>\n","protected":false},"excerpt":{"rendered":"<p>Les l\u00e9zards sont des reptiles. Il y a presque les diff\u00e9rents types 3800 de l\u00e9zard dans le monde. Puisqu&#8217;ils sont les cr\u00e9atures blooded par froid, vous pouvez les trouver dans tous les continents particuli\u00e8rement dans les continents plus chauds de climat except\u00e9 \u00e0 l&#8217;Antarctique et la plupart des \u00eeles oc\u00e9aniques. Les l\u00e9zards ont une peau &hellip; <a href=\"https:\/\/www.big-animals.com\/fr\/lezards\/\" class=\"more-link\">Continue reading <span class=\"screen-reader-text\">L\u00e9zards<\/span><\/a><\/p>\n","protected":false},"author":1,"featured_media":0,"parent":0,"menu_order":0,"comment_status":"closed","ping_status":"open","template":"","meta":{"_acf_changed":false,"footnotes":""},"acf":[],"_links":{"self":[{"href":"https:\/\/www.big-animals.com\/fr\/wp-json\/wp\/v2\/pages\/7"}],"collection":[{"href":"https:\/\/www.big-animals.com\/fr\/wp-json\/wp\/v2\/pages"}],"about":[{"href":"https:\/\/www.big-animals.com\/fr\/wp-json\/wp\/v2\/types\/page"}],"author":[{"embeddable":true,"href":"https:\/\/www.big-animals.com\/fr\/wp-json\/wp\/v2\/users\/1"}],"replies":[{"embeddable":true,"href":"https:\/\/www.big-animals.com\/fr\/wp-json\/wp\/v2\/comments?post=7"}],"version-history":[{"count":0,"href":"https:\/\/www.big-animals.com\/fr\/wp-json\/wp\/v2\/pages\/7\/revisions"}],"wp:attachment":[{"href":"https:\/\/www.big-animals.com\/fr\/wp-json\/wp\/v2\/media?parent=7"}],"curies":[{"name":"wp","href":"https:\/\/api.w.org\/{rel}","templated":true}]}}