{"id":70,"date":"2011-05-09T11:33:49","date_gmt":"2011-05-09T11:33:49","guid":{"rendered":""},"modified":"2014-06-23T14:19:44","modified_gmt":"2014-06-23T14:19:44","slug":"le-girafe-le-monde-grand-animal","status":"publish","type":"page","link":"https:\/\/www.big-animals.com\/fr\/le-girafe-le-monde-grand-animal\/","title":{"rendered":"La girafe &#8211; l&#8217;animal le plus grand du monde !"},"content":{"rendered":"<p><span id=\"gts_text_1\" class=\"gts_text\">La girafe est l&#8217;<a title=\"Les plus grands animaux du monde !\" href=\"http:\/\/www.big-animals.com\/fr\/le-monde-grand-animaux\/\">animal<\/a> vivant le plus grand du monde &#8211; une girafe m\u00e2le mesure entre 4,50 m\u00e8tres et\u00a05,50 m\u00e8tres environ, mais la plus grande girafe jamais aper\u00e7ue mesurait 5,85 m\u00e8tres !\u00a0<\/span><span id=\"gts_text_3\" class=\"gts_text\">Les scientifiques donnent \u00e0 la girafe le nom de\u00a0<span style=\"font-style: italic\">Giraffa Camelopardus.<\/span>\u00a0 <\/span><span id=\"gts_text_4\" class=\"gts_text\">Le mot \u00ab\u00a0girafe\u00a0\u00bb vient du mot arabe pour \u00ab\u00a0grand\u00a0\u00bb.<\/span> Il y a longtemps, on appelait les girafes des\u00a0<span id=\"gts_text_5\" class=\"gts_text\">\u00ab\u00a0Chameau-l\u00e9opard\u00a0\u00bb, puisqu&#8217;elles \u00e9taient couvertes de taches comme les\u00a0l\u00e9opards, mais marchaient un\u00a0peu \u00e0 la fa\u00e7on des\u00a0chameaux.<\/span> La<span id=\"gts_text_6\" class=\"gts_text\">\u00a0girafe est si grande qu&#8217;elle a quelques caract\u00e9ristiques bien \u00e0 elle.<\/span><\/p>\n<figure id=\"attachment_1074\" aria-describedby=\"caption-attachment-1074\" style=\"width: 222px\" class=\"wp-caption alignleft\"><a href=\"http:\/\/www.big-animals.com\/wp-content\/uploads\/2008\/12\/Giraffe.jpg\"><img loading=\"lazy\" decoding=\"async\" class=\"size-medium wp-image-1074\" title=\"La girafe est l'animal le plus grand du monde\" src=\"http:\/\/www.big-animals.com\/wp-content\/uploads\/2008\/12\/Giraffe-222x300.jpg\" alt=\"La girafe est l'animal le plus grand du monde\" width=\"222\" height=\"300\" \/><\/a><figcaption id=\"caption-attachment-1074\" class=\"wp-caption-text\">La girafe, l&#8217;animal le plus grand du monde<\/figcaption><\/figure>\n<p><span id=\"gts_text_7\" class=\"gts_text\">Tout d&#8217;abord, pour pomper le sang jusqu&#8217;en\u00a0haut de son long cou, la girafe a besoin d&#8217;un coeur tr\u00e8s puissant.<\/span> <span id=\"gts_text_8\" class=\"gts_text\">En effet, son coeur p\u00e8se 12 kilogrammes, il s&#8217;agit du\u00a0coeur le plus gros de tout le r\u00e8gne animal !<\/span> De plus<span id=\"gts_text_9\" class=\"gts_text\">, les vaisseaux sanguins dans sa t\u00eate sont particuliers\u00a0et lui permettent de ne pas s&#8217;\u00e9vanouir lorsqu&#8217;elle l\u00e8ve la t\u00eate trop vite\u00a0!<\/span><\/p>\n<p><span id=\"gts_text_10\" class=\"gts_text\">Lorsqu&#8217;un zoo poss\u00e8de une\u00a0girafe, c&#8217;est parfois ce qu&#8217;il y a de\u00a0plus grand dans le zoo.<\/span>\u00a0Pour cette raison,\u00a0<span id=\"gts_text_11\" class=\"gts_text\">elle a plus de chance d&#8217;\u00eatre frapp\u00e9e\u00a0par la foudre pendant un orage !<\/span> <span id=\"gts_text_12\" class=\"gts_text\">Dans la nature, les girafes vivent au milieu d&#8217;arbres qui sont plus grands qu&#8217;elles et souvent dans des endroits beaucoup moins frapp\u00e9s par la foudre\u00a0que d&#8217;autres endroits sur Terre.<\/span><\/p>\n<p><span id=\"gts_text_13\" class=\"gts_text\">L&#8217;image ci-dessous montre la taille d&#8217;une girafe par rapport \u00e0\u00a0un humain de taille moyenne.<\/span><\/p>\n<h3><span id=\"gts_text_14\" class=\"gts_text\">Le cou de la girafe<\/span><\/h3>\n<p><span id=\"gts_text_15\" class=\"gts_text\">La girafe a un tr\u00e8s long\u00a0cou mais a le m\u00eame nombre de vert\u00e8bres cervicales\u00a0qu&#8217;un humain: sept.<\/span> <span id=\"gts_text_16\" class=\"gts_text\">C&#8217;est \u00e0 dire la moiti\u00e9 du nombre de cervicales d&#8217;un\u00a0colibri !<\/span> <span id=\"gts_text_17\" class=\"gts_text\">Cependant, elles sont tr\u00e8s flexibles entre-elles.<\/span><\/p>\n<p><span id=\"gts_text_18\" class=\"gts_text\">Les girafes frottent parfois leurs cous l&#8217;un contre l&#8217;autre.<\/span> <span id=\"gts_text_19\" class=\"gts_text\">Ceci peut \u00eatre un geste amical ou faire partie d&#8217;un combat.<\/span><\/p>\n<figure id=\"attachment_1077\" aria-describedby=\"caption-attachment-1077\" style=\"width: 198px\" class=\"wp-caption alignright\"><a href=\"http:\/\/www.big-animals.com\/wp-content\/uploads\/2008\/12\/giraffe-and-human1.png\"><img loading=\"lazy\" decoding=\"async\" class=\"size-medium wp-image-1077\" title=\"Girafe et humain\" src=\"http:\/\/www.big-animals.com\/wp-content\/uploads\/2008\/12\/giraffe-and-human1-198x300.png\" alt=\"Girafe et humain\" width=\"198\" height=\"300\" \/><\/a><figcaption id=\"caption-attachment-1077\" class=\"wp-caption-text\">Un girafe et un humain<\/figcaption><\/figure>\n<h3><span id=\"gts_text_20\" class=\"gts_text\">La langue de la girafe<\/span><\/h3>\n<p><span id=\"gts_text_21\" class=\"gts_text\">La langue de la girafe est hors du commun. Tout d&#8217;abord, elle est tr\u00e8s longue puisqu&#8217;elle mesure environ 45 \u00e0 50 cm.<\/span> <span id=\"gts_text_22\" class=\"gts_text\">Quand ses longues jambes et son long cou sont \u00e0 peine trop courts, elle se sert de sa longue langue pour atteindre\u00a0des feuilles qui poussent tout en\u00a0haut des arbres.<\/span>\u00a0Sa langue est aussi tr\u00e8s utile pour<span id=\"gts_text_23\" class=\"gts_text\">\u00a0chasser des insectes de son visage.<\/span><\/p>\n<p><span id=\"gts_text_24\" class=\"gts_text\">La girafe aime toutes sortes de plantes, mais quelques unes de ses pr\u00e9f\u00e9r\u00e9es sont tr\u00e8s \u00e9pineuses.<\/span> <span id=\"gts_text_25\" class=\"gts_text\">Pour cette raison, sa langue est \u00e9galement tr\u00e8s tr\u00e8s dure pour qu&#8217;elle ne blesse pas pendant son d\u00e9jeuner\u00a0!<\/span><\/p>\n<h3><span id=\"gts_text_26\" class=\"gts_text\">Les cornes\u00a0de la girafe<\/span><\/h3>\n<p><span id=\"gts_text_27\" class=\"gts_text\">Les cornes\u00a0de la girafe sont faits de <span style=\"font-style: italic\">cartilage<\/span> dur, comme la mati\u00e8re\u00a0qui donne sa forme \u00e0 notre nez, mais en plus dur.<\/span> <span id=\"gts_text_28\" class=\"gts_text\">Les cornes\u00a0sont recouvertes de peau.<\/span> <span id=\"gts_text_29\" class=\"gts_text\">Les cornes\u00a0d&#8217;une girafe femelle sont plus courtes que celles d&#8217;un m\u00e2le et portent souvent des poils sur le dessus.<\/span><\/p>\n<h3><span id=\"gts_text_30\" class=\"gts_text\">Habitat et alimentation\u00a0de la girafe<\/span><\/h3>\n<p><span id=\"gts_text_31\" class=\"gts_text\">La girafe aime les espaces d\u00e9gag\u00e9s et parsem\u00e9s d&#8217;arbres, notamment d&#8217;acacias.<\/span> Elle\u00a0<span id=\"gts_text_32\" class=\"gts_text\">mange les feuilles des arbres, les dig\u00e8re pendant un moment, puis,comme des vaches, elle rumine: elle vomit ces feuilles \u00e0 moiti\u00e9 dig\u00e9r\u00e9es pour les m\u00e2cher un peu plus et les dig\u00e9rer \u00e0 nouveau dans une autre partie de son\u00a0estomac.<\/span>\u00a0Du fait<span id=\"gts_text_33\" class=\"gts_text\">\u00a0de cette habitude, la girafe, tout comme les vaches, fait\u00a0partie des\u00a0\u00ab\u00a0ruminants\u00a0\u00bb.<\/span><\/p>\n<p><span id=\"gts_text_34\" class=\"gts_text\">La girafe peut cohabiter avec\u00a0des\u00a0animaux de la ferme, puisqu&#8217;elle pr\u00e9f\u00e8re manger les feuilles que les animaux de la ferme ne peuvent pas atteindre.<\/span> <span id=\"gts_text_35\" class=\"gts_text\">Cependant, si les agriculteurs coupent\u00a0tous les arbres sur une certaine surface,\u00a0c&#8217;est un probl\u00e8me pour la girafe.<\/span> <span id=\"gts_text_36\" class=\"gts_text\">Bien que les girafes ne soient pas en danger en tant qu&#8217;esp\u00e8ce, leur nombre a chut\u00e9 dans certaines\u00a0r\u00e9gions d&#8217;Afrique.<\/span><\/p>\n<h3><span id=\"gts_text_37\" class=\"gts_text\">Autres faits et informations sur la girafe<\/span><\/h3>\n<p><span id=\"gts_text_38\" class=\"gts_text\">La girafe a besoin de tr\u00e8s peu de sommeil: elle dort environ deux heures par jour\u00a0seulement et fait plusieurs petites siestes tr\u00e8s courtes tout au long de la journ\u00e9e.<\/span> <span id=\"gts_text_39\" class=\"gts_text\">Bien que la girafe semble tr\u00e8s silencieuse, elle fait en fait tout un tas de bruits diff\u00e9rents: elle\u00a0tousse, grogne, b\u00eale, siffle, et fait beaucoup d&#8217;autres\u00a0bruits qui sont\u00a0trop graves pour qu&#8217;on ne les entende.<\/span><\/p>\n<p><span id=\"gts_text_40\" class=\"gts_text\">Les scientifiques classent les girafes dans une famille de mammif\u00e8res appel\u00e9e\u00a0<span style=\"font-style: italic\">Giraffidae<\/span>.<\/span> <span id=\"gts_text_41\" class=\"gts_text\">Il y a seulement deux types de Giraffidae qui vivent encore aujourd&#8217;hui: la girafe elle-m\u00eame, et l&#8217;okapi (un animal magnifique qui est aussi\u00a0le seul mammif\u00e8re capable de l\u00e9cher ses propres oreilles).<\/span> <span id=\"gts_text_42\" class=\"gts_text\">Les Giraffidae sont eux-m\u00eame\u00a0des ruminants, qui font eux-m\u00eame partie de l&#8217;\u00ab\u00a0ordre\u00a0\u00bb <span style=\"font-style: italic\">Artiodactyla<\/span>, ou \u00ab<a title=\"Les ongul\u00e9s \u00e0 nombre de doigts pair\" href=\"http:\/\/www.big-animals.com\/fr\/agal-botter-avec-la-pointe-du-pied-ongula\/\">\u00a0ongul\u00e9s <span style=\"text-decoration: underline\">\u00e0 nombre de doigts pair<\/span><\/a>\u00bb.<\/span><\/p>\n<p><span id=\"gts_text_43\" class=\"gts_text\">Ainsi, les girafes sont<\/span><\/p>\n<ul>\n<li><span id=\"gts_text_44\" class=\"gts_text\">Les plus grand girafid\u00e9s du monde &#8211;\u00a0elles sont donc plus grandes que les okapis<\/span><\/li>\n<li><span id=\"gts_text_45\" class=\"gts_text\">Les plus grands ruminants du monde &#8211; donc\u00a0les plus grandes parmi presque 200 esp\u00e8ces de\u00a0ruminants<\/span><\/li>\n<li><span id=\"gts_text_46\" class=\"gts_text\">Les plus grands ongul\u00e9s \u00e0 nombre de doigts pair du monde &#8211; parmi presque 230 esp\u00e8ces,\u00a0\u00a0mais pas les plus lourds, puisqu&#8217;un <a title=\"Hippopotame\" href=\"http:\/\/www.big-animals.com\/fr\/hippopotame\/\">hippopotame<\/a> p\u00e8se \u00e0 peu pr\u00e8s autant qu&#8217;une girafe<\/span><\/li>\n<li><span id=\"gts_text_47\" class=\"gts_text\">Les plus grands\u00a0<a title=\"Les plus grands mammif\u00e8res du monde !\" href=\"http:\/\/www.big-animals.com\/fr\/les-plus-grands-mammiferes-du-monde\/\">mammif\u00e8res <\/a>du monde parmi 5400 esp\u00e8ces<\/span><\/li>\n<\/ul>\n<p><span id=\"gts_text_48\" class=\"gts_text\">mais aussi l&#8217;<a title=\"Les plus grands animaux du monde !\" href=\"http:\/\/www.big-animals.com\/fr\/le-monde-grand-animaux\/\">animal<\/a>\u00a0le plus grand vivant actuellement dans le monde.<\/span><\/p>\n<p><span id=\"gts_text_49\" class=\"gts_text\">Quand une girafe veut courir, elle peut aller\u00a0tr\u00e8s vite.<\/span> <span id=\"gts_text_50\" class=\"gts_text\">Gr\u00e2ce \u00e0 ses longues jambes, elle peut courir jusqu&#8217;\u00e0\u00a055 km\/h.<\/span> <span id=\"gts_text_51\" class=\"gts_text\">Lorsqu&#8217;ils courent, la plupart des animaux quadrup\u00e8des avancent leurs pattes avant droite et arri\u00e8re gauche en m\u00eame temps, puis leurs pattes avant gauche et arri\u00e8re droite en m\u00eame temps.<\/span>\u00a0En faisant comme cela, la girafe tr\u00e9bucherait s\u00fbrement ! Ainsi, elle utilise une technique diff\u00e9rente et avance ses deux pattes gauches puis ses deux pattes droites, faisant des pas de presque\u00a0<span id=\"gts_text_53\" class=\"gts_text\">5 m\u00e8tres de long.<\/span><\/p>\n<div style=\"text-align: center\">\n<figure id=\"attachment_1078\" aria-describedby=\"caption-attachment-1078\" style=\"width: 475px\" class=\"wp-caption aligncenter\"><a href=\"http:\/\/www.big-animals.com\/wp-content\/uploads\/2008\/12\/GiraffeHead.jpg\"><img loading=\"lazy\" decoding=\"async\" class=\"size-large wp-image-1078   \" title=\"Cette photographie de girafe est par le Hough de Cody de photographe du Michigan\" src=\"http:\/\/www.big-animals.com\/wp-content\/uploads\/2008\/12\/GiraffeHead-791x1024.jpg\" alt=\"Cette photographie de girafe est par le Hough de Cody de photographe du Michigan\" width=\"475\" height=\"614\" \/><\/a><figcaption id=\"caption-attachment-1078\" class=\"wp-caption-text\">Photographie de girafes par\u00a0Michigan Photographer Cody Hough<\/figcaption><\/figure>\n<\/div>\n","protected":false},"excerpt":{"rendered":"<p>La girafe est l&#8217;animal vivant le plus grand du monde &#8211; une girafe m\u00e2le mesure entre 4,50 m\u00e8tres et\u00a05,50 m\u00e8tres environ, mais la plus grande girafe jamais aper\u00e7ue mesurait 5,85 m\u00e8tres !\u00a0Les scientifiques donnent \u00e0 la girafe le nom de\u00a0Giraffa Camelopardus.\u00a0 Le mot \u00ab\u00a0girafe\u00a0\u00bb vient du mot arabe pour \u00ab\u00a0grand\u00a0\u00bb. Il y a longtemps, on &hellip; <a href=\"https:\/\/www.big-animals.com\/fr\/le-girafe-le-monde-grand-animal\/\" class=\"more-link\">Continue reading <span class=\"screen-reader-text\">La girafe &#8211; l&#8217;animal le plus grand du monde !<\/span><\/a><\/p>\n","protected":false},"author":1,"featured_media":0,"parent":0,"menu_order":0,"comment_status":"closed","ping_status":"open","template":"","meta":{"_acf_changed":false,"footnotes":""},"acf":[],"_links":{"self":[{"href":"https:\/\/www.big-animals.com\/fr\/wp-json\/wp\/v2\/pages\/70"}],"collection":[{"href":"https:\/\/www.big-animals.com\/fr\/wp-json\/wp\/v2\/pages"}],"about":[{"href":"https:\/\/www.big-animals.com\/fr\/wp-json\/wp\/v2\/types\/page"}],"author":[{"embeddable":true,"href":"https:\/\/www.big-animals.com\/fr\/wp-json\/wp\/v2\/users\/1"}],"replies":[{"embeddable":true,"href":"https:\/\/www.big-animals.com\/fr\/wp-json\/wp\/v2\/comments?post=70"}],"version-history":[{"count":5,"href":"https:\/\/www.big-animals.com\/fr\/wp-json\/wp\/v2\/pages\/70\/revisions"}],"predecessor-version":[{"id":502,"href":"https:\/\/www.big-animals.com\/fr\/wp-json\/wp\/v2\/pages\/70\/revisions\/502"}],"wp:attachment":[{"href":"https:\/\/www.big-animals.com\/fr\/wp-json\/wp\/v2\/media?parent=70"}],"curies":[{"name":"wp","href":"https:\/\/api.w.org\/{rel}","templated":true}]}}