{"id":71,"date":"2011-05-09T11:34:02","date_gmt":"2011-05-09T11:34:02","guid":{"rendered":""},"modified":"2014-01-27T12:39:14","modified_gmt":"2014-01-27T12:39:14","slug":"le-japonais-araignee-crabe-le-monde-grand-arthropode","status":"publish","type":"page","link":"https:\/\/www.big-animals.com\/fr\/les-plus-grands-arthropodes-du-monde\/le-monde-grand-crustaces\/le-japonais-araignee-crabe-le-monde-grand-arthropode\/","title":{"rendered":"Le crabe-araign\u00e9e g\u00e9ant du Japon"},"content":{"rendered":"<h3><span class=\"gts_text\" id=\"gts_text_1\">Qu&#8217;est-ce que\u00a0le crabe-araign\u00e9e Japon ?<\/span><\/h3>\n<p><span class=\"gts_text\" id=\"gts_text_2\">Le plus grand <a title=\"Les plus grands arthropodes du monde !\" href=\"http:\/\/www.big-animals.com\/fr\/les-plus-grands-arthropodes-du-monde\/\">arthropode<\/a> du monde est le crabe-araign\u00e9e g\u00e9ant du Japon.<\/span> <span class=\"gts_text\" id=\"gts_text_3\">Il s&#8217;appelle ainsi parce que ses longues jambes minces le font ressembler \u00e0 une araign\u00e9e !<\/span> <span class=\"gts_text\" id=\"gts_text_4\">En voici une image.<\/span><\/p>\n<div style=\"text-align: center\"><img loading=\"lazy\" decoding=\"async\" class=\" gts_attribute gts_attribute_1_alt\" style=\"width: 500px;height: 405px\" alt=\"Araign\u00e9e de mer japonaise dans le monde sous-marin de Singapour en \u00eele de Sentosa\" src=\"http:\/\/ba.dr-mikes-maths.com\/\/wp-content\/themes\/twentyten\/images\/ba\/japanese-spider-crab-in-singapore.jpg\" width=\"500\" height=\"405\" \/><br \/>\n<span class=\"gts_text\" id=\"gts_text_5\">Le crabe-araign\u00e9e\u00a0g\u00e9ant du Japon est le plus grand <a title=\"Les plus grands crustac\u00e9s du monde !\" href=\"http:\/\/www.big-animals.com\/fr\/le-monde-grand-crustaces\/\">crustac\u00e9<\/a> et le plus grand arthropode du monde.<\/span> <span class=\"gts_text\" id=\"gts_text_6\">Photo: Singapore Underwater World,\u00a0sur l&#8217;\u00eele de Sentosa.<\/span><\/div>\n<p><span class=\"gts_text\" id=\"gts_text_7\">Le crabe-araign\u00e9e g\u00e9ant du Japon peut peser jusqu&#8217;\u00e0 20kg (44 livres) et, une fois enti\u00e8rement \u00e9tir\u00e9e, peut mesurer 4 m\u00e8tres du bout d&#8217;une jambe \u00e0 l&#8217;autre !<\/span> <span class=\"gts_text\" id=\"gts_text_8\">Leur corps est petit compar\u00e9 \u00e0 leurs jambes, mais peut toujours la port\u00e9e 60 cm.<\/span> <span class=\"gts_text\" id=\"gts_text_9\">Ils ont 10 jambes &#8211; les deux jambes avant sont utilis\u00e9es comme griffes pour l&#8217;alimentation.<\/span> <span class=\"gts_text\" id=\"gts_text_10\">Bien que ce soit le plus grand <a title=\"Les plus grands crustac\u00e9s du monde !\" href=\"http:\/\/www.big-animals.com\/fr\/le-monde-grand-crustaces\/\">crustac\u00e9 du<\/a> monde, ce n&#8217;est pas le monde le plus lourd &#8211; le <a title=\"Le homard am\u00e9ricain \u2013 l\u2019arthropode le plus lourd du monde\" href=\"http:\/\/www.big-animals.com\/fr\/le-americain-homard-le-monde-lourd-arthropode\/\">homard am\u00e9ricain<\/a> p\u00e8se plus.<\/span><\/p>\n<h3><span class=\"gts_text\" id=\"gts_text_11\">O\u00f9 habite le crabe-araign\u00e9e g\u00e9ant du Japon ?<\/span><\/h3>\n<p><span class=\"gts_text\" id=\"gts_text_12\">On trouve des crabes-araign\u00e9es g\u00e9ants du Japon dans l&#8217;oc\u00e9an pacifique autour du Japon.<\/span> <span class=\"gts_text\" id=\"gts_text_13\">Ils passent la majeure partie de leur temps vivant sous l&#8217;eau &#8211; ils peuvent vivre dans l&#8217;eau jusqu&#8217;\u00e0 200 ou 300 m\u00e8tres de profondeur.\u00a0Ils<\/span> <span class=\"gts_text\" id=\"gts_text_14\">peut vivre jusqu&#8217;\u00e0 100 ann\u00e9es.<\/span> <span class=\"gts_text\" id=\"gts_text_15\">Ils ont le corps orange avec les taches blanches sur leurs jambes minces.<\/span> <span class=\"gts_text\" id=\"gts_text_16\">Leurs yeux sont situ\u00e9s sur l&#8217;avant, et deux \u00e9pines collent entre eux.<\/span> <span class=\"gts_text\" id=\"gts_text_17\">Pendant le printemps ils pondent des oeufs dans les eaux aussi peu profondes que 50 m\u00e8tres.<\/span> <span class=\"gts_text\" id=\"gts_text_18\">Ils mangent des plantes, des algues, et de petits poissons.<\/span> <span class=\"gts_text\" id=\"gts_text_19\">Leurs longues jambes les aident pour se d\u00e9placer rapidement pour attraper leur proie.<\/span><\/p>\n<h3><span class=\"gts_text\" id=\"gts_text_20\">Qu&#8217;est-ce qu&#8217;un crabe-araign\u00e9e\u00a0?<\/span><\/h3>\n<p><span class=\"gts_text\" id=\"gts_text_21\">Il y a environ 700 types de crabes-araign\u00e9es dans le monde &#8211; ils ont des coquilles avec un point \u00e0 l&#8217;avant, et ont souvent de longues jambes.<\/span> <span class=\"gts_text\" id=\"gts_text_22\">Ce sont environ 10% des esp\u00e8ces de savoir du crabe &#8211; les scientifiques les appellent<\/span> <span style=\"font-style: italic\"><span class=\"gts_text\" id=\"gts_text_23\">Brachyura<\/span><\/span><span class=\"gts_text\" id=\"gts_text_24\">, qui signifie \u00ab\u00a0la queue courte\u00a0\u00bb.<\/span> <span class=\"gts_text\" id=\"gts_text_25\">Les crabes sont des crustac\u00e9s avec seulement une queue courte ou aucune.<\/span> <span class=\"gts_text\" id=\"gts_text_26\">Les crabes sont group\u00e9s ainsi que les homards et la crevette dans un groupe appel\u00e9<\/span> <span style=\"font-style: italic\"><span class=\"gts_text\" id=\"gts_text_27\">D\u00e9capodes<\/span><\/span> <span class=\"gts_text\" id=\"gts_text_28\">(dix pieds), et de l&#8217;autre c\u00f4t\u00e9 dans un plus grand groupe de crustac\u00e9s avec environ 22000 esp\u00e8ces.<\/span> <span class=\"gts_text\" id=\"gts_text_29\">\u00c9tonnant, ce plus grand nom de groupes (<\/span><span style=\"font-style: italic\"><span class=\"gts_text\" id=\"gts_text_30\">Malacostrata<\/span><\/span><span class=\"gts_text\" id=\"gts_text_31\">) signifie r\u00e9ellement \u00ab\u00a0la coquille molle\u00a0\u00bb !<\/span> <span class=\"gts_text\" id=\"gts_text_32\">Malacostrata sont des crustac\u00e9s, et les crustac\u00e9s sont group\u00e9s comme des araign\u00e9es, des insectes, des mille-pattes et des scorpions dans un phylum appel\u00e9<\/span> <span style=\"font-style: italic\"><span class=\"gts_text\" id=\"gts_text_33\">Arthropodes<\/span><\/span><span class=\"gts_text\" id=\"gts_text_34\">.<\/span><\/p>\n<p><span class=\"gts_text\" id=\"gts_text_35\">Ainsi, le crabe-araign\u00e9e g\u00e9ant du Japon, aussi bien qu&#8217;\u00e9tant le plus grand arthropode du monde, est \u00e9galement<\/span><\/p>\n<ul>\n<li><span class=\"gts_text\" id=\"gts_text_36\">Le plus grand <a title=\"Les plus grands crustac\u00e9s du monde !\" href=\"http:\/\/www.big-animals.com\/fr\/le-monde-grand-crustaces\/\">crustac\u00e9<\/a> du monde,<\/span><\/li>\n<li><span class=\"gts_text\" id=\"gts_text_37\">Plus grand Malacostrata du monde,<\/span><\/li>\n<li><span class=\"gts_text\" id=\"gts_text_38\">Le plus grand d\u00e9capode du monde,<\/span><\/li>\n<li><span class=\"gts_text\" id=\"gts_text_39\">Le plus grand et le plus lourd crabe du monde, et<\/span><\/li>\n<li><span class=\"gts_text\" id=\"gts_text_40\">La plus grande et la plus lourde de mer araign\u00e9e du monde<\/span><\/li>\n<\/ul>\n<p><span class=\"gts_text\" id=\"gts_text_41\">Ce n&#8217;est pas l&#8217;arthropode, le crustac\u00e9 ou le d\u00e9capode le plus lourd &#8211; cet honneur va au homard am\u00e9ricain trapu, qui p\u00e8se 2 kilos de plus que le crabe-araign\u00e9e g\u00e9ant du Japon.<\/span><\/p>\n<h3><span class=\"gts_text\" id=\"gts_text_42\">Les crabes-araign\u00e9es g\u00e9ants du Japon et les \u00eatre humains<\/span><\/h3>\n<p><span class=\"gts_text\" id=\"gts_text_43\">Certaines personnes mangent des crabes-araign\u00e9es g\u00e9ants du Japon.<\/span> <span class=\"gts_text\" id=\"gts_text_44\">Ils sont consid\u00e9r\u00e9s une d\u00e9licatesse dans diverses r\u00e9gions du Japon, o\u00f9 elle est sal\u00e9e et cuite \u00e0 la vapeur.<\/span> <span class=\"gts_text\" id=\"gts_text_45\">Malheureusement, dans quelques pi\u00e8ces, les gens ont attrap\u00e9 un trop grand nombre, et le nombre de crabes-araign\u00e9es g\u00e9ants du Japon est en forte baisse.<\/span> <span class=\"gts_text\" id=\"gts_text_46\">Maintenant, il y a quelques efforts de prot\u00e9ger le crabe-araign\u00e9e g\u00e9ant du Japon pour qu&#8217;il ne s&#8217;\u00e9teigne pas compl\u00e8tement &#8211; par exemple, des p\u00eacheurs n&#8217;ont pas le droit d&#8217;en attraper pendant le ressort, quand ils pondent leurs oeufs.<\/span> <span class=\"gts_text\" id=\"gts_text_47\">Les crabes-araign\u00e9es g\u00e9ants du Japon sont tr\u00e8s doux et tr\u00e8s appr\u00e9ci\u00e9s dans de grands aquariums.<\/span><\/p>\n<p>&nbsp;<\/p>\n","protected":false},"excerpt":{"rendered":"<p>Qu&#8217;est-ce que\u00a0le crabe-araign\u00e9e Japon ? Le plus grand arthropode du monde est le crabe-araign\u00e9e g\u00e9ant du Japon. Il s&#8217;appelle ainsi parce que ses longues jambes minces le font ressembler \u00e0 une araign\u00e9e ! En voici une image. Le crabe-araign\u00e9e\u00a0g\u00e9ant du Japon est le plus grand crustac\u00e9 et le plus grand arthropode du monde. Photo: Singapore &hellip; <a href=\"https:\/\/www.big-animals.com\/fr\/les-plus-grands-arthropodes-du-monde\/le-monde-grand-crustaces\/le-japonais-araignee-crabe-le-monde-grand-arthropode\/\" class=\"more-link\">Continue reading <span class=\"screen-reader-text\">Le crabe-araign\u00e9e g\u00e9ant du Japon<\/span><\/a><\/p>\n","protected":false},"author":1,"featured_media":0,"parent":78,"menu_order":0,"comment_status":"closed","ping_status":"open","template":"","meta":{"_acf_changed":false,"footnotes":""},"acf":[],"_links":{"self":[{"href":"https:\/\/www.big-animals.com\/fr\/wp-json\/wp\/v2\/pages\/71"}],"collection":[{"href":"https:\/\/www.big-animals.com\/fr\/wp-json\/wp\/v2\/pages"}],"about":[{"href":"https:\/\/www.big-animals.com\/fr\/wp-json\/wp\/v2\/types\/page"}],"author":[{"embeddable":true,"href":"https:\/\/www.big-animals.com\/fr\/wp-json\/wp\/v2\/users\/1"}],"replies":[{"embeddable":true,"href":"https:\/\/www.big-animals.com\/fr\/wp-json\/wp\/v2\/comments?post=71"}],"version-history":[{"count":4,"href":"https:\/\/www.big-animals.com\/fr\/wp-json\/wp\/v2\/pages\/71\/revisions"}],"predecessor-version":[{"id":427,"href":"https:\/\/www.big-animals.com\/fr\/wp-json\/wp\/v2\/pages\/71\/revisions\/427"}],"up":[{"embeddable":true,"href":"https:\/\/www.big-animals.com\/fr\/wp-json\/wp\/v2\/pages\/78"}],"wp:attachment":[{"href":"https:\/\/www.big-animals.com\/fr\/wp-json\/wp\/v2\/media?parent=71"}],"curies":[{"name":"wp","href":"https:\/\/api.w.org\/{rel}","templated":true}]}}