{"id":72,"date":"2011-05-09T11:34:18","date_gmt":"2011-05-09T11:34:18","guid":{"rendered":""},"modified":"2011-05-09T11:34:18","modified_gmt":"2011-05-09T11:34:18","slug":"le-reticule-python","status":"publish","type":"page","link":"https:\/\/www.big-animals.com\/fr\/le-reticule-python\/","title":{"rendered":"Le python r\u00e9ticul\u00e9"},"content":{"rendered":"<p><span id=\"gts_text_1\" class=\"gts_text\">Le python r\u00e9ticul\u00e9 est le plus long <a href=\"http:\/\/www.big-animals.com\/snakes\/\">serpent du<\/a> monde, et le plus long <a href=\"http:\/\/www.big-animals.com\/the-worlds-biggest-reptiles\/\">reptile<\/a>.<\/span> <span id=\"gts_text_2\" class=\"gts_text\">Cependant, ce n&#8217;est pas le serpent le plus lourd du monde.<\/span> <span id=\"gts_text_3\" class=\"gts_text\">Le serpent le plus lourd au monde est anaconda.<\/span> <span id=\"gts_text_4\" class=\"gts_text\">Le python r\u00e9ticul\u00e9 adulte peut devenir plus de 8,7 m\u00e8tres (29 pieds) de long.<\/span> <span id=\"gts_text_5\" class=\"gts_text\">En moyenne ils deviennent environ 3-6 m\u00e8tres (10-20 pieds).<\/span> <span id=\"gts_text_6\" class=\"gts_text\">Ils sont tout \u00e0 fait minces et minces.<\/span><\/p>\n<figure id=\"attachment_466\" aria-describedby=\"caption-attachment-466\" style=\"width: 300px\" class=\"wp-caption alignleft\"><a href=\"http:\/\/www.big-animals.com\/wp-content\/uploads\/2011\/02\/ReticulatedPythonSingaporeZoo.jpg\"><img loading=\"lazy\" decoding=\"async\" class=\"size-medium wp-image-466\" title=\"Python r\u00e9ticul\u00e9 au zoo de Singapour\" src=\"http:\/\/www.big-animals.com\/wp-content\/uploads\/2011\/02\/ReticulatedPythonSingaporeZoo-300x217.jpg\" alt=\"Python r\u00e9ticul\u00e9 au zoo de Singapour\" width=\"300\" height=\"217\" \/><\/a><figcaption id=\"caption-attachment-466\" class=\"wp-caption-text\">Reticulated Python at Singapore Zoo<\/figcaption><\/figure>\n<p><span id=\"gts_text_7\" class=\"gts_text\"><em>Le r\u00e9seau<\/em> et lui <em>r\u00e9ticul\u00e9s de<\/em> moyens de mot se rapporte aux couleurs et aux mod\u00e8les sur ses \u00e9chelles.<\/span> <span id=\"gts_text_8\" class=\"gts_text\">Ces couleurs et mod\u00e8les permet au python r\u00e9ticul\u00e9 d&#8217;\u00eatre camoufl\u00e9 tr\u00e8s bien par les feuilles de la for\u00eat tropicale.<\/span> <span id=\"gts_text_9\" class=\"gts_text\">Ces mod\u00e8les sur les \u00e9chelles sont un mod\u00e8le g\u00e9om\u00e9trique compliqu\u00e9 avec diff\u00e9rentes couleurs.<\/span> <span id=\"gts_text_10\" class=\"gts_text\">Les couleurs peuvent inclure le brun brun clair, cr\u00e8me, jaune, fonc\u00e9 ou m\u00eame le noir.<\/span> <span id=\"gts_text_11\" class=\"gts_text\">La t\u00eate du python r\u00e9ticul\u00e9 est jaun\u00e2tre avec une ligne mince et fonc\u00e9e.<\/span> <span id=\"gts_text_12\" class=\"gts_text\">Leurs ventres sont jaunes ou blancs.<\/span><\/p>\n<p><span id=\"gts_text_13\" class=\"gts_text\">Ils ne sont pas venimeux, mais ils sont de grands <em>constricteurs<\/em>.<\/span> <span id=\"gts_text_14\" class=\"gts_text\">Ceci signifie qu&#8217;ils loveront \u00e9troitement autour de leur proie et la serreront jusqu&#8217;\u00e0 ce que la proie ne puisse pas respirer.<\/span> <span id=\"gts_text_15\" class=\"gts_text\">Dans le 21 janvier 2009 3 ans un gar\u00e7on \u00e0 Las Vegas a \u00e9t\u00e9 lov\u00e9 par le python r\u00e9ticul\u00e9 de 5,5 m\u00e8tres (18,5 pieds), jusqu&#8217;\u00e0 ce que le pauvre gar\u00e7on ait tourn\u00e9 le bleu.<\/span> <span id=\"gts_text_16\" class=\"gts_text\">Heureusement sa m\u00e8re parviennent \u00e0 le sauver en entaillant le python avec un couteau.<\/span> <span id=\"gts_text_17\" class=\"gts_text\">Sa m\u00e8re aidait r\u00e9ellement son ami \u00e0 garder les enfants le python !<\/span> <span id=\"gts_text_18\" class=\"gts_text\">Ne gardez jamais les enfants un python \u00e0 moins que vous sachiez le manipuler correctement !\u00a0Les pythons n&#8217;attaquent pas normalement des humains, mais ils resserreront toujours une main humaine s&#8217;ils la confondent avec la nourriture ou si l&#8217;humain les menace.<\/span><\/p>\n<p><span id=\"gts_text_19\" class=\"gts_text\">Les vies de python r\u00e9ticul\u00e9 dans les for\u00eats tropicales.<\/span> <span id=\"gts_text_20\" class=\"gts_text\">Ils aiment des rivi\u00e8res, des courants et des lacs.<\/span> <span id=\"gts_text_21\" class=\"gts_text\">Ils sont de grands nageurs.<\/span> <span id=\"gts_text_22\" class=\"gts_text\">Vous pouvez les d\u00e9couvrir lointains en mer ou m\u00eame sur de petites \u00eeles.<\/span> <span id=\"gts_text_23\" class=\"gts_text\">Elles peuvent \u00eatre trouv\u00e9es en Asie du Sud-Est \u00eele de Nicobar (pr\u00e8s de Sri Lanka), du Bangladesh, Myanmar, Tha\u00eflande, Laos, Cambodge, Vietnam, Malaisie, Singapour et sur beaucoup d&#8217;\u00eeles de l&#8217;Indon\u00e9sie et des Philippines.<\/span><\/p>\n<figure id=\"attachment_468\" aria-describedby=\"caption-attachment-468\" style=\"width: 300px\" class=\"wp-caption alignright\"><a href=\"http:\/\/www.big-animals.com\/wp-content\/uploads\/2011\/02\/Reticulated_Python_And_Human1.png\"><img loading=\"lazy\" decoding=\"async\" class=\"size-medium wp-image-468\" title=\"Python r\u00e9ticul\u00e9 et humain\" src=\"http:\/\/www.big-animals.com\/wp-content\/uploads\/2011\/02\/Reticulated_Python_And_Human1-300x224.png\" alt=\"Python r\u00e9ticul\u00e9 et humain\" width=\"300\" height=\"224\" \/><\/a><figcaption id=\"caption-attachment-468\" class=\"wp-caption-text\">Reticulated Python And Human<\/figcaption><\/figure>\n<p><span id=\"gts_text_24\" class=\"gts_text\">Ils se nourrissent des mammif\u00e8res et parfois ils chassent pour des oiseaux.<\/span> <span id=\"gts_text_25\" class=\"gts_text\">Ils sont des carnivores.<\/span> <span id=\"gts_text_26\" class=\"gts_text\">Les petits pythons r\u00e9ticul\u00e9s environ 3-4 m\u00e8tres (10-13 pieds) longtemps mangeront des rats et de plus grands pythons r\u00e9ticul\u00e9s attaqueront sur des porcs, canards, cerfs communs et rarement les humains peuvent faire partie de leur menu.<\/span> <span id=\"gts_text_27\" class=\"gts_text\">S&#8217;ils sont plus de 5 m\u00e8tre longtemps, ils ont la capacit\u00e9 de tuer et manger un humain.<\/span> <span id=\"gts_text_28\" class=\"gts_text\">Le python r\u00e9ticul\u00e9 peut avaler des animaux qui est plus grand que leurs propres t\u00eates parce que les os de leur cr\u00e2ne et de la m\u00e2choire inf\u00e9rieure sont l\u00e2chement joints ensemble par des ligaments.<\/span> <span id=\"gts_text_29\" class=\"gts_text\">Ceci permet la m\u00e2choire et les os \u00e0 ouvrir largement pendant que la proie est aval\u00e9e.<\/span> <span id=\"gts_text_30\" class=\"gts_text\">Leur peau peut \u00e9galement augmenter.<\/span> <span id=\"gts_text_31\" class=\"gts_text\">Ainsi, quand un python r\u00e9ticul\u00e9 avale un porc, vous pouvez voir un grand morceau dans son corps jusqu&#8217;\u00e0 ce que le porc soit dig\u00e9r\u00e9.<\/span> <span id=\"gts_text_32\" class=\"gts_text\">En bref, ces pythons r\u00e9ticul\u00e9s peuvent avaler une proie jusqu&#8217;\u00e0 1\/4 de leur propre longueur et aussi lourd qu&#8217;ils sont.<\/span><\/p>\n<p><span id=\"gts_text_33\" class=\"gts_text\">Un python r\u00e9ticul\u00e9 femelle s&#8217;\u00e9tend entre 15 \u00e0 80 oeufs.<\/span> <span id=\"gts_text_34\" class=\"gts_text\">La temp\u00e9rature optima d&#8217;incubation est 31C &#8211; 32C (88F-89.5F).<\/span> <span id=\"gts_text_35\" class=\"gts_text\">Elle lovera autour de ses oeufs et frisson, veillant que la temp\u00e9rature parfaite est maintenue.<\/span> <span id=\"gts_text_36\" class=\"gts_text\">Les oeufs prennent une moyenne de 88 jours \u00e0 la trappe.<\/span> <span id=\"gts_text_37\" class=\"gts_text\">Les jeunes pythons fendront l&#8217;oeuf en coupant une fente dans leur coquille d&#8217;oeuf avec leur dent d&#8217;oeufs.<\/span> <span id=\"gts_text_38\" class=\"gts_text\">Les hatchlings sont au moins de 60 centim\u00e8tres (2 pieds) de long.<\/span><\/p>\n<p><span id=\"gts_text_39\" class=\"gts_text\">Il y a une exigence accrue pour les pythons r\u00e9ticul\u00e9s parce que certaines certains aiment les garder car les animaux familiers, en outre, sa peau est tr\u00e8s populaire pour les produits en cuir comme des portefeuilles, ceintures et des bottes et elle est \u00e9galement chass\u00e9es pour sa viande.<\/span> <span id=\"gts_text_40\" class=\"gts_text\">Les gardiens du python r\u00e9ticul\u00e9 devraient avoir une exp\u00e9rience pr\u00e9c\u00e9dente manipuler ce grand serpent.<\/span> <span id=\"gts_text_41\" class=\"gts_text\">S&#8217;ils ne font pas attention, le python peut s&#8217;\u00e9chapper de sa cage et ceci apportera le danger au gardien, aux voisins et \u00e0 d&#8217;autres animaux familiers.<\/span><\/p>\n","protected":false},"excerpt":{"rendered":"<p>Le python r\u00e9ticul\u00e9 est le plus long serpent du monde, et le plus long reptile. Cependant, ce n&#8217;est pas le serpent le plus lourd du monde. Le serpent le plus lourd au monde est anaconda. Le python r\u00e9ticul\u00e9 adulte peut devenir plus de 8,7 m\u00e8tres (29 pieds) de long. En moyenne ils deviennent environ 3-6 &hellip; <a href=\"https:\/\/www.big-animals.com\/fr\/le-reticule-python\/\" class=\"more-link\">Continue reading <span class=\"screen-reader-text\">Le python r\u00e9ticul\u00e9<\/span><\/a><\/p>\n","protected":false},"author":1,"featured_media":0,"parent":0,"menu_order":0,"comment_status":"closed","ping_status":"open","template":"","meta":{"_acf_changed":false,"footnotes":""},"acf":[],"_links":{"self":[{"href":"https:\/\/www.big-animals.com\/fr\/wp-json\/wp\/v2\/pages\/72"}],"collection":[{"href":"https:\/\/www.big-animals.com\/fr\/wp-json\/wp\/v2\/pages"}],"about":[{"href":"https:\/\/www.big-animals.com\/fr\/wp-json\/wp\/v2\/types\/page"}],"author":[{"embeddable":true,"href":"https:\/\/www.big-animals.com\/fr\/wp-json\/wp\/v2\/users\/1"}],"replies":[{"embeddable":true,"href":"https:\/\/www.big-animals.com\/fr\/wp-json\/wp\/v2\/comments?post=72"}],"version-history":[{"count":0,"href":"https:\/\/www.big-animals.com\/fr\/wp-json\/wp\/v2\/pages\/72\/revisions"}],"wp:attachment":[{"href":"https:\/\/www.big-animals.com\/fr\/wp-json\/wp\/v2\/media?parent=72"}],"curies":[{"name":"wp","href":"https:\/\/api.w.org\/{rel}","templated":true}]}}