{"id":73,"date":"2011-05-09T11:34:29","date_gmt":"2011-05-09T11:34:29","guid":{"rendered":""},"modified":"2014-04-15T10:32:27","modified_gmt":"2014-04-15T10:32:27","slug":"le-autruche-le-monde-grand-oiseau","status":"publish","type":"page","link":"https:\/\/www.big-animals.com\/fr\/le-autruche-le-monde-grand-oiseau\/","title":{"rendered":"L&#8217;autruche &#8211; le plus grand oiseau du monde !"},"content":{"rendered":"<h3><span class=\"gts_text\" id=\"gts_text_1\">Combien mesure une autruche ?<\/span><\/h3>\n<p><span class=\"gts_text\" id=\"gts_text_2\">L&#8217;autruche africaine est le plus grand <a href=\"http:\/\/www.big-animals.com\/fr\/le-monde-grand-oiseaux\/\">oiseau<\/a>\u00a0du monde \u00e0 tous points de vue.<\/span> <span class=\"gts_text\" id=\"gts_text_3\">Les plus grandes autruches vivent en Afrique du nord et atteignent environ 2,75 m\u00e8tres (9 pieds) \u00e0 l&#8217;\u00e2ge adulte.<\/span> <span class=\"gts_text\" id=\"gts_text_4\">Elles peuvent peser plus de 150 kilogrammes (340 livres) ! <img decoding=\"async\" style=\"width: 389px;height: 417px\" title=\"un humain typique \u00e0 c\u00f4t\u00e9 d'une autruche typique\" alt=\"une image montrant aux parents des tailles d'un humain et d'une autruche\" src=\"http:\/\/ba.dr-mikes-maths.com\/\/wp-content\/themes\/twentyten\/images\/ba\/ostrich-and-human.png\" \/>\u00a0En plus d&#8217;\u00eatre les plus grands oiseaux, les autruches pondent \u00e9galement de plus grands oeufs que n&#8217;importe quel autre oiseau. En effet, un oeuf d&#8217;autruche \u00e0 lui seul peut peser autant que deux douzaines d&#8217;oeufs de poules!<\/span> <span class=\"gts_text\" id=\"gts_text_6\">L&#8217;image ci-dessus montre la taille d&#8217;une grande autruche par rapport \u00e0 un \u00eatre humain de corpulence moyenne.<\/span><\/p>\n<h3><span class=\"gts_text\" id=\"gts_text_7\">Quelques faits et mythes \u00e0 propos de l&#8217;autruche<\/span><\/h3>\n<p><span class=\"gts_text\" id=\"gts_text_8\">Les autruches datent au moins de la p\u00e9riode romaine &#8211; il serait difficile de manquer un si grand oiseau sur les plaines herbeuses d&#8217;Afrique, apr\u00e8s tout !<\/span> <span class=\"gts_text\" id=\"gts_text_9\">Elles ont longtemps \u00e9t\u00e9\u00a0chass\u00e9es pour leur viande et pour leurs plumes.<\/span> <span class=\"gts_text\" id=\"gts_text_10\">En fait, elles ont presque disparu au 18\u00e8me si\u00e8cle.<\/span> <span class=\"gts_text\" id=\"gts_text_11\">De nos jours, les produits \u00e0 base d&#8217;autruche tels que la viande d&#8217;autruche, le cuir d&#8217;autruche et les plumes d&#8217;autruche proviennent de fermes o\u00f9 celles-ci sont \u00e9lev\u00e9es. Les autruches sauvages, quant \u00e0 elles, sont en grande partie prot\u00e9g\u00e9es.<\/span><\/p>\n<p><span class=\"gts_text\" id=\"gts_text_12\">Les autruches ne plongent pas leur t\u00eate dans le sable quand elles sont effray\u00e9es.<\/span> <span class=\"gts_text\" id=\"gts_text_13\">En r\u00e9alit\u00e9, si elles ne peuvent pas s&#8217;enfuir, elles se couchent \u00e0 plat ventre, immobiles, et plaquent\u00a0<\/span><span class=\"gts_text\" id=\"gts_text_13\">leur cou et leur t\u00eate contre le sol.<\/span> <span class=\"gts_text\" id=\"gts_text_14\">Ainsi, de loin, elles semblent se fondre naturellement dans le paysage.<\/span> <span class=\"gts_text\" id=\"gts_text_15\">On sait \u00e9galement qu&#8217;elles consomment du sable et des galets, ce qui les aide peut-\u00eatre \u00e0 dig\u00e9rer leur nourriture.<\/span>\u00a0Il est aussi tout \u00e0 fait possible que quelqu&#8217;un ait, \u00e0 un moment donn\u00e9, aper\u00e7u une autruche se comportant ainsi et se soit tromp\u00e9.<\/p>\n<p><span class=\"gts_text\" id=\"gts_text_17\">Les autruches peuvent \u00e9galement courir tr\u00e8s rapidement, \u00e0 70km par heure (43 mile\/h), sur de courtes distances.<\/span> <span class=\"gts_text\" id=\"gts_text_18\">Elles sont plus rapides qu&#8217;un cheval !<\/span> <span class=\"gts_text\" id=\"gts_text_19\">Et elles peuvent maintenir une vitesse de 50 km par heure (30 mile\/h) pendant plus de 30 minutes si elles le doivent.<\/span> <span class=\"gts_text\" id=\"gts_text_20\">En conclusion, et en dernier recours, l&#8217;autruche dispose d&#8217;une longue serre au niveau de ses orteils avec laquelle elle peut donner un coup de pied assez puissant pour tuer un lion!<\/span><\/p>\n<p><img loading=\"lazy\" decoding=\"async\" title=\"autruche et poussin\" alt=\"autruche et poussin\" src=\"http:\/\/ba.dr-mikes-maths.com\/\/wp-content\/themes\/twentyten\/images\/ba\/ostrich_and_chick.jpg\" width=\"297\" height=\"404\" \/><br \/>\n<span style=\"float: left;text-align: center;font-size: 8px\"><span class=\"gts_text\" id=\"gts_text_21\">Une autruche et un poussin- photo prise par <\/span><span class=\"gts_text\" id=\"gts_text_21\">\u00ab\u00a0BMK\u00a0\u00bb<\/span>. \u00a0 \u00a0 \u00a0 \u00a0 \u00a0 \u00a0 \u00a0 \u00a0 \u00a0 \u00a0 \u00a0 \u00a0 \u00a0 \u00a0 \u00a0 \u00a0 \u00a0 \u00a0 \u00a0 \u00a0 \u00a0 \u00a0 \u00a0 \u00a0 \u00a0 \u00a0 \u00a0 \u00a0 \u00a0 \u00a0 \u00a0 \u00a0 \u00a0 \u00a0 \u00a0 \u00a0 \u00a0 \u00a0 \u00a0 \u00a0 \u00a0\u00a0<\/span><span class=\"gts_text\" id=\"gts_text_22\">Les scientifiques l&#8217;appellent le Struthio Camelus, ce qui signifie &#8220;autruche chameau&#8221;. Elle fut nomm\u00e9e ainsi par les pionniers de la science car sa fa\u00e7on de marcher rappelait celle du chameau.<\/span> <span class=\"gts_text\" id=\"gts_text_23\">Les autruches sont les seuls membres vivants de l&#8217;ordre des\u00a0<em>struthionid\u00e9s<\/em>.<\/span> <span class=\"gts_text\" id=\"gts_text_24\">Elles appartiennent \u00e9galement \u00e0 l&#8217;ordre des s<span style=\"font-style: italic\">truthioniformes<\/span>.\u00a0<\/span>L<span class=\"gts_text\" id=\"gts_text_25\">es oiseaux appartenant \u00e0 cette famille s&#8217;appellent \u00e9galement les <span style=\"font-style: italic\"><a title=\"Ratites\" href=\"http:\/\/www.big-animals.com\/fr\/ratites\/\">Ratites<\/a>. <\/span>Cette d\u00e9nomination\u00a0n&#8217;a rien \u00e0 voir avec les rats. Le mot\u00a0<span style=\"font-style: italic\">Ratite<\/span>\u00a0vient du mot latin d\u00e9signant un \u00ab\u00a0radeau\u00a0\u00bb.<\/span>\u00a0Le sternum des ratites\u00a0<span class=\"gts_text\" id=\"gts_text_26\">est plat, comme un radeau.<\/span> <span class=\"gts_text\" id=\"gts_text_27\">La plupart des oiseaux poss\u00e8dent un os particulier (le br\u00e9chet) qui d\u00e9passe de leur sternum et sur lequel s&#8217;ins\u00e8rent les muscles puissants de leurs ailes.<\/span><\/p>\n<p><span class=\"gts_text\" id=\"gts_text_28\">Ainsi, en plus d&#8217;\u00eatre le plus grand\u00a0<a href=\"http:\/\/www.big-animals.com\/fr\/le-monde-grand-oiseaux\/\">oiseau<\/a>\u00a0du monde, les autruches sont:<\/span><\/p>\n<ul>\n<li><span class=\"gts_text\" id=\"gts_text_29\">le plus grand ratite du monde<\/span><\/li>\n<li><span class=\"gts_text\" id=\"gts_text_30\">le plus grand (mais aussi le plus petit et l&#8217;unique) s<span style=\"font-style: italic\">truthionid\u00e9 <\/span>du monde.<\/span><\/li>\n<\/ul>\n<p><span class=\"gts_text\" id=\"gts_text_31\">L&#8217;autruche mange presque tout mais son alimentation est principalement compos\u00e9e d&#8217;herbe et de plantes et, \u00e0 l&#8217;occasion, d&#8217;insectes ou de l\u00e9zards.<\/span><\/p>\n<h3><span class=\"gts_text\" id=\"gts_text_32\">Les fermes o\u00f9 sont \u00e9lev\u00e9es les autruches<\/span><\/h3>\n<p><span class=\"gts_text\" id=\"gts_text_33\">Les autruches ne sont d\u00e9sormais plus chass\u00e9es.<\/span>\u00a0<span class=\"gts_text\" id=\"gts_text_34\">Au lieu de cela, elles sont \u00e9lev\u00e9es dans des fermes d&#8217;autruches ou dans des ranchs d&#8217;autruches.<\/span> <span class=\"gts_text\" id=\"gts_text_35\">Les autruches sont utiles pour leur viande, leurs plumes, leur peau et m\u00eame leurs coquilles d&#8217;oeuf !<\/span> <span class=\"gts_text\" id=\"gts_text_36\">Les fermes o\u00f9 sont \u00e9lev\u00e9es les autruches sont \u00e9galement une attraction touristique dans beaucoup d&#8217;endroits. J&#8217;ai d&#8217;ailleurs visit\u00e9 un parc d&#8217;autruches en Malaisie o\u00f9 les enfants pouvaient m\u00eame chevaucher les autruches!<\/span><\/p>\n<h3><span class=\"gts_text\" id=\"gts_text_37\">Les oeufs d&#8217;autruches<\/span><\/h3>\n<p><img loading=\"lazy\" decoding=\"async\" title=\"un oeuf d'autruche a rivalis\u00e9 avec l'oeuf d'un poulet\" alt=\"un oeuf d'autruche a rivalis\u00e9 avec l'oeuf d'un poulet\" src=\"http:\/\/ba.dr-mikes-maths.com\/\/wp-content\/themes\/twentyten\/images\/ba\/ostrichegg.jpg\" width=\"400\" height=\"300\" \/> <span style=\"float: right\">Les oeufs d&#8217;autruches sont \u00e9normes !<\/span> <span class=\"gts_text\" id=\"gts_text_39\">L&#8217;image \u00e0 gauche montre un oeuf d&#8217;autruche \u00e0 c\u00f4t\u00e9 d&#8217;un oeuf de poule.<\/span> <span class=\"gts_text\" id=\"gts_text_40\">La coquille de l&#8217;oeuf d&#8217;autruches est tr\u00e8s \u00e9paisse et r\u00e9sistante.<\/span> <span class=\"gts_text\" id=\"gts_text_41\">Elle doit \u00eatre r\u00e9sistante si un animal pesant un sixi\u00e8me de tonne vient se poser dessus !<\/span> <span class=\"gts_text\" id=\"gts_text_42\">La coquille d&#8217;oeuf des autruches est utilis\u00e9e en art. Par exemple, vous pouvez \u00a0acheter, parmi tant d&#8217;autres choses, des lampes sculpt\u00e9es dans des coquilles d&#8217;oeuf.<\/span> <span class=\"gts_text\" id=\"gts_text_43\">Vous pouvez voir beaucoup d&#8217;autres beaux exemples en lan\u00e7ant une <a href=\"https:\/\/www.google.fr\/search?hl=en&amp;site=imghp&amp;tbm=isch&amp;source=hp&amp;biw=1280&amp;bih=680&amp;q=art+coquille+oeuf+autruche&amp;oq=art+coquille+oeuf+autruche&amp;gs_l=img.3...531.7984.0.8105.36.10.5.21.26.1.399.1333.3j6j0j1.10.0....0...1ac.1.41.img..27.9.773.vP1lyvBuP0c#hl=en&amp;q=art+coquille+oeuf+autruche&amp;tbm=isch\" target=\"_blank\">recherche d&#8217;image sur google<\/a>.<\/span><\/p>\n<h3><span class=\"gts_text\" id=\"gts_text_44\">La viande d&#8217;autruche<\/span><\/h3>\n<p><span class=\"gts_text\" id=\"gts_text_45\">La viande d&#8217;autruche est de couleur rouge.<\/span>\u00a0Elle est \u00e9galement<span class=\"gts_text\" id=\"gts_text_46\">\u00a0tr\u00e8s saine. Elle est en effet pauvre en graisses et riche en min\u00e9raux tels que le fer et le calcium.<\/span> <span class=\"gts_text\" id=\"gts_text_47\">Si vous voulez la gouter, vous devriez m\u00eame pouvoir en acheter au supermarch\u00e9 !<\/span><\/p>\n<h3><span class=\"gts_text\" id=\"gts_text_48\">Les plumes d&#8217;autruche<\/span><\/h3>\n<p><span class=\"gts_text\" id=\"gts_text_49\">Les autruches perdent naturellement leurs plumes \u00e0 la m\u00eame p\u00e9riode chaque ann\u00e9e.<\/span> <span class=\"gts_text\" id=\"gts_text_50\">Les \u00e9leveurs d&#8217;autruches peuvent r\u00e9cup\u00e9rer leurs plumes sans faire de mal \u00e0 l&#8217;oiseau.<\/span> <span class=\"gts_text\" id=\"gts_text_51\">Les plumes d&#8217;autruches sont utilis\u00e9es pour confectionner des plumeaux de tr\u00e8s bonne qualit\u00e9.<\/span><\/p>\n<h3><span class=\"gts_text\" id=\"gts_text_52\">Le cuir d&#8217;autruche<\/span><\/h3>\n<p><span class=\"gts_text\" id=\"gts_text_53\">La peau d&#8217;autruche permet de fabriquer du cuir tr\u00e8s r\u00e9sistant qui peut \u00eatre transform\u00e9, entre autres, en portefeuilles, en sacs \u00e0 main, en bottes, en ceintures,&#8230;<\/span><\/p>\n<h3><span class=\"gts_text\" id=\"gts_text_54\">Les courses d&#8217;autruches<\/span><\/h3>\n<p><span class=\"gts_text\" id=\"gts_text_55\">Les courses d&#8217;autruche sont mal vues au jour d&#8217;aujourd&#8217;hui mais elles \u00e9taient tr\u00e8s populaires \u00e0 une \u00e9poque.<\/span> <span class=\"gts_text\" id=\"gts_text_56\">L&#8217;image ci-dessous montre une vieille carte postale sur laquelle une autruche tire la charrette d&#8217;un coureur.<\/span><\/p>\n<div style=\"text-align: center\"><img decoding=\"async\" title=\"Une vieille carte postale avec un coureur de chariot d'autruche\" alt=\"Une vieille carte postale avec un coureur de chariot d'autruche\" src=\"http:\/\/ba.dr-mikes-maths.com\/\/wp-content\/themes\/twentyten\/images\/ba\/ostrichcartjacksonville.jpg\" \/><\/div>\n","protected":false},"excerpt":{"rendered":"<p>Combien mesure une autruche ? L&#8217;autruche africaine est le plus grand oiseau\u00a0du monde \u00e0 tous points de vue. Les plus grandes autruches vivent en Afrique du nord et atteignent environ 2,75 m\u00e8tres (9 pieds) \u00e0 l&#8217;\u00e2ge adulte. Elles peuvent peser plus de 150 kilogrammes (340 livres) ! \u00a0En plus d&#8217;\u00eatre les plus grands oiseaux, les &hellip; <a href=\"https:\/\/www.big-animals.com\/fr\/le-autruche-le-monde-grand-oiseau\/\" class=\"more-link\">Continue reading <span class=\"screen-reader-text\">L&#8217;autruche &#8211; le plus grand oiseau du monde !<\/span><\/a><\/p>\n","protected":false},"author":1,"featured_media":0,"parent":0,"menu_order":0,"comment_status":"closed","ping_status":"open","template":"","meta":{"_acf_changed":false,"footnotes":""},"acf":[],"_links":{"self":[{"href":"https:\/\/www.big-animals.com\/fr\/wp-json\/wp\/v2\/pages\/73"}],"collection":[{"href":"https:\/\/www.big-animals.com\/fr\/wp-json\/wp\/v2\/pages"}],"about":[{"href":"https:\/\/www.big-animals.com\/fr\/wp-json\/wp\/v2\/types\/page"}],"author":[{"embeddable":true,"href":"https:\/\/www.big-animals.com\/fr\/wp-json\/wp\/v2\/users\/1"}],"replies":[{"embeddable":true,"href":"https:\/\/www.big-animals.com\/fr\/wp-json\/wp\/v2\/comments?post=73"}],"version-history":[{"count":4,"href":"https:\/\/www.big-animals.com\/fr\/wp-json\/wp\/v2\/pages\/73\/revisions"}],"predecessor-version":[{"id":460,"href":"https:\/\/www.big-animals.com\/fr\/wp-json\/wp\/v2\/pages\/73\/revisions\/460"}],"wp:attachment":[{"href":"https:\/\/www.big-animals.com\/fr\/wp-json\/wp\/v2\/media?parent=73"}],"curies":[{"name":"wp","href":"https:\/\/api.w.org\/{rel}","templated":true}]}}