{"id":78,"date":"2011-05-09T11:36:45","date_gmt":"2011-05-09T11:36:45","guid":{"rendered":""},"modified":"2014-01-27T12:42:44","modified_gmt":"2014-01-27T12:42:44","slug":"le-monde-grand-crustaces","status":"publish","type":"page","link":"https:\/\/www.big-animals.com\/fr\/les-plus-grands-arthropodes-du-monde\/le-monde-grand-crustaces\/","title":{"rendered":"Les plus grands crustac\u00e9s du monde !"},"content":{"rendered":"<p>&nbsp;<\/p>\n<p>&nbsp;<\/p>\n<p>&nbsp;<\/p>\n<h3><span class=\"gts_text\" id=\"gts_text_1\">Qu&#8217;est-ce qu&#8217;un crustac\u00e9 ?<\/span><\/h3>\n<p><span class=\"gts_text\" id=\"gts_text_2\">Le groupe des \u00ab\u00a0crustac\u00e9s\u00a0\u00bb inclut des animaux que nous connaissons bien.<\/span> <span class=\"gts_text\" id=\"gts_text_3\">Les crabes, les homards, les \u00e9crevisses, la crevette et les bernaches sont tous des crustac\u00e9s.<\/span> <span class=\"gts_text\" id=\"gts_text_4\">Tous les crustac\u00e9s appartiennent \u00e0 un plus grand groupe d&#8217;animaux, appel\u00e9 les\u00a0<a title=\"Les plus grands arthropodes du monde\" href=\"http:\/\/www.big-animals.com\/fr\/les-plus-grands-arthropodes-du-monde\/\">arthropodes<\/a>, qui inclut aussi les insectes, les araign\u00e9es et les scorpions.<\/span><\/p>\n<h3><span class=\"gts_text\" id=\"gts_text_5\">O\u00f9 habitent les crustac\u00e9s ?<\/span><\/h3>\n<p><span class=\"gts_text\" id=\"gts_text_6\">La plupart d&#8217;entre eux vit dans la mer ou en eau douce.<\/span> <span class=\"gts_text\" id=\"gts_text_7\">Certains peuvent vivre sur la terre, comme les bernard l&#8217;ermite qui vivent quelque fois comme animaux domestiques dans des aquarium !<\/span> <span class=\"gts_text\" id=\"gts_text_8\">Les crustac\u00e9s ont une coquille dure pour se prot\u00e9ger de leurs ennemis.<\/span> <span class=\"gts_text\" id=\"gts_text_9\">En g\u00e9n\u00e9ral, leur corps est divis\u00e9 en deux parties, la t\u00eate et l&#8217;abdomen.<\/span> <span class=\"gts_text\" id=\"gts_text_10\">Ils ont des antennes qu&#8217;ils utilisent pour sentir le monde autour de elles, trouver de\u00a0la nourriture ou \u00e9viter les dangers.<\/span> <span class=\"gts_text\" id=\"gts_text_11\">L&#8217;abdomen inclut le coeur, l&#8217;appareil digestif et l&#8217;appareil reproducteur.<\/span> <span class=\"gts_text\" id=\"gts_text_12\">Ils ont des jambes fortes pour ramper et nager.<\/span> <span class=\"gts_text\" id=\"gts_text_13\">Beaucoup de crustac\u00e9s utilisent\u00a0leurs griffes pour manger.<\/span><\/p>\n<h3><span class=\"gts_text\" id=\"gts_text_14\">Quels genres de crustac\u00e9s y a-t-il ?<\/span><\/h3>\n<figure style=\"width: 400px\" class=\"wp-caption alignright\"><img loading=\"lazy\" decoding=\"async\" style=\"width: 400px;height: 240px\" alt=\"araign\u00e9e de mer japonaise\" src=\"http:\/\/ba.dr-mikes-maths.com\/\/wp-content\/themes\/twentyten\/images\/ba\/japanese-spider-crab.jpg\" width=\"400\" height=\"221\" \/><figcaption class=\"wp-caption-text\">Le crabe-araign\u00e9e g\u00e9ant du Japon est le plus grand crustac\u00e9 et aussi le plus grand arthropode du monde<\/figcaption><\/figure>\n<p style=\"text-align: left\"><span class=\"gts_text\" id=\"gts_text_16\">Les scientifiques regroupent les crustac\u00e9s dans ce qu&#8217;ils appellent des \u00ab\u00a0classes\u00a0\u00bb.<\/span> <span class=\"gts_text\" id=\"gts_text_17\">Celles-ci sont les suivantes :<\/span><\/p>\n<ul>\n<li><span class=\"gts_text\" id=\"gts_text_18\">Il y a environ 900 types de <span style=\"font-style: italic\">Branchiopodes<\/span>.<\/span> <span class=\"gts_text\" id=\"gts_text_19\">Ceux-ci tendent \u00e0 \u00eatre tr\u00e8s petits et ressemblent \u00e0 de petites crevettes.<\/span> <span class=\"gts_text\" id=\"gts_text_20\">Ils peuvent survivre dans les environnements qui ne conviennent pas \u00e0\u00a0d&#8217;autres animaux, comme les lacs presque dess\u00e9ch\u00e9s.<\/span> <span class=\"gts_text\" id=\"gts_text_21\">Les \u00ab\u00a0Mer-Singes\u00a0\u00bb c\u00e9l\u00e8bres gard\u00e9s comme animaux familiers font partie des Branchiopodes.<\/span><\/li>\n<li><span class=\"gts_text\" id=\"gts_text_22\">Les 17 types de Remipedes sont sans visibilit\u00e9, et d\u00e9pensent leur natation de temps \u00e0 l&#8217;envers sur leurs dos au fond de la mer.<\/span> <span class=\"gts_text\" id=\"gts_text_23\">Ils ont une t\u00eate tr\u00e8s compliqu\u00e9e, avec un long tronc et des crocs.<\/span> <span class=\"gts_text\" id=\"gts_text_24\">Tr\u00e8s peu est connu au sujet de eux.<\/span><\/li>\n<li><span class=\"gts_text\" id=\"gts_text_25\">Les crevettes en fer \u00e0 cheval sont de petites cr\u00e9atures qui vivent dans la boue sur le fond sous-marin.<\/span> <span class=\"gts_text\" id=\"gts_text_26\">Ils mangent en se reposant et l&#8217;eau et boue toujours whooshing dans leurs bouches, esp\u00e9rant que quelque chose d\u00e9licieuse sera lav\u00e9e dedans.<\/span> <span class=\"gts_text\" id=\"gts_text_27\">Les scientifiques les appellent <span style=\"font-style: italic\">Cephalocarida<\/span>.<\/span><\/li>\n<li><span class=\"gts_text\" id=\"gts_text_28\"><span style=\"font-style: italic\">Le Maxillopodes<\/span> ont un petit corps et des jambes compar\u00e9s \u00e0 leur t\u00eate.<\/span> <span class=\"gts_text\" id=\"gts_text_29\">Les plus extr\u00eames sont les bernaches, qui se collent de mani\u00e8re permanente \u00e0 n&#8217;importe quelle surface sous-marine commode.<\/span><\/li>\n<li><span class=\"gts_text\" id=\"gts_text_30\">Il y a 13.000 esp\u00e8ces vivantes de crevettes de graine.<\/span> <span class=\"gts_text\" id=\"gts_text_31\">Ces crustac\u00e9s minuscules composent une partie de ce que nous appelons plancton et constituent l&#8217;essentiel de la nourriture pour beaucoup d&#8217;animaux marins.<\/span> <span class=\"gts_text\" id=\"gts_text_32\">D&#8217;autres vivent dessus, ou dans le fond sous-marin, ou m\u00eame dans le sol humide de for\u00eats !<\/span><\/li>\n<li><span class=\"gts_text\" id=\"gts_text_33\">Le dernier groupe (les scientifiques les appellent <em>Malacostraca<\/em>) contient tous les crustac\u00e9s les plus familiers (et tout le plus grand).<\/span> <span class=\"gts_text\" id=\"gts_text_34\">Il y a<\/span>\n<ul>\n<li><span class=\"gts_text\" id=\"gts_text_35\"><span style=\"font-style: italic\">Le Leptostraca<\/span> minuscule (le nom signifie \u00ab\u00a0la coquille mince\u00a0\u00bb) vivent dans le monde entier des oc\u00e9ans.<\/span><\/li>\n<li><span class=\"gts_text\" id=\"gts_text_36\">Les crevettes de mante ne sont pas des crevettes, mais ressemblent \u00e0 eux.<\/span> <span class=\"gts_text\" id=\"gts_text_37\">Il y a environ 400 esp\u00e8ces diff\u00e9rentes, le plus grand peut se d\u00e9velopper au-dessus d&#8217;un pied long (30 cm).<\/span> <span class=\"gts_text\" id=\"gts_text_38\">Ils ont les griffes tr\u00e8s puissantes, et s&#8217;appellent parfois des \u00ab\u00a0diviseurs de pouce\u00a0\u00bb ou les \u00ab\u00a0tueurs de crevette rose\u00a0\u00bb.<\/span><\/li>\n<li><span class=\"gts_text\" id=\"gts_text_39\">Les cloportes, les pillbugs, les crabes, les homards, les crevettes roses et la crevette tous appartiennent \u00e0 la troisi\u00e8me et finale sous-classe de Malacostraca.<\/span> <span class=\"gts_text\" id=\"gts_text_40\">Beaucoup de ces derniers sont mang\u00e9s par des humains.<\/span> <span class=\"gts_text\" id=\"gts_text_41\">Tous les plus grands crustac\u00e9s appartiennent \u00e0 ce groupe.<\/span><\/li>\n<\/ul>\n<\/li>\n<\/ul>\n<h3><span class=\"gts_text\" id=\"gts_text_42\">Quel est le plus grand crustac\u00e9 du monde ?<\/span><\/h3>\n<p><span class=\"gts_text\" id=\"gts_text_43\">Le plus grand crustac\u00e9 du monde est le <a title=\"L\u2019araign\u00e9e de mer japonaise\" href=\"http:\/\/www.big-animals.com\/fr\/le-japonais-araignee-crabe-le-monde-grand-arthropode\/\">crabe-araign\u00e9e g\u00e9ant du Japon<\/a>.<\/span> <span class=\"gts_text\" id=\"gts_text_44\">Il peut peser jusqu&#8217;\u00e0 20 kilos.<\/span> <span class=\"gts_text\" id=\"gts_text_45\">S&#8217;il \u00e9tire ses jambes, elles peuvent atteindre jusqu&#8217;\u00e0 4 m\u00e8tres d&#8217;une extr\u00e9mit\u00e9 \u00e0 l&#8217;autre !<\/span> <span class=\"gts_text\" id=\"gts_text_46\">Il obtient son nom parce que ses longues jambes rappellent des personnes une \u00e9norme araign\u00e9e.<\/span><\/p>\n<p><span class=\"gts_text\" id=\"gts_text_47\">Mais\u00a0le <a title=\"Le homard am\u00e9ricain \u2013 l\u2019arthropode le plus lourd du monde\" href=\"http:\/\/www.big-animals.com\/fr\/le-americain-homard-le-monde-lourd-arthropode\/\">homard am\u00e9ricain<\/a> (bien que plus petit) p\u00e8se plus que le crabe-araign\u00e9e g\u00e9ant du Japon.<\/span> <span class=\"gts_text\" id=\"gts_text_48\">Il peut entasser en vrac jusqu&#8217;\u00e0 p\u00e8se jusqu&#8217;\u00e0 22 kilos\u00a0et \u00e0 mesure presque 1,2 m\u00e8tres de long.<\/span><\/p>\n<p><span class=\"gts_text\" id=\"gts_text_49\">Le crabe-araign\u00e9e g\u00e9ant Japon et le homard am\u00e9ricain vivent en mer.\u00a0<a title=\"Les plus grands crustac\u00e9s du monde !\" href=\"http:\/\/www.big-animals.com\/fr\/le-monde-grand-crustaces\/\">Le crabe de cocotier<\/a>, <em>latro de Birgus<\/em>, n&#8217;est pas seulement le plus grand crustac\u00e9 terrestre, c&#8217;est le plus grand arthropode terrestre et le plus grand invert\u00e9br\u00e9 terrestre !<\/span> <span class=\"gts_text\" id=\"gts_text_50\">Il a un corps qui mesure jusqu&#8217;\u00e0 40 cm de long et p\u00e8se jusqu&#8217;\u00e0 4 kilos.<\/span> <span class=\"gts_text\" id=\"gts_text_51\">Ses jambes peuvent enjamber un m\u00e8tre.<\/span> <span class=\"gts_text\" id=\"gts_text_52\">Son nom vient de sa nourriture pr\u00e9f\u00e9r\u00e9e.<\/span><\/p>\n<p><span class=\"gts_text\" id=\"gts_text_53\">Le plus grand crustac\u00e9 d&#8217;eau douce est la crevette f\u00e9erique g\u00e9ante, <span style=\"font-style: italic\">gigas de Branchinecta<\/span> qui a une longueur du corps de 15 cm.<\/span> <span class=\"gts_text\" id=\"gts_text_54\">La plus grande bernache est la bernache de gland g\u00e9ante, <em>nubilis de Balanus<\/em>, qui atteind 7 cm de diam\u00e8tre et 12,7 cm de haut.<\/span> <span class=\"gts_text\" id=\"gts_text_55\">Le plus grand crustac\u00e9 qui habite dans une caverne est l&#8217;esp\u00e8ce du <span style=\"font-style: italic\">Godzillius robustus<\/span> :<\/span>\u00a0i<span class=\"gts_text\" id=\"gts_text_56\">l fait 4,5 cm de long.<\/span><\/p>\n","protected":false},"excerpt":{"rendered":"<p>&nbsp; &nbsp; &nbsp; Qu&#8217;est-ce qu&#8217;un crustac\u00e9 ? Le groupe des \u00ab\u00a0crustac\u00e9s\u00a0\u00bb inclut des animaux que nous connaissons bien. Les crabes, les homards, les \u00e9crevisses, la crevette et les bernaches sont tous des crustac\u00e9s. Tous les crustac\u00e9s appartiennent \u00e0 un plus grand groupe d&#8217;animaux, appel\u00e9 les\u00a0arthropodes, qui inclut aussi les insectes, les araign\u00e9es et les scorpions. &hellip; <a href=\"https:\/\/www.big-animals.com\/fr\/les-plus-grands-arthropodes-du-monde\/le-monde-grand-crustaces\/\" class=\"more-link\">Continue reading <span class=\"screen-reader-text\">Les plus grands crustac\u00e9s du monde !<\/span><\/a><\/p>\n","protected":false},"author":1,"featured_media":0,"parent":23,"menu_order":0,"comment_status":"closed","ping_status":"open","template":"","meta":{"_acf_changed":false,"footnotes":""},"acf":[],"_links":{"self":[{"href":"https:\/\/www.big-animals.com\/fr\/wp-json\/wp\/v2\/pages\/78"}],"collection":[{"href":"https:\/\/www.big-animals.com\/fr\/wp-json\/wp\/v2\/pages"}],"about":[{"href":"https:\/\/www.big-animals.com\/fr\/wp-json\/wp\/v2\/types\/page"}],"author":[{"embeddable":true,"href":"https:\/\/www.big-animals.com\/fr\/wp-json\/wp\/v2\/users\/1"}],"replies":[{"embeddable":true,"href":"https:\/\/www.big-animals.com\/fr\/wp-json\/wp\/v2\/comments?post=78"}],"version-history":[{"count":2,"href":"https:\/\/www.big-animals.com\/fr\/wp-json\/wp\/v2\/pages\/78\/revisions"}],"predecessor-version":[{"id":316,"href":"https:\/\/www.big-animals.com\/fr\/wp-json\/wp\/v2\/pages\/78\/revisions\/316"}],"up":[{"embeddable":true,"href":"https:\/\/www.big-animals.com\/fr\/wp-json\/wp\/v2\/pages\/23"}],"wp:attachment":[{"href":"https:\/\/www.big-animals.com\/fr\/wp-json\/wp\/v2\/media?parent=78"}],"curies":[{"name":"wp","href":"https:\/\/api.w.org\/{rel}","templated":true}]}}