{"id":79,"date":"2011-05-09T11:37:01","date_gmt":"2011-05-09T11:37:01","guid":{"rendered":""},"modified":"2014-06-22T15:06:54","modified_gmt":"2014-06-22T15:06:54","slug":"les-plus-grands-marsupiaux-du-monde","status":"publish","type":"page","link":"https:\/\/www.big-animals.com\/fr\/les-plus-grands-marsupiaux-du-monde\/","title":{"rendered":"Les plus grands marsupiaux du monde !"},"content":{"rendered":"<h3><span id=\"gts_text_1\" class=\"gts_text\">Quel est un marsupial ?<\/span><\/h3>\n<p><span id=\"gts_text_2\" class=\"gts_text\">Les marsupiaux sont un groupe sp\u00e9cial de <a href=\"\/Mammals.html\">mammif\u00e8res<\/a>.<\/span> <span id=\"gts_text_3\" class=\"gts_text\">Ils habitent en grande partie en Australie et l&#8217;Am\u00e9rique du Sud, et incluent des kangourous, des koala, des opossums et des opossums, et beaucoup d&#8217;autres.<\/span> <span id=\"gts_text_4\" class=\"gts_text\">Comme tous les mammif\u00e8res,<\/span><\/p>\n<ul>\n<li><span id=\"gts_text_5\" class=\"gts_text\">Les marsupiaux donnent le lait \u00e0 leurs b\u00e9b\u00e9s,<\/span><\/li>\n<li><span id=\"gts_text_6\" class=\"gts_text\">Les marsupiaux ont la peau et les cheveux,<\/span><\/li>\n<li><span id=\"gts_text_7\" class=\"gts_text\">Les marsupiaux gardent leur corps (plus ou moins) \u00e0 une temp\u00e9rature constante.<\/span><\/li>\n<\/ul>\n<p><span id=\"gts_text_8\" class=\"gts_text\">La diff\u00e9rence entre les marsupiaux et d&#8217;autres types de mammif\u00e8res est comment ils s&#8217;occupent de leurs b\u00e9b\u00e9s.<\/span> <span id=\"gts_text_9\" class=\"gts_text\">La plupart des mammif\u00e8res sont les mammif\u00e8res <span style=\"font-style: italic\">placentaires<\/span> &#8211; quand la m\u00e8re a des b\u00e9b\u00e9s \u00e0 l&#8217;int\u00e9rieur, elle \u00e9l\u00e8ve un <span style=\"font-style: italic\">placenta<\/span> pour aider son alimentation le b\u00e9b\u00e9 tandis qu&#8217;elle est toujours \u00e0 l&#8217;int\u00e9rieur de son corps.<\/span> <span id=\"gts_text_10\" class=\"gts_text\">En cons\u00e9quence, beaucoup de mammif\u00e8res de b\u00e9b\u00e9 ont grandi beaucoup m\u00eame avant qu&#8217;ils sont n\u00e9s &#8211; par exemple, la <a href=\"\/Giraffe.html\">girafe de<\/a> b\u00e9b\u00e9 peut marcher seulement quelques heures apr\u00e8s naissance.<\/span><\/p>\n<p><span id=\"gts_text_11\" class=\"gts_text\">Les marsupiaux sont diff\u00e9rents.<\/span> <span id=\"gts_text_12\" class=\"gts_text\">Quand un marsupial est n\u00e9, il fait sa mani\u00e8re imm\u00e9diatement \u00e0 la poche de sa m\u00e8re.<\/span> <span id=\"gts_text_13\" class=\"gts_text\">S&#8217;il n&#8217;y arrive pas, il ne survivra pas.<\/span> <span id=\"gts_text_14\" class=\"gts_text\">Il vit compl\u00e8tement \u00e0 l&#8217;int\u00e9rieur de la poche jusqu&#8217;\u00e0 ce qu&#8217;il soit pr\u00eat de faire face au monde ext\u00e9rieur &#8211; des semaines ou des mois plus tard.<\/span> <span id=\"gts_text_15\" class=\"gts_text\">Tous les marsupiaux ont une poche, pas simplement le kangourou.<\/span><\/p>\n<p><span id=\"gts_text_16\" class=\"gts_text\">Le troisi\u00e8me groupe de mammif\u00e8res, les Monotremes, oeufs r\u00e9ellement pondus !<\/span><\/p>\n<h3><span id=\"gts_text_17\" class=\"gts_text\">Quel est le plus grand marsupial du monde ?<\/span><\/h3>\n<p><span id=\"gts_text_18\" class=\"gts_text\">Le plus grand marsupial vivant du monde est le <a href=\"\/Red-Kangaroo.html\">kangourou rouge<\/a>, celui vit dans tous les d\u00e9serts de l&#8217;Australie.<\/span> <span id=\"gts_text_19\" class=\"gts_text\">En moyenne, les m\u00e2les deviennent 1,4 m\u00e8tres (4,6 pi) longtemps, et p\u00e8sent 85 kilogrammes (185 livres), les femelles \u00e0 1,1 m\u00e8tres (3,6 pi) &#8211; mais les grands peuvent \u00eatre plus de 50% plus grand que ceci !<\/span><\/p>\n<p><span id=\"gts_text_20\" class=\"gts_text\">Le plus grand toujours marsupial \u00e9tait une cr\u00e9ature comme un wombat \u00e9norme, tenant 6 pieds (2 m\u00e8tres) de grand, et pesant environ 2,5 tonnes.<\/span> <span id=\"gts_text_21\" class=\"gts_text\">Les scientifiques l&#8217;appellent aujourd&#8217;hui <a href=\"\/Diprotodon.html\"><span style=\"font-style: italic\">Diprotodon<\/span><\/a>, qui signifie \u00ab\u00a0deux dents avant\u00a0\u00bb.<\/span><\/p>\n<h3><span id=\"gts_text_22\" class=\"gts_text\">Quels genres de marsupiaux y a-t-il ?<\/span><\/h3>\n<p><span id=\"gts_text_23\" class=\"gts_text\">Il y a environ 334 types diff\u00e9rents de marsupial, group\u00e9s dans sept groupes appel\u00e9s les \u00ab\u00a0ordres\u00a0\u00bb (il y a encore deux ordres qui se sont compl\u00e8tement \u00e9teints et n&#8217;est pas plus).<\/span><\/p>\n<ul>\n<li><span id=\"gts_text_24\" class=\"gts_text\">L&#8217;Opossoms de l&#8217;Am\u00e9rique du Sud, appel\u00e9 <span style=\"font-style: italic\">Didelphimorphia<\/span>, vivent dans les arbres et mangent n&#8217;importe quoi.<\/span> <span id=\"gts_text_25\" class=\"gts_text\">Ils ont un syst\u00e8me immunitaire fort, et peuvent m\u00eame survivre \u00e0 la morsure d&#8217;un serpent \u00e0 sonnettes !<\/span> <span id=\"gts_text_26\" class=\"gts_text\">Ils ont \u00e9galement plus de dents que n&#8217;importe quel autre mammif\u00e8re de terre.<\/span><\/li>\n<li><span id=\"gts_text_27\" class=\"gts_text\">Les opossums de musaraigne, appel\u00e9s <span style=\"font-style: italic\">Paucituberculata<\/span>, habitent \u00e9galement en Am\u00e9rique du Sud.<\/span> <span id=\"gts_text_28\" class=\"gts_text\">Ils ressemblent \u00e0 de petits opossums.<\/span><\/li>\n<li><span id=\"gts_text_29\" class=\"gts_text\">Monito del Monte (qui veut dire <span style=\"font-style: italic\">peu de singe de montagne<\/span>) est le seul animal vivant dans l&#8217;ordre <span style=\"font-style: italic\">Microbiotheria<\/span>.<\/span> <span id=\"gts_text_30\" class=\"gts_text\">Il est au sujet de la taille d&#8217;une souris, mais avec un plus long, plus profond\u00e9ment, une queue plus utile et une t\u00eate en forme diff\u00e9rente.<\/span><\/li>\n<li><span id=\"gts_text_31\" class=\"gts_text\"><span style=\"font-style: italic\">Dasyuromorphia<\/span> veut dire \u00ab\u00a0la queue velue\u00a0\u00bb.<\/span> <span id=\"gts_text_32\" class=\"gts_text\">Ce groupe inclut beaucoup de marsupiaux carnivores d&#8217;Australie, y compris Quolls, Numbats, le tigre tasmanien \u00e9teint (ou le Thylacine), et le diable tasmanien mis en danger.<\/span><\/li>\n<li><span id=\"gts_text_33\" class=\"gts_text\">Il y a seulement deux esp\u00e8ces de <span style=\"font-style: italic\">Notoryctemorphia<\/span>, ou taupe marsupiale.<\/span> <span id=\"gts_text_34\" class=\"gts_text\">Il est tr\u00e8s difficile de les dire \u00e0 part.<\/span> <span id=\"gts_text_35\" class=\"gts_text\">Leurs poches font face vers l&#8217;arri\u00e8re, ainsi elles n&#8217;obtiennent pas remplies de sable pendant qu&#8217;elles creusent par les dunes de d\u00e9sert de l&#8217;Australie.<\/span><\/li>\n<li><span id=\"gts_text_36\" class=\"gts_text\">Le Bilby et les 19 types de Bandicoot appartiennent \u00e0 un groupe appel\u00e9 <span style=\"font-style: italic\">Peramelemorphia<\/span>.<\/span><\/li>\n<li><span id=\"gts_text_37\" class=\"gts_text\"><span style=\"font-style: italic\">Le Diprotodontia<\/span> contient tous les marsupiaux australiens les plus c\u00e9l\u00e8bres &#8211; les kangourous et les koala, aussi bien que wallaby, opossums et wombats.<\/span> <span id=\"gts_text_38\" class=\"gts_text\">Ils obtiennent leur nom des mots de gree pour \u00ab\u00a0deux dents avant\u00a0\u00bb.<\/span> <span id=\"gts_text_39\" class=\"gts_text\">Le plus grand marsupial du monde, le <a href=\"\/Red-Kangaroo.html\">kangourou rouge<\/a>, aussi bien que les plus grands toujours marsupiaux, le <a href=\"\/Diprotodon.html\"><span style=\"font-style: italic\">Diprotodon<\/span><\/a>, chacun des deux appartiennent \u00e0 cet ordre.<\/span><\/li>\n<\/ul>\n","protected":false},"excerpt":{"rendered":"<p>Quel est un marsupial ? Les marsupiaux sont un groupe sp\u00e9cial de mammif\u00e8res. Ils habitent en grande partie en Australie et l&#8217;Am\u00e9rique du Sud, et incluent des kangourous, des koala, des opossums et des opossums, et beaucoup d&#8217;autres. Comme tous les mammif\u00e8res, Les marsupiaux donnent le lait \u00e0 leurs b\u00e9b\u00e9s, Les marsupiaux ont la peau &hellip; <a href=\"https:\/\/www.big-animals.com\/fr\/les-plus-grands-marsupiaux-du-monde\/\" class=\"more-link\">Continue reading <span class=\"screen-reader-text\">Les plus grands marsupiaux du monde !<\/span><\/a><\/p>\n","protected":false},"author":1,"featured_media":0,"parent":0,"menu_order":0,"comment_status":"closed","ping_status":"open","template":"","meta":{"_acf_changed":false,"footnotes":""},"acf":[],"_links":{"self":[{"href":"https:\/\/www.big-animals.com\/fr\/wp-json\/wp\/v2\/pages\/79"}],"collection":[{"href":"https:\/\/www.big-animals.com\/fr\/wp-json\/wp\/v2\/pages"}],"about":[{"href":"https:\/\/www.big-animals.com\/fr\/wp-json\/wp\/v2\/types\/page"}],"author":[{"embeddable":true,"href":"https:\/\/www.big-animals.com\/fr\/wp-json\/wp\/v2\/users\/1"}],"replies":[{"embeddable":true,"href":"https:\/\/www.big-animals.com\/fr\/wp-json\/wp\/v2\/comments?post=79"}],"version-history":[{"count":1,"href":"https:\/\/www.big-animals.com\/fr\/wp-json\/wp\/v2\/pages\/79\/revisions"}],"predecessor-version":[{"id":471,"href":"https:\/\/www.big-animals.com\/fr\/wp-json\/wp\/v2\/pages\/79\/revisions\/471"}],"wp:attachment":[{"href":"https:\/\/www.big-animals.com\/fr\/wp-json\/wp\/v2\/media?parent=79"}],"curies":[{"name":"wp","href":"https:\/\/api.w.org\/{rel}","templated":true}]}}