{"id":80,"date":"2011-05-09T11:37:16","date_gmt":"2011-05-09T11:37:16","guid":{"rendered":""},"modified":"2014-01-10T22:02:04","modified_gmt":"2014-01-10T22:02:04","slug":"le-monde-grand-mollusques","status":"publish","type":"page","link":"https:\/\/www.big-animals.com\/fr\/le-monde-grand-mollusques\/","title":{"rendered":"Les plus grands mollusques du monde !"},"content":{"rendered":"<h3><span class=\"gts_text\" id=\"gts_text_1\">Qui sont les mollusques ?<\/span><\/h3>\n<p><span class=\"gts_text\" id=\"gts_text_2\">Les mollusques sont des <a title=\"Les plus grands animaux du monde !\" href=\"http:\/\/www.big-animals.com\/fr\/le-monde-grand-animaux\/\">animaux<\/a>.<\/span> <span class=\"gts_text\" id=\"gts_text_3\">Il y a environ 93.000 esp\u00e8ces de mollusques connues.<\/span> <span class=\"gts_text\" id=\"gts_text_4\">Les mollusques vivent en mer, en eau douce ou sur terre.\u00a0Les<\/span> <span class=\"gts_text\" id=\"gts_text_5\">mollusques vivent dans des environnements tr\u00e8s divers et il en existe aussi dans toutes sortes de tailles et de formes, et avec des comportements tr\u00e8s vari\u00e9s.<\/span> On les <span class=\"gts_text\" id=\"gts_text_6\">r\u00e9partit en dix classes, dont deux sont \u00a0aujourd&#8217;hui \u00e9teintes.<\/span><\/p>\n<p><span class=\"gts_text\" id=\"gts_text_7\">Le plus grand mollusque du monde est le <a title=\"Calmar colossal\" href=\"http:\/\/www.big-animals.com\/fr\/colossal-calmar\/\">calmar colossal<\/a>, qui a \u00e9t\u00e9 d\u00e9couvert tout r\u00e9cemment.<\/span> Auparavant, on pensait <span class=\"gts_text\" id=\"gts_text_8\">que le calmar g\u00e9ant \u00e9tait le plus grand mollusque du monde.<\/span><\/p>\n<h3><span class=\"gts_text\" id=\"gts_text_9\">Quels genres de mollusques y a-t-il ?<\/span><\/h3>\n<p><span class=\"gts_text\" id=\"gts_text_10\">Le plus grand groupe de mollusques est celui des <span style=\"font-style: italic\">gast\u00e9ropodes<\/span>, c&#8217;est-\u00e0-dire la famille des escargots et des limaces.<\/span> <span class=\"gts_text\" id=\"gts_text_11\">Certains escargots et limaces vivent sur terre, d&#8217;autres dans l&#8217;eau de mer ou en eau douce.<\/span> <span class=\"gts_text\" id=\"gts_text_12\">Cette classe repr\u00e9sente \u00e0 elle seule 80% de toutes les esp\u00e8ces de mollusques.<\/span> <span class=\"gts_text\" id=\"gts_text_13\">Les membres de la deuxi\u00e8me classe, mesur\u00e9e par son nombre d&#8217;esp\u00e8ces,\u00a0s&#8217;appellent les <span style=\"font-style: italic\">C\u00e9phalopodes<\/span>, et incluent les calmars, les poulpes et les seiches.<\/span> <span class=\"gts_text\" id=\"gts_text_14\">Le plus grand mollusque du monde est un c\u00e9phalopode, le <a title=\"Calmar colossal\" href=\"http:\/\/www.big-animals.com\/fr\/colossal-calmar\/\">calmar colossal<\/a>, qui est aussi le plus grand invert\u00e9br\u00e9 qui existe.<\/span> <span class=\"gts_text\" id=\"gts_text_15\">Il peut atteindre une taille de 12 \u00e0 14 m\u00e8tres.<\/span> <span class=\"gts_text\" id=\"gts_text_16\">C&#8217;est plus long qu&#8217;un autobus !\u00a0La troisi\u00e8me classe est celle des bivalves et comprend les palourdes, les hu\u00eetres, les festons et les moules.<\/span> <span class=\"gts_text\" id=\"gts_text_17\">Tous peuvent se transformer en plats d\u00e9licieux !<\/span> <span class=\"gts_text\" id=\"gts_text_18\">D&#8217;autres classes de mollusques incluent les \u00ab\u00a0coquilles de d\u00e9fense\u00a0\u00bb, qui ont une longue coquille incurv\u00e9e, et les chitons, dont les coquilles forment plusieurs plats, comme un costume d&#8217;armure.<\/span> <span class=\"gts_text\" id=\"gts_text_19\">Il y a \u00e9galement les monoplacophores, qui n&#8217;ont \u00e9t\u00e9 d\u00e9couverts qu&#8217;en 1952 ainsi que les caudofauveata et les aplacophores, qui s&#8217;enterrent dans la boue au fond des lacs et de la mer.<\/span><\/p>\n<h3><span class=\"gts_text\" id=\"gts_text_20\">Comment utilise-t-on les mollusques ?<\/span><\/h3>\n<p><span class=\"gts_text\" id=\"gts_text_21\">A part le fait qu&#8217;on peut manger certains mollusques, on obtient aussi des marchandises de luxe pr\u00e9cieuses de quelques mollusques, tels que des perles, le colorant de pourpre royal (qui est tr\u00e8s cher) et soie de mer qui est employ\u00e9e pour produire le tissu en soie fin.<\/span> <span class=\"gts_text\" id=\"gts_text_22\">Leurs coquilles ont \u00e9t\u00e9 employ\u00e9es comme argent dans quelques endroits dans le pass\u00e9.<\/span> <span class=\"gts_text\" id=\"gts_text_23\">D&#8217;autre part, quelques mollusques \u00e9galement un parasite pour nous.<\/span> <span class=\"gts_text\" id=\"gts_text_24\">Escargots et l\u00e9gumes d&#8217;attaque de lingots.<\/span> <span class=\"gts_text\" id=\"gts_text_25\">Une morsure du poulpe bleu-bagu\u00e9 ou d&#8217;une coquille de c\u00f4ne pourrait vous tuer \u00e0 moins que vous arriviez \u00e0 un h\u00f4pital !<\/span><\/p>\n<h3><span class=\"gts_text\" id=\"gts_text_26\">Le pied du mollusque<\/span><\/h3>\n<p><span class=\"gts_text\" id=\"gts_text_27\">Les mollusques ont un pied muscl\u00e9 sous le corps.<\/span> Selon l<span class=\"gts_text\" id=\"gts_text_28\">es mollusques, ce pied est utilis\u00e9 diff\u00e9remment.<\/span> <span class=\"gts_text\" id=\"gts_text_29\">Les escargots et les limaces se d\u00e9placent lentement sur leur pied.<\/span> <span class=\"gts_text\" id=\"gts_text_30\">Ils s\u00e9cr\u00e8tent du mucus pour s&#8217;aider pour coller \u00e0 la surface et pour glisser le long.<\/span> <span class=\"gts_text\" id=\"gts_text_31\">Les escargots sont capables de marcher sur une lame de rasoir sans se couper !\u00a0Chez les bivalves comme les palourdes, le pied sert \u00e0 creuser dans les s\u00e9diments.<\/span> <span class=\"gts_text\" id=\"gts_text_32\">La plus grande palourde au monde est le geoduck.<\/span> <span class=\"gts_text\" id=\"gts_text_33\">Quant aux c\u00e9phalopodes, ils utilisent leur pied pour se propulser par r\u00e9action et leurs bras et tentacules font en fait partie de leur pied.\u00a0Ils se propulsent en \u00e9jectant l&#8217;eau de leur corps.<\/span> <span class=\"gts_text\" id=\"gts_text_34\">Par exemple, les calmars \u00e9jectent de\u00a0l&#8217;eau d&#8217;une cavit\u00e9 de leur corps.<\/span> <span class=\"gts_text\" id=\"gts_text_35\">Les festons font quelque chose de similaire et peuvent voyager en jet le long en maintenant sa coquille soudainement ferm\u00e9e \u00e0 plusieurs reprises !<\/span><\/p>\n<p><span class=\"gts_text\" id=\"gts_text_36\">La plupart des mollusques ont seulement une paire d&#8217;ou\u00efes, ou m\u00eame seulement une ou\u00efe avec laquelle ils respirent.<\/span> <span class=\"gts_text\" id=\"gts_text_37\">L&#8217;ou\u00efe semble plumeuse.<\/span> Beaucoup de mollusques <span class=\"gts_text\" id=\"gts_text_38\">ont des bouches muscl\u00e9es avec des langues et des dents.<\/span> Ils utilisent leurs <span class=\"gts_text\" id=\"gts_text_39\">dents pour d\u00e9tacher les bact\u00e9ries et les algues des rochers.<\/span><\/p>\n<p>&nbsp;<\/p>\n","protected":false},"excerpt":{"rendered":"<p>Qui sont les mollusques ? Les mollusques sont des animaux. Il y a environ 93.000 esp\u00e8ces de mollusques connues. Les mollusques vivent en mer, en eau douce ou sur terre.\u00a0Les mollusques vivent dans des environnements tr\u00e8s divers et il en existe aussi dans toutes sortes de tailles et de formes, et avec des comportements tr\u00e8s &hellip; <a href=\"https:\/\/www.big-animals.com\/fr\/le-monde-grand-mollusques\/\" class=\"more-link\">Continue reading <span class=\"screen-reader-text\">Les plus grands mollusques du monde !<\/span><\/a><\/p>\n","protected":false},"author":1,"featured_media":0,"parent":0,"menu_order":0,"comment_status":"closed","ping_status":"open","template":"","meta":{"_acf_changed":false,"footnotes":""},"acf":[],"_links":{"self":[{"href":"https:\/\/www.big-animals.com\/fr\/wp-json\/wp\/v2\/pages\/80"}],"collection":[{"href":"https:\/\/www.big-animals.com\/fr\/wp-json\/wp\/v2\/pages"}],"about":[{"href":"https:\/\/www.big-animals.com\/fr\/wp-json\/wp\/v2\/types\/page"}],"author":[{"embeddable":true,"href":"https:\/\/www.big-animals.com\/fr\/wp-json\/wp\/v2\/users\/1"}],"replies":[{"embeddable":true,"href":"https:\/\/www.big-animals.com\/fr\/wp-json\/wp\/v2\/comments?post=80"}],"version-history":[{"count":2,"href":"https:\/\/www.big-animals.com\/fr\/wp-json\/wp\/v2\/pages\/80\/revisions"}],"predecessor-version":[{"id":257,"href":"https:\/\/www.big-animals.com\/fr\/wp-json\/wp\/v2\/pages\/80\/revisions\/257"}],"wp:attachment":[{"href":"https:\/\/www.big-animals.com\/fr\/wp-json\/wp\/v2\/media?parent=80"}],"curies":[{"name":"wp","href":"https:\/\/api.w.org\/{rel}","templated":true}]}}