{"id":82,"date":"2011-05-09T11:37:48","date_gmt":"2011-05-09T11:37:48","guid":{"rendered":""},"modified":"2016-04-08T10:59:21","modified_gmt":"2016-04-08T10:59:21","slug":"le-monde-grand-velours-vers","status":"publish","type":"page","link":"https:\/\/www.big-animals.com\/fr\/le-monde-grand-velours-vers\/","title":{"rendered":"Les plus grands p\u00e9ripates (ver de velours) du monde !"},"content":{"rendered":"<h3><span id=\"gts_text_1\" class=\"gts_text\">Qu&#8217;est-ce qu&#8217;un p\u00e9ripate\u00a0?<\/span><\/h3>\n<p><span id=\"gts_text_12\" class=\"gts_text\">Les p\u00e9ripates, ou Onycophora ou vers de velours (traduction litt\u00e9rale du nom anglais) ont des pattes qui ressemblent \u00e0 celles des chenilles. Chaque patte peut \u00eatre raccourcie et pli\u00e9e par des muscles internes. G\u00e9nial, non ?\u00a0Les p\u00e9ripates sont si diff\u00e9rents des autres cr\u00e9atures qu\u2019ils ont leur propre embranchement que les scientifiques appellent l\u2019embranchement des <em>Onychophora<\/em> (un embranchement est le plus grand groupe possible d\u2019<a href=\"http:\/\/www.big-animals.com\/fr\/le-monde-grand-animaux\/\" target=\"_blank\">animaux<\/a> similaires). Ils vivent en for\u00eat et sont tr\u00e8s color\u00e9s. En g\u00e9n\u00e9ral, ils ne font que 3 \u00e0 5 cm de long. Les p\u00e9ripates sont le seul embranchement dont aucune esp\u00e8ce ne vit dans l\u2019eau\u2009! Certains p\u00e9ripates\u00a0pondent des \u0153ufs, mais pas tous. Ils respirent par la surface de leur corps. Ils ont deux antennes. Quelques esp\u00e8ces de p\u00e9ripates\u00a0n\u2019ont qu\u2019un \u0153il. Il y a plus de 100 types diff\u00e9rents de p\u00e9ripates connus\u00a0et les scientifiques en d\u00e9couvrent sans cesse de nouveaux.<\/span><\/p>\n<div style=\"text-align: center\"><img decoding=\"async\" style=\"width: 600px;height: 228px\" src=\"http:\/\/ba.dr-mikes-maths.com\/\/wp-content\/themes\/twentyten\/images\/ba\/velvet-worm.jpg\" alt=\"Un ver de velours typique\" \/><br \/>\n<span id=\"gts_text_13\" class=\"gts_text\"><span style=\"font-weight: bold\">Un p\u00e9ripates typique. Photo:<\/span> <a href=\"http:\/\/www.flickr.com\/people\/12964067@N00\" target=\"_blank\" rel=\"nofollow\">Bruno Vellutini<\/a><\/span><\/div>\n<p>&nbsp;<\/p>\n<h3><span id=\"gts_text_1\" class=\"gts_text\">Quel est le plus grand p\u00e9ripate\u00a0?<\/span><\/h3>\n<p>Le plus grand p\u00e9ripate\u00a0appartient \u00e0 une esp\u00e8ce qui <a href=\"http:\/\/www.big-animals.com\/fr\/?p=11\" target=\"_blank\">pas de nom<\/a>\u2009! Il mesure jusqu\u2019\u00e0 22 cm de long et vit dans la jungle du Costa Rica. Les b\u00e9b\u00e9s de cette esp\u00e8ce sont plus grands que la plupart des adultes des autres esp\u00e8ces de p\u00e9ripates\u2009! Le p\u00e9ripate\u00a0g\u00e9ant ne pond pas d\u2019\u0153ufs.<\/p>\n<h3><span id=\"gts_text_1\" class=\"gts_text\">Que mangent les\u00a0p\u00e9ripates ?<\/span><\/h3>\n<p>Les p\u00e9ripates sont des chasseurs :\u00a0ils attaquent des insectes \u00e0 distance en crachant de la salive gluante pour les attraper. Ils peuvent cracher \u00e0 pr\u00e8s de 30 cm de distance\u2009! Ils ont des petites dents fines qu\u2019ils utilisent pour m\u00e2cher leur nourriture. M\u00eame s\u2019ils sont de petite taille, il ne faut pas les sous-estimer: m\u00e2cher un gros escargot ne leur fait pas peur\u2009!<\/p>\n<h3><span id=\"gts_text_1\" class=\"gts_text\">O\u00f9 habitent les p\u00e9ripates ?<\/span><\/h3>\n<p>Les p\u00e9ripates pr\u00e9f\u00e8rent les endroits sombres et humides. On en trouve dans les for\u00eats tropicales, et m\u00eame jusqu\u2019en Tasmanie. Deux esp\u00e8ces vivent dans des fissures de cavernes. Certaines personnes appr\u00e9cient m\u00eame les p\u00e9ripates comme animaux domestiques\u2009!<\/p>\n<p>&nbsp;<\/p>\n","protected":false},"excerpt":{"rendered":"<p>Qu&#8217;est-ce qu&#8217;un p\u00e9ripate\u00a0? Les p\u00e9ripates, ou Onycophora ou vers de velours (traduction litt\u00e9rale du nom anglais) ont des pattes qui ressemblent \u00e0 celles des chenilles. Chaque patte peut \u00eatre raccourcie et pli\u00e9e par des muscles internes. G\u00e9nial, non ?\u00a0Les p\u00e9ripates sont si diff\u00e9rents des autres cr\u00e9atures qu\u2019ils ont leur propre embranchement que les scientifiques appellent &hellip; <a href=\"https:\/\/www.big-animals.com\/fr\/le-monde-grand-velours-vers\/\" class=\"more-link\">Continue reading <span class=\"screen-reader-text\">Les plus grands p\u00e9ripates (ver de velours) du monde !<\/span><\/a><\/p>\n","protected":false},"author":1,"featured_media":0,"parent":0,"menu_order":0,"comment_status":"closed","ping_status":"open","template":"","meta":{"_acf_changed":false,"footnotes":""},"acf":[],"_links":{"self":[{"href":"https:\/\/www.big-animals.com\/fr\/wp-json\/wp\/v2\/pages\/82"}],"collection":[{"href":"https:\/\/www.big-animals.com\/fr\/wp-json\/wp\/v2\/pages"}],"about":[{"href":"https:\/\/www.big-animals.com\/fr\/wp-json\/wp\/v2\/types\/page"}],"author":[{"embeddable":true,"href":"https:\/\/www.big-animals.com\/fr\/wp-json\/wp\/v2\/users\/1"}],"replies":[{"embeddable":true,"href":"https:\/\/www.big-animals.com\/fr\/wp-json\/wp\/v2\/comments?post=82"}],"version-history":[{"count":11,"href":"https:\/\/www.big-animals.com\/fr\/wp-json\/wp\/v2\/pages\/82\/revisions"}],"predecessor-version":[{"id":576,"href":"https:\/\/www.big-animals.com\/fr\/wp-json\/wp\/v2\/pages\/82\/revisions\/576"}],"wp:attachment":[{"href":"https:\/\/www.big-animals.com\/fr\/wp-json\/wp\/v2\/media?parent=82"}],"curies":[{"name":"wp","href":"https:\/\/api.w.org\/{rel}","templated":true}]}}