{"id":83,"date":"2011-05-09T21:56:35","date_gmt":"2011-05-09T21:56:35","guid":{"rendered":""},"modified":"2014-01-16T14:41:06","modified_gmt":"2014-01-16T14:41:06","slug":"du-sud-elephant-joint","status":"publish","type":"page","link":"https:\/\/www.big-animals.com\/fr\/du-sud-elephant-joint\/","title":{"rendered":"L&#8217;\u00e9l\u00e9phant de mer du sud"},"content":{"rendered":"<p><span class=\"gts_text\" id=\"gts_text_1\">Les \u00e9l\u00e9phants de mer du sud sont les plus grands <a title=\"Les carnivores\" href=\"http:\/\/www.big-animals.com\/fr\/carnivore\/\">carnivores<\/a>\u00a0actuellement en vie.<\/span> <span class=\"gts_text\" id=\"gts_text_2\">Leur nom vient du fait qu&#8217;ils sont \u00e9normes et que leur m\u00e2les\u00a0ont un nez en forme de trompe.<\/span> <span class=\"gts_text\" id=\"gts_text_3\">Ils utilisent leur nez en forme de trompe pour pousser de forts hurlements.<\/span><\/p>\n<p><span class=\"gts_text\" id=\"gts_text_4\">Les \u00e9l\u00e9phants de mer du sud sont plus grands que les \u00e9l\u00e9phants de mer du nord.<\/span> <span class=\"gts_text\" id=\"gts_text_5\">Leur nez en forme de trompe est plus grand.<\/span> On trouve des<span class=\"gts_text\" id=\"gts_text_6\"> \u00e9l\u00e9phants de mer du nord au large de la Californie.<\/span> <span class=\"gts_text\" id=\"gts_text_7\">Ils vivent surtout sur des \u00eeles qui se trouvent au large des c\u00f4tes.<\/span> <span class=\"gts_text\" id=\"gts_text_8\">Les \u00e9l\u00e9phants de mer\u00a0du sud vivent surtout aux alentours de l&#8217;Antarctique.<\/span><\/p>\n<figure id=\"attachment_776\" aria-describedby=\"caption-attachment-776\" style=\"width: 300px\" class=\"wp-caption alignleft\"><a href=\"http:\/\/www.big-animals.com\/wp-content\/uploads\/2011\/03\/Southern_Elephant_Seal_And_Human.png\"><img loading=\"lazy\" decoding=\"async\" class=\"size-medium wp-image-776\" title=\"Phoque et humain d'\u00e9l\u00e9phant du sud\" alt=\"Phoque et humain d'\u00e9l\u00e9phant du sud\" src=\"http:\/\/www.big-animals.com\/wp-content\/uploads\/2011\/03\/Southern_Elephant_Seal_And_Human-300x177.png\" width=\"300\" height=\"177\" \/><\/a><figcaption id=\"caption-attachment-776\" class=\"wp-caption-text\">Un \u00e9l\u00e9phant de mer du Sud et un homme<\/figcaption><\/figure>\n<p><span class=\"gts_text\" id=\"gts_text_9\">Les \u00e9l\u00e9phants de mer\u00a0du sud m\u00e2les sont 5 \u00e0 6 fois plus\u00a0gros que les femelles.<\/span> <span class=\"gts_text\" id=\"gts_text_10\">Les femelles p\u00e8sent environ 400 \u00e0 900 kilos et font 2,6 \u00e0 3 m\u00e8tres de long.<\/span> <span class=\"gts_text\" id=\"gts_text_11\">Quant aux m\u00e2les, ils\u00a0p\u00e8sent entre 2.200 et 4.000 kilos et font 4,2 \u00e0 5 m\u00e8tres de long.<\/span> <span class=\"gts_text\" id=\"gts_text_12\">Les b\u00e9b\u00e9s p\u00e8sent environ 40 kilos \u00e0 la naissance et ne boivent en g\u00e9n\u00e9ral du lait maternel que pendant\u00a0trois semaines.<\/span> <span class=\"gts_text\" id=\"gts_text_13\">Pendant qu&#8217;elle allaite, la femelle ne mange pas, et son petit et elle vivent sur les r\u00e9serves stock\u00e9es dans sa couche de graisse \u00e9paisse.<\/span> <span class=\"gts_text\" id=\"gts_text_14\">Pendant ce je\u00fbne de presqu&#8217;un mois, la femelle perd beaucoup de poids !<\/span><\/p>\n<p><span class=\"gts_text\" id=\"gts_text_15\">Ils ont de grands yeux ronds et noirs.<\/span> <span class=\"gts_text\" id=\"gts_text_16\">Ces yeux sont importants pour la chasse.<\/span> L<span class=\"gts_text\" id=\"gts_text_17\">eurs membres post\u00e9rieurs leur servent de nageoires caudales.<\/span> <span class=\"gts_text\" id=\"gts_text_18\">Chaque membre a\u00a0cinq longs doigts palm\u00e9s.<\/span> <span class=\"gts_text\" id=\"gts_text_19\">Les nageoires lat\u00e9rales ne sont pas \u00eatre utiles pour la nage mais les \u00e9l\u00e9phants de mer les utilisent <\/span><span class=\"gts_text\" id=\"gts_text_20\">pour se d\u00e9placer sur la terre ferme.<\/span> <span class=\"gts_text\" id=\"gts_text_21\">Ils peuvent se d\u00e9placer assez rapidement, jusqu&#8217;\u00e0 8 kilom\u00e8tres \/ heure sur de courtes distances.<\/span> <span class=\"gts_text\" id=\"gts_text_22\">Bien qu&#8217;ils paraissent assez gauches quand ils se d\u00e9placent sur la terre ferme, leur vitesse de pointe les rend dangereux s&#8217;ils se sentent menac\u00e9s.<\/span><\/p>\n<p><span class=\"gts_text\" id=\"gts_text_23\">Les \u00e9l\u00e9phants de mer n&#8217;ont pas besoin de rester longtemps \u00e0 la surface de l&#8217;eau.<\/span> <span class=\"gts_text\" id=\"gts_text_24\">Ils n&#8217;ont besoin que de quelques minutes pour inspirer assez d&#8217;air pour la plong\u00e9e suivante.<\/span> <span class=\"gts_text\" id=\"gts_text_25\">Ils plongent fr\u00e9quemment, pour des dur\u00e9es qui varient entre 20 minutes et\u00a0deux heures, et chassent des proies comme les calmars et les poissons.<\/span> <span class=\"gts_text\" id=\"gts_text_26\">Ce sont les phoques qui sont capables de plonger le plus profond\u00e9ment.<\/span> <span class=\"gts_text\" id=\"gts_text_27\">Ils peuvent plonger jursqu&#8217;\u00e0 400 m\u00e8tres de profondeur.<\/span><\/p>\n<figure id=\"attachment_778\" aria-describedby=\"caption-attachment-778\" style=\"width: 300px\" class=\"wp-caption alignright\"><a href=\"http:\/\/www.big-animals.com\/wp-content\/uploads\/2011\/03\/Male_Southern_Elephant_Seal.jpg\"><img loading=\"lazy\" decoding=\"async\" class=\"size-medium wp-image-778\" title=\"Joint d'\u00e9l\u00e9phant du sud masculin - Photgraph par Bruno Navez\" alt=\"Joint d'\u00e9l\u00e9phant du sud masculin - Photgraph par Bruno Navez\" src=\"http:\/\/www.big-animals.com\/wp-content\/uploads\/2011\/03\/Male_Southern_Elephant_Seal-300x300.jpg\" width=\"300\" height=\"300\" \/><\/a><figcaption id=\"caption-attachment-778\" class=\"wp-caption-text\">Un \u00e9l\u00e9phant de mer du\u00a0sud m\u00e2le\u00a0&#8211; Photo : Bruno Navez<\/figcaption><\/figure>\n<p><span class=\"gts_text\" id=\"gts_text_28\">Leur corps est en forme de torpille, ce qui en fait d&#8217;excellents nageurs.<\/span> <span class=\"gts_text\" id=\"gts_text_29\">Qui plus est, leur corps peut stocker beaucoup de sang, dans lequel ils transportent\u00a0de l&#8217;oxyg\u00e8ne.<\/span> <span class=\"gts_text\" id=\"gts_text_30\">Ils ont m\u00eame des zones de stockage de sang suppl\u00e9mentaires dans le corps !<\/span> <span class=\"gts_text\" id=\"gts_text_31\">Tout cela les aide \u00e0 \u00eatre des champions de plong\u00e9e :\u00a0ils peuvent inspirer et puis garder leur souffle pendant tr\u00e8s longtemps.<\/span><\/p>\n<p><span class=\"gts_text\" id=\"gts_text_32\">Dans les oc\u00e9ans, les \u00e9l\u00e9phants de mer vivent seuls.<\/span> <span class=\"gts_text\" id=\"gts_text_33\">La plupart des femelles plongent presque jusqu&#8217;au fond de la mer.<\/span> Quant aux <span class=\"gts_text\" id=\"gts_text_34\">m\u00e2les, non seulement ils plongent jusqu&#8217;au fond de la mer, mais ils plongent jusqu&#8217;au fond des parties les plus profondes de la mer !<\/span> <span class=\"gts_text\" id=\"gts_text_35\">Ils\u00a0retournent sur le\u00a0m\u00eame terrain de chasse\u00a0tous les ans.<\/span> <span class=\"gts_text\" id=\"gts_text_36\">Pour s&#8217;alimenter, leur zone de pr\u00e9dilection est au bord de l&#8217;Antarctique.<\/span> <span class=\"gts_text\" id=\"gts_text_37\">Quand ils chassent dans les oc\u00e9ans sombres, les \u00e9l\u00e9phants de mer rep\u00e8rent et capturent facilement les animaux qui \u00e9mettent de la lumi\u00e8re.<\/span> <span class=\"gts_text\" id=\"gts_text_38\">Ils sont sensibles aux vibrations.<\/span> <span class=\"gts_text\" id=\"gts_text_39\">Cette sensibilit\u00e9 les aide aussi pour la chasse.<\/span> <span class=\"gts_text\" id=\"gts_text_40\">Leur pr\u00e9dateur principal est l&#8217;orque (ou \u00e9paulard).<\/span><\/p>\n<p><span class=\"gts_text\" id=\"gts_text_41\">Les \u00e9l\u00e9phants de\u00a0mer\u00a0peuvent rester\u00a0longtemps sur la terre ferme.<\/span> <span class=\"gts_text\" id=\"gts_text_42\">Ils peuvent rester au sec pendant plusieurs semaines tous les ans.<\/span> <span class=\"gts_text\" id=\"gts_text_43\">Les \u00e9l\u00e9phant de mer m\u00e2les d\u00e9fendent leur territoire.<\/span> <span class=\"gts_text\" id=\"gts_text_44\">Il y a parfois des batailles violentes entre les m\u00e2les mais ils en meurent rarement.<\/span> Quand ils <span class=\"gts_text\" id=\"gts_text_45\">d\u00e9fendent leur territoire, ils restent \u00e0 jeun pendant des mois, parfois jusqu&#8217;\u00e0\u00a0trois mois.<\/span> <span class=\"gts_text\" id=\"gts_text_46\">Ils vivent sur les r\u00e9serves stock\u00e9es dans leur graisse corporelle.<\/span> <span class=\"gts_text\" id=\"gts_text_47\">Le m\u00e2le qui perd la bataille\u00a0se sauve avec des coupures et des blessures graves.<\/span><\/p>\n<p><span class=\"gts_text\" id=\"gts_text_48\">Les \u00e9l\u00e9phants de mer du sud m\u00e2les hurlent en toussant tr\u00e8s fort pour impressioner les autres.<\/span> <span class=\"gts_text\" id=\"gts_text_49\">Des combats entre m\u00e2les sont souvent r\u00e9solus par le langage corporel et les hurlements plut\u00f4t qu&#8217;avec des coups de trompes et de dents.<\/span><\/p>\n<p><span class=\"gts_text\" id=\"gts_text_50\">Les b\u00e9b\u00e9s \u00e9l\u00e9phants de mer sevr\u00e9s restent ensemble jusqu&#8217;\u00e0 ce qu&#8217;ils perdent la fourrure avec laquelle ils \u00e9taient n\u00e9s.<\/span> <span class=\"gts_text\" id=\"gts_text_51\">Ce pelage noir n&#8217;est pas appropri\u00e9 pour nager mais il leur tient chaud quand il fait tr\u00e8s froid.<\/span> <span class=\"gts_text\" id=\"gts_text_52\">Apr\u00e8s avoir perdu leur pelage de naissance, leur fourrure devient grise ou brune, selon l&#8217;\u00e9paisseur et l&#8217;humidit\u00e9 des poils.<\/span> La peau d<span class=\"gts_text\" id=\"gts_text_53\">es vieux \u00e9l\u00e9phants de mer m\u00e2les ressemble \u00e0 du cuir \u00e9pais et porte souvent des traces de batailles.<\/span><\/p>\n<figure id=\"attachment_777\" aria-describedby=\"caption-attachment-777\" style=\"width: 300px\" class=\"wp-caption aligncenter\"><a href=\"http:\/\/www.big-animals.com\/wp-content\/uploads\/2011\/03\/Baby_Southern_Elephant_Seal.jpg\"><img loading=\"lazy\" decoding=\"async\" class=\"size-medium wp-image-777\" title=\"Joint d'\u00e9l\u00e9phant du sud de b\u00e9b\u00e9 - photographie par la serge Ouach\u00e9e\" alt=\"Joint d'\u00e9l\u00e9phant du sud de b\u00e9b\u00e9 - photographie par la serge Ouach\u00e9e\" src=\"http:\/\/www.big-animals.com\/wp-content\/uploads\/2011\/03\/Baby_Southern_Elephant_Seal-300x206.jpg\" width=\"300\" height=\"206\" \/><\/a><figcaption id=\"caption-attachment-777\" class=\"wp-caption-text\">B\u00e9b\u00e9 \u00e9l\u00e9phant de mer du sud &#8211; Photo : Serge Ouach\u00e9e<\/figcaption><\/figure>\n<p><span class=\"gts_text\" id=\"gts_text_54\">Il y longtemps, les \u00e9l\u00e9phants de\u00a0mer\u00a0\u00e9taient chass\u00e9s pour leur huile, ce qui fait que l<\/span>eur esp\u00e8ce <span class=\"gts_text\" id=\"gts_text_55\">a presque disparu au 19\u00e8me si\u00e8cle.<\/span> <span class=\"gts_text\" id=\"gts_text_56\">Heureusement, des lois ont \u00e9t\u00e9 pass\u00e9es pour les prot\u00e9ger pour pr\u00e9server leurs sites de reproduction, et ces efforts \u00e9vitent que la survie des \u00e9l\u00e9phants de mer du sud ne soit \u00e0 nouveau mis en danger.<\/span><\/p>\n<p><span class=\"gts_text\" id=\"gts_text_57\">\u00a0<\/span><\/p>\n","protected":false},"excerpt":{"rendered":"<p>Les \u00e9l\u00e9phants de mer du sud sont les plus grands carnivores\u00a0actuellement en vie. Leur nom vient du fait qu&#8217;ils sont \u00e9normes et que leur m\u00e2les\u00a0ont un nez en forme de trompe. Ils utilisent leur nez en forme de trompe pour pousser de forts hurlements. Les \u00e9l\u00e9phants de mer du sud sont plus grands que les &hellip; <a href=\"https:\/\/www.big-animals.com\/fr\/du-sud-elephant-joint\/\" class=\"more-link\">Continue reading <span class=\"screen-reader-text\">L&#8217;\u00e9l\u00e9phant de mer du sud<\/span><\/a><\/p>\n","protected":false},"author":1,"featured_media":0,"parent":0,"menu_order":0,"comment_status":"closed","ping_status":"open","template":"","meta":{"_acf_changed":false,"footnotes":""},"acf":[],"_links":{"self":[{"href":"https:\/\/www.big-animals.com\/fr\/wp-json\/wp\/v2\/pages\/83"}],"collection":[{"href":"https:\/\/www.big-animals.com\/fr\/wp-json\/wp\/v2\/pages"}],"about":[{"href":"https:\/\/www.big-animals.com\/fr\/wp-json\/wp\/v2\/types\/page"}],"author":[{"embeddable":true,"href":"https:\/\/www.big-animals.com\/fr\/wp-json\/wp\/v2\/users\/1"}],"replies":[{"embeddable":true,"href":"https:\/\/www.big-animals.com\/fr\/wp-json\/wp\/v2\/comments?post=83"}],"version-history":[{"count":4,"href":"https:\/\/www.big-animals.com\/fr\/wp-json\/wp\/v2\/pages\/83\/revisions"}],"predecessor-version":[{"id":348,"href":"https:\/\/www.big-animals.com\/fr\/wp-json\/wp\/v2\/pages\/83\/revisions\/348"}],"wp:attachment":[{"href":"https:\/\/www.big-animals.com\/fr\/wp-json\/wp\/v2\/media?parent=83"}],"curies":[{"name":"wp","href":"https:\/\/api.w.org\/{rel}","templated":true}]}}