{"id":84,"date":"2011-05-13T09:19:26","date_gmt":"2011-05-13T09:19:26","guid":{"rendered":""},"modified":"2011-05-13T09:19:26","modified_gmt":"2011-05-13T09:19:26","slug":"alaphant-oiseau-2","status":"publish","type":"page","link":"https:\/\/www.big-animals.com\/fr\/alaphant-oiseau-2\/","title":{"rendered":"Oiseau-El\u00e9phant"},"content":{"rendered":"<figure id=\"attachment_1116\" aria-describedby=\"caption-attachment-1116\" style=\"width: 283px\" class=\"wp-caption alignleft\"><a href=\"http:\/\/www.big-animals.com\/wp-content\/uploads\/2011\/05\/Elephant_Bird_And_Human.png\"><img loading=\"lazy\" decoding=\"async\" class=\"size-medium wp-image-1116 gts_attribute gts_attribute_1_alt gts_attribute_2_title\" title=\"Oiseau-\u00e9l\u00e9phant et humain\" src=\"http:\/\/www.big-animals.com\/wp-content\/uploads\/2011\/05\/Elephant_Bird_And_Human-283x300.png\" alt=\"Oiseau-\u00e9l\u00e9phant et humain\" width=\"283\" height=\"300\" \/><\/a><figcaption id=\"caption-attachment-1116\" class=\"wp-caption-text\">Elephant Bird And Human<\/figcaption><\/figure>\n<p><span id=\"gts_text_1\" class=\"gts_text\">\u00a0<\/span><\/p>\n<p><span id=\"gts_text_2\" class=\"gts_text\">\u00a0<\/span><\/p>\n<p><span id=\"gts_text_3\" class=\"gts_text\">\u00a0<\/span><\/p>\n<p><span id=\"gts_text_4\" class=\"gts_text\">\u00a0<\/span><\/p>\n<p><span id=\"gts_text_5\" class=\"gts_text\">\u00a0<\/span><\/p>\n<p><span id=\"gts_text_6\" class=\"gts_text\">\u00a0<\/span><\/p>\n<p><span id=\"gts_text_7\" class=\"gts_text\">\u00a0<\/span><\/p>\n<p><span id=\"gts_text_8\" class=\"gts_text\">\u00a0<\/span><\/p>\n<p><span id=\"gts_text_9\" class=\"gts_text\">\u00a0<\/span><\/p>\n<p><span id=\"gts_text_10\" class=\"gts_text\">\u00a0<\/span><\/p>\n<p><span id=\"gts_text_11\" class=\"gts_text\">\u00a0<\/span><\/p>\n<p><span id=\"gts_text_12\" class=\"gts_text\">\u00a0<\/span><\/p>\n<p><span id=\"gts_text_13\" class=\"gts_text\">L&apos;oiseau-\u00e9l\u00e9phant \u00e9tait l&apos;oiseau le plus lourd qui ait jamais v\u00e9cu.<\/span> <span id=\"gts_text_14\" class=\"gts_text\">C&apos;\u00e9tait un ratite, un oiseau incapable de voler.<\/span> <span id=\"gts_text_15\" class=\"gts_text\">Par cons\u00e9quent les os de ses seins n&apos;avait pas de br\u00e9chet.<\/span> <span id=\"gts_text_16\" class=\"gts_text\">Il \u00e9tait apparent\u00e9 \u00e0 l&apos;autruche et \u00e0 l&apos;\u00e9meu.<\/span> <span id=\"gts_text_17\" class=\"gts_text\">Les oiseaux-\u00e9l\u00e9phants ressemblaient aux autruches.<\/span> <span id=\"gts_text_18\" class=\"gts_text\">Ils avaient une petite t\u00eate,de tr\u00e8s petites ailes, de longues jambes puissantes, des griffes pointues et un long cou puissant.<\/span> <span id=\"gts_text_19\" class=\"gts_text\">Leur corps \u00e9tait couvert de plumes \u00e0 l&apos;apparence de cheveux, comme celles de l&apos;\u00e9meu, et leur bec ressemblait \u00e0 un fer de lance plat.<\/span> <span id=\"gts_text_20\" class=\"gts_text\">Bien que le Moa G\u00e9ant \u00e9tait l\u00e9g\u00e8rement plus grand que l&apos;oiseau-\u00e9l\u00e9phant, il \u00e9tait plus l\u00e9ger. L&apos;oiseau-\u00e9l\u00e9phant est donc le champion poids lourd de tous les temps parmi les oiseaux.<\/span><\/p>\n<p><span id=\"gts_text_21\" class=\"gts_text\">Il faisait plus de 3 m\u00e8tres (10 pieds) de haut!<\/span> <span id=\"gts_text_22\" class=\"gts_text\">Les oiseaux-\u00e9l\u00e9phants \u00e9taient plus hauts qu&apos;un panier de basket-ball !<\/span> <span id=\"gts_text_23\" class=\"gts_text\">Ils pesaient pr\u00e8s de 400 kilogrammes (880lb).<\/span> <span id=\"gts_text_24\" class=\"gts_text\">Leurs \u0153ufs avaient une circonf\u00e9rence de plus d&apos;1 m\u00e8tre (3 pieds) et une longueur allant jusqu&apos;\u00e0 34 centim\u00e8tres (13 pouces).<\/span> <span id=\"gts_text_25\" class=\"gts_text\">Le volume de leurs \u0153ufs \u00e9tait environ 160 fois plus grand que celui d&apos;un \u0153uf de poulet.<\/span> <span id=\"gts_text_26\" class=\"gts_text\">Croyez-le ou non, on pourrait faire plus de 50 omelettes avec un seul de leurs \u0153ufs!<\/span> <span id=\"gts_text_27\" class=\"gts_text\">Ils \u00e9taient herbivores.<\/span><\/p>\n<p><span id=\"gts_text_28\" class=\"gts_text\">Ils ont exist\u00e9 uniquement sur l&apos;\u00eele de Madagascar pendant 60 millions d&apos;ann\u00e9es.<\/span> <span id=\"gts_text_29\" class=\"gts_text\">Ils ont v\u00e9cu paisiblement \u00e0 Madagascar jusqu&apos;il y a environ 2000 ans, quand les humains ont d\u00e9barqu\u00e9 sur l&apos;\u00eele.<\/span> <span id=\"gts_text_30\" class=\"gts_text\">C&apos;est triste \u00e0 dire, mais \u00e0 peine 1000 ans plus tard, ils s&apos;\u00e9taient \u00e9teints.<\/span> <span id=\"gts_text_31\" class=\"gts_text\">Les gens les chassaient pour leur viande et leurs \u0153ufs \u00e9taient vol\u00e9s de leurs nids pour servir de nourriture.<\/span> <span id=\"gts_text_32\" class=\"gts_text\">Des \u0153ufs aussi gigantesques ne pouvaient \u00eatre pondus qu&apos;en petite quantit\u00e9 et ces oiseaux se reproduisaient probablement lentement.<\/span> <span id=\"gts_text_33\" class=\"gts_text\">Ainsi, apr\u00e8s un certain temps, ils ont disparu de la surface de la terre \u00e0 cause de la chasse mais aussi de la destruction de l&apos;habitat .<\/span><\/p>\n<p><span id=\"gts_text_34\" class=\"gts_text\">\u00a0<\/span><\/p>\n","protected":false},"excerpt":{"rendered":"<p>\u00a0 \u00a0 \u00a0 \u00a0 \u00a0 \u00a0 \u00a0 \u00a0 \u00a0 \u00a0 \u00a0 \u00a0 L&apos;oiseau-\u00e9l\u00e9phant \u00e9tait l&apos;oiseau le plus lourd qui ait jamais v\u00e9cu. C&apos;\u00e9tait un ratite, un oiseau incapable de voler. Par cons\u00e9quent les os de ses seins n&apos;avait pas de br\u00e9chet. Il \u00e9tait apparent\u00e9 \u00e0 l&apos;autruche et \u00e0 l&apos;\u00e9meu. Les oiseaux-\u00e9l\u00e9phants ressemblaient aux autruches. Ils &hellip; <a href=\"https:\/\/www.big-animals.com\/fr\/alaphant-oiseau-2\/\" class=\"more-link\">Continue reading <span class=\"screen-reader-text\">Oiseau-El\u00e9phant<\/span><\/a><\/p>\n","protected":false},"author":1,"featured_media":0,"parent":0,"menu_order":0,"comment_status":"closed","ping_status":"open","template":"","meta":{"_acf_changed":false,"footnotes":""},"acf":[],"_links":{"self":[{"href":"https:\/\/www.big-animals.com\/fr\/wp-json\/wp\/v2\/pages\/84"}],"collection":[{"href":"https:\/\/www.big-animals.com\/fr\/wp-json\/wp\/v2\/pages"}],"about":[{"href":"https:\/\/www.big-animals.com\/fr\/wp-json\/wp\/v2\/types\/page"}],"author":[{"embeddable":true,"href":"https:\/\/www.big-animals.com\/fr\/wp-json\/wp\/v2\/users\/1"}],"replies":[{"embeddable":true,"href":"https:\/\/www.big-animals.com\/fr\/wp-json\/wp\/v2\/comments?post=84"}],"version-history":[{"count":0,"href":"https:\/\/www.big-animals.com\/fr\/wp-json\/wp\/v2\/pages\/84\/revisions"}],"wp:attachment":[{"href":"https:\/\/www.big-animals.com\/fr\/wp-json\/wp\/v2\/media?parent=84"}],"curies":[{"name":"wp","href":"https:\/\/api.w.org\/{rel}","templated":true}]}}