{"id":85,"date":"2011-05-14T22:25:10","date_gmt":"2011-05-14T22:25:10","guid":{"rendered":""},"modified":"2014-06-17T04:01:43","modified_gmt":"2014-06-17T04:01:43","slug":"hippopotame","status":"publish","type":"page","link":"https:\/\/www.big-animals.com\/fr\/hippopotame\/","title":{"rendered":"Hippopotame"},"content":{"rendered":"<p><span class=\"gts_text\" id=\"gts_text_1\">Le mot hippopotame vient du grec.<\/span> <span class=\"gts_text\" id=\"gts_text_2\"><em>Hippo <\/em>veut dire cheval et <em>potamus<\/em> signifie rivi\u00e8re.<\/span> <span class=\"gts_text\" id=\"gts_text_3\">Par cons\u00e9quent hippopotame signifie cheval de rivi\u00e8re.<\/span> <span class=\"gts_text\" id=\"gts_text_4\">L&#8217;hippopotame passe en effet la majeure partie de son temps dans les rivi\u00e8res, mais il ressemble plus \u00e0 un cochon qu&#8217;\u00e0 un cheval.<br \/>\n<\/span><\/p>\n<p><span class=\"gts_text\" id=\"gts_text_5\">L&#8217;hippopotame est le cinqui\u00e8me plus grand <a title=\"Les plus grands mammif\u00e8res du monde !\" href=\"http:\/\/www.big-animals.com\/fr\/les-plus-grands-mammiferes-du-monde\/\">mammif\u00e8re<\/a> terrestre, apr\u00e8s les trois races d&#8217;<a title=\"\u00c9l\u00e9phant de Bush d'Africain - le plus grand animal de terre du monde !\" href=\"http:\/\/www.big-animals.com\/fr\/le-africain-bush-elephant-le-monde-grand-terre-animal\/\">\u00e9l\u00e9phant<\/a> et le <a title=\"Rhinoc\u00e9ros blanc\" href=\"http:\/\/www.big-animals.com\/fr\/blanc-rhinoceros\/\">rhinoc\u00e9ros blanc<\/a>.<\/span> <span class=\"gts_text\" id=\"gts_text_6\">C&#8217;est l&#8217;<a title=\"ongul\u00e9 \u00c9gal-bott\u00e9 avec la pointe du pied\" href=\"http:\/\/www.big-animals.com\/fr\/agal-botter-avec-la-pointe-du-pied-ongula\/\">ongul\u00e9 artiodactyle<\/a> (qui poss\u00e8de un nombre pair de doigts) le plus lourd.<\/span> <span class=\"gts_text\" id=\"gts_text_7\">Sa peau\u00a0 elle-m\u00eame peut peser jusqu&#8217;\u00e0 une demi tonne.<\/span> <span class=\"gts_text\" id=\"gts_text_8\">L&#8217;hippopotame m\u00e2le p\u00e8se entre 1,5 et 3 tonnes; la femelle environ 1,5 tonne.<\/span> <span class=\"gts_text\" id=\"gts_text_10\">Les hippopotames m\u00e2les \u00e2g\u00e9s peuvent devenir beaucoup plus grands, atteignant au moins 3,2 tonnes et parfois jusqu&#8217;\u00e0 4,5 tonnes.<\/span> Il semblerait que l<span class=\"gts_text\" id=\"gts_text_11\">es hippopotames m\u00e2les continuent de grandir durant toute leur vie<\/span><span class=\"gts_text\" id=\"gts_text_12\">, alors que les femelles stoppent leur croissance vers 25 ans. <\/span><span class=\"gts_text\" id=\"gts_text_13\">Le rhinoc\u00e9ros blanc p\u00e8se entre 1,5 et 3,5 tonnes et les trois esp\u00e8ces des \u00e9l\u00e9phants de 3 \u00e0 9 tonnes.\u00a0\u00a0Par cons\u00e9quent, l&#8217;hippopotame est l&#8217;un des plus grands mammif\u00e8res quadrip\u00e8des.<\/span> <span class=\"gts_text\" id=\"gts_text_14\">La plupart des hippopotames sont pes\u00e9s quand ils sont tu\u00e9s.<\/span> <span class=\"gts_text\" id=\"gts_text_15\">Il est tr\u00e8s difficile de les peser quand ils sont vivants en raison de leur \u00e9norme taille.<\/span><\/p>\n<figure id=\"attachment_1124\" aria-describedby=\"caption-attachment-1124\" style=\"width: 300px\" class=\"wp-caption aligncenter\"><img loading=\"lazy\" decoding=\"async\" class=\"size-medium wp-image-1124\" title=\"L'hippopotame est l'un des animaux les plus dangereux en Afrique !\" alt=\"L'hippopotame est l'un des animaux les plus dangereux en Afrique !\" src=\"http:\/\/www.big-animals.com\/wp-content\/uploads\/2011\/05\/Hippopotamus-300x82.jpg\" width=\"300\" height=\"82\" \/><figcaption id=\"caption-attachment-1124\" class=\"wp-caption-text\">L&#8217;hippopotame est l&#8217;un des animaux les plus dangereux d&#8217;Afrique<\/figcaption><\/figure>\n<p><span class=\"gts_text\" id=\"gts_text_17\">Bien que l&#8217;hippopotame soit de constitution massive et ait des pattes courtes, il peut facilement courir plus vite que les humains &#8211; jusqu<\/span><span class=\"gts_text\" id=\"gts_text_18\">\u00e0 30km\/h (18 miles par heure) sur de courtes distances.<\/span> <span class=\"gts_text\" id=\"gts_text_19\">L&#8217;hippopotame mesure de\u00a0 3,3 \u00e0 5,2 m\u00e8tres de long (11 \u00e0 17 pieds), queue d&#8217;environ 56 cms (22 pouces) incluse.<\/span> <span class=\"gts_text\" id=\"gts_text_20\">L&#8217;hippopotame est une cr\u00e9ature semi-aquatique qui vit dans les <\/span><span class=\"gts_text\" id=\"gts_text_21\"><\/span><span class=\"gts_text\" id=\"gts_text_21\">rivi\u00e8res et lacs d&#8217;Afrique centrale et australe.<\/span> <span class=\"gts_text\" id=\"gts_text_22\">La Tanzanie et la Zambie comptent les plus grandes populations d&#8217;hippopotames.<\/span> <span class=\"gts_text\" id=\"gts_text_23\">L&#8217;hippopotame est l&#8217;un des animaux les plus agressifs au <\/span><span class=\"gts_text\" id=\"gts_text_23\">monde, particuli\u00e8rement quand les jeunes hippopotames sont pr\u00e9sents.<\/span> <span class=\"gts_text\" id=\"gts_text_24\">Il est souvent consid\u00e9r\u00e9 comme l&#8217;un des animaux les plus dangereux d&#8217;Afrique.<\/span> <span class=\"gts_text\" id=\"gts_text_25\">Il est dangereux de s&#8217;en approcher parce que l&#8217;hippopotame atttaque les hommes, qu&#8217;ils soient en b\u00e2teau our sur terre.<\/span> <span class=\"gts_text\" id=\"gts_text_26\">La population est en diminution en raison de la chasse ill\u00e9gale pour leur viande et leurs canines en ivoire, ainsi qu&#8217;en raison de la perte d&#8217;habitat.<\/span> <span class=\"gts_text\" id=\"gts_text_27\">Les hippopotames peuvent vivre jusqu&#8217;\u00e0 40 ans \u00e0 l&#8217;\u00e9tat sauvage, et jusqu&#8217;\u00e0 50 ans en captivit\u00e9.<\/span><\/p>\n<p><span class=\"gts_text\" id=\"gts_text_28\">L&#8217;hippopotame a un torse en forme de tonneau. Sa gueule \u00e9norme, qui peut s&#8217;ouvrir de 1,2 m\u00e8tres (4 pieds), contient d<\/span><span class=\"gts_text\" id=\"gts_text_29\">es dents sur la m\u00e2choire inf\u00e9rieure.<\/span> <span class=\"gts_text\" id=\"gts_text_30\">Son corps gris\u00e2tre a une peau \u00e9paisse presque chauve.<\/span> <span class=\"gts_text\" id=\"gts_text_31\">Les l\u00e8vres sont longues de presque 70 centim\u00e8tres (27 pouces).<\/span> L&#8217;hippopotame mesure environ<span class=\"gts_text\" id=\"gts_text_32\"> 1,5 m\u00e8tres (5 pieds) au garrot.<\/span> <span class=\"gts_text\" id=\"gts_text_33\">Il a une queue courte et de petits yeux.<\/span> <span class=\"gts_text\" id=\"gts_text_34\">Les yeux, les oreilles et les narines sont sur la partie sup\u00e9rieure de la t\u00eate ce qui lui permet de rester dans l&#8217;eau ou la boue tout en voyant, entendant et respirant facilement, sans \u00eatre vus par les pr\u00e9dateurs ou attraper des coups de soleil.<br \/>\n<\/span><\/p>\n<p><span class=\"gts_text\" id=\"gts_text_35\">L&#8217;hippopotame m\u00e2le s&#8217;appelle un taureau et la femelle une vache; leur b\u00e9b\u00e9 s&#8217;appelle un veau.<\/span> <span class=\"gts_text\" id=\"gts_text_36\">Ils sont herbivores et pr\u00e9f\u00e8rent manger les herbes courtes des plaines africaines.<\/span> <span class=\"gts_text\" id=\"gts_text_37\">De jour ils restent au frais dans l&#8217;eau ou la boue.<\/span> <span class=\"gts_text\" id=\"gts_text_38\">Ils peuvent rester sous l&#8217;eau pendant 5 \u00e0 6 minutes mais les jeunes seulement une demi minute.<\/span> <span class=\"gts_text\" id=\"gts_text_39\">Les hippopotames donnent naissance dans l&#8217;eau &#8211; ainsi un b\u00e9b\u00e9 hippopotame peut nager d\u00e8s le moment de sa naissance!<\/span> <span class=\"gts_text\" id=\"gts_text_40\">Ils sont \u00e9galement allait\u00e9s sous l&#8217;eau.<\/span> <span class=\"gts_text\" id=\"gts_text_41\">Ils ne s&#8217;allaitent hors de l&#8217;eau que si leur m\u00e8re d\u00e9cide d&#8217;en sortir.<\/span> <span class=\"gts_text\" id=\"gts_text_42\">Ils p\u00e8sent de 25 \u00e0 45 kilogrammes (55-100 livres) \u00e0 la naissance et mesure environ 125cm (50 pouces) de long.<\/span> <span class=\"gts_text\" id=\"gts_text_43\">La m\u00e8re hippopotame aide son veau \u00e0 atteindre la surface pour prendre son premier souffle et lui apprend \u00e0 nager.<\/span> <span class=\"gts_text\" id=\"gts_text_44\">La m\u00e8re prot\u00e9ge \u00e9galement son veau des crocodiles, lions et hippopotames m\u00e2les. Ces derniers attaquent rarement hors de l&#8217;eau<\/span><span class=\"gts_text\" id=\"gts_text_45\"> mais ils attaquent parfois le veau dans l&#8217;eau.<\/span> <span class=\"gts_text\" id=\"gts_text_46\">Un veau commence \u00e0 manger de l&#8217;herbe quand il atteint 3 semaines mais sa m\u00e8re continue \u00e0 l&#8217;allaiter pendant environ un an.<\/span> <span class=\"gts_text\" id=\"gts_text_47\">Le veau peut prendre une respiration profonde, fermer ses narines et ses oreilles et plonger sous l&#8217;eau pour obtenir le lait maternel.<\/span> <span class=\"gts_text\" id=\"gts_text_48\">Une m\u00e8re donne g\u00e9n\u00e9ralement naissance \u00e0 un seul veau mais parfois elle peut avoir des jumeaux.<\/span> <span class=\"gts_text\" id=\"gts_text_49\">Le veau se repose souvent sur le dos de sa m\u00e8re quand l&#8217;eau est trop profonde.<\/span><\/p>\n<p><span class=\"gts_text\" id=\"gts_text_50\">On a cru longtemps que les hippopotames pouvaient suer du sang.<\/span> <span class=\"gts_text\" id=\"gts_text_51\">En v\u00e9rit\u00e9 ils s\u00e9cr\u00e8tent un liquide huileux ros\u00e2tre qui prot\u00e8ge leur peau de la chaleur et du soleil &#8211; une lotion naturelle de protection solaire pour maintenir leur peau moite dans le climat africain chaud.<\/span><\/p>\n<figure id=\"attachment_1125\" aria-describedby=\"caption-attachment-1125\" style=\"width: 300px\" class=\"wp-caption aligncenter\"><img loading=\"lazy\" decoding=\"async\" class=\"size-medium wp-image-1125\" title=\"L'hippopotame est l'animal de terre cinqui\u00e8me plus grand\" alt=\"L'hippopotame est l'animal de terre cinqui\u00e8me plus grand\" src=\"http:\/\/www.big-animals.com\/wp-content\/uploads\/2011\/05\/Hippopotamus_And_Human-300x128.png\" width=\"300\" height=\"128\" \/><figcaption id=\"caption-attachment-1125\" class=\"wp-caption-text\">L&#8217;hippopotame est le cinqui\u00e8me plus large animal terrestre<\/figcaption><\/figure>\n<p><span class=\"gts_text\" id=\"gts_text_53\">Les hippopotames ont un estomac \u00e0 trois compartiments et ne m\u00e2chent pas ce qu&#8217;ils ruminent.<\/span> <span class=\"gts_text\" id=\"gts_text_54\">Ils s&#8217;alimentent la nuit.<\/span> <span class=\"gts_text\" id=\"gts_text_55\">Ils sortent et rentrent dans l&#8217;eau au m\u00eame endroit et mangent pendant 4 \u00e0 5 heures.<\/span> <span class=\"gts_text\" id=\"gts_text_56\">Ils peuvent marcher jusqu&#8217;\u00e0 8km (5 miles) juste pour chercher de la nourriture.<\/span> <span class=\"gts_text\" id=\"gts_text_57\">Ils mangent environ 70kg (150 livres) de nourriture chaque nuit.<\/span> De minuscules organismes pr\u00e9sents<span class=\"gts_text\" id=\"gts_text_58\"> dans leur estomac dig\u00e8rent les plantes qu&#8217;ils mangent.<\/span><\/p>\n<p><span class=\"gts_text\" id=\"gts_text_59\">Les hippopotames peuvent se faire couler puis marcher ou courir le long du fond des rivi\u00e8res.<\/span> <span class=\"gts_text\" id=\"gts_text_60\">Les pieds de l&#8217;hippopotame sont partiellement palm\u00e9s mais en fait l&#8217;hippopotame n&#8217;est pas un bon nageur, et ne peut pas flotter.<\/span> <span class=\"gts_text\" id=\"gts_text_61\">Les hippopotames que l&#8217;on voit dans l&#8217;eau sont en fait juste debout dans des eaux peu profondes &#8211; ou, plus probablement, allong\u00e9s.<\/span> <span class=\"gts_text\" id=\"gts_text_62\">Si l&#8217;eau d&#8217;une rivi\u00e8re est profonde, l&#8217;hippopotame avance par bonds &#8211; se propulsant du fond comme un danseur classique ob\u00e8se.<\/span> <span class=\"gts_text\" id=\"gts_text_63\">Ils se d\u00e9placent dans l&#8217;eau \u00e0 une vitesse de 8km\/h (5 mph).<\/span> <span class=\"gts_text\" id=\"gts_text_64\">Mais les jeunes hippopotames ou veaux <em>peuvent<\/em> flotter et se d\u00e9placent habituellement en nageant, se propulsant par des mouvements de leurs pattes arri\u00e8re.<\/span> <span class=\"gts_text\" id=\"gts_text_65\">Les hippopotames adultes montent \u00e0 l&#8217;air libre toutes les 3-5 minutes pour respirer.<\/span> <span class=\"gts_text\" id=\"gts_text_66\">Les jeunes hippopotames doivent respirer toutes les 2 \u00e0 3 minutes.<\/span> <span class=\"gts_text\" id=\"gts_text_67\">\u00c9tonnamment le processus de remonter \u00e0 la surface pour respirer est automatique.<\/span> <span class=\"gts_text\" id=\"gts_text_68\">Les hippopotames le font m\u00eame tout en dormant !<\/span> <span class=\"gts_text\" id=\"gts_text_69\">Les hippopotames adultes ferment leurs narines et pressent leurs oreilles \u00e0 plat contre les c\u00f4t\u00e9s de leur t\u00eate quand ils sont sous l&#8217;eau.<\/span><\/p>\n<p><span class=\"gts_text\" id=\"gts_text_70\">Les hippopotames semblent communiquer oralement par des grognements et des soufflets.<\/span> <span class=\"gts_text\" id=\"gts_text_71\">Ils ont la capacit\u00e9 unique de tenir leur t\u00eate partiellement au-dessus de l&#8217;eau et d&#8217;envoyer un cri qui voyage dans l&#8217;eau et l&#8217;air.<\/span> Les <span class=\"gts_text\" id=\"gts_text_72\">autres hippopotames sur et sous l&#8217;eau r\u00e9pondent \u00e0 ce cri.<\/span> <span class=\"gts_text\" id=\"gts_text_73\">Ils se tuent rarement entre eux, m\u00eame lors de combats territoriaux.<\/span> <span class=\"gts_text\" id=\"gts_text_74\">Les m\u00e2les adultent se battent les uns contre les autres en utilisant leurs \u00e9normes canines.<\/span> <span class=\"gts_text\" id=\"gts_text_75\">Quand il y a trop d&#8217;animaux pour leur habitat, les taureaux tuent parfois les veaux, mais ce comportement est rare.<\/span> <span class=\"gts_text\" id=\"gts_text_76\">Parfois il y a des hippopotames qui tuent et mangent d&#8217;autres hippopotames, mais cela n&#8217;arrive que lorsque cet hippopotame particulier est en d\u00e9tresse ou malade.<\/span><\/p>\n<p><span class=\"gts_text\" id=\"gts_text_77\">\u00a0<\/span><\/p>\n","protected":false},"excerpt":{"rendered":"<p>Le mot hippopotame vient du grec. Hippo veut dire cheval et potamus signifie rivi\u00e8re. Par cons\u00e9quent hippopotame signifie cheval de rivi\u00e8re. L&#8217;hippopotame passe en effet la majeure partie de son temps dans les rivi\u00e8res, mais il ressemble plus \u00e0 un cochon qu&#8217;\u00e0 un cheval. L&#8217;hippopotame est le cinqui\u00e8me plus grand mammif\u00e8re terrestre, apr\u00e8s les trois &hellip; <a href=\"https:\/\/www.big-animals.com\/fr\/hippopotame\/\" class=\"more-link\">Continue reading <span class=\"screen-reader-text\">Hippopotame<\/span><\/a><\/p>\n","protected":false},"author":1,"featured_media":0,"parent":0,"menu_order":0,"comment_status":"closed","ping_status":"open","template":"","meta":{"_acf_changed":false,"footnotes":""},"acf":[],"_links":{"self":[{"href":"https:\/\/www.big-animals.com\/fr\/wp-json\/wp\/v2\/pages\/85"}],"collection":[{"href":"https:\/\/www.big-animals.com\/fr\/wp-json\/wp\/v2\/pages"}],"about":[{"href":"https:\/\/www.big-animals.com\/fr\/wp-json\/wp\/v2\/types\/page"}],"author":[{"embeddable":true,"href":"https:\/\/www.big-animals.com\/fr\/wp-json\/wp\/v2\/users\/1"}],"replies":[{"embeddable":true,"href":"https:\/\/www.big-animals.com\/fr\/wp-json\/wp\/v2\/comments?post=85"}],"version-history":[{"count":9,"href":"https:\/\/www.big-animals.com\/fr\/wp-json\/wp\/v2\/pages\/85\/revisions"}],"predecessor-version":[{"id":439,"href":"https:\/\/www.big-animals.com\/fr\/wp-json\/wp\/v2\/pages\/85\/revisions\/439"}],"wp:attachment":[{"href":"https:\/\/www.big-animals.com\/fr\/wp-json\/wp\/v2\/media?parent=85"}],"curies":[{"name":"wp","href":"https:\/\/api.w.org\/{rel}","templated":true}]}}