{"id":89,"date":"2011-05-29T09:47:57","date_gmt":"2011-05-29T09:47:57","guid":{"rendered":""},"modified":"2011-05-29T09:47:57","modified_gmt":"2011-05-29T09:47:57","slug":"empereur-manchot","status":"publish","type":"page","link":"https:\/\/www.big-animals.com\/fr\/empereur-manchot\/","title":{"rendered":"Manchot Empereur"},"content":{"rendered":"<p><span id=\"gts_text_1\" class=\"gts_text\">Le manchot empereur est la plus grande esp\u00e8ce vivante de manchot.<\/span> <span id=\"gts_text_2\" class=\"gts_text\">Il vit dans l&apos;Antarctique.<\/span> <span id=\"gts_text_3\" class=\"gts_text\">L\u00e0 bas, la temp\u00e9rature peut atteindre jusqu&apos;\u00e0 -60C (- 76F).<\/span> <span id=\"gts_text_4\" class=\"gts_text\">Les m\u00e2les p\u00e8sent plus que les femelles.<\/span> <span id=\"gts_text_5\" class=\"gts_text\">Ils font environ 120cm (48in) de haut et p\u00e8sent entre 22 \u00e0 45 kilogrammes (49 \u00e0 99lb).<\/span> <span id=\"gts_text_6\" class=\"gts_text\">Leurs t\u00eate, menton, gorge, dos, partie arri\u00e8re des nageoires et queue sont noirs.<\/span> <span id=\"gts_text_7\" class=\"gts_text\">Les dessous de leurs ailes et ventres sont blancs.<\/span> <span id=\"gts_text_8\" class=\"gts_text\">Leur sein sup\u00e9rieur est orange p\u00e2le et leur t\u00e2che pr\u00e8s de l&apos;oreille est jaune clair.<\/span><\/p>\n<figure id=\"attachment_1203\" aria-describedby=\"caption-attachment-1203\" style=\"width: 300px\" class=\"wp-caption alignleft\"><a href=\"http:\/\/www.big-animals.com\/wp-content\/uploads\/2011\/05\/BabyEmperorPenguins.jpg\"><img loading=\"lazy\" decoding=\"async\" class=\"size-medium wp-image-1203 gts_attribute gts_attribute_1_alt gts_attribute_6_title\" title=\"Un groupe de poussins de manchot empereur\" src=\"http:\/\/www.big-animals.com\/wp-content\/uploads\/2011\/05\/BabyEmperorPenguins-300x269.jpg\" alt=\"Un groupe de poussins de manchot empereur\" width=\"300\" height=\"269\" \/><\/a><figcaption id=\"caption-attachment-1203\" class=\"wp-caption-text\">A Group of Emperor Penguin Chicks<\/figcaption><\/figure>\n<p><span id=\"gts_text_9\" class=\"gts_text\">Le poussin du manchot empereur est normalement couvert de plumes grises argent\u00e9es et a une t\u00eate noire et un masque blanc.<\/span> <span id=\"gts_text_10\" class=\"gts_text\">Les poussins p\u00e8sent autour de 315g (11 onces) apr\u00e8s \u00e9closion.<\/span> <span id=\"gts_text_11\" class=\"gts_text\">Ils utilisent des cris pour se rep\u00e9rer dans les grandes colonies.<\/span><\/p>\n<p><span id=\"gts_text_12\" class=\"gts_text\">Le h\u00e9ros du film &quot;Happy Feet&quot; \u00e9tait un manchot empereur.<\/span><\/p>\n<p><span id=\"gts_text_13\" class=\"gts_text\">Les manchots empereurs sont des oiseaux qui ne peuvent pas voler, mais ils nagent tr\u00e8s bien.<\/span> <span id=\"gts_text_14\" class=\"gts_text\">Ils ont un corps profil\u00e9, des ailes raides et plates comme des nageoires, des plumes brillantes et imperm\u00e9ables qui maintiennent leur peau s\u00e8che et des pieds palm\u00e9s qu&apos;ils utilisent pour nager.<\/span> <span id=\"gts_text_15\" class=\"gts_text\">Ils passent leurs vies enti\u00e8res dans le froid glacial de l&apos;antarctique et des mers environnantes.<\/span><\/p>\n<p><span id=\"gts_text_16\" class=\"gts_text\">La langue du manchot empereur a des pics tourn\u00e9s vers l&apos;arri\u00e8re, pour emp\u00eacher les poissons de s&apos;enfuir une fois attrap\u00e9s.<\/span> <span id=\"gts_text_17\" class=\"gts_text\">Il se nourrit principalement de poissons, mais parfois \u00e9galement de krills et de calmars.<\/span> <span id=\"gts_text_18\" class=\"gts_text\">Ils peuvent demeurer sous l&apos;eau jusqu&apos;\u00e0 18 minutes \u00e0 la recherche de nourriture dans les eaux froides glaciales.<\/span> <span id=\"gts_text_19\" class=\"gts_text\">Ils plongent tr\u00e8s souvent \u00e0 une profondeur de 535 m\u00e8tres (1.755 pieds).<\/span> <span id=\"gts_text_20\" class=\"gts_text\">N&apos;est-ce pas \u00e9tonnant ?<\/span> <span id=\"gts_text_21\" class=\"gts_text\">De tous les oiseaux, Ils sont ceux qui plongent le plus en profondeur et restent le plus longtemps sous l&apos;eau.<\/span><\/p>\n<figure id=\"attachment_1204\" aria-describedby=\"caption-attachment-1204\" style=\"width: 250px\" class=\"wp-caption alignright\"><a href=\"http:\/\/www.big-animals.com\/wp-content\/uploads\/2011\/05\/EmperorPenguinAndHuman.png\"><img loading=\"lazy\" decoding=\"async\" class=\"size-medium wp-image-1204 gts_attribute gts_attribute_2_alt gts_attribute_7_title\" title=\"Le manchot empereur est le plus grand manchot du monde\" src=\"http:\/\/www.big-animals.com\/wp-content\/uploads\/2011\/05\/EmperorPenguinAndHuman-250x300.png\" alt=\"Le manchot empereur est le plus grand manchot du monde\" width=\"250\" height=\"300\" \/><\/a><figcaption id=\"caption-attachment-1204\" class=\"wp-caption-text\">The Emperor Penguin is the World&apos;s Biggest Penguin<\/figcaption><\/figure>\n<p><span id=\"gts_text_22\" class=\"gts_text\">Puisqu&apos;ils sont de grands plongeurs, ils ont des os qui sont solides et non creux, ainsi ils peuvent r\u00e9sister \u00e0 la pression en eau profonde.<\/span> <span id=\"gts_text_23\" class=\"gts_text\">Quand ils sont en plong\u00e9e, ils peuvent utiliser peu d&apos;oxyg\u00e8ne.<\/span> <span id=\"gts_text_24\" class=\"gts_text\">Leur fr\u00e9quence cardiaque est de seulement 15-20 battements par minute.<\/span> <span id=\"gts_text_25\" class=\"gts_text\">Ceci leur permet de rester sous l&apos;eau plus longtemps et d&apos;aller plus en profondeur.<\/span> <span id=\"gts_text_26\" class=\"gts_text\">Ils peuvent nager \u00e0 des vitesses entre 6-9 kilom\u00e8tres par heure (4-6 M\/H).<\/span> <span id=\"gts_text_27\" class=\"gts_text\">Sur terre, ils se d\u00e9placent soit en marchant par mouvement de balancement soit en glissant sur leur ventre.<\/span> <span id=\"gts_text_28\" class=\"gts_text\">Ils sont propuls\u00e9s par leurs petits pieds et nageoires en forme d&apos;ailes.<\/span><\/p>\n<p><span id=\"gts_text_29\" class=\"gts_text\">Le manchot empereur a seulement une compagne par an.<\/span> <span id=\"gts_text_30\" class=\"gts_text\">Il est tr\u00e8s fid\u00e8le.<\/span> <span id=\"gts_text_31\" class=\"gts_text\">\u00c0 la diff\u00e9rence de la plupart des oiseaux, qui pondent leurs \u0153ufs au printemps, la femelle manchot empereur super h\u00e9ro\u00efque choisit de pondre ses \u0153ufs pendant l&apos;hiver antarctique extr\u00eamement glacial .<\/span> <span id=\"gts_text_32\" class=\"gts_text\">C&apos;est la seule esp\u00e8ce d&apos;oiseau qui fait cela!<\/span> <span id=\"gts_text_33\" class=\"gts_text\">N&apos;est-ce pas de la folie ?<\/span> <span id=\"gts_text_34\" class=\"gts_text\">La temp\u00e9rature de l&apos;air peut atteindre -40C (- 40F) et les vitesses du vent peuvent d\u00e9passer 140km\/h (90 M\/H).<\/span> <span id=\"gts_text_35\" class=\"gts_text\">La temp\u00e9rature de l&apos;eau est d&apos;environ -2C (31 F), ce qui est bien inf\u00e9rieure \u00e0 la temp\u00e9rature corporelle moyenne du manchot empereur qui est de 39C (102F).<\/span> <span id=\"gts_text_36\" class=\"gts_text\">Quand la femelle manchot passe son \u0153uf au m\u00e2le pour le maintenir au chaud, elle doit faire tr\u00e8s attention \u00e0 ne pas le laisser tomber.<\/span> <span id=\"gts_text_37\" class=\"gts_text\">Si elle le fait, le poussin \u00e0 l&apos;int\u00e9rieur de l\u2019\u0153uf mourra parce que l\u2019\u0153uf ne peut pas r\u00e9sister aux temp\u00e9ratures de cong\u00e9lation du sol glacial, m\u00eame pas pendant une courte p\u00e9riode.<\/span><\/p>\n<p><span id=\"gts_text_38\" class=\"gts_text\">Les plumes du manchot empereur fournissent 80-90% de son isolation.<\/span> <span id=\"gts_text_39\" class=\"gts_text\">Il a la densit\u00e9 de plume la plus \u00e9lev\u00e9e de toutes les esp\u00e8ces d&apos;oiseau, environ 15 plumes par centim\u00e8tre carr\u00e9 (100 par pouce carr\u00e9).<\/span> <span id=\"gts_text_40\" class=\"gts_text\">En plus, il y a une couche d&apos;air dans la douce couche de plumes qui lui permet de s&apos;isoler encore plus.<\/span> <span id=\"gts_text_41\" class=\"gts_text\">Il poss\u00e8de une couche \u00e9paisse de graisse de 3 cm (1,2 pouce) sous la peau qui le maintient encore plus au chaud et \u00e0 l&apos;aise.<\/span><\/p>\n<p><span id=\"gts_text_42\" class=\"gts_text\">En plus de cela, la femelle et le m\u00e2le doivent faire une randonn\u00e9e d&apos;aventure sur 50 \u00e0 120km (31-75 milles) sur la glace \u00e0 la recherche d&apos;un endroit appropri\u00e9 pour construire leur nid, \u00e0 l\u2019abri du vent froid glacial.<\/span> <span id=\"gts_text_43\" class=\"gts_text\">La femelle manchot empereur pond un \u0153uf \u00e0 la fois puis le laisse au p\u00e8re pour qu&apos;il s&apos;en occupe<\/span> <span id=\"gts_text_44\" class=\"gts_text\">pendant qu&apos;elle va en voyage pour chasser.<\/span> <span id=\"gts_text_45\" class=\"gts_text\">Parfois, elle doit parcourir entre 80-1.500 kilom\u00e8tres (50-900 milles) par voyage juste pour atteindre l&apos;eau libre.<\/span> <span id=\"gts_text_46\" class=\"gts_text\">L\u00e0 elle peut trouver des poissons, des calmars et d&apos;autres petits animaux marins \u00e0 manger.<\/span> <span id=\"gts_text_47\" class=\"gts_text\">Pendant ce temps, le m\u00e2le devient un p\u00e8re au foyer s&apos;occupant d&apos;un seul \u0153uf pendant environ deux mois, sans rien manger et sans se d\u00e9placer du tout.<\/span> <span id=\"gts_text_48\" class=\"gts_text\">\u00c0 la diff\u00e9rence de la plupart des oiseaux, le papa ne s&apos;assoit pas sur son \u0153uf pour le faire \u00e9clore.<\/span> <span id=\"gts_text_49\" class=\"gts_text\">Il se tient debout et balance l\u2019\u0153uf sur ses pieds.<\/span> <span id=\"gts_text_50\" class=\"gts_text\">Il couvre \u00e9galement son \u0153uf de sa couche chaude de peau plum\u00e9e appel\u00e9e poche \u00e0 couv\u00e9e.<\/span> <span id=\"gts_text_51\" class=\"gts_text\">Le m\u00e2le se tient dans le temps froid hivernal pendant 2 mois entiers sans manger jusqu&apos;\u00e0 ce que l\u2019\u0153uf \u00e9clot.<\/span> <span id=\"gts_text_52\" class=\"gts_text\">Quel noble papa!<\/span> <span id=\"gts_text_53\" class=\"gts_text\">L\u2019\u0153uf est petit et il a une coquille assez \u00e9paisse pour s&apos;assurer qu&apos;il ne se casse pas facilement.<\/span> <span id=\"gts_text_54\" class=\"gts_text\">Apr\u00e8s l&apos;\u00e9closion de l\u2019\u0153uf, le jeune poussin reste dans la poche \u00e0 couv\u00e9e jusqu&apos;\u00e0 ce qu&apos;il puisse rester chaud sans aide.<\/span><\/p>\n<figure id=\"attachment_1205\" aria-describedby=\"caption-attachment-1205\" style=\"width: 300px\" class=\"wp-caption alignleft\"><a href=\"http:\/\/www.big-animals.com\/wp-content\/uploads\/2011\/05\/EmperorPenguinSliding.jpg\"><img loading=\"lazy\" decoding=\"async\" class=\"size-medium wp-image-1205 gts_attribute gts_attribute_3_alt gts_attribute_8_title\" title=\"Glissement du manchot empereur\" src=\"http:\/\/www.big-animals.com\/wp-content\/uploads\/2011\/05\/EmperorPenguinSliding-300x170.jpg\" alt=\"Glissement du manchot empereur\" width=\"300\" height=\"170\" \/><\/a><figcaption id=\"caption-attachment-1205\" class=\"wp-caption-text\">Emperor Penguin Sliding<\/figcaption><\/figure>\n<p><span id=\"gts_text_55\" class=\"gts_text\">Lorsque la m\u00e8re revient de son voyage de chasse, le p\u00e8re a perdu environ 12 kilogrammes (26lb).<\/span> <span id=\"gts_text_56\" class=\"gts_text\">Je pense que l&apos;on devrait attribuer au m\u00e2le manchot empereur le titre de \u00ab\u00a0p\u00e8re de l&apos;ann\u00e9e\u00a0\u00bb pour \u00eatre rester calme et n&apos;avoir rien manger pendant 2 mois dans le terrible froid de l&apos;Antarctique.<\/span> <span id=\"gts_text_57\" class=\"gts_text\">Quand la femelle revient, elle vomit la nourriture pour son b\u00e9b\u00e9.\u00a0La nourriture a \u00e9t\u00e9 stock\u00e9e dans son estomac.<\/span> <span id=\"gts_text_58\" class=\"gts_text\">Le p\u00e8re affam\u00e9 peut alors aller en randonn\u00e9e dans la glace pour trouver de la nourriture.<\/span> <span id=\"gts_text_59\" class=\"gts_text\">La maman et le papa se relaient pour chasser et prendre soin du poussin dans la colonie.<\/span> <span id=\"gts_text_60\" class=\"gts_text\">Ils vivent habituellement environ 20 ans en libert\u00e9, certains jusqu&apos;\u00e0 50 ans.<\/span><\/p>\n<p><span id=\"gts_text_61\" class=\"gts_text\">Les manchots empereurs sont assez intelligents pour s&apos;aider mutuellement \u00e0 survivre dans le froid extr\u00eame en se blottissant les uns contres les autres pour se maintenir au chaud et \u00e0 l&apos;aise.<\/span> <span id=\"gts_text_62\" class=\"gts_text\">Et l\u00e0 environ dix \u00e0 plusieurs centaines de manchots s&apos;appuyent les uns aux autres.<\/span> <span id=\"gts_text_63\" class=\"gts_text\">Ils forment alors un cercle et se tiennent chacun \u00e0 son tour au milieu du cercle pour \u00e9chapper aux froid et vent glacials.<\/span><\/p>\n<p><span id=\"gts_text_64\" class=\"gts_text\">Leurs pr\u00e9dateurs sont les oiseaux et mammif\u00e8res aquatiques.<\/span> <span id=\"gts_text_65\" class=\"gts_text\">L&apos;oiseau de mer le P\u00e9trel G\u00e9ant Antarctique est le principal pr\u00e9dateur terrestre des poussins du manchot empereur.<\/span> <span id=\"gts_text_66\" class=\"gts_text\">Par exemple, un tiers des d\u00e9c\u00e8s de poussins dans certaines colonies est caus\u00e9 par le P\u00e9trel G\u00e9ant.<\/span> <span id=\"gts_text_67\" class=\"gts_text\">En plus de tuer les poussins en vie , ces oiseaux marins mangent \u00e9galement les manchots empereurs morts.\u00a0Un autre pr\u00e9dateur terrestre est le Skua Antarctique.<\/span> <span id=\"gts_text_68\" class=\"gts_text\">Cependant, il recherche principalement les poussins morts parce que les vivants sont trop grands pour \u00eatre tu\u00e9s.<\/span><\/p>\n<p><span id=\"gts_text_69\" class=\"gts_text\">Parmi les mammif\u00e8res aquatiques qui chassent les manchots empereur on retrouve le l\u00e9opard de mer et l&apos;orque (\u00e9paulard).<\/span> <span id=\"gts_text_70\" class=\"gts_text\">Si la maman ou le papa meurt ou est tu\u00e9e pendant la saison de reproduction, le parent survivant, tristement, n&apos;aura aucun autre choix que d&apos;abandonner ses \u0153ufs ou poussins pour aller \u00e0 la chasse afin de trouver de la nourriture dans la mer avant qu&apos;il ne meure de faim.<\/span><\/p>\n<figure id=\"attachment_1206\" aria-describedby=\"caption-attachment-1206\" style=\"width: 300px\" class=\"wp-caption aligncenter\"><a href=\"http:\/\/www.big-animals.com\/wp-content\/uploads\/2011\/05\/EmperorPenguinBattalion.jpg\"><img loading=\"lazy\" decoding=\"async\" class=\"size-medium wp-image-1206 gts_attribute gts_attribute_4_alt gts_attribute_9_title\" title=\"Une magnifique troupe de manchots empereurs\" src=\"http:\/\/www.big-animals.com\/wp-content\/uploads\/2011\/05\/EmperorPenguinBattalion-300x251.jpg\" alt=\"Une magnifique troupe de manchots empereurs\" width=\"300\" height=\"251\" \/><\/a><figcaption id=\"caption-attachment-1206\" class=\"wp-caption-text\">A Magnificent Troupe of Emperor Penguins<\/figcaption><\/figure>\n","protected":false},"excerpt":{"rendered":"<p>Le manchot empereur est la plus grande esp\u00e8ce vivante de manchot. Il vit dans l&apos;Antarctique. L\u00e0 bas, la temp\u00e9rature peut atteindre jusqu&apos;\u00e0 -60C (- 76F). Les m\u00e2les p\u00e8sent plus que les femelles. Ils font environ 120cm (48in) de haut et p\u00e8sent entre 22 \u00e0 45 kilogrammes (49 \u00e0 99lb). Leurs t\u00eate, menton, gorge, dos, partie &hellip; <a href=\"https:\/\/www.big-animals.com\/fr\/empereur-manchot\/\" class=\"more-link\">Continue reading <span class=\"screen-reader-text\">Manchot Empereur<\/span><\/a><\/p>\n","protected":false},"author":1,"featured_media":0,"parent":0,"menu_order":0,"comment_status":"closed","ping_status":"open","template":"","meta":{"_acf_changed":false,"footnotes":""},"acf":[],"_links":{"self":[{"href":"https:\/\/www.big-animals.com\/fr\/wp-json\/wp\/v2\/pages\/89"}],"collection":[{"href":"https:\/\/www.big-animals.com\/fr\/wp-json\/wp\/v2\/pages"}],"about":[{"href":"https:\/\/www.big-animals.com\/fr\/wp-json\/wp\/v2\/types\/page"}],"author":[{"embeddable":true,"href":"https:\/\/www.big-animals.com\/fr\/wp-json\/wp\/v2\/users\/1"}],"replies":[{"embeddable":true,"href":"https:\/\/www.big-animals.com\/fr\/wp-json\/wp\/v2\/comments?post=89"}],"version-history":[{"count":0,"href":"https:\/\/www.big-animals.com\/fr\/wp-json\/wp\/v2\/pages\/89\/revisions"}],"wp:attachment":[{"href":"https:\/\/www.big-animals.com\/fr\/wp-json\/wp\/v2\/media?parent=89"}],"curies":[{"name":"wp","href":"https:\/\/api.w.org\/{rel}","templated":true}]}}