{"id":9,"date":"2011-05-09T08:56:44","date_gmt":"2011-05-09T08:56:44","guid":{"rendered":""},"modified":"2014-06-22T15:12:23","modified_gmt":"2014-06-22T15:12:23","slug":"la-baleine-bleue-le-plus-grand-animal-de-tous-les-temps","status":"publish","type":"page","link":"https:\/\/www.big-animals.com\/fr\/la-baleine-bleue-le-plus-grand-animal-de-tous-les-temps\/","title":{"rendered":"La baleine bleue &#8211; le plus grand animal de tous les temps !"},"content":{"rendered":"<p>&nbsp;<\/p>\n<figure id=\"attachment_1051\" aria-describedby=\"caption-attachment-1051\" style=\"width: 259px\" class=\"wp-caption alignleft\"><a href=\"http:\/\/www.big-animals.com\/wp-content\/uploads\/2008\/04\/BlueWhaleFromAbove.jpg\"><img loading=\"lazy\" decoding=\"async\" class=\"size-large wp-image-1051 \" title=\"La baleine bleue est le plus grand animal jamais\" src=\"http:\/\/www.big-animals.com\/wp-content\/uploads\/2008\/04\/BlueWhaleFromAbove-259x1024.jpg\" alt=\"La baleine bleue est le plus grand animal jamais\" width=\"259\" height=\"1024\" \/><\/a><figcaption id=\"caption-attachment-1051\" class=\"wp-caption-text\">La baleine bleue est le plus grand animal de tous les temps<\/figcaption><\/figure>\n<p><span id=\"gts_text_2\" class=\"gts_text\"><strong>Taille de baleine bleue :<\/strong> Encore plus grandes que les plus grands dinosaures, les baleines bleues\u00a0mesurent jusqu&#8217;\u00e0\u00a030 m\u00e8tres de long.<\/span> Elle<span id=\"gts_text_3\" class=\"gts_text\">s\u00a0p\u00e8sent probablement\u00a0pr\u00e8s de\u00a0180.000 kilos &#8211; autant qu&#8217;un\u00a0Boeing 747-400 pr\u00eat pour le d\u00e9collage &#8211; mais la pes\u00e9e d&#8217;un animal aussi \u00e9norme est tr\u00e8s difficile \u00e0 effectuer.<\/span> <span id=\"gts_text_4\" class=\"gts_text\">La plupart des mesures ont \u00e9t\u00e9 faites \u00e0 l&#8217;\u00e9poque o\u00f9 on les\u00a0chassait\u00a0: les chasseurs coupaient les baleines en morceaux et pesaient les\u00a0morceaux s\u00e9par\u00e9ment.<\/span> <span id=\"gts_text_5\" class=\"gts_text\">Ceci donne\u00a0un poids un peu plus bas que la r\u00e9alit\u00e9.<\/span><\/p>\n<p><span id=\"gts_text_6\" class=\"gts_text\"><strong>Des d\u00e9tails \u00e9tonnants\u00a0sur la\u00a0baleine bleue :<\/strong> Sa langue est aussi grande qu&#8217;un \u00e9l\u00e9phant\u00a0: elle est assez large et assez\u00a0longue pour que 50 personnes se tiennent dessus !<\/span> Son\u00a0<span id=\"gts_text_7\" class=\"gts_text\">coeur est de la taille d&#8217;une petite voiture.<\/span> D\u00e8s\u00a0<span id=\"gts_text_8\" class=\"gts_text\">la naissance, un baleineau\u00a0p\u00e8se presqu&#8217;autant que\u00a0vingt \u00eatres humains adultes !<\/span><\/p>\n<p><span id=\"gts_text_9\" class=\"gts_text\"><strong>Des informations sur la baleine bleue :<\/strong> La baleine bleue est un type de c\u00e9tac\u00e9 \u00e0 fanons\u00a0: les c\u00e9tac\u00e9s \u00e0 fanons\u00a0n&#8217;ont pas de dents dans la m\u00e2choire sup\u00e9rieure, \u00e0 la place ils ont un <em>fanon <\/em>(une sorte de\u00a0peigne) avec lequel ils\u00a0filtrent leur nourriture de l&#8217;eau.<\/span> Il<span id=\"gts_text_10\" class=\"gts_text\">s sont en fait Rorquals, qu&#8217;aussi bien qu&#8217;un Baleen, ayez les plis tr\u00e8s flexibles de la peau courir de leur bouche \u00e0 leurs nombrils.<\/span> <span id=\"gts_text_11\" class=\"gts_text\">Ceci leur permet d&#8217;ouvrir leurs bouches tr\u00e8s au loin, et rentre des quantit\u00e9s massives de nourriture avec chaque groupe d&#8217;octets.<\/span><\/p>\n<p><span id=\"gts_text_12\" class=\"gts_text\">Puisque les baleines bleues sont des c\u00e9tac\u00e9s \u00e0 fanon, il suit cela aussi bien qu&#8217;est le plus grand <a title=\"Les plus grands animaux du monde !\" href=\"http:\/\/www.big-animals.com\/fr\/le-monde-grand-animaux\/\">animal<\/a> monde,<\/span><\/p>\n<ul>\n<li><span id=\"gts_text_13\" class=\"gts_text\">Plus grand Rorqual du monde est la baleine bleue,<\/span><\/li>\n<li><span id=\"gts_text_14\" class=\"gts_text\">La plus grande baleine de Baleen du monde est la baleine bleue,<\/span><\/li>\n<li><span id=\"gts_text_15\" class=\"gts_text\">Le plus grand <a title=\"Les c\u00e9tac\u00e9s\" href=\"http:\/\/www.big-animals.com\/fr\/cetaces\/\">c\u00e9tac\u00e9<\/a> du monde est la baleine bleue (les c\u00e9tac\u00e9s incluent les baleines, les marsouins et les dauphins),<\/span><\/li>\n<li><span id=\"gts_text_16\" class=\"gts_text\">Le plus grand <a title=\"Les plus grands mammif\u00e8res du monde !\" href=\"http:\/\/www.big-animals.com\/fr\/les-plus-grands-mammiferes-du-monde\/\">mammif\u00e8re<\/a> du monde est la baleine bleue, et<\/span><\/li>\n<li><span id=\"gts_text_17\" class=\"gts_text\">Le plus grand <a title=\"Les plus grands vert\u00e9br\u00e9s du monde !\" href=\"http:\/\/www.big-animals.com\/fr\/le-monde-grand-vertebres\/\">vert\u00e9br\u00e9<\/a> du monde est la baleine bleue.<\/span><\/li>\n<\/ul>\n<p><span id=\"gts_text_18\" class=\"gts_text\">Le nom scientifique pour la baleine bleue est <em>musculus de Balaenoptera<\/em>.<\/span> <span id=\"gts_text_19\" class=\"gts_text\">Moyens \u00ab\u00a0baleine \u00e0 ailes\u00a0\u00bb de <em>Balaenoptera<\/em> (le mot <em>Optera<\/em> signifie des <em>ailes<\/em> dans le latin).<\/span> <span id=\"gts_text_20\" class=\"gts_text\">Elles n&#8217;ont pas vraiment des ailes !<\/span> <span id=\"gts_text_21\" class=\"gts_text\">Cependant, elles ont les ailerons lat\u00e9raux tr\u00e8s grands.<\/span> <span id=\"gts_text_22\" class=\"gts_text\">Que diriez-vous du <em>musculus<\/em> ?<\/span> <span id=\"gts_text_23\" class=\"gts_text\">Il est latin pour \u00ab\u00a0musculaire\u00a0\u00bb, et \u00e9galement pour la \u00ab\u00a0souris\u00a0\u00bb &#8211; oui, le plus grand animal jamais s&#8217;est appel\u00e9 la <em>baleine de souris<\/em>, comme plaisanterie par le scientifique qui l&#8217;a appel\u00e9e !<\/span><\/p>\n<p><span id=\"gts_text_24\" class=\"gts_text\"><strong>Habitat de baleine bleue :<\/strong> Toute la mer est leur maison.<\/span> <span id=\"gts_text_25\" class=\"gts_text\">Notez que des baleines sont des <a title=\"Les plus grands mammif\u00e8res du monde !\" href=\"http:\/\/www.big-animals.com\/fr\/les-plus-grands-mammiferes-du-monde\/\">mammif\u00e8res<\/a>, pas des poissons !<\/span> <span id=\"gts_text_26\" class=\"gts_text\">Ainsi ils respirent l&#8217;air juste comme nous, et donnent le lait \u00e0 leurs baleines de b\u00e9b\u00e9 &#8211; environ 400 litres par jour.<\/span> <span id=\"gts_text_27\" class=\"gts_text\">La baleine bleue, comme toutes les baleines, doit r\u00e9pondre \u00e0 la surface r\u00e9guli\u00e8rement pour respirer.<\/span> <span id=\"gts_text_28\" class=\"gts_text\">Elles peuvent retenir leur souffle pour environ une demi-heure, mais elles ne nagent jamais loin de la surface.<\/span> <span id=\"gts_text_29\" class=\"gts_text\">Au fin du 19me et au d\u00e9but du 20\u00e8me si\u00e8cle (jusqu&#8217;aux ann\u00e9es 1970), les hommes ont tir\u00e9 profit de ceci pour chasser ces baleines.<\/span> <span id=\"gts_text_30\" class=\"gts_text\">On l&#8217;estime que maintenant il y a seulement les environ 5.000 \u00e0 12.000 baleines bleues dans le monde entier.<\/span> <span id=\"gts_text_31\" class=\"gts_text\">Avant que la chasse ait commenc\u00e9, il y avait plus de 100 fois ce nombre.<\/span> <span id=\"gts_text_32\" class=\"gts_text\">M\u00eame maintenant, la lutte de baleines.<\/span> <span id=\"gts_text_33\" class=\"gts_text\">Il \u00e9tait une fois, une baleine a pu entendre un ami appeler de jusque le bord oppos\u00e9 du monde.<\/span> <span id=\"gts_text_34\" class=\"gts_text\">Maintenant, les bateaux modernes ont fait \u00e0 l&#8217;oc\u00e9an l&#8217;endroit bruyant, et il obtient le noiser et le noiser chaque ann\u00e9e.<\/span> <span id=\"gts_text_35\" class=\"gts_text\">Ceci le rend plus dur et plus dur pour que les baleines aient une vie sociale, et peut \u00eatre pourquoi leur population n&#8217;a pas mont\u00e9 beaucoup puisque chasse arr\u00eat\u00e9e.<\/span><\/p>\n<p>&nbsp;<\/p>\n<figure id=\"attachment_1052\" aria-describedby=\"caption-attachment-1052\" style=\"width: 300px\" class=\"wp-caption alignright\"><a href=\"http:\/\/www.big-animals.com\/wp-content\/uploads\/2008\/04\/BlueWhaleSkeleton.jpg\"><img loading=\"lazy\" decoding=\"async\" class=\"size-medium wp-image-1052 \" title=\"Squelette de baleine bleue dans Santa Cruz\" src=\"http:\/\/www.big-animals.com\/wp-content\/uploads\/2008\/04\/BlueWhaleSkeleton-300x225.jpg\" alt=\"Squelette de baleine bleue dans Santa Cruz\" width=\"300\" height=\"225\" \/><\/a><figcaption id=\"caption-attachment-1052\" class=\"wp-caption-text\">Squelette de baleine bleue \u00e0 Santa Cruz<\/figcaption><\/figure>\n<p><span id=\"gts_text_37\" class=\"gts_text\"><strong>R\u00e9gime de baleine bleue :<\/strong> Les baleines bleues, en d\u00e9pit d&#8217;\u00eatre si grandes, mangent en fait les animaux comme une crevette tr\u00e8s petits, appel\u00e9s Krill.<\/span> <span id=\"gts_text_38\" class=\"gts_text\">Celles-ci deviennent typiquement environ 1 ou 2 cm long.<\/span> <span id=\"gts_text_39\" class=\"gts_text\">\u00c9videmment, la baleine bleue doit manger de grands beaucoup krill chaque jour pour survivre !<\/span> <span id=\"gts_text_40\" class=\"gts_text\">Elle fait ceci en nageant \u00e0 un endroit avec beaucoup de beaucoup le krill, en prenant un grand groupe d&#8217;octets de l&#8217;eau, et puis en poussant l&#8217;eau hors de sa bouche par le Baleen.<\/span> <span id=\"gts_text_41\" class=\"gts_text\">Le krill sont emprisonn\u00e9s dans sa bouche, et puis aval\u00e9s.<\/span><\/p>\n<p><span id=\"gts_text_42\" class=\"gts_text\">Les baleines bleues peuvent nager aux vitesses de jusqu&#8217;\u00e0 50 km\/h (30 M\/H), mais normalement \u00e0 la croisi\u00e8re \u00e0 moins que la moiti\u00e9 cela.<\/span> <span id=\"gts_text_43\" class=\"gts_text\">En mangeant, ils nagent tr\u00e8s lentement en effet, seulement environ 5 km\/h (3 M\/H).<\/span> <span id=\"gts_text_44\" class=\"gts_text\">Normalement ils vivent seul ou dans les paires, et on le croit qu&#8217;ils peuvent vivre pendant jusqu&#8217;\u00e0 80 ann\u00e9es.<\/span><\/p>\n<p><span id=\"gts_text_45\" class=\"gts_text\"><strong>Images de baleine bleue :<\/strong> Il est difficile d&#8217;obtenir des photographies des baleines bleues, puisqu&#8217;elles sont les cr\u00e9atures extr\u00eamement rares.<\/span> <span id=\"gts_text_46\" class=\"gts_text\">Le squelette dans la photographie ci-dessus est sur l&#8217;affichage \u00e0 un centre marin de recherches en Californie, un mille ou ainsi \u00e0 partir d&#8217;o\u00f9 la baleine bleue a lav\u00e9 \u00e0 terre.<\/span> <span id=\"gts_text_47\" class=\"gts_text\">Vous pouvez m\u00eame voir le squelette en photographies satellites &#8211; voir ci-dessous, et comparez la taille du squelette aux voitures gar\u00e9es voisines !<\/span><\/p>\n<p style=\"text-align: center\"><span id=\"gts_text_48\" class=\"gts_text\">[carte : http:\/\/maps.google.com\/?ie=UTF8&amp;ll=36.949179,-122.065393&amp;spn=0.000967,0.001591&amp;t=h&amp;z=20]<\/span><\/p>\n","protected":false},"excerpt":{"rendered":"<p>&nbsp; Taille de baleine bleue : Encore plus grandes que les plus grands dinosaures, les baleines bleues\u00a0mesurent jusqu&#8217;\u00e0\u00a030 m\u00e8tres de long. Elles\u00a0p\u00e8sent probablement\u00a0pr\u00e8s de\u00a0180.000 kilos &#8211; autant qu&#8217;un\u00a0Boeing 747-400 pr\u00eat pour le d\u00e9collage &#8211; mais la pes\u00e9e d&#8217;un animal aussi \u00e9norme est tr\u00e8s difficile \u00e0 effectuer. La plupart des mesures ont \u00e9t\u00e9 faites \u00e0 l&#8217;\u00e9poque &hellip; <a href=\"https:\/\/www.big-animals.com\/fr\/la-baleine-bleue-le-plus-grand-animal-de-tous-les-temps\/\" class=\"more-link\">Continue reading <span class=\"screen-reader-text\">La baleine bleue &#8211; le plus grand animal de tous les temps !<\/span><\/a><\/p>\n","protected":false},"author":1,"featured_media":0,"parent":0,"menu_order":0,"comment_status":"closed","ping_status":"open","template":"","meta":{"_acf_changed":false,"footnotes":""},"acf":[],"_links":{"self":[{"href":"https:\/\/www.big-animals.com\/fr\/wp-json\/wp\/v2\/pages\/9"}],"collection":[{"href":"https:\/\/www.big-animals.com\/fr\/wp-json\/wp\/v2\/pages"}],"about":[{"href":"https:\/\/www.big-animals.com\/fr\/wp-json\/wp\/v2\/types\/page"}],"author":[{"embeddable":true,"href":"https:\/\/www.big-animals.com\/fr\/wp-json\/wp\/v2\/users\/1"}],"replies":[{"embeddable":true,"href":"https:\/\/www.big-animals.com\/fr\/wp-json\/wp\/v2\/comments?post=9"}],"version-history":[{"count":3,"href":"https:\/\/www.big-animals.com\/fr\/wp-json\/wp\/v2\/pages\/9\/revisions"}],"predecessor-version":[{"id":472,"href":"https:\/\/www.big-animals.com\/fr\/wp-json\/wp\/v2\/pages\/9\/revisions\/472"}],"wp:attachment":[{"href":"https:\/\/www.big-animals.com\/fr\/wp-json\/wp\/v2\/media?parent=9"}],"curies":[{"name":"wp","href":"https:\/\/api.w.org\/{rel}","templated":true}]}}