{"id":90,"date":"2011-06-04T03:34:47","date_gmt":"2011-06-04T03:34:47","guid":{"rendered":""},"modified":"2014-01-17T08:36:09","modified_gmt":"2014-01-17T08:36:09","slug":"anthropornis","status":"publish","type":"page","link":"https:\/\/www.big-animals.com\/fr\/anthropornis\/","title":{"rendered":"L&#8217;anthropornis"},"content":{"rendered":"<p><span class=\"gts_text\" id=\"gts_text_1\">Les anthropornis \u00e9taient un groupe de <a title=\"Pingouins\" href=\"http:\/\/www.big-animals.com\/fr\/pingouins\/\">sphenisciformes<\/a> g\u00e9ants qui vivaient il y a tr\u00e8s longtemps.<\/span> <span class=\"gts_text\" id=\"gts_text_2\">Ils faisaient environ 1,7 m\u00e8tres de haut et pesaient 90 kilos, ce qui en fait les plus grands sphenisciformes de tous les temps !<\/span> <span class=\"gts_text\" id=\"gts_text_3\">On a trouv\u00e9 leurs fossiles sur l&#8217;\u00eele de Seymour au loin des c\u00f4tes de l&#8217;Antarctique et de Nouvelle-Z\u00e9lande.<\/span> <span class=\"gts_text\" id=\"gts_text_4\">Ils \u00e9taient aussi grands que des \u00eatres humains de taille adulte, d&#8217;o\u00f9 leur nom (Anthropornis), qui\u00a0veut dire \u00ab\u00a0homme-oiseau\u00a0\u00bb.<\/span><\/p>\n<figure id=\"attachment_1234\" aria-describedby=\"caption-attachment-1234\" style=\"width: 300px\" class=\"wp-caption aligncenter\"><a href=\"http:\/\/www.big-animals.com\/wp-content\/uploads\/2011\/06\/Anthropornis_and_Human.png\"><img loading=\"lazy\" decoding=\"async\" class=\"size-medium wp-image-1234  \" title=\"Anthropornis et humain - adapt\u00e9s d'un croquis par l'utilisateur \u00ab\u00a0Philip72\u00a0\u00bb de Wikimedia\" alt=\"Anthropornis et humain - adapt\u00e9s d'un croquis par l'utilisateur \u00ab\u00a0Philip72\u00a0\u00bb de Wikimedia\" src=\"http:\/\/www.big-animals.com\/wp-content\/uploads\/2011\/06\/Anthropornis_and_Human-300x259.png\" width=\"300\" height=\"259\" \/><\/a><figcaption id=\"caption-attachment-1234\" class=\"wp-caption-text\">Un anthropornis et un homme : adapt\u00e9 d&#8217;un croquis de Philip72, utilisateur de Wikimedia<\/figcaption><\/figure>\n","protected":false},"excerpt":{"rendered":"<p>Les anthropornis \u00e9taient un groupe de sphenisciformes g\u00e9ants qui vivaient il y a tr\u00e8s longtemps. Ils faisaient environ 1,7 m\u00e8tres de haut et pesaient 90 kilos, ce qui en fait les plus grands sphenisciformes de tous les temps ! On a trouv\u00e9 leurs fossiles sur l&#8217;\u00eele de Seymour au loin des c\u00f4tes de l&#8217;Antarctique et &hellip; <a href=\"https:\/\/www.big-animals.com\/fr\/anthropornis\/\" class=\"more-link\">Continue reading <span class=\"screen-reader-text\">L&#8217;anthropornis<\/span><\/a><\/p>\n","protected":false},"author":1,"featured_media":0,"parent":0,"menu_order":0,"comment_status":"closed","ping_status":"open","template":"","meta":{"_acf_changed":false,"footnotes":""},"acf":[],"_links":{"self":[{"href":"https:\/\/www.big-animals.com\/fr\/wp-json\/wp\/v2\/pages\/90"}],"collection":[{"href":"https:\/\/www.big-animals.com\/fr\/wp-json\/wp\/v2\/pages"}],"about":[{"href":"https:\/\/www.big-animals.com\/fr\/wp-json\/wp\/v2\/types\/page"}],"author":[{"embeddable":true,"href":"https:\/\/www.big-animals.com\/fr\/wp-json\/wp\/v2\/users\/1"}],"replies":[{"embeddable":true,"href":"https:\/\/www.big-animals.com\/fr\/wp-json\/wp\/v2\/comments?post=90"}],"version-history":[{"count":7,"href":"https:\/\/www.big-animals.com\/fr\/wp-json\/wp\/v2\/pages\/90\/revisions"}],"predecessor-version":[{"id":351,"href":"https:\/\/www.big-animals.com\/fr\/wp-json\/wp\/v2\/pages\/90\/revisions\/351"}],"wp:attachment":[{"href":"https:\/\/www.big-animals.com\/fr\/wp-json\/wp\/v2\/media?parent=90"}],"curies":[{"name":"wp","href":"https:\/\/api.w.org\/{rel}","templated":true}]}}