{"id":91,"date":"2011-06-05T08:21:00","date_gmt":"2011-06-05T08:21:00","guid":{"rendered":""},"modified":"2011-06-05T08:21:00","modified_gmt":"2011-06-05T08:21:00","slug":"perroquets","status":"publish","type":"page","link":"https:\/\/www.big-animals.com\/fr\/perroquets\/","title":{"rendered":"Perroquets"},"content":{"rendered":"<p><span id=\"gts_text_1\" class=\"gts_text\">Il y a environ 372 esp\u00e8ces des perroquets dans le monde.<\/span> <span id=\"gts_text_2\" class=\"gts_text\">La plupart des perroquets se trouvent dans les r\u00e9gions tropicales et subtropicales y compris en Australie et dans les \u00eeles de l&apos;oc\u00e9an pacifique, d&apos;Asie du sud, d&apos;Asie du Sud-Est, d&apos;Am\u00e9rique du Sud, d&apos;Afrique et dans les r\u00e9gions m\u00e9ridionales de l&apos;Am\u00e9rique du Nord.<\/span> <span id=\"gts_text_3\" class=\"gts_text\">Ce sont des oiseaux tr\u00e8s intelligents et de bons animaux de compagnie.<\/span> <span id=\"gts_text_4\" class=\"gts_text\">La plupart des perroquets sont de fid\u00e8les compagnons.<\/span><\/p>\n<p><span id=\"gts_text_5\" class=\"gts_text\"><a title=\"Ara de jacinthe\" href=\"http:\/\/www.big-animals.com\/hyacinth-macaw\/\">L&apos;Ara Jacinthe<\/a> est le plus grand perroquet volant du monde et \u00e9galement le perroquet le plus long du monde.<\/span> <span id=\"gts_text_6\" class=\"gts_text\">Il peut atteindre jusqu&apos;\u00e0 un m\u00e8tre (40 pouces) de long et peser entre 1,2 et 1,7 kilogrammes (2,6 \u00e0 3,7 livres).<\/span> <span id=\"gts_text_7\" class=\"gts_text\">Cependant, le perroquet le plus lourd du monde est le Kakapo de Nouvelle-Z\u00e9lande, qui peut peser jusqu&apos;\u00e0 3,5kg (7,7 livres).<\/span> <span id=\"gts_text_8\" class=\"gts_text\">L&apos;Ara Jacinthe et le Kakapo sont tous deux menac\u00e9s.<\/span> <span id=\"gts_text_9\" class=\"gts_text\">Le Kakapo est gravement menac\u00e9 &#8211; il n&apos;existe plus qu&apos;environ 100 de ces oiseaux dans le monde entier.<\/span><\/p>\n<p><span id=\"gts_text_10\" class=\"gts_text\">Ils poss\u00e8dent de solides becs recourb\u00e9s tranchants et des pattes aux fortes griffes ac\u00e9r\u00e9es.<\/span> <span id=\"gts_text_11\" class=\"gts_text\">La plupart des perroquets peuvent utiliser leurs pattes pour manipuler la nourriture et d&apos;autres objets, de la m\u00eame mani\u00e8re que nous utilisons nos mains.<\/span> <span id=\"gts_text_12\" class=\"gts_text\">Le fait qu&apos;un perroquet adulte soit gaucher ou droitier de pattes d\u00e9pend de l&apos;esp\u00e8ce du perroquet.<\/span> <span id=\"gts_text_13\" class=\"gts_text\">Un perroquet gaucher pr\u00e9f\u00e8re utiliser sa patte gauche et un perroquet droitier pr\u00e9f\u00e8re utiliser sa patte droite.<\/span> <span id=\"gts_text_14\" class=\"gts_text\">Ils utilisent souvent leurs becs pour grimper en s&apos;agrippant aux branches d&apos;arbres.<\/span> <span id=\"gts_text_15\" class=\"gts_text\">Ils ont tendance \u00e0 marcher en un mouvement de roulement.<\/span><\/p>\n<figure id=\"attachment_1242\" aria-describedby=\"caption-attachment-1242\" style=\"width: 280px\" class=\"wp-caption alignright\"><img loading=\"lazy\" decoding=\"async\" class=\"size-medium wp-image-1242\" title=\"Comme la plupart des perroquets, le perroquet \u00c9carlate-Chested est brillamment color\u00e9\" src=\"http:\/\/www.big-animals.com\/wp-content\/uploads\/2011\/06\/Scarlet_Chested_Parrot-280x300.jpg\" alt=\"Comme la plupart des perroquets, le perroquet \u00c9carlate-Chested est brillamment color\u00e9\" width=\"280\" height=\"300\" \/><figcaption id=\"caption-attachment-1242\" class=\"wp-caption-text\">Like most parrots, the Scarlet-Chested Parrot is brightly colored<\/figcaption><\/figure>\n<p><span id=\"gts_text_17\" class=\"gts_text\">Beaucoup de perroquets ont des couleurs vives et certains sont tr\u00e8s beaux avec des plumes multicolores.<\/span> <span id=\"gts_text_18\" class=\"gts_text\">Un exemple typique est la Perruche Ecarlate. La Perruche Ecarlate m\u00e2le est verte sur les plumes sup\u00e9rieures, a une t\u00eate bleue vif, une poitrine \u00e9carlate vive, et un ventre jaune.<\/span> <span id=\"gts_text_19\" class=\"gts_text\">La femelle est verte sur la partie sup\u00e9rieure des plumes et jaune en dessous, avec un visage et des ailes bleus.<\/span><\/p>\n<p><span id=\"gts_text_20\" class=\"gts_text\">Les perroquets se nourrissent de graines, noix, fruits, bourgeons, nectar, pollen et parfois d&apos; animaux comme les escargots.<\/span> <span id=\"gts_text_21\" class=\"gts_text\">Par exemple, les perruches \u00e0 ailes d&apos;or mangent des escargots aquatiques.<\/span> <span id=\"gts_text_22\" class=\"gts_text\">Les perroquets sont des pr\u00e9dateurs de graine, \u00e0 la diff\u00e9rence des roussettes qui sont des diss\u00e9mineurs de graine.<\/span> <span id=\"gts_text_23\" class=\"gts_text\">Ceci est d\u00fb au fait qu&apos;ils mangent les graines des fruits, ils ne mangent pas les fruits et laissent tomber les graines.<\/span> <span id=\"gts_text_24\" class=\"gts_text\">Les perroquets peuvent enlever la couche de poison dans les graines s&apos;il y en a.<\/span><\/p>\n<p><span id=\"gts_text_25\" class=\"gts_text\">Les Loris et Loriquets, les Coryllis et les Perruches de Latham se nourrissent principalement de nectar et de pollen.<\/span> <span id=\"gts_text_26\" class=\"gts_text\">Ils ont des langues avec des bouts en brosse pour rassembler le nectar et le pollen.<\/span><\/p>\n<p><span id=\"gts_text_27\" class=\"gts_text\">Seuls la Cornure Veuve et cinq esp\u00e8ces de l&apos;Ins\u00e9parable Agapornis construisent des nids dans les arbres.<\/span> <span id=\"gts_text_28\" class=\"gts_text\">Il existe trois esp\u00e8ces de perroquets terrestres d&apos;Australie et de Nouvelle-Z\u00e9lande qui font leurs nids au sol.<\/span> <span id=\"gts_text_29\" class=\"gts_text\">Tous les autres perroquets et cacato\u00e8s construisent leurs nids dans les cavit\u00e9s des arbres.<\/span> <span id=\"gts_text_30\" class=\"gts_text\">Certains utilisent m\u00eame des nids de termite et deviennent ainsi moins visibles pour leurs pr\u00e9dateurs !<\/span> <span id=\"gts_text_31\" class=\"gts_text\">Ils utilisent souvent des b\u00e2tons, des copeaux de bois et des plantes pour construire leurs nids.<\/span> <span id=\"gts_text_32\" class=\"gts_text\">Des esp\u00e8ces de perroquets plus nombreuses ont des difficult\u00e9s \u00e0 trouver des endroits pour construire leurs nids.<\/span> <span id=\"gts_text_33\" class=\"gts_text\">C&apos;est la raison pour laquelle, il y a parfois des combats entre eux ou avec d&apos;autres oiseaux pour s&apos;approprier les bons sites de construction de nids.<\/span><\/p>\n<p><span id=\"gts_text_34\" class=\"gts_text\">Les perroquets ont des \u0153ufs blancs.<\/span> <span id=\"gts_text_35\" class=\"gts_text\">Normalement, la maman conserve ses \u0153ufs au chaud.<\/span> <span id=\"gts_text_36\" class=\"gts_text\">Mais chez les cacato\u00e8s, le Loriquet bleu et le Coryllis Vernal, la maman et le papa se relaient pour conservant leurs \u0153ufs chauds.\u00a0<\/span> <span id=\"gts_text_37\" class=\"gts_text\">Lorsque les poussins \u00e9closent, ils sont impuissants, sans plumes, aveugles.<\/span> <span id=\"gts_text_38\" class=\"gts_text\">Les poussins restent environ 3 semaines \u00e0 4 mois dans les nids &#8211; la dur\u00e9e de temps varie selon les esp\u00e8ces.<\/span> <span id=\"gts_text_39\" class=\"gts_text\">Les parents se relaient pour trouver de la nourriture et pour maintenir les minuscules poussins au chaud.<\/span> <span id=\"gts_text_40\" class=\"gts_text\">Quand les parents ne sont pas dans les nids avec les poussins, les serpents et les varans peuvent essayer de les manger.<\/span> <span id=\"gts_text_41\" class=\"gts_text\">Les parents stockent la nourriture pour leurs poussins dans une poche dans leurs gorges.<\/span> <span id=\"gts_text_42\" class=\"gts_text\">Le sac s&apos;appelle le <em>jabot<\/em>.<\/span> <span id=\"gts_text_43\" class=\"gts_text\">Quand leurs jabots sont pleins les parents savent qu&apos;il est temps de rentrer nourrir leurs poussins.<\/span><\/p>\n<figure id=\"attachment_1243\" aria-describedby=\"caption-attachment-1243\" style=\"width: 300px\" class=\"wp-caption alignleft\"><img loading=\"lazy\" decoding=\"async\" class=\"size-medium wp-image-1243\" title=\"Beaucoup de perroquets peuvent imiter des bruits, mais le perroquet de gris africain est tr\u00e8s bon\" src=\"http:\/\/www.big-animals.com\/wp-content\/uploads\/2011\/06\/African_Grey_Parrot-300x192.jpg\" alt=\"Beaucoup de perroquets peuvent imiter des bruits, mais le perroquet de gris africain est tr\u00e8s bon\" width=\"300\" height=\"192\" \/><figcaption id=\"caption-attachment-1243\" class=\"wp-caption-text\">Many Parrots can imitate sounds, but the African Grey Parrot is very good<\/figcaption><\/figure>\n<p><span id=\"gts_text_45\" class=\"gts_text\">Les perroquets sont les oiseaux les plus intelligents.<\/span> <span id=\"gts_text_46\" class=\"gts_text\">Ils peuvent imiter les paroles ou autres sons des humains.<\/span> <span id=\"gts_text_47\" class=\"gts_text\">Par exemple, les perroquets gris d&apos;Afrique poss\u00e8dent une grande capacit\u00e9 d&apos;apprentissage.<\/span> <span id=\"gts_text_48\" class=\"gts_text\">Les perroquets sauvages gris d&apos;Afrique finissent par copier les bruits \u00e9mis par d&apos;autres oiseaux sauvages.<\/span> <span id=\"gts_text_49\" class=\"gts_text\">Les perroquets n&apos;ont pas de cordes vocales.<\/span> <span id=\"gts_text_50\" class=\"gts_text\">Alors ils \u00e9mettent les bruits en changeant la profondeur et la forme de leur trach\u00e9e-art\u00e8re.<\/span><\/p>\n<p><span id=\"gts_text_51\" class=\"gts_text\">Certains perroquets comme le Nestor Kea peuvent m\u00eame r\u00e9soudre des puzzles si on leur enseigne comment le faire.<\/span> <span id=\"gts_text_52\" class=\"gts_text\">Les perroquets apprennent mieux quand ils sont dans un environnement naturel stimulant.<\/span> <span id=\"gts_text_53\" class=\"gts_text\">Par exemple, si un oiseau mis en cage dans un zoo ou un perroquet gard\u00e9 comme animal de compagnie ne re\u00e7oit aucun apprentissage stimulant des le bas \u00e2ge, il peut d\u00e9velopper un comportement destructif comme enlever ses propres plumes.<\/span> <span id=\"gts_text_54\" class=\"gts_text\">Ceci est d\u00fb au fait qu&apos;ils s&apos;ennuient trop et doivent trouver quelque chose \u00e0 faire.<\/span> <span id=\"gts_text_55\" class=\"gts_text\">Une absence de stimuli peut arr\u00eater le d\u00e9veloppement de jeunes perroquets.<\/span> <span id=\"gts_text_56\" class=\"gts_text\">Par exemple, un groupe de perroquets Vaza a \u00e9t\u00e9 maintenu dans dans des cages minuscules avec des poulets d\u00e8s l&apos;\u00e2ge de 3 mois.<\/span> <span id=\"gts_text_57\" class=\"gts_text\">\u00c0 9 mois, ces perroquets se comportaient toujours comme si avaient 3 mois, et triste \u00e0 dire se comportaient plus comme des poulets que des perroquets.<\/span><\/p>\n<p><figure id=\"attachment_1244\" aria-describedby=\"caption-attachment-1244\" style=\"width: 300px\" class=\"wp-caption alignright\"><img loading=\"lazy\" decoding=\"async\" class=\"size-medium wp-image-1244\" title=\"L&apos;arc-en-ciel Lorikeets sont un parasite en Australie. Photographie par l&apos;utilisateur Nickj de Wikipedia\" src=\"http:\/\/www.big-animals.com\/wp-content\/uploads\/2011\/06\/Rainbow_Lorikeets-300x217.jpg\" alt=\"L&apos;arc-en-ciel Lorikeets sont un parasite en Australie. Photographie par l&apos;utilisateur Nickj de Wikipedia\" width=\"300\" height=\"217\" \/><figcaption id=\"caption-attachment-1244\" class=\"wp-caption-text\">Rainbow Lorikeets are a pest in Australia. Photograph by Wikipedia user Nickj<\/figcaption><\/figure><span id=\" gts_text_59=\">Photographie par l&apos;utilisateur Nickj de Wikipedia &quot; &gt;<\/p>\n<p><span id=\"gts_text_60\" class=\"gts_text\">Les perroquets peuvent faire du bien et du mal \u00e0 l&apos;humanit\u00e9.<\/span> <span id=\"gts_text_61\" class=\"gts_text\">Ils peuvent \u00eatre une source de revenu pour les magasins de vente d&apos;animaux de compagnie et les agences de tourisme d&apos;observation des oiseaux.<\/span> <span id=\"gts_text_62\" class=\"gts_text\">Ils sont \u00e9galement \u00e0 l&apos;origine de m\u00e9tiers de sp\u00e9cialit\u00e9 comme les v\u00e9t\u00e9rinaires qui soignent uniquement les oiseaux et celui de vendeur et reproducteur de perroquets.<\/span> <span id=\"gts_text_63\" class=\"gts_text\">D&apos;autre part, certains perroquets sont des ravageurs agricoles.<\/span> <span id=\"gts_text_64\" class=\"gts_text\">Ils mangent des fruits sur les arbres fruitiers, les grains et autres cultures.<\/span> <span id=\"gts_text_65\" class=\"gts_text\">Par exemple, le Loriquet \u00e0 T\u00eate Bleu est un parasite en Australie.<\/span><\/p>\n<p><span id=\"gts_text_66\" class=\"gts_text\">Malheureusement, beaucoup d&apos;esp\u00e8ces de perroquets diminuent.<\/span> <span id=\"gts_text_67\" class=\"gts_text\">Plusieurs se sont \u00e9teintes.<\/span> <span id=\"gts_text_68\" class=\"gts_text\">Les raisons de cette r\u00e9duction sont li\u00e9es \u00e0 la perte de leur habitat, la chasse ill\u00e9gale pour le commerce d&apos;animaux de compagnie, pour l&apos;alimentation et pour l&apos;extraction des plumes.<\/span> <span id=\"gts_text_69\" class=\"gts_text\">Un perroquet rare peut faire gagner beaucoup d&apos;argent \u00e0 un braconnier, mais quand il en attrape un, le perroquet devient encore plus rare et plus menac\u00e9.<\/span><\/p>\n<p><span id=\"gts_text_70\" class=\"gts_text\">Certaines grandes esp\u00e8ces de perroquets comme les grands cacato\u00e8s,les Amazones et les aras peuvent vivre longtemps, jusqu&apos;\u00e0 80 ans.<\/span> <span id=\"gts_text_71\" class=\"gts_text\">par contre, les petits perroquets comme les perruches, les coryllis et les perruches peuvent vivre seulement entre 15 et 20 ans.<\/span><\/p>\n<p><span id=\"gts_text_72\" class=\"gts_text\">\u00a0<\/span><\/span><\/p>\n","protected":false},"excerpt":{"rendered":"<p>Il y a environ 372 esp\u00e8ces des perroquets dans le monde. La plupart des perroquets se trouvent dans les r\u00e9gions tropicales et subtropicales y compris en Australie et dans les \u00eeles de l&apos;oc\u00e9an pacifique, d&apos;Asie du sud, d&apos;Asie du Sud-Est, d&apos;Am\u00e9rique du Sud, d&apos;Afrique et dans les r\u00e9gions m\u00e9ridionales de l&apos;Am\u00e9rique du Nord. Ce sont &hellip; <a href=\"https:\/\/www.big-animals.com\/fr\/perroquets\/\" class=\"more-link\">Continue reading <span class=\"screen-reader-text\">Perroquets<\/span><\/a><\/p>\n","protected":false},"author":1,"featured_media":0,"parent":0,"menu_order":0,"comment_status":"closed","ping_status":"open","template":"","meta":{"_acf_changed":false,"footnotes":""},"acf":[],"_links":{"self":[{"href":"https:\/\/www.big-animals.com\/fr\/wp-json\/wp\/v2\/pages\/91"}],"collection":[{"href":"https:\/\/www.big-animals.com\/fr\/wp-json\/wp\/v2\/pages"}],"about":[{"href":"https:\/\/www.big-animals.com\/fr\/wp-json\/wp\/v2\/types\/page"}],"author":[{"embeddable":true,"href":"https:\/\/www.big-animals.com\/fr\/wp-json\/wp\/v2\/users\/1"}],"replies":[{"embeddable":true,"href":"https:\/\/www.big-animals.com\/fr\/wp-json\/wp\/v2\/comments?post=91"}],"version-history":[{"count":0,"href":"https:\/\/www.big-animals.com\/fr\/wp-json\/wp\/v2\/pages\/91\/revisions"}],"wp:attachment":[{"href":"https:\/\/www.big-animals.com\/fr\/wp-json\/wp\/v2\/media?parent=91"}],"curies":[{"name":"wp","href":"https:\/\/api.w.org\/{rel}","templated":true}]}}